



{"id":2868,"date":"2014-12-31T00:31:59","date_gmt":"2014-12-31T00:31:59","guid":{"rendered":"http:\/\/www.faustyna.pl\/zmbm\/?page_id=2868"},"modified":"2026-04-03T14:42:34","modified_gmt":"2026-04-03T12:42:34","slug":"wiersze-bibliografia-oredzia","status":"publish","type":"page","link":"https:\/\/www.faustyna.pl\/zmbm\/wiersze-bibliografia-oredzia\/","title":{"rendered":"Wiersze"},"content":{"rendered":"<h3 class=\"MsoNormal\" style=\"text-align: center\" align=\"center\"><span style=\"color: #800000\"><b><span style=\"line-height: 150%;font-size: 15px\">OR\u0118DZIE MI\u0141OSIERDZIA<\/span><\/b><\/span><\/h3>\n<p class=\"MsoNormal\" style=\"text-align: center\" align=\"center\"><a href=\"https:\/\/www.faustyna.pl\/zmbm\/wp-content\/uploads\/2021\/06\/wiersze.jpg\" data-gallery><img loading=\"lazy\" decoding=\"async\" class=\"size-medium wp-image-20731 alignnone\" src=\"https:\/\/www.faustyna.pl\/zmbm\/wp-content\/uploads\/2021\/06\/wiersze-560x333.jpg\" alt=\"\" width=\"560\" height=\"333\" srcset=\"https:\/\/www.faustyna.pl\/zmbm\/wp-content\/uploads\/2021\/06\/wiersze-560x333.jpg 560w, https:\/\/www.faustyna.pl\/zmbm\/wp-content\/uploads\/2021\/06\/wiersze-140x83.jpg 140w, https:\/\/www.faustyna.pl\/zmbm\/wp-content\/uploads\/2021\/06\/wiersze.jpg 1024w\" sizes=\"auto, (max-width: 560px) 100vw, 560px\" \/><\/a><\/p>\n<ol>\n<li><strong>Adamkiewicz Ma\u0142gorzata,<\/strong> <em>Piramidy trudu budujemy sami. <\/em>\u201eOr\u0119dzie Mi\u0142osierdzia\u201d 2014, nr 90, s. 19.<\/li>\n<li><strong>Anonim, <\/strong><em>Matko Mi\u0142osierdzia. \u201e<\/em>Or\u0119dzie Mi\u0142osierdzia\u201d 2011, nr 80, s. 19.<\/li>\n<li><em>Bal pos\u0142usze\u0144stwa. <\/em>\u201eOr\u0119dzie Mi\u0142osierdzia\u201d 2021, nr 119, s. 21<\/li>\n<li><strong>Baran Leokadia, <\/strong><em>By\u0107 aposto\u0142em.<\/em> \u201eOr\u0119dzie Mi\u0142osierdzia\u201d 2001, nr 37, s. 19.<\/li>\n<li><strong>Baran Leokadia<\/strong>, <em>Chrystus \u2013 moje \u017cycie. <\/em>\u201eOr\u0119dzie Mi\u0142osierdzia\u201d 2005, nr 54, s. 19.<\/li>\n<li><strong>Baran Leokadia, <\/strong><em>Do Maryi. <\/em>\u201eOr\u0119dzie Mi\u0142osierdzia\u201d 2014, nr 92, s. 19.<\/li>\n<li><strong>Baran Leokadia, <\/strong><em>Do Ojczyzny naszej przyby\u0142e\u015b. <\/em>\u201eOr\u0119dzie Mi\u0142osierdzia\u201d 2006, nr 60, s. 19.<\/li>\n<li><strong>Baran Leokadia, <\/strong><em>Eucharystia daje \u017cycie.<\/em>\u00a0\u201eOr\u0119dzie Mi\u0142osierdzia\u201d 2021, nr 118, s. 21.<\/li>\n<li><strong>Baran Leokadia<\/strong>, <em>Faustyna. <\/em>\u201eOr\u0119dzie Mi\u0142osierdzia\u201d 2000), nr 36 s. 28.<\/li>\n<li><strong>Baran Leokadia<\/strong>, <em>Godzina trzecia. <\/em>\u201eOr\u0119dzie Mi\u0142osierdzia\u201d 2003, nr 48, s. 19.<\/li>\n<li><strong>Baran Leokadia<\/strong>,<em> Jana Paw\u0142a II \u015bwiadectwo ostatnie. <\/em>\u201eOr\u0119dzie Mi\u0142osierdzia\u201d 2006, nr 58, s. 19.<\/li>\n<li><strong>Baran Leokadia<\/strong>,<em> Je\u015bli\u2026 .<\/em> \u201eOr\u0119dzie Mi\u0142osierdzia\u201d 2023, nr 127, s.21.<\/li>\n<li><strong>Baran Leokadia, <\/strong><em>Koronka Mi\u0142o\u015bci \u2013 dar nie z tej ziemi. <\/em>\u201eOr\u0119dzie Mi\u0142osierdzia\u201d 2018, nr 107, s. 21.<\/li>\n<li><strong>Baran Leokadia, <\/strong><em>Mimo wszystko. <\/em>\u201eOr\u0119dzie Mi\u0142osierdzia\u201d 2016, nr 99 s. 21.<\/li>\n<li><strong>Baran Leokadia<\/strong>, <em>Ojcu \u015awi\u0119temu Janowi Paw\u0142owi II. <\/em>\u201eOr\u0119dzie Mi\u0142osierdzia\u201d 2002, nr 44, s. 19.<\/li>\n<li><strong>Baran Leokadia<\/strong>, <em>Podpatruj\u0105c \u015bwi\u0119tych. <\/em>\u201eOr\u0119dzie Mi\u0142osierdzia\u201d 2024, nr 132, s. 21.<\/li>\n<li><strong>Baran Leokadia, <\/strong><em>Podzi\u0119kowanie. <\/em>\u201eOr\u0119dzie Mi\u0142osierdzia\u201d 2002, nr 42, s. 19.<\/li>\n<li><strong>Baran Leokadia<\/strong>, <em>Po-rekolekcyjne zamy\u015blenie. <\/em>\u201eOr\u0119dzie Mi\u0142osierdzia\u201d 2001, nr 39, s. 19.<\/li>\n<li><strong>Baran Leokadia<\/strong>,<em> Pro\u015bba. <\/em>\u201eOr\u0119dzie Mi\u0142osierdzia\u201d 2005, nr 53, s. 19.<\/li>\n<li><strong>Baran Leokadia<\/strong>,<em> Przymn\u00f3\u017c mi wiary. <\/em>\u201eOr\u0119dzie Mi\u0142osierdzia\u201d 2003, nr 46, s. 19.<\/li>\n<li><strong>Baran Leokadia,<\/strong> Refleksja jubileuszowa. \u201eOr\u0119dzie Mi\u0142osierdzia\u201d 2025, nr 134, s. 29.<\/li>\n<li><strong>Baran Leokadia<\/strong>, <em>Rodzicielska troska. <\/em>\u201eOr\u0119dzie Mi\u0142osierdzia\u201d 2024, nr 131, s. 21.<\/li>\n<li><strong>Baran Leokadia,<\/strong><em> R\u00f3\u017ca\u0144cowe zamy\u015blenie. <\/em>\u201eOr\u0119dzie Mi\u0142osierdzia\u201d 2004, nr 52, s. 19.<\/li>\n<li><strong>Baran Leokadia<\/strong>, <em>S\u0142owo. <\/em>\u201eOr\u0119dzie Mi\u0142osierdzia\u201d 2003, nr 47, s. 19.<\/li>\n<li><strong>Baran Leokadia<\/strong>, <em>Spe\u0142nienie. <\/em>\u201eOr\u0119dzie Mi\u0142osierdzia\u201d 2004, nr 50, s. 19.<\/li>\n<li><strong>Baran Leokadia, <\/strong><em>Wszystko jest \u0142ask\u0105. <\/em>\u201eOr\u0119dzie Mi\u0142osierdzia\u201d 2007, nr 62, s. 19.<\/li>\n<li><strong>Baran Leokadia<\/strong>, <em>W trzecim tysi\u0105cleciu. <\/em>\u201eOr\u0119dzie Mi\u0142osierdzia\u201d 2002, nr 43, s. 19.<\/li>\n<li><strong>Baran Leokadia<\/strong>, <em>Wyobra\u017ania mi\u0142osierdzia. <\/em>\u201eOr\u0119dzie Mi\u0142osierdzia\u201d 2004, nr 51, s. 19.<\/li>\n<li><strong>Baran Leokadia<\/strong>,\u00a0<em>Z modlitw jubileuszowych. <\/em>\u201eOr\u0119dzie Mi\u0142osierdzia\u201d 2021, nr 120, s. 21.<\/li>\n<li><strong>Betlej Bronis\u0142awa, <\/strong><em>W Niedziele Bo\u017cego Mi\u0142osierdzia. <\/em>\u201eOr\u0119dzie Mi\u0142osierdzia\u201d 2009, nr 70 s. 19.<\/li>\n<li><strong>Berny\u015b Mariusz, ks., <\/strong><em>O Krwi i Wodo z Betlejem. <\/em>\u201eOr\u0119dzie Mi\u0142osierdzia\u201d 2007, nr 61, s. 19.<\/li>\n<li><strong>Bilczewska Danuta, <\/strong><em>Mi\u0142osierdzie. <\/em>\u201eOr\u0119dzie Mi\u0142osierdzia\u201d 2018, nr 105, s. 21.<\/li>\n<li><strong>Bochenek Mirona SBDNP,<\/strong><em> Oczy Jezusa. <\/em>\u201eOr\u0119dzie Mi\u0142osierdzia\u201d 2019, nr 109, s. 21.<\/li>\n<li><strong>Bochenek Mirona SBDNP,<\/strong><em> Promienie Mi\u0142osierdzia. <\/em>\u201eOr\u0119dzie Mi\u0142osierdzia\u201d 2015, nr 96, s. 21.<\/li>\n<li><strong>Cecyliana, siostra,\u00a0<\/strong><em>Jezu, Mi\u0142osierny. <\/em>\u201eOr\u0119dzie Mi\u0142osierdzia\u201d 1997, nr 23, s. 17.<\/li>\n<li><strong>D\u0105browska Szcz\u0119sna ISMM<\/strong>,<em> Kiedy zdaje ci si\u0119. <\/em>\u201eOr\u0119dzie Mi\u0142osierdzia\u201d 1998, nr 26, s. 28.<\/li>\n<li><strong>El\u017cbieta, <\/strong><em>Obdarowa\u0142e\u015b ma dusz\u0119. <\/em>\u201eOr\u0119dzie Mi\u0142osierdzia\u201d 2013, nr 86, s. 19.<\/li>\n<li><strong>Drz\u0105szcz Gabriela, <\/strong><em>\u017bycie to ocena mo\u017cliwo\u015bci. <\/em>\u201eOr\u0119dzie Mi\u0142osierdzia\u201d 2017, nr 104, s. 21.<\/li>\n<li><strong>Duda-Jarek Alfreda,<\/strong><em> Mi\u0142osierdzie Bo\u017ce. <\/em>\u201eOr\u0119dzie Mi\u0142osierdzia\u201d 2009, nr 71, s. 19.<\/li>\n<li><strong>Gli\u0144ska Ma\u0142gorzata,<\/strong><em> Z zau\u0142ka my\u015bli. <\/em>\u201eOr\u0119dzie Mi\u0142osierdzia\u201d1994, nr 16.<\/li>\n<li><strong>Godek Ma\u0142gorzata, <\/strong><em>\u015awi\u0119to Mi\u0142osierdzia. <\/em>\u201eOr\u0119dzie Mi\u0142osierdzia\u201d 2026, nr 138, s. 31.<\/li>\n<li><strong>Go\u0142\u0119bski Piotr Edward, <\/strong><em>Cienie. <\/em>\u201eOr\u0119dzie Mi\u0142osierdzia\u201d 2004, nr 49, s. 19.<\/li>\n<li><strong>Go\u0142\u0119bski Piotr Edward, <\/strong><em>Modlitwa Wielkiej Niedzieli. <\/em>\u201eOr\u0119dzie Mi\u0142osierdzia\u201d 2002, nr 41, s. 19.<\/li>\n<li><strong>Go\u0142\u0119bski Piotr Edward, <\/strong><em>Wyj\u0105tkowa konwersacja. <\/em>\u201eOr\u0119dzie Mi\u0142osierdzia\u201d 2006, nr 59, s. 19.<\/li>\n<li><strong>G\u00f3rski Wojciech, <\/strong><em>Mi\u0142o\u015bci Bo\u017ca. <\/em>\u201eOr\u0119dzie Mi\u0142osierdzia\u201d 2010, nr 75, s. 19.<\/li>\n<li><strong>Grzebu\u0142a Marta<\/strong>,\u00a0<em>Rzeka mi\u0142o\u015bci. <\/em>\u201eOr\u0119dzie Mi\u0142osierdzia\u201d 2023, nr 125, s. 21.<\/li>\n<li><strong>Ko\u015bciuk-Horobiowska Wies\u0142awa,<\/strong><em> Jezu, ufam Ci! <\/em>\u201eOr\u0119dzie Mi\u0142osierdzia\u201d 2009, nr 69, s. 19.<\/li>\n<li><strong>Ko\u015bciuk-Horobiowska Wies\u0142awa, <\/strong><em>Mi\u0142osierdzie. <\/em>\u201eOr\u0119dzie Mi\u0142osierdzia\u201d 2007, nr 64, s. 19.<\/li>\n<li><strong>Kowalik Marian, <\/strong><em>Droga do Mi\u0142osierdzia. <\/em>\u201eOr\u0119dzie Mi\u0142osierdzia\u201d 2010, nr 73, s. 19.<\/li>\n<li><strong>Kowalska Siostra Faustyna, \u015bw., <\/strong><em>Malowa\u0107 obraz. \u201e<\/em>Or\u0119dzie Mi\u0142osierdzia<em>\u201d<\/em>\u00a02011, nr 77, s. 19.<\/li>\n<li><strong>A.M.,<\/strong><em> A nade wszystko jeste\u015b pi\u0119kno\u015bci\u0105. <\/em>\u201eOr\u0119dzie Mi\u0142osierdzia\u201d 1995, nr 18.<\/li>\n<li><strong>A.M., <\/strong><em>Ma\u0142y hymn do Ducha \u015awi\u0119tego. <\/em>\u201eOr\u0119dzie Mi\u0142osierdzia\u201d 1998, nr 28, s. 7.<\/li>\n<li><strong>A.M., <\/strong><em>Pierwsze sylaby. <\/em>\u201eOr\u0119dzie Mi\u0142osierdzia\u201d 1995, nr 19.<\/li>\n<li><strong>A.M., <\/strong><em>Modlitwa. <\/em>(\u201eOr\u0119dzie Mi\u0142osierdzia\u201d 1996, nr 20.<\/li>\n<li><strong>A.M., <\/strong><em>Noc czuwania w \u0141agiewnikach. <\/em>\u201eOr\u0119dzie Mi\u0142osierdzia\u201d 1997, nr 22, s. 21.<\/li>\n<li><strong>A.M., <\/strong><em>Pierwszy krok w g\u00f3rach. <\/em>\u201eOr\u0119dzie Mi\u0142osierdzia\u201d 1996), nr 21.<\/li>\n<li><strong>A.M., <\/strong><em>Ptaki maja za darmo. <\/em>\u201eOr\u0119dzie Mi\u0142osierdzia\u201d 1999, nr 29, s. 19.<\/li>\n<li><strong>Le\u015bniewska Anna,<\/strong><em> Niedzielna uczta. <\/em>\u201eOr\u0119dzie Mi\u0142osierdzia\u201d 2016, nr 97, s. 21.<\/li>\n<li><strong>\u0141opuch Stefania, <\/strong><em>Godzina Mi\u0142osierdzia. <\/em>\u201eOr\u0119dzie Mi\u0142osierdzia\u201d 2020, nr 116, s. 21.<\/li>\n<li><strong>\u0141opuch Stefania, <\/strong><em>Jezu, ufam Tobie!. <\/em>\u201eOr\u0119dzie Mi\u0142osierdzia\u201d 2016, nr 98, s. 21.<\/li>\n<li><strong>\u0141opuch Stefania<\/strong>,\u00a0<em>Jezus, ufam Tobie! <\/em>\u201eOr\u0119dzie Mi\u0142osierdzia\u201d 2020, nr 114, s. 21.<\/li>\n<li><strong>\u0141opuch Stefania, <\/strong><em>Mi\u0142osierdzie nie zna granic. <\/em>\u201eOr\u0119dzie Mi\u0142osierdzia\u201d 2022, nr 123, s. 21.<\/li>\n<li><strong>\u0141opuch Stefania<\/strong>,\u00a0<em>Mi\u0142osierny jeste\u015b Panie. <\/em>\u201eOr\u0119dzie Mi\u0142osierdzia\u201d 2020, nr 115, s. 21.<\/li>\n<li><strong>\u0141opuch Stefania, <\/strong><em>Nasze Betlejem. <\/em>\u201eOr\u0119dzie Mi\u0142osierdzia\u201d 2022, nr 121, s. 21.<\/li>\n<li><strong>\u0141opuch Stefania, <\/strong><em>Nie l\u0119kaj si\u0119.<\/em> \u201eOr\u0119dzie Mi\u0142osierdzia\u201d 2024, nr 130, s. 21.<\/li>\n<li><strong>\u0141opuch Stefania, <\/strong><em>Nigdy nie jest za p\u00f3\u017ano. <\/em>\u201eOr\u0119dzie Mi\u0142osierdzia\u201d 2017, nr 101, s. 21<\/li>\n<li><strong>\u0141opuch Stefania, <\/strong><em>O Maryjo, Gwiazdo gwiazd. <\/em>\u201eOr\u0119dzie Mi\u0142osierdzia\u201d 2017, nr 103, s. 21.<\/li>\n<li><strong>\u0141opuch Stefania, <\/strong><em>Tylko Ty, Jezu. <\/em>\u201eOr\u0119dzie Mi\u0142osierdzia\u201d 2018, nr 106, s. 21.<\/li>\n<li><strong>\u0141opuch Stefania, <\/strong><em>Zanurz si\u0119 w Mi\u0142osierdziu. <\/em>\u201eOr\u0119dzie Mi\u0142osierdzia\u201d 2023, nr 125, s. 21.<\/li>\n<li><strong>\u0141opuch Stefania, <\/strong><em>Z mi\u0142o\u015bci. <\/em>\u201eOr\u0119dzie Mi\u0142osierdzia\u201d 2020, nr 113, s. 21.<\/li>\n<li><strong>Madej Andrzej OMI, <\/strong><em>B\u0142ogos\u0142awiona amnestia. <\/em>\u201eOr\u0119dzie Mi\u0142osierdzia\u201d 2016, nr 100, s. 21.<\/li>\n<li><strong>Madej Andrzej OMI,<\/strong><em> W promieniach Mi\u0142osierdzia. <\/em>\u201eOr\u0119dzie Mi\u0142osierdzia\u201d 2010, nr 74, s. 19.<\/li>\n<li><strong>Madre P., <\/strong><em>Litania pojednania. <\/em>\u201eOr\u0119dzie Mi\u0142osierdzia\u201d 2025, nr 135, s. 25.<\/li>\n<li><strong>Mikulski Janusz, <\/strong><em>Dar Siostry Faustyny. <\/em>\u201eOr\u0119dzie Mi\u0142osierdzia\u201d 1993, nr 15.<\/li>\n<li><strong>Moczulski Leszek Aleksander, <\/strong><em>Budzimy si\u0119 do \u017cycia. <\/em>\u201eOr\u0119dzie Mi\u0142osierdzia\u201d 2007, nr 63, s. 19.<\/li>\n<li><strong>Moczulski Leszek Aleksander, <\/strong><em>Cho\u0107by \u015bwiat ton\u0105\u0142 w ciemno\u015bci. <\/em>\u201eOr\u0119dzie Mi\u0142osierdzia\u201d 2008, nr 65, s. 19.<\/li>\n<li><strong>Moczulski Leszek Aleksander, <\/strong><em>Modlitw naszych ty\u015b przyczyn\u0105 (1). <\/em>\u201eOr\u0119dzie Mi\u0142osierdzia\u201d 2009, nr 72, s. 19.<\/li>\n<li><strong>Moczulski Leszek Aleksander,<\/strong> <em>Nadzieja. <\/em>\u201eOr\u0119dzie Mi\u0142osierdzia\u201d 2015, nr 93, s. 21.<\/li>\n<li><strong>Moczulski Aleksander, <\/strong><em>Siostra Faustyna poj\u0119\u0142a. <\/em>\u201eOr\u0119dzie Mi\u0142osierdzia\u201d 1993, nr 14.<\/li>\n<li><strong>Moczulski Leszek Aleksander,<\/strong><em> \u015awi\u0119ta Faustyno, wstaw si\u0119 za nami. <\/em>\u201eOr\u0119dzie Mi\u0142osierdzia\u201d 2008, nr68, s. 19.<\/li>\n<li><strong>Moczulski Leszek Aleksander, <\/strong><em>Wskrzesiciel. <\/em>\u201eOr\u0119dzie Mi\u0142osierdzia\u201d 2012, nr 83,\u00a0 s. 19.<\/li>\n<li><strong>Morawski Wac\u0142aw, <\/strong><em>Pozna\u0142em ci\u0119. <\/em>\u201eOr\u0119dzie Mi\u0142osierdzia\u201d 2011, nr 78, s. 19.<\/li>\n<li><strong>Neja Kamila<\/strong>, <em>Nieustaj\u0105ca chwila Bo\u017cego mi\u0142osierdzia<\/em>. \u201eOr\u0119dzie Mi\u0142osierdzia\u201d 2023, nr 129, s. 21.<\/li>\n<li><strong>Lebioda Dariusz Tomasz,<\/strong><em> \u015awi\u0119ta Faustyna. <\/em>\u201eOr\u0119dzie Mi\u0142osierdzia\u201d 2001, nr40, s. 19.<\/li>\n<li><strong>\u0141ysek Aleksander, <\/strong><em>Mi\u0142o\u015b\u0107 i zaufanie. <\/em>\u201eOr\u0119dzie Mi\u0142osierdzia\u201d 2000, nr 35, s. 10-11.<\/li>\n<li><strong>Oprz\u0119dek Piotr, <\/strong><em>Bibu\u0142a.<\/em> \u201eOr\u0119dzie Mi\u0142osierdzia 2025, nr 134, s. 29.<\/li>\n<li><strong>Oprz\u0119dek Piotr, <\/strong><em>Promienie. <\/em>\u201eOr\u0119dzie Mi\u0142osierdzia\u201d 2019, nr 112, s. 21.<\/li>\n<li><strong>Parzygnat Stanis\u0142aw, ks., <\/strong><em>W\u0119druj\u0105cy obraz. <\/em>\u201eOr\u0119dzie Mi\u0142osierdzia\u201d 2012, nr 81, s. 19.<\/li>\n<li><strong>Parzy\u0144ska Jadwiga, <\/strong><em>Ufam Tobie. <\/em>\u201eOr\u0119dzie Mi\u0142osierdzia\u201d 2019, nr 110, s. 21.<\/li>\n<li><strong>Przybylski Wojciech, ks., <\/strong><em>Mi\u0142o\u015b\u0107. <\/em>\u201eOr\u0119dzie Mi\u0142osierdzia\u201d 2008, nr 67, s. 19.<\/li>\n<li><strong>Rak Franciszek, <\/strong><em>Z teologii pielgrzymki. <\/em>\u201eOr\u0119dzie Mi\u0142osierdzia\u201d 2010, nr 76, s. 19.<\/li>\n<li><strong>Rudnicki Tomasz, <\/strong><em>Moja modlitwa do \u015bw. Faustyny. <\/em>\u201eOr\u0119dzie Mi\u0142osierdzia\u201d 2015, nr 95, s. 21.<\/li>\n<li><strong>Rudnicki Tomasz,<\/strong><em> Twe mi\u0142osierdzie, Panie. <\/em>\u201eOr\u0119dzie Mi\u0142osierdzia\u201d 2013, nr 85, s. 19.<\/li>\n<li><strong>Rudnicki Tomasz,<\/strong><em> Z mi\u0142o\u015bci. <\/em>\u201eOr\u0119dzie Mi\u0142osierdzia\u201d 2013, nr 88, s. 19.<\/li>\n<li><strong>Sabatowski Zygmunt,<\/strong><em> Nowy Pielgrzym Polski. <\/em>\u201eOr\u0119dzie Mi\u0142osierdzia\u201d 2005, nr 56, s. 19.<\/li>\n<li><strong>Skrzypiec Ma\u0142gorzata,<\/strong><em> O mi\u0142o\u015bci \u2013 cz\u0142owieku! <\/em>\u201eOr\u0119dzie Mi\u0142osierdzia\u201d 2012, nr 82, s. 19.<\/li>\n<li><strong>Skwarnicki Marek, <\/strong><em>Hymn na kanonizacj\u0119 b\u0142. Siostry Faustyny. <\/em>\u201eOr\u0119dzie Mi\u0142osierdzia\u201d 2000, nr 34, s. 19.<\/li>\n<li><strong>S\u0142ota Boles\u0142aw CSsR,<\/strong><em> Stacja XV w \u0141agiewnikach. <\/em>\u201eOr\u0119dzie Mi\u0142osierdzia\u201d 2005, nr 55, s. 19.<\/li>\n<li><strong>S\u0142ota Boles\u0142aw CSsR,<\/strong><em> Weronika, stacja VI w \u0141agiewnikach. <\/em>\u201eOr\u0119dzie Mi\u0142osierdzia\u201d 2001, nr 38, s. 19.<\/li>\n<li><strong>Szkaradek Anita,<\/strong><em> Twoja misja. <\/em>\u201eOr\u0119dzie Mi\u0142osierdzia\u201d 1998, nr 28, s. 19.<\/li>\n<li><strong>Tomasz \u00e1 Kempis, <\/strong><em>Litania pokory. <\/em>\u201eOr\u0119dzie Mi\u0142osierdzia\u201d 2025, nr 133, s. 21.<\/li>\n<li><strong>Trzeciak Beata,<\/strong><em> Mi\u0142osierdzie. <\/em>\u201eOr\u0119dzie Mi\u0142osierdzia\u201d 2008, nr 66, s. 19.<\/li>\n<li><strong>Warcho\u0142 Pawe\u0142 OFMConv,<\/strong><em> Oblicze w\u0142asnego \u201eja\u201d. <\/em>\u201eOr\u0119dzie Mi\u0142osierdzia\u201d 2006, nr 57, s. 19.<\/li>\n<li><strong>W\u0105troba Janusz, <\/strong><em>Mi\u0142osierdzie Bo\u017ce. <\/em>\u201eOr\u0119dzie Mi\u0142osierdzia\u201d 2003, nr 45, s. 19.<\/li>\n<li><strong>Witkowski Andrzej Maria, <\/strong><em>Ziemia \u015bwi\u0119ta. <\/em>\u201eOr\u0119dzie Mi\u0142osierdzia\u201d 2018, nr 108, s. 21.<\/li>\n<li><strong>Wiszniowski Kazimierz,<\/strong><em> Szkic portretu Siostry Faustyny. <\/em>\u201eOr\u0119dzie Mi\u0142osierdzia\u201d 1998, nr 28, s. 3.<\/li>\n<li><strong>Zarajczyk Jadwiga,<\/strong><em> Twoje \u015blady. <\/em>\u201eOr\u0119dzie Mi\u0142osierdzia\u201d 2011, nr 79, s. 19.<\/li>\n<li><strong>Zarajczyk Jadwiga,<\/strong><em> Mi\u0142osierny Panie dnia codziennego. <\/em>\u201eOr\u0119dzie Mi\u0142osierdzia\u201d 2019, nr 111, s. 21<\/li>\n<li><strong>Zarajczyk Jadwiga,<\/strong><em> Mi\u0142uj\u0119 Ci\u0119, Panie, <\/em>87 (\u201eOr\u0119dzie Mi\u0142osierdzia\u201d 2013), nr 87, s. 19.<\/li>\n<li><strong>Zarajczyk Jadwiga,<\/strong><em> Nasz Pan.<\/em>\u00a0\u201eOr\u0119dzie Mi\u0142osierdzia\u201d 2022, nr 124, s. 21.<\/li>\n<li><strong>Zarajczyk Jadwiga,<\/strong><em> Promienie Mi\u0142osierdzia. <\/em>\u201eOr\u0119dzie Mi\u0142osierdzia\u201d 2017, nr 102, s. 21.<\/li>\n<li><strong>Zarajczyk Jadwiga, <\/strong><em>Tylko Ty, Panie. <\/em>\u201eOr\u0119dzie Mi\u0142osierdzia\u201d 2015, nr 94, s. 21.<\/li>\n<li><strong>Zarajczyk Jadwiga, <\/strong><em>W drodze. <\/em>\u201eOr\u0119dzie Mi\u0142osierdzia\u201d 2012, nr 84, s. 19.<\/li>\n<li><strong>\u017boch Jerzy,<\/strong><em> Przebaczenie. <\/em>\u201eOr\u0119dzie Mi\u0142osierdzia\u201d 2014, nr 89, s. 19.<\/li>\n<li><strong>\u017burawiecka Jadwiga, <\/strong><em>Krzy\u017c mi\u0142o\u015bci. <\/em>\u201eOr\u0119dzie Mi\u0142osierdzia\u201d 2014, nr 91, s. 19.<\/li>\n<\/ol>\n","protected":false},"excerpt":{"rendered":"<p>OR\u0118DZIE MI\u0141OSIERDZIA Adamkiewicz Ma\u0142gorzata, Piramidy trudu budujemy sami. \u201eOr\u0119dzie Mi\u0142osierdzia\u201d 2014, nr 90, s. 19. Anonim, Matko Mi\u0142osierdzia. \u201eOr\u0119dzie Mi\u0142osierdzia\u201d 2011, nr 80, s. 19. Bal pos\u0142usze\u0144stwa. \u201eOr\u0119dzie Mi\u0142osierdzia\u201d 2021, nr 119, s. 21 Baran Leokadia, By\u0107 aposto\u0142em. \u201eOr\u0119dzie Mi\u0142osierdzia\u201d 2001, nr 37, s. 19. Baran Leokadia, Chrystus \u2013 moje \u017cycie. \u201eOr\u0119dzie Mi\u0142osierdzia\u201d 2005, nr [&hellip;]<\/p>\n","protected":false},"author":1,"featured_media":0,"parent":0,"menu_order":0,"comment_status":"closed","ping_status":"closed","template":"","meta":{"footnotes":""},"categories":[90],"tags":[],"class_list":["post-2868","page","type-page","status-publish","hentry","category-bibliografia-oredzia-milosierdzia"],"_links":{"self":[{"href":"https:\/\/www.faustyna.pl\/zmbm\/wp-json\/wp\/v2\/pages\/2868","targetHints":{"allow":["GET"]}}],"collection":[{"href":"https:\/\/www.faustyna.pl\/zmbm\/wp-json\/wp\/v2\/pages"}],"about":[{"href":"https:\/\/www.faustyna.pl\/zmbm\/wp-json\/wp\/v2\/types\/page"}],"author":[{"embeddable":true,"href":"https:\/\/www.faustyna.pl\/zmbm\/wp-json\/wp\/v2\/users\/1"}],"replies":[{"embeddable":true,"href":"https:\/\/www.faustyna.pl\/zmbm\/wp-json\/wp\/v2\/comments?post=2868"}],"version-history":[{"count":27,"href":"https:\/\/www.faustyna.pl\/zmbm\/wp-json\/wp\/v2\/pages\/2868\/revisions"}],"predecessor-version":[{"id":32132,"href":"https:\/\/www.faustyna.pl\/zmbm\/wp-json\/wp\/v2\/pages\/2868\/revisions\/32132"}],"wp:attachment":[{"href":"https:\/\/www.faustyna.pl\/zmbm\/wp-json\/wp\/v2\/media?parent=2868"}],"wp:term":[{"taxonomy":"category","embeddable":true,"href":"https:\/\/www.faustyna.pl\/zmbm\/wp-json\/wp\/v2\/categories?post=2868"},{"taxonomy":"post_tag","embeddable":true,"href":"https:\/\/www.faustyna.pl\/zmbm\/wp-json\/wp\/v2\/tags?post=2868"}],"curies":[{"name":"wp","href":"https:\/\/api.w.org\/{rel}","templated":true}]}}