



{"id":28681,"date":"2024-03-16T14:25:04","date_gmt":"2024-03-16T13:25:04","guid":{"rendered":"https:\/\/www.faustyna.pl\/zmbm\/?page_id=28681"},"modified":"2026-03-28T16:23:09","modified_gmt":"2026-03-28T15:23:09","slug":"wielki-post-ze-sw-faustyna-v-tydzien","status":"publish","type":"page","link":"https:\/\/www.faustyna.pl\/zmbm\/wielki-post-ze-sw-faustyna-v-tydzien\/","title":{"rendered":"Wielki Post ze \u015bw. Faustyn\u0105 \u2013 V tydzie\u0144"},"content":{"rendered":"<p><a href=\"https:\/\/www.faustyna.pl\/zmbm\/wp-content\/uploads\/2026\/03\/Gerd-Altmann-z-Pixabay.jpg\" data-gallery><img loading=\"lazy\" decoding=\"async\" class=\"size-medium wp-image-32062 alignnone\" src=\"https:\/\/www.faustyna.pl\/zmbm\/wp-content\/uploads\/2026\/03\/Gerd-Altmann-z-Pixabay-560x333.jpg\" alt=\"\" width=\"560\" height=\"333\" srcset=\"https:\/\/www.faustyna.pl\/zmbm\/wp-content\/uploads\/2026\/03\/Gerd-Altmann-z-Pixabay-560x333.jpg 560w, https:\/\/www.faustyna.pl\/zmbm\/wp-content\/uploads\/2026\/03\/Gerd-Altmann-z-Pixabay-140x83.jpg 140w, https:\/\/www.faustyna.pl\/zmbm\/wp-content\/uploads\/2026\/03\/Gerd-Altmann-z-Pixabay.jpg 1024w\" sizes=\"auto, (max-width: 560px) 100vw, 560px\" \/><\/a><\/p>\n<p style=\"text-align: justify\"><strong>Znaczenie codziennych wybor\u00f3w<\/strong>. Mo\u017ce nie zdajemy sobie sprawy z tego, jak wiele zale\u017cy od naszych codziennych wybor\u00f3w, od tego brania krzy\u017ca na ka\u017cdy dzie\u0144 i pod\u0105\u017cania \u015bladami Jezusa. Tak naprawd\u0119 tutaj, w ziemskim \u017cyciu, decydujemy o wszystkim: nie tylko o tym, co ma znaczenie dla \u017cycia osobistego, rodzinnego, zawodowego, spo\u0142ecznego, narodowego\u2026, ale przede wszystkim dla \u017cycia wiecznego. \u017byjemy na ziemi tylko po to, by nauczy\u0107 si\u0119 mi\u0142o\u015bci, bo ca\u0142a wieczno\u015b\u0107 polega\u0107 b\u0119dzie na mi\u0142owaniu. A w sztuk\u0119 mi\u0142owania wpisany jest krzy\u017c znoszenia cierpie\u0144, przebaczania, ofiary\u2026 O tym, jakie znaczenie na \u017cycie wieczne ma umiej\u0119tno\u015b\u0107 d\u017awigania krzy\u017ca, tak Jezus pouczy\u0142 Siostr\u0119 Faustyn\u0119.<\/p>\n<p style=\"text-align: justify\"><em>Ujrza\u0142am Pana Jezusa przybitego do krzy\u017ca. Kiedy Jezus chwil\u0119 na nim wisia\u0142, ujrza\u0142am ca\u0142y zast\u0119p dusz ukrzy\u017cowanych tak jak Jezus. I ujrza\u0142am trzeci zast\u0119p dusz i drugi zast\u0119p dusz. Drugi zast\u0119p nie by\u0142 przybity do krzy\u017ca, ale dusze trzyma\u0142y silnie w r\u0119ku krzy\u017c; trzeci za\u015b zast\u0119p dusz nie by\u0142 ani ukrzy\u017cowany, ani [nie] trzyma\u0142 w r\u0119ku krzy\u017ca silnie, ale wlok\u0142y te dusze krzy\u017c za sob\u0105 i by\u0142y niezadowolone. Wtem rzek\u0142 mi Jezus: \u201eWidzisz, te dusze, kt\u00f3re s\u0105 podobne w cierpieniach i wzgardzie do Mnie, te te\u017c b\u0119d\u0105 podobne i w chwale do Mnie; a te, kt\u00f3re maj\u0105 mniej podobie\u0144stwa do Mnie w cierpieniu i wzgardzie, te te\u017c b\u0119d\u0105 mia\u0142y mniej podobie\u0144stwa i w chwale do Mnie\u201d<\/em>. <em>Duszami ukrzy\u017cowanymi \u2013 najwi\u0119cej ich by\u0142o ze stanu duchownego. Widzia\u0142am tak\u017ce i dusze znajome ukrzy\u017cowane, co mi sprawi\u0142o wielk\u0105 rado\u015b\u0107. Wtem rzek\u0142 mi Jezus:<\/em> \u201e<em>W jutrzejszym rozmy\u015blaniu zastanawia\u0107 si\u0119 b\u0119dziesz nad tym, co\u015b dzi\u015b widzia\u0142a\u201d <\/em>(Dz. 446).<\/p>\n","protected":false},"excerpt":{"rendered":"<p>Znaczenie codziennych wybor\u00f3w. Mo\u017ce nie zdajemy sobie sprawy z tego, jak wiele zale\u017cy od naszych codziennych wybor\u00f3w, od tego brania krzy\u017ca na ka\u017cdy dzie\u0144 i pod\u0105\u017cania \u015bladami Jezusa. Tak naprawd\u0119 tutaj, w ziemskim \u017cyciu, decydujemy o wszystkim: nie tylko o tym, co ma znaczenie dla \u017cycia osobistego, rodzinnego, zawodowego, spo\u0142ecznego, narodowego\u2026, ale przede wszystkim dla [&hellip;]<\/p>\n","protected":false},"author":1,"featured_media":32062,"parent":0,"menu_order":-1572,"comment_status":"closed","ping_status":"closed","template":"","meta":{"footnotes":""},"categories":[104],"tags":[],"class_list":["post-28681","page","type-page","status-publish","has-post-thumbnail","hentry","category-archiwum"],"_links":{"self":[{"href":"https:\/\/www.faustyna.pl\/zmbm\/wp-json\/wp\/v2\/pages\/28681","targetHints":{"allow":["GET"]}}],"collection":[{"href":"https:\/\/www.faustyna.pl\/zmbm\/wp-json\/wp\/v2\/pages"}],"about":[{"href":"https:\/\/www.faustyna.pl\/zmbm\/wp-json\/wp\/v2\/types\/page"}],"author":[{"embeddable":true,"href":"https:\/\/www.faustyna.pl\/zmbm\/wp-json\/wp\/v2\/users\/1"}],"replies":[{"embeddable":true,"href":"https:\/\/www.faustyna.pl\/zmbm\/wp-json\/wp\/v2\/comments?post=28681"}],"version-history":[{"count":3,"href":"https:\/\/www.faustyna.pl\/zmbm\/wp-json\/wp\/v2\/pages\/28681\/revisions"}],"predecessor-version":[{"id":32063,"href":"https:\/\/www.faustyna.pl\/zmbm\/wp-json\/wp\/v2\/pages\/28681\/revisions\/32063"}],"wp:featuredmedia":[{"embeddable":true,"href":"https:\/\/www.faustyna.pl\/zmbm\/wp-json\/wp\/v2\/media\/32062"}],"wp:attachment":[{"href":"https:\/\/www.faustyna.pl\/zmbm\/wp-json\/wp\/v2\/media?parent=28681"}],"wp:term":[{"taxonomy":"category","embeddable":true,"href":"https:\/\/www.faustyna.pl\/zmbm\/wp-json\/wp\/v2\/categories?post=28681"},{"taxonomy":"post_tag","embeddable":true,"href":"https:\/\/www.faustyna.pl\/zmbm\/wp-json\/wp\/v2\/tags?post=28681"}],"curies":[{"name":"wp","href":"https:\/\/api.w.org\/{rel}","templated":true}]}}