



{"id":28703,"date":"2024-03-22T08:53:59","date_gmt":"2024-03-22T07:53:59","guid":{"rendered":"https:\/\/www.faustyna.pl\/zmbm\/?page_id=28703"},"modified":"2026-04-03T20:16:08","modified_gmt":"2026-04-03T18:16:08","slug":"wielki-piatek-7","status":"publish","type":"page","link":"https:\/\/www.faustyna.pl\/zmbm\/wielki-piatek-7\/","title":{"rendered":"Wielki Pi\u0105tek"},"content":{"rendered":"<p><a href=\"https:\/\/www.faustyna.pl\/zmbm\/wp-content\/uploads\/2026\/03\/Ukryzzowani_lagiewniki_ISMM.png\" data-gallery><img loading=\"lazy\" decoding=\"async\" class=\"size-medium wp-image-32103 alignnone\" src=\"https:\/\/www.faustyna.pl\/zmbm\/wp-content\/uploads\/2026\/03\/Ukryzzowani_lagiewniki_ISMM-560x334.png\" alt=\"\" width=\"560\" height=\"334\" srcset=\"https:\/\/www.faustyna.pl\/zmbm\/wp-content\/uploads\/2026\/03\/Ukryzzowani_lagiewniki_ISMM-560x334.png 560w, https:\/\/www.faustyna.pl\/zmbm\/wp-content\/uploads\/2026\/03\/Ukryzzowani_lagiewniki_ISMM-140x83.png 140w, https:\/\/www.faustyna.pl\/zmbm\/wp-content\/uploads\/2026\/03\/Ukryzzowani_lagiewniki_ISMM.png 1024w\" sizes=\"auto, (max-width: 560px) 100vw, 560px\" \/><\/a><\/p>\n<p style=\"text-align: justify\">Jedyny dzie\u0144 w roku, w kt\u00f3rym nie ma Eucharystii, poniewa\u017c najdoskonalsz\u0105 ofiar\u0119 z samego siebie z\u0142o\u017cy\u0142 na Golgocie Jezus Chrystus. <em>Zdr\u00f3j mi\u0142osierdzia Mojego zosta\u0142 otwarty na o\u015bcie\u017c w\u0142\u00f3czni\u0105 na krzy\u017cu dla wszystkich dusz, nikogo nie wy\u0142\u0105czy\u0142em <\/em>(Dz. 1182) \u2013 powiedzia\u0142 Pan Jezus do \u015bw. Siostry Faustyny w jednym z wielu objawie\u0144 zwi\u0105zanych z Jego m\u0119k\u0105. W Wielki Pi\u0105tek w Sanktuarium Bo\u017cego Mi\u0142osierdzia w Krakowie-\u0141agiewnikach w spos\u00f3b szczeg\u00f3lnie uroczysty celebrowana jest o 15:00 modlitwa w chwili konania Jezusa na krzy\u017cu (Godzina Mi\u0142osierdzia) i rozpocz\u0119cie nowenny przed \u015bwi\u0119tem Mi\u0142osierdzia (transmisja na stronie: <a href=\"http:\/\/www.faustyna.pl\">www.faustyna.pl<\/a>). Po nowennie ok. 15:30 odb\u0119dzie si\u0119 nabo\u017ce\u0144stwo Drogi krzy\u017cowej. Wielkopi\u0105tkowa Liturgia M\u0119ki Pa\u0144skiej rozpocznie si\u0119 w bazylice o godzinie 18:00. Po adoracji Krzy\u017ca i Komunii \u015bw. wyruszy procesja eucharystyczna do Grobu Pa\u0144skiego, kt\u00f3ry tradycyjnie jest przygotowywany w klasztorze, w\u00a0 kaplicy M\u0119ki Pa\u0144skiej. Tam b\u0119dzie nieustanna adoracja Pana Jezusa w Naj\u015bwi\u0119tszym Sakramencie, kt\u00f3r\u0105 rozpoczn\u0105 \u201eGorzkie \u017cale\u201d. Przez ca\u0142\u0105 noc w bazylice b\u0119dzie mo\u017cna skorzysta\u0107 z sakramentu pojednania w ramach tzw. \u201eNocy konfesjona\u0142\u00f3w\u201d.<\/p>\n<p>W Wielki Pi\u0105tek obowi\u0105zuje post \u015bcis\u0142y i abstynencja od pokarm\u00f3w mi\u0119snych.<\/p>\n","protected":false},"excerpt":{"rendered":"<p>Jedyny dzie\u0144 w roku, w kt\u00f3rym nie ma Eucharystii, poniewa\u017c najdoskonalsz\u0105 ofiar\u0119 z samego siebie z\u0142o\u017cy\u0142 na Golgocie Jezus Chrystus. Zdr\u00f3j mi\u0142osierdzia Mojego zosta\u0142 otwarty na o\u015bcie\u017c w\u0142\u00f3czni\u0105 na krzy\u017cu dla wszystkich dusz, nikogo nie wy\u0142\u0105czy\u0142em (Dz. 1182) \u2013 powiedzia\u0142 Pan Jezus do \u015bw. Siostry Faustyny w jednym z wielu objawie\u0144 zwi\u0105zanych z Jego m\u0119k\u0105. [&hellip;]<\/p>\n","protected":false},"author":1,"featured_media":32103,"parent":0,"menu_order":-1575,"comment_status":"closed","ping_status":"closed","template":"","meta":{"footnotes":""},"categories":[104],"tags":[],"class_list":["post-28703","page","type-page","status-publish","has-post-thumbnail","hentry","category-archiwum"],"_links":{"self":[{"href":"https:\/\/www.faustyna.pl\/zmbm\/wp-json\/wp\/v2\/pages\/28703","targetHints":{"allow":["GET"]}}],"collection":[{"href":"https:\/\/www.faustyna.pl\/zmbm\/wp-json\/wp\/v2\/pages"}],"about":[{"href":"https:\/\/www.faustyna.pl\/zmbm\/wp-json\/wp\/v2\/types\/page"}],"author":[{"embeddable":true,"href":"https:\/\/www.faustyna.pl\/zmbm\/wp-json\/wp\/v2\/users\/1"}],"replies":[{"embeddable":true,"href":"https:\/\/www.faustyna.pl\/zmbm\/wp-json\/wp\/v2\/comments?post=28703"}],"version-history":[{"count":4,"href":"https:\/\/www.faustyna.pl\/zmbm\/wp-json\/wp\/v2\/pages\/28703\/revisions"}],"predecessor-version":[{"id":32102,"href":"https:\/\/www.faustyna.pl\/zmbm\/wp-json\/wp\/v2\/pages\/28703\/revisions\/32102"}],"wp:featuredmedia":[{"embeddable":true,"href":"https:\/\/www.faustyna.pl\/zmbm\/wp-json\/wp\/v2\/media\/32103"}],"wp:attachment":[{"href":"https:\/\/www.faustyna.pl\/zmbm\/wp-json\/wp\/v2\/media?parent=28703"}],"wp:term":[{"taxonomy":"category","embeddable":true,"href":"https:\/\/www.faustyna.pl\/zmbm\/wp-json\/wp\/v2\/categories?post=28703"},{"taxonomy":"post_tag","embeddable":true,"href":"https:\/\/www.faustyna.pl\/zmbm\/wp-json\/wp\/v2\/tags?post=28703"}],"curies":[{"name":"wp","href":"https:\/\/api.w.org\/{rel}","templated":true}]}}