



{"id":28706,"date":"2024-03-22T08:55:12","date_gmt":"2024-03-22T07:55:12","guid":{"rendered":"https:\/\/www.faustyna.pl\/zmbm\/?page_id=28706"},"modified":"2026-04-09T16:16:05","modified_gmt":"2026-04-09T14:16:05","slug":"nowenna-przed-swietem-milosierdzia-bozego-3","status":"publish","type":"page","link":"https:\/\/www.faustyna.pl\/zmbm\/nowenna-przed-swietem-milosierdzia-bozego-3\/","title":{"rendered":"Nowenna przed \u015bwi\u0119tem Mi\u0142osierdzia Bo\u017cego"},"content":{"rendered":"<p><a href=\"https:\/\/www.faustyna.pl\/zmbm\/wp-content\/uploads\/2024\/03\/Dziewczynka_z_Jezusem_Milosiernym.jpg\" data-gallery><img loading=\"lazy\" decoding=\"async\" class=\"alignnone size-medium wp-image-28707\" src=\"https:\/\/www.faustyna.pl\/zmbm\/wp-content\/uploads\/2024\/03\/Dziewczynka_z_Jezusem_Milosiernym-560x334.jpg\" alt=\"\" width=\"560\" height=\"334\" srcset=\"https:\/\/www.faustyna.pl\/zmbm\/wp-content\/uploads\/2024\/03\/Dziewczynka_z_Jezusem_Milosiernym-560x334.jpg 560w, https:\/\/www.faustyna.pl\/zmbm\/wp-content\/uploads\/2024\/03\/Dziewczynka_z_Jezusem_Milosiernym-140x83.jpg 140w, https:\/\/www.faustyna.pl\/zmbm\/wp-content\/uploads\/2024\/03\/Dziewczynka_z_Jezusem_Milosiernym.jpg 1024w\" sizes=\"auto, (max-width: 560px) 100vw, 560px\" \/><\/a><\/p>\n<p style=\"text-align: justify\">W Wielki Pi\u0105tek rozpoczyna si\u0119 nowenna przed \u015bwi\u0119tem Mi\u0142osierdzia Bo\u017cego. Pan Jezus prosi\u0142 \u015bw. Faustyn\u0119, aby przez t\u0119 nowenn\u0119, kt\u00f3ra polega na odmawianiu przez dziewi\u0119\u0107 dni Koronki do Mi\u0142osierdzia Bo\u017cego, przygotowa\u0107 si\u0119 do uroczysto\u015bci, w kt\u00f3rej czcimy Boga w tajemnicy Jego niezg\u0142\u0119bionego mi\u0142osierdzia. O tej nowennie powiedzia\u0142, \u017ce mo\u017cna w niej uprosi\u0107 wszystko, je\u015bli to jest zgodne z wol\u0105 Bo\u017c\u0105, czyli dobre dla nas na ziemi i w wieczno\u015bci. Z pobo\u017cno\u015bci mo\u017cna tak\u017ce do\u0142\u0105czy\u0107 Nowenn\u0119, kt\u00f3r\u0105 Jezus podyktowa\u0142 Siostrze Faustynie. Uroczyste rozpocz\u0119cie tej Nowenny w Sanktuarium Bo\u017cego Mi\u0142osierdzia w Krakowie-\u0141agiewnikach nast\u0105pi po modlitwie w Godzinie Mi\u0142osierdzia (15:00), kt\u00f3ra w Wielki Pi\u0105tek w spos\u00f3b wyj\u0105tkowy jest celebrowana i prze\u017cywana. <a href=\"https:\/\/www.faustyna.pl\/zmbm\/transmisja-godziny-milosierdzia-i-koronki\/\">Transmisja na stronie: faustyna.pl, i TVP3<\/a><\/p>\n","protected":false},"excerpt":{"rendered":"<p>W Wielki Pi\u0105tek rozpoczyna si\u0119 nowenna przed \u015bwi\u0119tem Mi\u0142osierdzia Bo\u017cego. Pan Jezus prosi\u0142 \u015bw. Faustyn\u0119, aby przez t\u0119 nowenn\u0119, kt\u00f3ra polega na odmawianiu przez dziewi\u0119\u0107 dni Koronki do Mi\u0142osierdzia Bo\u017cego, przygotowa\u0107 si\u0119 do uroczysto\u015bci, w kt\u00f3rej czcimy Boga w tajemnicy Jego niezg\u0142\u0119bionego mi\u0142osierdzia. O tej nowennie powiedzia\u0142, \u017ce mo\u017cna w niej uprosi\u0107 wszystko, je\u015bli to [&hellip;]<\/p>\n","protected":false},"author":1,"featured_media":28707,"parent":0,"menu_order":-1579,"comment_status":"closed","ping_status":"closed","template":"","meta":{"footnotes":""},"categories":[104],"tags":[],"class_list":["post-28706","page","type-page","status-publish","has-post-thumbnail","hentry","category-archiwum"],"_links":{"self":[{"href":"https:\/\/www.faustyna.pl\/zmbm\/wp-json\/wp\/v2\/pages\/28706","targetHints":{"allow":["GET"]}}],"collection":[{"href":"https:\/\/www.faustyna.pl\/zmbm\/wp-json\/wp\/v2\/pages"}],"about":[{"href":"https:\/\/www.faustyna.pl\/zmbm\/wp-json\/wp\/v2\/types\/page"}],"author":[{"embeddable":true,"href":"https:\/\/www.faustyna.pl\/zmbm\/wp-json\/wp\/v2\/users\/1"}],"replies":[{"embeddable":true,"href":"https:\/\/www.faustyna.pl\/zmbm\/wp-json\/wp\/v2\/comments?post=28706"}],"version-history":[{"count":2,"href":"https:\/\/www.faustyna.pl\/zmbm\/wp-json\/wp\/v2\/pages\/28706\/revisions"}],"predecessor-version":[{"id":30626,"href":"https:\/\/www.faustyna.pl\/zmbm\/wp-json\/wp\/v2\/pages\/28706\/revisions\/30626"}],"wp:featuredmedia":[{"embeddable":true,"href":"https:\/\/www.faustyna.pl\/zmbm\/wp-json\/wp\/v2\/media\/28707"}],"wp:attachment":[{"href":"https:\/\/www.faustyna.pl\/zmbm\/wp-json\/wp\/v2\/media?parent=28706"}],"wp:term":[{"taxonomy":"category","embeddable":true,"href":"https:\/\/www.faustyna.pl\/zmbm\/wp-json\/wp\/v2\/categories?post=28706"},{"taxonomy":"post_tag","embeddable":true,"href":"https:\/\/www.faustyna.pl\/zmbm\/wp-json\/wp\/v2\/tags?post=28706"}],"curies":[{"name":"wp","href":"https:\/\/api.w.org\/{rel}","templated":true}]}}