



{"id":28744,"date":"2024-03-23T13:37:07","date_gmt":"2024-03-23T12:37:07","guid":{"rendered":"https:\/\/www.faustyna.pl\/zmbm\/?page_id=28744"},"modified":"2026-04-07T10:29:51","modified_gmt":"2026-04-07T08:29:51","slug":"wielkanoc-4","status":"publish","type":"page","link":"https:\/\/www.faustyna.pl\/zmbm\/wielkanoc-4\/","title":{"rendered":"Wielkanoc"},"content":{"rendered":"<p><a href=\"https:\/\/www.faustyna.pl\/zmbm\/wp-content\/uploads\/2026\/03\/Zmartwychwstanie_Al.png\" data-gallery><img loading=\"lazy\" decoding=\"async\" class=\"size-medium wp-image-32108 alignnone\" src=\"https:\/\/www.faustyna.pl\/zmbm\/wp-content\/uploads\/2026\/03\/Zmartwychwstanie_Al-560x333.png\" alt=\"\" width=\"560\" height=\"333\" srcset=\"https:\/\/www.faustyna.pl\/zmbm\/wp-content\/uploads\/2026\/03\/Zmartwychwstanie_Al-560x333.png 560w, https:\/\/www.faustyna.pl\/zmbm\/wp-content\/uploads\/2026\/03\/Zmartwychwstanie_Al-140x83.png 140w, https:\/\/www.faustyna.pl\/zmbm\/wp-content\/uploads\/2026\/03\/Zmartwychwstanie_Al.png 1024w\" sizes=\"auto, (max-width: 560px) 100vw, 560px\" \/><\/a><\/p>\n<p style=\"text-align: justify\">Alleluja!!! Jezus \u017cyje!!! \u017byje po\u015br\u00f3d nas i w nas, gdy jeste\u015bmy w stanie \u0142aski u\u015bwi\u0119caj\u0105cej. Mi\u0142o\u015b\u0107 zwyci\u0119\u017cy\u0142a grzech, \u017bycie \u2013 \u015bmier\u0107, Jezus pokona\u0142 wszelkie z\u0142o i nieprzyjaciela cz\u0142owieka \u2013 szatana. Odt\u0105d i my w Jezusie mo\u017cemy odnosi\u0107 zwyci\u0119stwo nad grzechem i ludzk\u0105 s\u0142abo\u015bci\u0105, a przez to coraz pe\u0142niej \u017cy\u0107 we wsp\u00f3lnocie z Bogiem. Niech wi\u0119c w nas i przez nas s\u0142awi si\u0119 mi\u0142osierdzie Bo\u017ce! Radosnego \u015bwi\u0119towania tej najwi\u0119kszej tajemnicy naszej wiary!<\/p>\n","protected":false},"excerpt":{"rendered":"<p>Alleluja!!! Jezus \u017cyje!!! \u017byje po\u015br\u00f3d nas i w nas, gdy jeste\u015bmy w stanie \u0142aski u\u015bwi\u0119caj\u0105cej. Mi\u0142o\u015b\u0107 zwyci\u0119\u017cy\u0142a grzech, \u017bycie \u2013 \u015bmier\u0107, Jezus pokona\u0142 wszelkie z\u0142o i nieprzyjaciela cz\u0142owieka \u2013 szatana. Odt\u0105d i my w Jezusie mo\u017cemy odnosi\u0107 zwyci\u0119stwo nad grzechem i ludzk\u0105 s\u0142abo\u015bci\u0105, a przez to coraz pe\u0142niej \u017cy\u0107 we wsp\u00f3lnocie z Bogiem. Niech wi\u0119c [&hellip;]<\/p>\n","protected":false},"author":1,"featured_media":32108,"parent":0,"menu_order":-1578,"comment_status":"closed","ping_status":"closed","template":"","meta":{"footnotes":""},"categories":[104],"tags":[],"class_list":["post-28744","page","type-page","status-publish","has-post-thumbnail","hentry","category-archiwum"],"_links":{"self":[{"href":"https:\/\/www.faustyna.pl\/zmbm\/wp-json\/wp\/v2\/pages\/28744","targetHints":{"allow":["GET"]}}],"collection":[{"href":"https:\/\/www.faustyna.pl\/zmbm\/wp-json\/wp\/v2\/pages"}],"about":[{"href":"https:\/\/www.faustyna.pl\/zmbm\/wp-json\/wp\/v2\/types\/page"}],"author":[{"embeddable":true,"href":"https:\/\/www.faustyna.pl\/zmbm\/wp-json\/wp\/v2\/users\/1"}],"replies":[{"embeddable":true,"href":"https:\/\/www.faustyna.pl\/zmbm\/wp-json\/wp\/v2\/comments?post=28744"}],"version-history":[{"count":4,"href":"https:\/\/www.faustyna.pl\/zmbm\/wp-json\/wp\/v2\/pages\/28744\/revisions"}],"predecessor-version":[{"id":32109,"href":"https:\/\/www.faustyna.pl\/zmbm\/wp-json\/wp\/v2\/pages\/28744\/revisions\/32109"}],"wp:featuredmedia":[{"embeddable":true,"href":"https:\/\/www.faustyna.pl\/zmbm\/wp-json\/wp\/v2\/media\/32108"}],"wp:attachment":[{"href":"https:\/\/www.faustyna.pl\/zmbm\/wp-json\/wp\/v2\/media?parent=28744"}],"wp:term":[{"taxonomy":"category","embeddable":true,"href":"https:\/\/www.faustyna.pl\/zmbm\/wp-json\/wp\/v2\/categories?post=28744"},{"taxonomy":"post_tag","embeddable":true,"href":"https:\/\/www.faustyna.pl\/zmbm\/wp-json\/wp\/v2\/tags?post=28744"}],"curies":[{"name":"wp","href":"https:\/\/api.w.org\/{rel}","templated":true}]}}