



{"id":28747,"date":"2024-03-23T13:38:27","date_gmt":"2024-03-23T12:38:27","guid":{"rendered":"https:\/\/www.faustyna.pl\/zmbm\/?page_id=28747"},"modified":"2026-04-07T10:29:43","modified_gmt":"2026-04-07T08:29:43","slug":"blogoslawionych-swiat-wielkanocnych-2","status":"publish","type":"page","link":"https:\/\/www.faustyna.pl\/zmbm\/blogoslawionych-swiat-wielkanocnych-2\/","title":{"rendered":"B\u0142ogos\u0142awionych \u015awi\u0105t Wielkanocnych!"},"content":{"rendered":"<p><a href=\"https:\/\/www.faustyna.pl\/zmbm\/wp-content\/uploads\/2024\/03\/Blogoslawionej_Wielkanocy.jpg\" data-gallery><img loading=\"lazy\" decoding=\"async\" class=\"alignnone size-medium wp-image-28748\" src=\"https:\/\/www.faustyna.pl\/zmbm\/wp-content\/uploads\/2024\/03\/Blogoslawionej_Wielkanocy-560x333.jpg\" alt=\"\" width=\"560\" height=\"333\" srcset=\"https:\/\/www.faustyna.pl\/zmbm\/wp-content\/uploads\/2024\/03\/Blogoslawionej_Wielkanocy-560x333.jpg 560w, https:\/\/www.faustyna.pl\/zmbm\/wp-content\/uploads\/2024\/03\/Blogoslawionej_Wielkanocy-140x83.jpg 140w, https:\/\/www.faustyna.pl\/zmbm\/wp-content\/uploads\/2024\/03\/Blogoslawionej_Wielkanocy.jpg 1024w\" sizes=\"auto, (max-width: 560px) 100vw, 560px\" \/><\/a><\/p>\n<p style=\"text-align: justify\">Z okazji \u015awi\u0105t Wielkanocnych i \u015awi\u0119ta Mi\u0142osierdzia Bo\u017cego siostry ze Zgromadzenia Matki Bo\u017cej Mi\u0142osierdzia \u017cycz\u0105 wszystkim Dobroczy\u0144com, Wsp\u00f3\u0142pracownikom wspieraj\u0105cym jego dzie\u0142a apostolskie, a tak\u017ce Internautom nawiedzaj\u0105cym strony Zgromadzenia radosnego spotkania z Panem Zmartwychwsta\u0142ym i Mi\u0142osiernym. On przynosi pok\u00f3j, jakiego \u015bwiat da\u0107 nie mo\u017ce, serca nape\u0142nia sw\u0105 mi\u0142o\u015bci\u0105 i zawsze b\u0142ogos\u0142awi, jak na obrazie, kt\u00f3ry kaza\u0142 namalowa\u0107. \u017byczymy r\u00f3wnie\u017c wszelkich \u0142ask, a w \u015bwi\u0119to Mi\u0142osierdzia skorzystania z tej najwi\u0119kszej obietnicy Jezusa, jak\u0105 jest zupe\u0142ne odpuszczenie win i kar. B\u0142ogos\u0142awionych \u015awi\u0105t!!!<\/p>\n","protected":false},"excerpt":{"rendered":"<p>Z okazji \u015awi\u0105t Wielkanocnych i \u015awi\u0119ta Mi\u0142osierdzia Bo\u017cego siostry ze Zgromadzenia Matki Bo\u017cej Mi\u0142osierdzia \u017cycz\u0105 wszystkim Dobroczy\u0144com, Wsp\u00f3\u0142pracownikom wspieraj\u0105cym jego dzie\u0142a apostolskie, a tak\u017ce Internautom nawiedzaj\u0105cym strony Zgromadzenia radosnego spotkania z Panem Zmartwychwsta\u0142ym i Mi\u0142osiernym. On przynosi pok\u00f3j, jakiego \u015bwiat da\u0107 nie mo\u017ce, serca nape\u0142nia sw\u0105 mi\u0142o\u015bci\u0105 i zawsze b\u0142ogos\u0142awi, jak na obrazie, kt\u00f3ry kaza\u0142 [&hellip;]<\/p>\n","protected":false},"author":1,"featured_media":28748,"parent":0,"menu_order":-1578,"comment_status":"closed","ping_status":"closed","template":"","meta":{"footnotes":""},"categories":[104],"tags":[],"class_list":["post-28747","page","type-page","status-publish","has-post-thumbnail","hentry","category-archiwum"],"_links":{"self":[{"href":"https:\/\/www.faustyna.pl\/zmbm\/wp-json\/wp\/v2\/pages\/28747","targetHints":{"allow":["GET"]}}],"collection":[{"href":"https:\/\/www.faustyna.pl\/zmbm\/wp-json\/wp\/v2\/pages"}],"about":[{"href":"https:\/\/www.faustyna.pl\/zmbm\/wp-json\/wp\/v2\/types\/page"}],"author":[{"embeddable":true,"href":"https:\/\/www.faustyna.pl\/zmbm\/wp-json\/wp\/v2\/users\/1"}],"replies":[{"embeddable":true,"href":"https:\/\/www.faustyna.pl\/zmbm\/wp-json\/wp\/v2\/comments?post=28747"}],"version-history":[{"count":2,"href":"https:\/\/www.faustyna.pl\/zmbm\/wp-json\/wp\/v2\/pages\/28747\/revisions"}],"predecessor-version":[{"id":30629,"href":"https:\/\/www.faustyna.pl\/zmbm\/wp-json\/wp\/v2\/pages\/28747\/revisions\/30629"}],"wp:featuredmedia":[{"embeddable":true,"href":"https:\/\/www.faustyna.pl\/zmbm\/wp-json\/wp\/v2\/media\/28748"}],"wp:attachment":[{"href":"https:\/\/www.faustyna.pl\/zmbm\/wp-json\/wp\/v2\/media?parent=28747"}],"wp:term":[{"taxonomy":"category","embeddable":true,"href":"https:\/\/www.faustyna.pl\/zmbm\/wp-json\/wp\/v2\/categories?post=28747"},{"taxonomy":"post_tag","embeddable":true,"href":"https:\/\/www.faustyna.pl\/zmbm\/wp-json\/wp\/v2\/tags?post=28747"}],"curies":[{"name":"wp","href":"https:\/\/api.w.org\/{rel}","templated":true}]}}