



{"id":28759,"date":"2024-03-23T16:51:50","date_gmt":"2024-03-23T15:51:50","guid":{"rendered":"https:\/\/www.faustyna.pl\/zmbm\/?page_id=28759"},"modified":"2026-04-13T08:13:10","modified_gmt":"2026-04-13T06:13:10","slug":"swieto-milosierdzia-5","status":"publish","type":"page","link":"https:\/\/www.faustyna.pl\/zmbm\/swieto-milosierdzia-5\/","title":{"rendered":"\u015awi\u0119to Mi\u0142osierdzia"},"content":{"rendered":"<p><a href=\"https:\/\/www.faustyna.pl\/zmbm\/wp-content\/uploads\/2024\/03\/Niedziela_Milosierdzia_cytat.jpg\" data-gallery><img loading=\"lazy\" decoding=\"async\" class=\"alignnone size-medium wp-image-28760\" src=\"https:\/\/www.faustyna.pl\/zmbm\/wp-content\/uploads\/2024\/03\/Niedziela_Milosierdzia_cytat-560x333.jpg\" alt=\"\" width=\"560\" height=\"333\" srcset=\"https:\/\/www.faustyna.pl\/zmbm\/wp-content\/uploads\/2024\/03\/Niedziela_Milosierdzia_cytat-560x333.jpg 560w, https:\/\/www.faustyna.pl\/zmbm\/wp-content\/uploads\/2024\/03\/Niedziela_Milosierdzia_cytat-140x83.jpg 140w, https:\/\/www.faustyna.pl\/zmbm\/wp-content\/uploads\/2024\/03\/Niedziela_Milosierdzia_cytat.jpg 1024w\" sizes=\"auto, (max-width: 560px) 100vw, 560px\" \/><\/a><\/p>\n<p style=\"text-align: justify\">Oktaw\u0119 Zmartwychwstania Pa\u0144skiego, najwi\u0119kszego \u015bwi\u0119ta w Ko\u015bciele katolickim, ko\u0144czy Niedziela Mi\u0142osierdzia Bo\u017cego zwana powszechnie \u015bwi\u0119tem Mi\u0142osierdzia Bo\u017cego. Ustanowienia tego \u015bwi\u0119ta domaga\u0142 si\u0119 Jezus w objawieniach \u015bw. Siostry Faustyny, gdy wiele razy m\u00f3wi\u0142, \u017ce pragnie, aby pierwsza niedziela po Wielkanocy by\u0142a \u015bwi\u0119tem Mi\u0142osierdzia: \u201ePragn\u0119 \u2013 m\u00f3wi\u0142 \u2013 <strong><em>\u00a0<\/em><\/strong>aby \u015bwi\u0119to Mi\u0142osierdzia, by\u0142o ucieczk\u0105 i schronieniem dla wszystkich dusz, a szczeg\u00f3lnie dla biednych grzesznik\u00f3w. W dniu tym otwarte s\u0105 wn\u0119trzno\u015bci mi\u0142osierdzia Mego, wylewam ca\u0142e morze \u0142ask na dusze, kt\u00f3re si\u0119 zbli\u017c\u0105 do \u017ar\u00f3d\u0142a mi\u0142osierdzia Mojego. Kt\u00f3ra dusza przyst\u0105pi do spowiedzi i Komunii \u015awi\u0119tej, dost\u0105pi zupe\u0142nego odpuszczenia win i kar. W dniu tym otwarte s\u0105 wszystkie upusty Bo\u017ce, przez kt\u00f3re p\u0142yn\u0105 \u0142aski; niech si\u0119 nie l\u0119ka zbli\u017cy\u0107 do Mnie \u017cadna dusza, chocia\u017cby grzechy jej by\u0142y jako szkar\u0142at\u201d (Dz. 699). W tym dniu mo\u017cemy dost\u0105pi\u0107 nie tylko \u0142aski \u201ezupe\u0142nego odpuszczenia win i kar\u201d (jedna z \u0142ask chrztu \u015bw.), ale tak\u017ce uprosi\u0107 wiele innych \u0142ask i doczesnych dobrodziejstw, je\u015bli s\u0105 one zgodne z wol\u0105 Bo\u017c\u0105. Warunkiem jest czyste serce, bez przywi\u0105zania do grzechu, oraz postawa ufno\u015bci wobec Boga, czyli pragnienie pe\u0142nienia Jego woli, i czynnej mi\u0142o\u015bci bli\u017aniego. Jedynym naczyniem do czerpania \u0142ask jest ufno\u015b\u0107, jak uczy\u0142 Jezus \u015bw. Faustyn\u0119, bo mi\u0142osierdzie Bo\u017ce nie ma granic, a rado\u015bci\u0105 Boga jest dawa\u0107 wiele i to bardzo wiele. Taka jest Mi\u0142osierna Mi\u0142o\u015b\u0107, kt\u00f3r\u0105 lepiej poznajemy i czcimy, gdy obchodzimy to \u015bwi\u0119to. <a href=\"https:\/\/www.faustyna.pl\/zmbm\/swieto-milosierdzia\/\">Wi\u0119cej o samym \u015bwi\u0119cie i jego historii w Ko\u015bciele.<\/a><\/p>\n","protected":false},"excerpt":{"rendered":"<p>Oktaw\u0119 Zmartwychwstania Pa\u0144skiego, najwi\u0119kszego \u015bwi\u0119ta w Ko\u015bciele katolickim, ko\u0144czy Niedziela Mi\u0142osierdzia Bo\u017cego zwana powszechnie \u015bwi\u0119tem Mi\u0142osierdzia Bo\u017cego. Ustanowienia tego \u015bwi\u0119ta domaga\u0142 si\u0119 Jezus w objawieniach \u015bw. Siostry Faustyny, gdy wiele razy m\u00f3wi\u0142, \u017ce pragnie, aby pierwsza niedziela po Wielkanocy by\u0142a \u015bwi\u0119tem Mi\u0142osierdzia: \u201ePragn\u0119 \u2013 m\u00f3wi\u0142 \u2013 \u00a0aby \u015bwi\u0119to Mi\u0142osierdzia, by\u0142o ucieczk\u0105 i schronieniem dla wszystkich [&hellip;]<\/p>\n","protected":false},"author":1,"featured_media":28760,"parent":0,"menu_order":-1580,"comment_status":"closed","ping_status":"closed","template":"","meta":{"footnotes":""},"categories":[104],"tags":[],"class_list":["post-28759","page","type-page","status-publish","has-post-thumbnail","hentry","category-archiwum"],"_links":{"self":[{"href":"https:\/\/www.faustyna.pl\/zmbm\/wp-json\/wp\/v2\/pages\/28759","targetHints":{"allow":["GET"]}}],"collection":[{"href":"https:\/\/www.faustyna.pl\/zmbm\/wp-json\/wp\/v2\/pages"}],"about":[{"href":"https:\/\/www.faustyna.pl\/zmbm\/wp-json\/wp\/v2\/types\/page"}],"author":[{"embeddable":true,"href":"https:\/\/www.faustyna.pl\/zmbm\/wp-json\/wp\/v2\/users\/1"}],"replies":[{"embeddable":true,"href":"https:\/\/www.faustyna.pl\/zmbm\/wp-json\/wp\/v2\/comments?post=28759"}],"version-history":[{"count":3,"href":"https:\/\/www.faustyna.pl\/zmbm\/wp-json\/wp\/v2\/pages\/28759\/revisions"}],"predecessor-version":[{"id":30653,"href":"https:\/\/www.faustyna.pl\/zmbm\/wp-json\/wp\/v2\/pages\/28759\/revisions\/30653"}],"wp:featuredmedia":[{"embeddable":true,"href":"https:\/\/www.faustyna.pl\/zmbm\/wp-json\/wp\/v2\/media\/28760"}],"wp:attachment":[{"href":"https:\/\/www.faustyna.pl\/zmbm\/wp-json\/wp\/v2\/media?parent=28759"}],"wp:term":[{"taxonomy":"category","embeddable":true,"href":"https:\/\/www.faustyna.pl\/zmbm\/wp-json\/wp\/v2\/categories?post=28759"},{"taxonomy":"post_tag","embeddable":true,"href":"https:\/\/www.faustyna.pl\/zmbm\/wp-json\/wp\/v2\/tags?post=28759"}],"curies":[{"name":"wp","href":"https:\/\/api.w.org\/{rel}","templated":true}]}}