



{"id":28846,"date":"2024-04-02T14:38:46","date_gmt":"2024-04-02T12:38:46","guid":{"rendered":"https:\/\/www.faustyna.pl\/zmbm\/?page_id=28846"},"modified":"2025-08-10T19:20:40","modified_gmt":"2025-08-10T17:20:40","slug":"przewodnik-qr-kod-po-lagiewnickim-sanktuarium","status":"publish","type":"page","link":"https:\/\/www.faustyna.pl\/zmbm\/przewodnik-qr-kod-po-lagiewnickim-sanktuarium\/","title":{"rendered":"Przewodnik QR kod po \u0142agiewnickim Sanktuarium"},"content":{"rendered":"<p><a href=\"https:\/\/www.faustyna.pl\/zmbm\/wp-content\/uploads\/2024\/04\/Przewodnik_QR_kod_wiadomosc.jpg\" data-gallery><img loading=\"lazy\" decoding=\"async\" class=\"alignnone size-medium wp-image-28847\" src=\"https:\/\/www.faustyna.pl\/zmbm\/wp-content\/uploads\/2024\/04\/Przewodnik_QR_kod_wiadomosc-560x334.jpg\" alt=\"\" width=\"560\" height=\"334\" srcset=\"https:\/\/www.faustyna.pl\/zmbm\/wp-content\/uploads\/2024\/04\/Przewodnik_QR_kod_wiadomosc-560x334.jpg 560w, https:\/\/www.faustyna.pl\/zmbm\/wp-content\/uploads\/2024\/04\/Przewodnik_QR_kod_wiadomosc-140x83.jpg 140w, https:\/\/www.faustyna.pl\/zmbm\/wp-content\/uploads\/2024\/04\/Przewodnik_QR_kod_wiadomosc.jpg 1024w\" sizes=\"auto, (max-width: 560px) 100vw, 560px\" \/><\/a><\/p>\n<p style=\"text-align: justify\">Odpowiadaj\u0105c na potrzeby indywidualnych pielgrzym\u00f3w z ca\u0142ego \u015bwiata, przybywaj\u0105cych do Sanktuarium Bo\u017cego Mi\u0142osierdzia w Krakowie-\u0141agiewnikach, Zgromadzenie Si\u00f3str Matki Bo\u017cej Mi\u0142osierdzia przygotowa\u0142o bardzo funkcjonalny przewodnik po tym \u015bwi\u0119tym miejscu przy pomocy QR kod\u00f3w. Zawiera on nie tylko informacje dotycz\u0105ce poszczeg\u00f3lnych obiekt\u00f3w, ale przede wszystkim przekaz skarbu tego miejsca, jakim jest duchowe dziedzictwo \u015bw. Siostry Faustyny, a szczeg\u00f3lnie or\u0119dzie Mi\u0142osierdzia przekazane przez Jezusa i zapisane w jej \u201eDzienniczku\u201d. Odt\u0105d ka\u017cdy pielgrzym, skanuj\u0105c na smartfonie QR kod, b\u0119dzie oprowadzony przez siostry po danym obiekcie, dowie si\u0119, jakie spotkania i rozmowy z Mieszka\u0144cami Nieba prowadzi\u0142a w nim \u015bw. Faustyna, a przy pomocy mapy 3D mo\u017ce zobaczy\u0107 ca\u0142e Sanktuarium i przej\u015b\u0107 do kolejnego obiektu. Przewodnik zosta\u0142 ju\u017c udost\u0119pniony nie tylko w j\u0119zyku polskim, ale tak\u017ce angielskim, hiszpa\u0144skim, w\u0142oskim, francuskim, portugalskim, s\u0142owackim, niemieckim i rosyjskim. Dla pozosta\u0142ych obszar\u00f3w j\u0119zykowych skanowany QR kod automatycznie wybiera j\u0119zyk angielski.<\/p>\n","protected":false},"excerpt":{"rendered":"<p>Odpowiadaj\u0105c na potrzeby indywidualnych pielgrzym\u00f3w z ca\u0142ego \u015bwiata, przybywaj\u0105cych do Sanktuarium Bo\u017cego Mi\u0142osierdzia w Krakowie-\u0141agiewnikach, Zgromadzenie Si\u00f3str Matki Bo\u017cej Mi\u0142osierdzia przygotowa\u0142o bardzo funkcjonalny przewodnik po tym \u015bwi\u0119tym miejscu przy pomocy QR kod\u00f3w. Zawiera on nie tylko informacje dotycz\u0105ce poszczeg\u00f3lnych obiekt\u00f3w, ale przede wszystkim przekaz skarbu tego miejsca, jakim jest duchowe dziedzictwo \u015bw. Siostry Faustyny, a [&hellip;]<\/p>\n","protected":false},"author":1,"featured_media":28847,"parent":0,"menu_order":-1562,"comment_status":"closed","ping_status":"closed","template":"","meta":{"footnotes":""},"categories":[4],"tags":[],"class_list":["post-28846","page","type-page","status-publish","has-post-thumbnail","hentry","category-aktualnosci"],"_links":{"self":[{"href":"https:\/\/www.faustyna.pl\/zmbm\/wp-json\/wp\/v2\/pages\/28846","targetHints":{"allow":["GET"]}}],"collection":[{"href":"https:\/\/www.faustyna.pl\/zmbm\/wp-json\/wp\/v2\/pages"}],"about":[{"href":"https:\/\/www.faustyna.pl\/zmbm\/wp-json\/wp\/v2\/types\/page"}],"author":[{"embeddable":true,"href":"https:\/\/www.faustyna.pl\/zmbm\/wp-json\/wp\/v2\/users\/1"}],"replies":[{"embeddable":true,"href":"https:\/\/www.faustyna.pl\/zmbm\/wp-json\/wp\/v2\/comments?post=28846"}],"version-history":[{"count":4,"href":"https:\/\/www.faustyna.pl\/zmbm\/wp-json\/wp\/v2\/pages\/28846\/revisions"}],"predecessor-version":[{"id":30633,"href":"https:\/\/www.faustyna.pl\/zmbm\/wp-json\/wp\/v2\/pages\/28846\/revisions\/30633"}],"wp:featuredmedia":[{"embeddable":true,"href":"https:\/\/www.faustyna.pl\/zmbm\/wp-json\/wp\/v2\/media\/28847"}],"wp:attachment":[{"href":"https:\/\/www.faustyna.pl\/zmbm\/wp-json\/wp\/v2\/media?parent=28846"}],"wp:term":[{"taxonomy":"category","embeddable":true,"href":"https:\/\/www.faustyna.pl\/zmbm\/wp-json\/wp\/v2\/categories?post=28846"},{"taxonomy":"post_tag","embeddable":true,"href":"https:\/\/www.faustyna.pl\/zmbm\/wp-json\/wp\/v2\/tags?post=28846"}],"curies":[{"name":"wp","href":"https:\/\/api.w.org\/{rel}","templated":true}]}}