



{"id":2888,"date":"2014-12-31T00:38:54","date_gmt":"2014-12-31T00:38:54","guid":{"rendered":"http:\/\/www.faustyna.pl\/zmbm\/?page_id=2888"},"modified":"2017-08-17T17:21:57","modified_gmt":"2017-08-17T15:21:57","slug":"o-milosierdziu-bozym-opracowania","status":"publish","type":"page","link":"https:\/\/www.faustyna.pl\/zmbm\/o-milosierdziu-bozym-opracowania\/","title":{"rendered":"O mi\u0142osierdziu Bo\u017cym"},"content":{"rendered":"<p align=\"right\"><b style=\"color: #cc0000;font-size: 120%\">POLECANE POZYCJE<br \/>\n<\/b><\/p>\n<p align=\"justify\"><img loading=\"lazy\" decoding=\"async\" style=\"margin: 6px 6px 2px 0pt;padding: 2px;border: 1px solid #998822\" title=\"Biblioteka - Opracowania \u2013 MI\u0141OSIERDZIE BOGA W DZIE\u0141ACH JEGO\" src=\"https:\/\/www.faustyna.pl\/images\/stories\/biblioteka_opracowania_milosierdzie_boga_w_dzielach_jego.jpg\" alt=\" \" width=\"147\" height=\"223\" align=\"left\" border=\"1\" \/><br \/>\n<strong><span style=\"color: #003300\">ks. Micha\u0142<\/span> <span style=\"color: #003300\">Sopo\u0107ko <\/span><\/strong><\/p>\n<h3 align=\"justify\"><span style=\"color: #800000\"><b>MI\u0141OSIERDZIE BOGA<br \/>\nW DZIE\u0141ACH JEGO<\/b><\/span><\/h3>\n<p align=\"justify\">Kuria Metropolitalna Bia\u0142ostocka<br \/>\nWydzia\u0142 Duszpasterstwa<br \/>\nBia\u0142ystok 2005<\/p>\n<p style=\"text-align: justify\">To najwi\u0119ksze dzie\u0142o b\u0142. ks. Micha\u0142a Sopo\u0107ki, kt\u00f3re po raz pierwszy zosta\u0142o opublikowane w Londynie i Pary\u017cu w latach 1959-1967. W pierwszym tomie Autor wyja\u015bnia najpierw, czym jest mi\u0142osierdzie Bo\u017ce, a nast\u0119pnie opisuje je w \u017cyciu, nauczaniu i czynach Jezusa. Tom drugi po\u015bwi\u0119cony jest tajemnicy mi\u0142osierdzia Bo\u017cego w dziele odkupienia: w m\u0119ce, \u015bmierci, zmartwychwstaniu i wniebowst\u0105pieniu Chrystusa. Natomiast w trzecim tomie mowa jest o mi\u0142osierdziu Boga w tajemnicy Ko\u015bcio\u0142a. Te trzy tomy rozwa\u017ca\u0144 w zamy\u015ble Autora \u201emia\u0142y s\u0142u\u017cy\u0107 przedstawieniu kolejno: mi\u0142osierdzia Boga Ojca, kt\u00f3re ujawnione zosta\u0142o przez nauk\u0119 i przyk\u0142ad Jego Syna Jezusa Chrystusa; mi\u0142osierdzia Syna Bo\u017cego, kt\u00f3ry przyj\u0105\u0142 m\u0119k\u0119 i \u015bmier\u0107 za grzechy ludzko\u015bci, a owoce Odkupienia pozostawi\u0142 w ustanowionym przez siebie Ko\u015bciele; mi\u0142osierdzia Ducha \u015awi\u0119tego,\u00a0 kt\u00f3ry zst\u0105pi\u0142 na Ko\u015bci\u00f3\u0142,\u00a0 kieruje nim i nieprzerwanie obdarza wiernych \u0142askami\u201d.<\/p>\n<p align=\"justify\"><img decoding=\"async\" style=\"margin: 6px 0px 2px 6px;padding: 2px;border: 1px solid #998822\" title=\"Biblioteka - Opracowania \u2013 KONTEMPLOWA\u0106 BOGA W TAJEMNICY JEGO MI\u0141OSIERDZIA\" src=\"https:\/\/www.faustyna.pl\/images\/stories\/biblioteka_opracowania_kontemplowac_boga.jpg\" alt=\" \" height=\"223\" align=\"right\" border=\"1\" \/><br \/>\n<strong><span style=\"color: #003300\">ks. Henryk Wejman<\/span><\/strong><\/p>\n<h3 align=\"justify\"><span style=\"color: #800000\"><b>KONTEMPLOWA\u0106 BOGA<br \/>\nW TAJEMNICY JEGO MI\u0141OSIERDZIA<\/b> <\/span><\/h3>\n<p align=\"justify\">\u00a0Wydawnictwo \u201eMisericordia\u201d, Krak\u00f3w 2006<\/p>\n<p style=\"text-align: justify\">Ksi\u0105\u017cka ma form\u0119 usystematyzowanych refleksji biblijnych nad tajemnic\u0105 mi\u0142o\u015bci mi\u0142osiernej Boga do cz\u0142owieka i mi\u0142osierdzia w relacjach mi\u0119dzyludzkich.\u00a0 Jej celem\u00a0 jest\u00a0 ods\u0142oni\u0119cie,\u00a0 w oparciu o dane biblijne, bogactwa prawdy o Bogu, Ojcu mi\u0142osierdzia, kt\u00f3ry dla zbawienia ludzko\u015bci pos\u0142a\u0142 swego Jednorodzonego Syna, a Ten \u2013 uosobione mi\u0142osierdzie Ojca \u2013 odda\u0142 za ni\u0105 na krzy\u017cu swe \u017cycie. Ta prawda o mi\u0142osierdziu Boga jest fundamentem dla mi\u0142osiernej postawy cz\u0142owieka i ma by\u0107 swego rodzaju odpowiedzi\u0105 z jego strony na doznane od Boga mi\u0142osierdzie. Inaczej m\u00f3wi\u0105c, w\u0119z\u0142owym zagadnieniem tej ksi\u0105\u017cki jest pr\u00f3ba odpowiedzi na zasadnicze pytania, czym jest mi\u0142osierdzie Bo\u017ce i co stanowi fundamentaln\u0105 przes\u0142ank\u0119 dla postawy mi\u0142osierdzia cz\u0142owieka oraz w jaki spos\u00f3b ma on je wyra\u017ca\u0107 wobec drugiej osoby jako stworzenia Bo\u017cego?<\/p>\n<p>Mo\u017cesz <a href=\"http:\/\/www.misericordia.faustyna.pl\/\" target=\"_blank\" rel=\"noopener noreferrer\">zakupi\u0107 ksi\u0105\u017ck\u0119<\/a> w naszym internetowym <a href=\"http:\/\/www.misericordia.faustyna.pl\/\" target=\"_blank\" rel=\"noopener noreferrer\">sklepie Misericordia<\/a>.<\/p>\n<p align=\"justify\"><img decoding=\"async\" style=\"margin: 6px 6px 2px 0pt;padding: 2px;border: 1px solid #998822\" title=\"Biblioteka - Opracowania \u2013 WSP\u00d3\u0141PRACA CZ\u0141OWIEKA Z MI\u0141OSIERNYM BOGIEM\" src=\"https:\/\/www.faustyna.pl\/images\/stories\/biblioteka_opracowania_wspolpraca_czlowieka_z_milosiernym_bogiem.jpg\" alt=\" \" height=\"223\" align=\"left\" border=\"1\" \/><br \/>\n<span style=\"color: #003300\"><strong>ks. Henryk Wejman<\/strong> <\/span><\/p>\n<h3 align=\"justify\"><span style=\"color: #800000\"><b>WSP\u00d3\u0141PRACA CZ\u0141OWIEKA<br \/>\nZ MI\u0141OSIERNYM BOGIEM<\/b> <\/span><\/h3>\n<p align=\"justify\">\u00a0Wydawnictwo \u201eMisericordia\u201d, Krak\u00f3w 2001<\/p>\n<p style=\"text-align: justify\">Jest to jedyne w swoim rodzaju studium podejmuj\u0105ce temat wsp\u00f3\u0142pracy cz\u0142owieka z Bogiem. Autor ukazuje \u017ar\u00f3d\u0142a tej wsp\u00f3\u0142pracy, jej p\u0142aszczyzny, formy, \u015brodki i przeszkody oraz wz\u00f3r takiej wsp\u00f3\u0142pracy, jaki mamy w Maryi, Matce Boga. Czy cz\u0142owiek mo\u017ce by\u0107 wsp\u00f3\u0142pracownikiem Boga? Okazuje si\u0119, \u017ce tak. Tak osza\u0142amiaj\u0105c\u0105 perspektyw\u0119 otworzy\u0142 przed cz\u0142owiekiem sam B\u00f3g, stwarzaj\u0105c go jako istot\u0119 woln\u0105 i rozumn\u0105, i powo\u0142uj\u0105c do takiej wsp\u00f3\u0142pracy w Ko\u015bciele. Ksi\u0105\u017cka ukazuje, w jaki spos\u00f3b cz\u0142owiek mo\u017ce wsp\u00f3\u0142pracowa\u0107 z Bogiem, jaka jest przestrze\u0144 tej wsp\u00f3\u0142pracy i jakie s\u0105 jej formy i \u015brodki.<\/p>\n<p>Mo\u017cesz <a href=\"http:\/\/www.misericordia.faustyna.pl\" target=\"_blank\" rel=\"noopener noreferrer\">zakupi\u0107 ksi\u0105\u017ck\u0119<\/a> w naszym internetowym sklepie Misericordia.<\/p>\n<p align=\"justify\"><img decoding=\"async\" style=\"margin: 6px 0px 2px 6px;padding: 2px;border: 1px solid #998822\" title=\"Biblioteka - Opracowania \u2013 TAJEMNICA MI\u0141OSIERDZIA BO\u017bEGO\" src=\"https:\/\/www.faustyna.pl\/images\/stories\/biblioteka_opracowania_tajmnica_bozego_milosierdzia.jpg\" alt=\" \" height=\"223\" align=\"right\" border=\"1\" \/><br \/>\n<strong><span style=\"color: #003300\">o. Jacek Woroniecki OP <\/span><\/strong><\/p>\n<h3 align=\"justify\"><span style=\"color: #800000\"><b>TAJEMNICA MI\u0141OSIERDZIA BO\u017bEGO<\/b> <\/span><\/h3>\n<p align=\"justify\">Wydawnictwo: Instytut Edukacji Narodowej<br \/>\nLublin 2001<\/p>\n<p style=\"text-align: justify\">Autor porusza w ksi\u0105\u017cce temat tajemnicy mi\u0142osierdzia Bo\u017cego w objawieniu chrze\u015bcija\u0144skim pocz\u0105wszy od patriarch\u00f3w i Objawienia Moj\u017ceszowego poprzez Psa\u0142terz Dawidowy, rozw\u00f3j nauki o mi\u0142osierdziu Bo\u017cym w pismach Prorok\u00f3w i w ksi\u0119gach dydaktycznych, po pe\u0142ni\u0119 rozkwitu tej nauki w Ewangelii i jej dope\u0142nienie w pismach Aposto\u0142\u00f3w. Pisze tak\u017ce na temat mi\u0142osierdzia Bo\u017cego w teologii katolickiej: ukazuje mi\u0142osierdzie jako najwy\u017cszy przymiot Stw\u00f3rcy, jako naczelny motyw Wcielenia oraz omawia odpowiedzi cz\u0142owieka na mi\u0142osierdzie Bo\u017ce, kt\u00f3rymi s\u0105: nadzieja, boja\u017a\u0144 Bo\u017ca i cnota mi\u0142osierdzia.<\/p>\n<p>Mo\u017cesz <a href=\"http:\/\/www.misericordia.faustyna.pl\" target=\"_blank\" rel=\"noopener noreferrer\">zakupi\u0107 ksi\u0105\u017ck\u0119<\/a> w naszym internetowym sklepie Misericordia.<\/p>\n","protected":false},"excerpt":{"rendered":"<p>POLECANE POZYCJE ks. Micha\u0142 Sopo\u0107ko MI\u0141OSIERDZIE BOGA W DZIE\u0141ACH JEGO Kuria Metropolitalna Bia\u0142ostocka Wydzia\u0142 Duszpasterstwa Bia\u0142ystok 2005 To najwi\u0119ksze dzie\u0142o b\u0142. ks. Micha\u0142a Sopo\u0107ki, kt\u00f3re po raz pierwszy zosta\u0142o opublikowane w Londynie i Pary\u017cu w latach 1959-1967. W pierwszym tomie Autor wyja\u015bnia najpierw, czym jest mi\u0142osierdzie Bo\u017ce, a nast\u0119pnie opisuje je w \u017cyciu, nauczaniu i [&hellip;]<\/p>\n","protected":false},"author":1,"featured_media":0,"parent":0,"menu_order":0,"comment_status":"closed","ping_status":"closed","template":"","meta":{"footnotes":""},"categories":[93],"tags":[],"class_list":["post-2888","page","type-page","status-publish","hentry","category-opracowania"],"_links":{"self":[{"href":"https:\/\/www.faustyna.pl\/zmbm\/wp-json\/wp\/v2\/pages\/2888","targetHints":{"allow":["GET"]}}],"collection":[{"href":"https:\/\/www.faustyna.pl\/zmbm\/wp-json\/wp\/v2\/pages"}],"about":[{"href":"https:\/\/www.faustyna.pl\/zmbm\/wp-json\/wp\/v2\/types\/page"}],"author":[{"embeddable":true,"href":"https:\/\/www.faustyna.pl\/zmbm\/wp-json\/wp\/v2\/users\/1"}],"replies":[{"embeddable":true,"href":"https:\/\/www.faustyna.pl\/zmbm\/wp-json\/wp\/v2\/comments?post=2888"}],"version-history":[{"count":8,"href":"https:\/\/www.faustyna.pl\/zmbm\/wp-json\/wp\/v2\/pages\/2888\/revisions"}],"predecessor-version":[{"id":10289,"href":"https:\/\/www.faustyna.pl\/zmbm\/wp-json\/wp\/v2\/pages\/2888\/revisions\/10289"}],"wp:attachment":[{"href":"https:\/\/www.faustyna.pl\/zmbm\/wp-json\/wp\/v2\/media?parent=2888"}],"wp:term":[{"taxonomy":"category","embeddable":true,"href":"https:\/\/www.faustyna.pl\/zmbm\/wp-json\/wp\/v2\/categories?post=2888"},{"taxonomy":"post_tag","embeddable":true,"href":"https:\/\/www.faustyna.pl\/zmbm\/wp-json\/wp\/v2\/tags?post=2888"}],"curies":[{"name":"wp","href":"https:\/\/api.w.org\/{rel}","templated":true}]}}