



{"id":2892,"date":"2014-12-31T00:40:25","date_gmt":"2014-12-31T00:40:25","guid":{"rendered":"http:\/\/www.faustyna.pl\/zmbm\/?page_id=2892"},"modified":"2017-08-17T17:17:04","modified_gmt":"2017-08-17T15:17:04","slug":"modlitewniki-modlitewniki","status":"publish","type":"page","link":"https:\/\/www.faustyna.pl\/zmbm\/modlitewniki-modlitewniki\/","title":{"rendered":"Modlitewniki"},"content":{"rendered":"<p>&nbsp;<\/p>\n<p align=\"right\"><b style=\"color: #cc0000;font-size: 120%\">POLECANE POZYCJE<br \/>\n<\/b><\/p>\n<p align=\"justify\"><img loading=\"lazy\" decoding=\"async\" style=\"margin: 6px 6px 2px 0pt;padding: 2px;border: 1px solid #998822\" title=\"Biblioteka - Modlitewniki \u2013 B\u00d3G BOGATY W MI\u0141OSIERDZIE. Rozwa\u017cania i modlitwy do Mi\u0142osierdzia Bo\u017cego\" src=\"https:\/\/www.faustyna.pl\/images\/stories\/biblioteka_modlitewniki_bog_bogaty_w_milosierdzie.jpg\" alt=\" \" width=\"131\" height=\"223\" align=\"left\" border=\"1\" \/><br \/>\n<span style=\"color: #003300\"><strong>ks. Wojciech Kubacki SI, s. El\u017cbieta Siepak ZMBM<\/strong><\/span><\/p>\n<h3 align=\"justify\"><span style=\"color: #800000\"><b>B\u00d3G BOGATY W MI\u0141OSIERDZIE<\/b><\/span><\/h3>\n<p align=\"justify\"><span style=\"color: #800000\"><b>Rozwa\u017cania i modlitwy do Mi\u0142osierdzia Bo\u017cego<\/b><\/span><\/p>\n<p align=\"justify\">Wydawnictwo \u201eMisericordia\u201d, Krak\u00f3w 2002<\/p>\n<p style=\"text-align: justify\">Bogaty w tre\u015bci i praktyczny modlitewnik do Mi\u0142osierdzia Bo\u017cego, zawieraj\u0105cy rozwa\u017cania, obja\u015bnienia zwi\u0105zane z praktyk\u0105 sakrament\u00f3w i nabo\u017ce\u0144stwem do Mi\u0142osierdzia Bo\u017cego. W rozwa\u017caniach ukazane jest mi\u0142osierdzie Boga w dzie\u0142ach Jego, mi\u0119dzy\u00a0 innymi:\u00a0 w\u00a0 dziele\u00a0 stworzenia,\u00a0 zbawienia, w Ko\u015bciele \u015bwi\u0119tym, w ka\u017cdym sakramencie i przeznaczeniu cz\u0142owieka do wsp\u00f3lnoty \u017cycia z Bogiem na ziemi i w wieczno\u015bci. Szczeg\u00f3\u0142owo jest\u00a0 opisane\u00a0 nabo\u017ce\u0144stwo do Mi\u0142osierdzia Bo\u017cego, jego istota i formy przekazane przez \u015bw. Siostr\u0119 Faustyn\u0119: obraz Jezusa Mi\u0142osiernego, \u015awi\u0119to Mi\u0142osierdzia Bo\u017cego, Koronka do Mi\u0142osierdzia Bo\u017cego, Godzina Mi\u0142osierdzia i taka posta\u0107, jak\u0105 jest szerzenie czci Mi\u0142osierdzia. Do ka\u017cdej z nich bowiem przywi\u0105za\u0142 Jezus wielkie obietnice pod warunkiem troski o postaw\u0119 ufno\u015bci wobec Boga i czynnej mi\u0142o\u015bci bli\u017aniego. W bogatym zbiorze modlitw z Pisma \u015awi\u0119tego i \u201eDzienniczka\u201d \u015bw. Siostry Faustyny s\u0105 tak\u017ce rozwa\u017cania r\u00f3\u017ca\u0144cowe, rozwa\u017cania Drogi krzy\u017cowej, modlitwy w Godzinie Mi\u0142osierdzia, modlitwy do Matki Bo\u017cej Mi\u0142osierdzia i \u015bw. Siostry Faustyny oraz Litanie, Gorzkie \u017cale i pie\u015bni z nutami.<\/p>\n<p>Mo\u017cesz <a href=\"http:\/\/www.misericordia.faustyna.pl\" target=\"_blank\" rel=\"noopener noreferrer\">zakupi\u0107 modlitewnik<\/a> w naszym internetowym sklepie Misericordia.<\/p>\n<p align=\"justify\"><img loading=\"lazy\" decoding=\"async\" style=\"margin: 6px 0px 2px 6px;padding: 2px;border: 1px solid #998822\" title=\"Biblioteka - Modlitewniki \u2013 JEZU, UFAM TOBIE! Wybrane modlitwy \u015bw. Siostry Faustyny\" src=\"https:\/\/www.faustyna.pl\/images\/stories\/biblioteka_modlitewniki_jezu_ufam_tobie.jpg\" alt=\" \" width=\"139\" height=\"223\" align=\"right\" border=\"1\" \/><br \/>\n<span style=\"color: #003300\"><strong>Siostry Zgromadzenia Matki Bo\u017cej Mi\u0142osierdzia<\/strong><\/span><\/p>\n<h3 align=\"justify\"><span style=\"color: #800000\"><b>JEZU, UFAM TOBIE!<\/b><\/span><\/h3>\n<p align=\"justify\"><span style=\"color: #800000\"><b>Wybrane modlitwy \u015bw. Siostry Faustyny<\/b> <\/span><\/p>\n<p align=\"justify\">\u00a0Wydawnictwo \u201eMisericordia\u201d, Krak\u00f3w 2002<\/p>\n<p style=\"text-align: justify\">Najbardziej popularny modlitewnik z nabo\u017ce\u0144stwem do Mi\u0142osierdzia Bo\u017cego, zawieraj\u0105cy teksty modlitw wyj\u0119te z \u201eDzienniczka\u201d \u015bw. Siostry Faustyny oraz obja\u015bnienia dotycz\u0105ce istoty tego nabo\u017ce\u0144stwa i nowych form kultu. W przyst\u0119pny spos\u00f3b zosta\u0142o wyja\u015bnione znaczenie i zasady czci obrazu Jezusa Mi\u0142osiernego, obchodzenia \u015awi\u0119ta Mi\u0142osierdzia Bo\u017cego, odmawiania Koronki do Mi\u0142osierdzia Bo\u017cego, praktykowania modlitwy w chwili konania Jezusa na krzy\u017cu, czyli tak zwanej Godziny Mi\u0142osierdzia, i szerzenia czci Mi\u0142osierdzia. Z tymi postaciami nabo\u017ce\u0144stwa do Mi\u0142osierdzia Bo\u017cego zwi\u0105za\u0142 bowiem Pan Jezus wielkie obietnice, kt\u00f3re da\u0142 wszystkim, pod warunkiem troski o postaw\u0119 zaufania wobec Niego (pe\u0142nienie woli Bo\u017cej) i mi\u0142osierdzia wzgl\u0119dem bli\u017anich. Modlitewnik dost\u0119pny jest tak\u017ce m.in.: w j\u0119zyku angielskim, niemieckim, w\u0142oskim, francuskim, hiszpa\u0144skim, portugalskim, czeskim, s\u0142owackim, bia\u0142oruskim oraz w j\u0119zyku Braile`a dla niewidomych.<\/p>\n<p>Mo\u017cesz <a href=\"http:\/\/www.misericordia.faustyna.pl\" target=\"_blank\" rel=\"noopener noreferrer\">zakupi\u0107 modlitewnik<\/a> w naszym internetowym sklepie Misericordia.<\/p>\n<p align=\"justify\"><img decoding=\"async\" style=\"margin: 6px 6px 2px 0pt;padding: 2px;border: 1px solid #998822\" title=\"Biblioteka - Modlitewniki \u2013 MODLITWY W GODZINIE MI\u0141OSIERDZIA\" src=\"https:\/\/www.faustyna.pl\/images\/stories\/biblioteka_modlitewniki_modlitwy_w_godzinie_milosierdzia.jpg\" alt=\" \" height=\"223\" align=\"left\" border=\"1\" \/><br \/>\n<span style=\"color: #003300\"><strong>Siostry Zgromadzenia Matki Bo\u017cej Mi\u0142osierdzia<\/strong><\/span><\/p>\n<h3 align=\"justify\"><span style=\"color: #800000\"><b>MODLITWY W GODZINIE MI\u0141OSIERDZIA<\/b><\/span><\/h3>\n<p align=\"justify\">Wydawnictwo \u201eMisericordia\u201d, Krak\u00f3w 2002<\/p>\n<p style=\"text-align: justify\">Modlitewnik zawiera ponad 260 rozwa\u017ca\u0144 u\u0142o\u017conych wed\u0142ug kalendarza liturgicznego, przeznaczonych do wsp\u00f3lnotowego lub indywidualnego praktykowania modlitwy w chwili konania Jezusa na krzy\u017cu, zwanej Godzin\u0105 Mi\u0142osierdzia. T\u0119 form\u0119 kultu Mi\u0142osierdzia Bo\u017cego przekaza\u0142 Pan\u00a0 Jezus\u00a0 \u015bw.\u00a0 Siostrze\u00a0 Faustynie w Krakowie i zwi\u0105za\u0142 z ni\u0105 obietnic\u0119 wszelkich \u0142ask i doczesnych dobrodziejstw, je\u015bli o nie b\u0119dziemy prosi\u0107 Go z ufno\u015bci\u0105 o godzinie 3 po po\u0142udniu, a w b\u0142aganiach odwo\u0142ywa\u0107 si\u0119 do zas\u0142ug Jego bolesnej m\u0119ki. Poda\u0142 Siostrze Faustynie trzy sposoby praktykowania modlitwy w tej Godzinie: Droga krzy\u017cowa, nawiedzenie Naj\u015bwi\u0119tszego Sakramentu, b\u0105d\u017a modlitwa w tym miejscu, gdzie nas zastanie trzecia po po\u0142udniu. Niniejszy zbi\u00f3r modlitw mo\u017ce by\u0107 wykorzystywany w czasie nawiedzenia Naj\u015bwi\u0119tszego Sakramentu, b\u0105d\u017a poza ko\u015bcio\u0142em.<\/p>\n<p>Mo\u017cesz <a href=\"http:\/\/www.misericordia.faustyna.pl\" target=\"_blank\" rel=\"noopener noreferrer\">zakupi\u0107 modlitewnik<\/a> w naszym internetowym sklepie Misericordia.<\/p>\n<p align=\"justify\"><img decoding=\"async\" style=\"margin: 6px 0px 2px 6px;padding: 2px;border: 1px solid #998822\" title=\"Biblioteka - Modlitewniki - LITANIA I NOWENNY DO \u015aWI\u0118TEJ SIOSTRY FAUSTYNY\" src=\"https:\/\/www.faustyna.pl\/images\/stories\/biblioteka_modlitewniki_litania_i_nowenny_do_sw_siostry_faustyny.jpg\" alt=\" \" height=\"223\" align=\"right\" border=\"1\" \/><br \/>\n<span style=\"color: #003300\"><strong>Siostry Zgromadzenia Matki Bo\u017cej Mi\u0142osierdzia<\/strong><\/span><\/p>\n<h3 align=\"justify\"><span style=\"color: #800000\"><b>LITANIA I NOWENNY<br \/>\nDO \u015aWI\u0118TEJ SIOSTRY FAUSTYNY<\/b> <\/span><\/h3>\n<p align=\"justify\">Wydawnictwo \u201eMisericordia\u201d, Krak\u00f3w 2003<\/p>\n<p style=\"text-align: justify\">Modlitewnik zawiera Litani\u0119 i cztery Nowenny do \u015bw. Siostry Faustyny lub przez jej przyczyn\u0119, kt\u00f3re maj\u0105 aprobat\u0119 Ko\u015bcio\u0142a. Ka\u017cda Nowenna oparta jest na tekstach wyj\u0119tych z \u201eDzienniczka\u201d \u015bw. Siostry Faustyny, ale ich tre\u015b\u0107 i forma jest r\u00f3\u017cna, uwzgl\u0119dniaj\u0105ca potrzeby wiernych. Pierwsza Nowenna mo\u017ce by\u0107 odmawiana we wszystkich intencjach, pozosta\u0142e maj\u0105 okre\u015blon\u0105 intencj\u0119: o poznawanie tajemnicy mi\u0142osierdzia Bo\u017cego, o \u0142ask\u0119 dzieci\u0119cej ufno\u015bci i \u0142ask\u0119 przemieniania swego \u017cycia w mi\u0142osierdzie. Litania i nowenny otrzyma\u0142y akceptacj\u0119 Komisji Liturgicznej i imprimatur Ko\u015bcio\u0142a.<\/p>\n<p>Mo\u017cesz <a href=\"http:\/\/www.misericordia.faustyna.pl\" target=\"_blank\" rel=\"noopener noreferrer\">zakupi\u0107 modlitewnik<\/a> w naszym internetowym sklepie Misericordia.<\/p>\n<p align=\"justify\"><img loading=\"lazy\" decoding=\"async\" style=\"margin: 6px 6px 2px 0pt;padding: 2px;border: 1px solid #998822\" title=\"Biblioteka - Modlitewniki \u2013 MIEJ MI\u0141OSIERDZIE DLA NAS I CA\u0141EGO \u015aWIATA - Adoracje\" src=\"https:\/\/www.faustyna.pl\/images\/stories\/biblioteka_modlitewniki_miej_milosierdzie_dla_nas.jpg\" alt=\" \" width=\"129\" height=\"223\" align=\"left\" border=\"1\" \/><br \/>\n<span style=\"color: #003300\"><strong>ks. Wojciech Kubacki SJ<\/strong><\/span><\/p>\n<h3 align=\"justify\"><b><span style=\"color: #800000\">MIEJ MI\u0141OSIERDZIE DLA NAS I CA\u0141EGO \u015aWIATA<\/span> <\/b><\/h3>\n<p align=\"justify\"><span style=\"color: #800000\"><b>Adoracje<\/b> <\/span><\/p>\n<p align=\"justify\">Zgromadzenie Si\u00f3str Matki Bo\u017cej Mi\u0142osierdzia<br \/>\nKrak\u00f3w 1999<\/p>\n<p style=\"text-align: justify\">Ksi\u0105\u017cka zawiera zbi\u00f3r 18 adoracji Mi\u0142osierdzia Bo\u017cego, u\u0142o\u017conych wed\u0142ug Nowenny do Mi\u0142osierdzia zapisanej w \u201eDzienniczku\u201d \u015bw. Siostry Faustyny, oraz wybranych temat\u00f3w i intencji wa\u017cnych dla \u017cycia Ko\u015bcio\u0142a i potrzeb wiernych. Tematyka pierwszych dziewi\u0119ciu adoracji oparta jest na nowennie do Mi\u0142osierdzia Bo\u017cego, zapisanej w \u201eDzienniczku\u201d \u015bw. Siostry Faustyny. St\u0105d ich my\u015bl\u0105 przewodni\u0105 i intencj\u0105 s\u0105 grupy dusz wymienione w tej nowennie: grzesznicy, kap\u0142ani i zakonnicy, wierni wyznawcy Chrystusa, ludzie nie znaj\u0105cy Chrystusa, bracia od\u0142\u0105czeni, ludzie cisi, pokorni i ma\u0142e dzieci, czciciele Bo\u017cego Mi\u0142osierdzia, dusze w czy\u015b\u0107cu cierpi\u0105ce i ludzie ozi\u0119bli. Adoracje zebrane w drugiej cz\u0119\u015bci uwzgl\u0119dniaj\u0105 aktualne potrzeby Ko\u015bcio\u0142a i zapotrzebowanie wiernych.\u00a0 W tej cz\u0119\u015bci s\u0105\u00a0 m. in. adoracje\u00a0 Mi\u0142osierdzia Bo\u017cego z pro\u015bb\u0105 o powo\u0142ania kap\u0142a\u0144skie i zakonne, o trze\u017awo\u015b\u0107 narodu, o obron\u0119 nienarodzonych, o potrzebne \u0142aski dla konaj\u0105cych, o ufno\u015b\u0107, \u0142ask\u0119 wytrwania w dobrym itd.<\/p>\n<p>Mo\u017cesz <a href=\"http:\/\/www.misericordia.faustyna.pl\" target=\"_blank\" rel=\"noopener noreferrer\">zakupi\u0107 modlitewnik<\/a> w naszym internetowym sklepie Misericordia.<\/p>\n","protected":false},"excerpt":{"rendered":"<p>&nbsp; POLECANE POZYCJE ks. Wojciech Kubacki SI, s. El\u017cbieta Siepak ZMBM B\u00d3G BOGATY W MI\u0141OSIERDZIE Rozwa\u017cania i modlitwy do Mi\u0142osierdzia Bo\u017cego Wydawnictwo \u201eMisericordia\u201d, Krak\u00f3w 2002 Bogaty w tre\u015bci i praktyczny modlitewnik do Mi\u0142osierdzia Bo\u017cego, zawieraj\u0105cy rozwa\u017cania, obja\u015bnienia zwi\u0105zane z praktyk\u0105 sakrament\u00f3w i nabo\u017ce\u0144stwem do Mi\u0142osierdzia Bo\u017cego. W rozwa\u017caniach ukazane jest mi\u0142osierdzie Boga w dzie\u0142ach Jego, [&hellip;]<\/p>\n","protected":false},"author":1,"featured_media":0,"parent":0,"menu_order":0,"comment_status":"closed","ping_status":"closed","template":"","meta":{"footnotes":""},"categories":[95],"tags":[],"class_list":["post-2892","page","type-page","status-publish","hentry","category-modlitewniki"],"_links":{"self":[{"href":"https:\/\/www.faustyna.pl\/zmbm\/wp-json\/wp\/v2\/pages\/2892","targetHints":{"allow":["GET"]}}],"collection":[{"href":"https:\/\/www.faustyna.pl\/zmbm\/wp-json\/wp\/v2\/pages"}],"about":[{"href":"https:\/\/www.faustyna.pl\/zmbm\/wp-json\/wp\/v2\/types\/page"}],"author":[{"embeddable":true,"href":"https:\/\/www.faustyna.pl\/zmbm\/wp-json\/wp\/v2\/users\/1"}],"replies":[{"embeddable":true,"href":"https:\/\/www.faustyna.pl\/zmbm\/wp-json\/wp\/v2\/comments?post=2892"}],"version-history":[{"count":6,"href":"https:\/\/www.faustyna.pl\/zmbm\/wp-json\/wp\/v2\/pages\/2892\/revisions"}],"predecessor-version":[{"id":10283,"href":"https:\/\/www.faustyna.pl\/zmbm\/wp-json\/wp\/v2\/pages\/2892\/revisions\/10283"}],"wp:attachment":[{"href":"https:\/\/www.faustyna.pl\/zmbm\/wp-json\/wp\/v2\/media?parent=2892"}],"wp:term":[{"taxonomy":"category","embeddable":true,"href":"https:\/\/www.faustyna.pl\/zmbm\/wp-json\/wp\/v2\/categories?post=2892"},{"taxonomy":"post_tag","embeddable":true,"href":"https:\/\/www.faustyna.pl\/zmbm\/wp-json\/wp\/v2\/tags?post=2892"}],"curies":[{"name":"wp","href":"https:\/\/api.w.org\/{rel}","templated":true}]}}