



{"id":2893,"date":"2014-12-31T00:41:22","date_gmt":"2014-12-31T00:41:22","guid":{"rendered":"http:\/\/www.faustyna.pl\/zmbm\/?page_id=2893"},"modified":"2017-08-17T17:15:11","modified_gmt":"2017-08-17T15:15:11","slug":"sanktuarium-bozego-milosierdzia-historia-biblioteka","status":"publish","type":"page","link":"https:\/\/www.faustyna.pl\/zmbm\/sanktuarium-bozego-milosierdzia-historia-biblioteka\/","title":{"rendered":"Sanktuarium Bo\u017cego Mi\u0142osierdzia"},"content":{"rendered":"<p>&nbsp;<\/p>\n<p align=\"right\"><b style=\"color: #cc0000;font-size: 120%\">POLECANE POZYCJE<br \/>\n<\/b><\/p>\n<p align=\"justify\"><img decoding=\"async\" style=\"margin: 6px 6px 2px 0pt;padding: 2px;border: 1px solid #998822\" title=\"Biblioteka - Historia \u2013 SANKTUARIUM BO\u017bEGO MI\u0141OSIERDZIA - Przewodnik i modlitewnik pielgrzyma\" src=\"https:\/\/www.faustyna.pl\/images\/stories\/biblioteka_historia_sanktuarium_sanktuarium_bozego_milosierdzia_ks_szczepaniec.jpg\" alt=\" \" height=\"223\" align=\"left\" border=\"1\" \/><br \/>\n<span style=\"color: #003300\"><strong>ks. Stanis\u0142aw Szczepaniec<\/strong><\/span><\/p>\n<h3 align=\"justify\"><span style=\"color: #800000\"><b>SANKTUARIUM BO\u017bEGO MI\u0141OSIERDZIA<\/b><\/span><\/h3>\n<p align=\"justify\"><span style=\"color: #800000\"><b>Przewodnik i modlitewnik pielgrzyma<\/b> <\/span><\/p>\n<p align=\"justify\">Wydawnictwo \u201eMisericordia\u201d, Krak\u00f3w 2005<\/p>\n<p style=\"text-align: justify\">Obszerny przewodnik po Sanktuarium Bo\u017cego Mi\u0142osierdzia, zawieraj\u0105cy wiele bardzo cennych informacji historycznych, liturgicznych i duszpasterskich. Autor najpierw przygotowuje Czytelnika do pielgrzymki, u\u015bwiadamiaj\u0105c mu, czym ona jest, jaki jest jej cel i jak si\u0119 do niej nale\u017cy przygotowa\u0107. Nast\u0119pnie wyznacza pielgrzymowi w Sanktuarium poszczeg\u00f3lne stacje (u progu Sanktuarium, w Kaplicy klasztornej, przed bazylik\u0105 Bo\u017cego Mi\u0142osierdzia, we wn\u0119trzu domu Bo\u017cego, w Kaplicy Wieczystej Adoracji, w innych miejscach sanktuarium, w szczeg\u00f3lne dni pielgrzymowania, apostolstwo mi\u0142osierdzia), przy kt\u00f3rych zapoznaje z histori\u0105, znaczeniem poszczeg\u00f3lnych obiekt\u00f3w i detali oraz proponuje konkretne praktyki, by pielgrzymka przynios\u0142a obfite owoce duchowe. Przewodnik w spos\u00f3b bardzo praktyczny pozwala ka\u017cdemu pielgrzymowi nie tylko zwiedza\u0107 Sanktuarium, ale\u00a0 nade\u00a0 wszystko\u00a0 prowadzi\u00a0 do\u00a0 osobistego\u00a0 spotkania z Bogiem\u00a0 bogatym w mi\u0142osierdzie.<\/p>\n<p>Mo\u017cesz <a href=\"http:\/\/www.misericordia.faustyna.pl\" target=\"_blank\" rel=\"noopener noreferrer\">zakupi\u0107 ksi\u0105\u017ck\u0119<\/a> w naszym internetowym sklepie Misericordia.<\/p>\n<p align=\"justify\"><img decoding=\"async\" style=\"margin: 6px 0px 2px 6px;padding: 2px;border: 1px solid #998822\" title=\"Biblioteka - Historia - SANKTUARIUM BO\u017bEGO MI\u0141OSIERDZIA W \u0141AGIEWNIKACH. Przewodnik pielgrzyma\" src=\"https:\/\/www.faustyna.pl\/images\/stories\/biblioteka_historia_sanktuarium_sanktuarium_bozego_milosierdzia.jpg\" alt=\" \" height=\"223\" align=\"right\" border=\"1\" \/><br \/>\n<span style=\"color: #003300\"><strong>Agnieszka Spiechowicz<\/strong><\/span><\/p>\n<h3 align=\"justify\"><span style=\"color: #800000\"><b>SANKTUARIUM BO\u017bEGO MI\u0141OSIERDZIA<br \/>\nW \u0141AGIEWNIKACH<\/b><\/span><\/h3>\n<p align=\"justify\"><b><span style=\"color: #800000\">Przewodnik pielgrzyma<\/span><\/b><\/p>\n<p align=\"justify\">Wydawnictwo Turystyczne, Krak\u00f3w 2003<\/p>\n<p style=\"text-align: justify\">Kr\u00f3tki, ilustrowany przewodnik po Sanktuarium Bo\u017cego Mi\u0142osierdzia, zawieraj\u0105cy nie tylko wiadomo\u015bci historyczne, mapki i opis poszczeg\u00f3lnych obiekt\u00f3w, ale nade wszystko to\u017csamo\u015b\u0107 tego \u015bwi\u0119tego miejsca zwi\u0105zan\u0105 z \u017cyciem i charyzmatem \u015bw. Siostry Faustyny oraz wsp\u00f3\u0142czesn\u0105 realizacj\u0105 jej misji g\u0142oszenia \u015bwiatu or\u0119dzia Mi\u0142osierdzia.<br \/>\nPrzewodnik jest dost\u0119pny r\u00f3wnie\u017c w j\u0119zyku angielskim, niemieckim i francuskim.<\/p>\n<p>Mo\u017cesz <a href=\"http:\/\/www.misericordia.faustyna.pl\" target=\"_blank\" rel=\"noopener noreferrer\">zakupi\u0107 ksi\u0105\u017ck\u0119<\/a> w naszym internetowym sklepie Misericordia.<\/p>\n<p align=\"justify\"><img decoding=\"async\" style=\"margin: 6px 6px 2px 0pt;padding: 2px;border: 1px solid #998822\" title=\"Biblioteka - Historia \u2013 JAN PAWE\u0141 II PIELGRZYM \u0141AGIEWNICKI I S\u0141UGA OR\u0118DZIA MI\u0141OSIERDZIA w: \u201ePrzyroda, geografia, turystyka w nauczaniu Jana Paw\u0142a II\u201d\" src=\"https:\/\/www.faustyna.pl\/images\/stories\/biblioteka_historia_sanktuarium_przyroda_geografia.jpg\" alt=\" \" height=\"223\" align=\"left\" border=\"1\" \/><br \/>\n<span style=\"color: #003300\"><strong>s. M. El\u017cbieta Siepak ZMBM<\/strong><\/span><\/p>\n<h3 align=\"justify\"><span style=\"color: #800000\"><b>JAN PAWE\u0141 II<br \/>\nPIELGRZYM \u0141AGIEWNICKI<br \/>\nI S\u0141UGA OR\u0118DZIA MI\u0141OSIERDZIA<\/b><\/span><\/h3>\n<p align=\"justify\"><b>w: \u201ePrzyroda, geografia, turystyka w nauczaniu Jana Paw\u0142a II\u201d<\/b><\/p>\n<p align=\"justify\">PAT w Krakowie<br \/>\nInstytut Geografii i Gospodarki Przestrzennej UJ<br \/>\nKrak\u00f3w 2007<\/p>\n<p style=\"text-align: justify\">W referacie, kt\u00f3ry zosta\u0142 opracowany na XV Seminarium \u201eSacrum i przyroda\u201d Autorka opisuje m. in.: histori\u0119 dawnej wsi \u0141agiewniki, a obecnie dzielnicy Krakowa, oraz histori\u0119 zespo\u0142u klasztornego Zgromadzenia Si\u00f3str Matki\u00a0 Bo\u017cej\u00a0 Mi\u0142osierdzia i nowej\u00a0 cz\u0119\u015bci\u00a0 Sanktuarium Mi\u0142osierdzia\u00a0 Bo\u017cego w Krakowie-\u0141agiewnikach.<\/p>\n","protected":false},"excerpt":{"rendered":"<p>&nbsp; POLECANE POZYCJE ks. Stanis\u0142aw Szczepaniec SANKTUARIUM BO\u017bEGO MI\u0141OSIERDZIA Przewodnik i modlitewnik pielgrzyma Wydawnictwo \u201eMisericordia\u201d, Krak\u00f3w 2005 Obszerny przewodnik po Sanktuarium Bo\u017cego Mi\u0142osierdzia, zawieraj\u0105cy wiele bardzo cennych informacji historycznych, liturgicznych i duszpasterskich. Autor najpierw przygotowuje Czytelnika do pielgrzymki, u\u015bwiadamiaj\u0105c mu, czym ona jest, jaki jest jej cel i jak si\u0119 do niej nale\u017cy przygotowa\u0107. Nast\u0119pnie [&hellip;]<\/p>\n","protected":false},"author":1,"featured_media":0,"parent":0,"menu_order":0,"comment_status":"closed","ping_status":"closed","template":"","meta":{"footnotes":""},"categories":[96],"tags":[],"class_list":["post-2893","page","type-page","status-publish","hentry","category-historia-biblioteka"],"_links":{"self":[{"href":"https:\/\/www.faustyna.pl\/zmbm\/wp-json\/wp\/v2\/pages\/2893","targetHints":{"allow":["GET"]}}],"collection":[{"href":"https:\/\/www.faustyna.pl\/zmbm\/wp-json\/wp\/v2\/pages"}],"about":[{"href":"https:\/\/www.faustyna.pl\/zmbm\/wp-json\/wp\/v2\/types\/page"}],"author":[{"embeddable":true,"href":"https:\/\/www.faustyna.pl\/zmbm\/wp-json\/wp\/v2\/users\/1"}],"replies":[{"embeddable":true,"href":"https:\/\/www.faustyna.pl\/zmbm\/wp-json\/wp\/v2\/comments?post=2893"}],"version-history":[{"count":5,"href":"https:\/\/www.faustyna.pl\/zmbm\/wp-json\/wp\/v2\/pages\/2893\/revisions"}],"predecessor-version":[{"id":10281,"href":"https:\/\/www.faustyna.pl\/zmbm\/wp-json\/wp\/v2\/pages\/2893\/revisions\/10281"}],"wp:attachment":[{"href":"https:\/\/www.faustyna.pl\/zmbm\/wp-json\/wp\/v2\/media?parent=2893"}],"wp:term":[{"taxonomy":"category","embeddable":true,"href":"https:\/\/www.faustyna.pl\/zmbm\/wp-json\/wp\/v2\/categories?post=2893"},{"taxonomy":"post_tag","embeddable":true,"href":"https:\/\/www.faustyna.pl\/zmbm\/wp-json\/wp\/v2\/tags?post=2893"}],"curies":[{"name":"wp","href":"https:\/\/api.w.org\/{rel}","templated":true}]}}