



{"id":29020,"date":"2024-04-27T10:36:22","date_gmt":"2024-04-27T08:36:22","guid":{"rendered":"https:\/\/www.faustyna.pl\/zmbm\/?page_id=29020"},"modified":"2026-05-02T06:47:04","modified_gmt":"2026-05-02T04:47:04","slug":"matka-boza-w-zyciu-i-objawieniach-sw-faustyny","status":"publish","type":"page","link":"https:\/\/www.faustyna.pl\/zmbm\/matka-boza-w-zyciu-i-objawieniach-sw-faustyny\/","title":{"rendered":"Matka Bo\u017ca w \u017cyciu i objawieniach \u015bw. Faustyny"},"content":{"rendered":"<p><a href=\"https:\/\/www.faustyna.pl\/zmbm\/wp-content\/uploads\/2024\/04\/Maryja_Faustyna.jpg\" data-gallery><img loading=\"lazy\" decoding=\"async\" class=\"alignnone size-medium wp-image-29021\" src=\"https:\/\/www.faustyna.pl\/zmbm\/wp-content\/uploads\/2024\/04\/Maryja_Faustyna-560x333.jpg\" alt=\"\" width=\"560\" height=\"333\" srcset=\"https:\/\/www.faustyna.pl\/zmbm\/wp-content\/uploads\/2024\/04\/Maryja_Faustyna-560x333.jpg 560w, https:\/\/www.faustyna.pl\/zmbm\/wp-content\/uploads\/2024\/04\/Maryja_Faustyna-140x83.jpg 140w, https:\/\/www.faustyna.pl\/zmbm\/wp-content\/uploads\/2024\/04\/Maryja_Faustyna.jpg 1024w\" sizes=\"auto, (max-width: 560px) 100vw, 560px\" \/><\/a><\/p>\n<p style=\"text-align: justify\">\u015awi\u0119ta Siostra Faustyna kojarzona jest przede wszystkim z objawieniami Jezusa Mi\u0142osiernego. Mniej\u00a0 z objawieniami Maryi, a mia\u0142a ich kilkadziesi\u0105t. W tych spotkaniach Maryja ukazywa\u0142a Siostrze Faustynie tajemnic\u0119 mi\u0142osierdzia Bo\u017cego w swoim \u017cyciu, poucza\u0142a, umacnia\u0142a, towarzyszy\u0142a w prorockiej misji Mi\u0142osierdzia. <em>Jestem wam Matk\u0105 z niezg\u0142\u0119bionego mi\u0142osierdzia Boga<\/em> (Dz. 449) \u2013 m\u00f3wi\u0142a \u2013 <em>Jestem nie tylko Kr\u00f3low\u0105 nieba, ale i Matk\u0105 Mi\u0142osierdzia i Matk\u0105 twoj\u0105<\/em> (Dz. 330).<\/p>\n<p style=\"text-align: justify\">Maryja dla Siostry Faustyny by\u0142a przede wszystkim Matk\u0105 Syna Bo\u017cego \u2013 Mi\u0142osierdzia Wcielonego i z mi\u0142osierdzia Boga tak\u017ce matk\u0105 ka\u017cdego cz\u0142owieka. Jako troskliwa i najlepsza Matka oraz Mistrzyni \u017cycia duchowego uczy\u0142a j\u0105 kontemplacji Boga w swej duszy, pos\u0142usze\u0144stwa woli Bo\u017cej, sztuki umi\u0142owania krzy\u017ca i troski o te cnoty, kt\u00f3re warunkuj\u0105 postaw\u0119 zaufania wobec Boga i mi\u0142osierdzia wzgl\u0119dem bli\u017anich. <em>Ujrza\u0142am Matk\u0119 Bo\u017c\u0105<\/em> \u2013 zapisa\u0142a Siostra Faustyna \u2013 <em>kt\u00f3ra mi powiedzia\u0142a: O, jak bardzo mi\u0142a jest Bogu dusza, kt\u00f3ra idzie wiernie za tchnieniem Jego \u0142aski. Ja da\u0142am Zbawiciela \u015bwiatu, a ty masz m\u00f3wi\u0107 \u015bwiatu o Jego wielkim mi\u0142osierdziu i przygotowa\u0107 \u015bwiat na powt\u00f3rne przyj\u015bcie Jego, kt\u00f3ry przyjdzie nie jako mi\u0142osierny Zbawiciel, ale jako S\u0119dzia sprawiedliwy. O, on dzie\u0144 jest straszny. Postanowiony jest dzie\u0144 sprawiedliwo\u015bci, dzie\u0144 gniewu Bo\u017cego, dr\u017c\u0105 przed nim anio\u0142owie. M\u00f3w duszom o tym wielkim mi\u0142osierdziu p\u00f3ki czas zmi\u0142owania; je\u017celi ty teraz milczysz, b\u0119dziesz odpowiada\u0107 w on dzie\u0144 straszny za wielk\u0105 liczb\u0119\u00a0 dusz. Nie\u00a0 l\u0119kaj si\u0119\u00a0 niczego, b\u0105d\u017a\u00a0 wierna do\u00a0 ko\u0144ca, Ja wsp\u00f3\u0142czuj\u0119 z tob\u0105<\/em> (Dz. 635).<\/p>\n","protected":false},"excerpt":{"rendered":"<p>\u015awi\u0119ta Siostra Faustyna kojarzona jest przede wszystkim z objawieniami Jezusa Mi\u0142osiernego. Mniej\u00a0 z objawieniami Maryi, a mia\u0142a ich kilkadziesi\u0105t. W tych spotkaniach Maryja ukazywa\u0142a Siostrze Faustynie tajemnic\u0119 mi\u0142osierdzia Bo\u017cego w swoim \u017cyciu, poucza\u0142a, umacnia\u0142a, towarzyszy\u0142a w prorockiej misji Mi\u0142osierdzia. Jestem wam Matk\u0105 z niezg\u0142\u0119bionego mi\u0142osierdzia Boga (Dz. 449) \u2013 m\u00f3wi\u0142a \u2013 Jestem nie tylko Kr\u00f3low\u0105 [&hellip;]<\/p>\n","protected":false},"author":1,"featured_media":29021,"parent":0,"menu_order":-1797,"comment_status":"closed","ping_status":"closed","template":"","meta":{"footnotes":""},"categories":[4],"tags":[],"class_list":["post-29020","page","type-page","status-publish","has-post-thumbnail","hentry","category-aktualnosci"],"_links":{"self":[{"href":"https:\/\/www.faustyna.pl\/zmbm\/wp-json\/wp\/v2\/pages\/29020","targetHints":{"allow":["GET"]}}],"collection":[{"href":"https:\/\/www.faustyna.pl\/zmbm\/wp-json\/wp\/v2\/pages"}],"about":[{"href":"https:\/\/www.faustyna.pl\/zmbm\/wp-json\/wp\/v2\/types\/page"}],"author":[{"embeddable":true,"href":"https:\/\/www.faustyna.pl\/zmbm\/wp-json\/wp\/v2\/users\/1"}],"replies":[{"embeddable":true,"href":"https:\/\/www.faustyna.pl\/zmbm\/wp-json\/wp\/v2\/comments?post=29020"}],"version-history":[{"count":2,"href":"https:\/\/www.faustyna.pl\/zmbm\/wp-json\/wp\/v2\/pages\/29020\/revisions"}],"predecessor-version":[{"id":30743,"href":"https:\/\/www.faustyna.pl\/zmbm\/wp-json\/wp\/v2\/pages\/29020\/revisions\/30743"}],"wp:featuredmedia":[{"embeddable":true,"href":"https:\/\/www.faustyna.pl\/zmbm\/wp-json\/wp\/v2\/media\/29021"}],"wp:attachment":[{"href":"https:\/\/www.faustyna.pl\/zmbm\/wp-json\/wp\/v2\/media?parent=29020"}],"wp:term":[{"taxonomy":"category","embeddable":true,"href":"https:\/\/www.faustyna.pl\/zmbm\/wp-json\/wp\/v2\/categories?post=29020"},{"taxonomy":"post_tag","embeddable":true,"href":"https:\/\/www.faustyna.pl\/zmbm\/wp-json\/wp\/v2\/tags?post=29020"}],"curies":[{"name":"wp","href":"https:\/\/api.w.org\/{rel}","templated":true}]}}