



{"id":29319,"date":"2024-06-18T14:57:26","date_gmt":"2024-06-18T12:57:26","guid":{"rendered":"https:\/\/www.faustyna.pl\/zmbm\/?page_id=29319"},"modified":"2024-08-09T18:43:29","modified_gmt":"2024-08-09T16:43:29","slug":"gdzie-kupic-dzienniczek-w-jezykach-obcych","status":"publish","type":"page","link":"https:\/\/www.faustyna.pl\/zmbm\/gdzie-kupic-dzienniczek-w-jezykach-obcych\/","title":{"rendered":"Gdzie kupi\u0107 \u201eDzienniczek\u201d w j\u0119zykach obcych?"},"content":{"rendered":"<p><a href=\"https:\/\/www.faustyna.pl\/zmbm\/wp-content\/uploads\/2024\/06\/sklep_Misericodia.jpg\" data-gallery><img loading=\"lazy\" decoding=\"async\" class=\"alignnone size-medium wp-image-29320\" src=\"https:\/\/www.faustyna.pl\/zmbm\/wp-content\/uploads\/2024\/06\/sklep_Misericodia-560x333.jpg\" alt=\"\" width=\"560\" height=\"333\" srcset=\"https:\/\/www.faustyna.pl\/zmbm\/wp-content\/uploads\/2024\/06\/sklep_Misericodia-560x333.jpg 560w, https:\/\/www.faustyna.pl\/zmbm\/wp-content\/uploads\/2024\/06\/sklep_Misericodia-140x83.jpg 140w, https:\/\/www.faustyna.pl\/zmbm\/wp-content\/uploads\/2024\/06\/sklep_Misericodia.jpg 1024w\" sizes=\"auto, (max-width: 560px) 100vw, 560px\" \/><\/a><\/p>\n<p style=\"text-align: justify;\">\u201eDzienniczek\u201d \u015bw. Faustyny, kt\u00f3ry cieszy si\u0119 ogromn\u0105 popularno\u015bci\u0105, w Polsce poszukiwany jest tak\u017ce w j\u0119zykach obcych. Na adres klasztoru Zgromadzenia Si\u00f3str Matki Bo\u017cej Mi\u0142osierdzia w \u0142agiewnickim Sanktuarium cz\u0119sto trafiaj\u0105 zapytania o mo\u017cliwo\u015b\u0107 takiego zakupu, a tak\u017ce o reprodukcje obrazu Jezusa Mi\u0142osiernego z podpisem w j\u0119zykach obcych. Odpowiadaj\u0105c na zapotrzebowanie pielgrzym\u00f3w i korespondent\u00f3w, Wydawnictwo Misericordia troszczy si\u0119 o to, by w \u0142agiewnickiej ksi\u0119garni by\u0142y \u201eDzienniczki\u201d w j\u0119zykach obcych oraz obrazy Jezusa Mi\u0142osiernego z podpisem w j\u0119zykach obcych. Te ostatnie mo\u017cna te\u017c zamawia\u0107 w r\u00f3\u017cnych formatach, na r\u00f3\u017cnych materia\u0142ach i w r\u00f3\u017cnych j\u0119zykach, pisz\u0105c na adres: <a href=\"mailto:zam\u00f3wienia@misericordia.faustyna.net\">zam\u00f3wienia@misericordia.faustyna.net<\/a>.<\/p>\n<p style=\"text-align: justify;\">Pos\u0142uga Wydawnictwa Misericordia s\u0142u\u017cy dzie\u0142u g\u0142oszenia or\u0119dzia Mi\u0142osierdzia, wi\u0119c w firmowej ksi\u0119garni w \u0142agiewnickim Sanktuarium (obok bazyliki) mo\u017cna naby\u0107 tak\u017ce inne pozycje ksi\u0105\u017ckowe zwi\u0105zane z \u017cyciem, misj\u0105 i duchowo\u015bci\u0105 \u015bw. Siostry Faustyny\u00a0 oraz dewocjonalia i pami\u0105tki. Sklep internetowy funkcjonuje pod adresem: <a href=\"http:\/\/www.misericordia.faustyna.pl\">www.misericordia.faustyna.pl<\/a><\/p>\n","protected":false},"excerpt":{"rendered":"<p>\u201eDzienniczek\u201d \u015bw. Faustyny, kt\u00f3ry cieszy si\u0119 ogromn\u0105 popularno\u015bci\u0105, w Polsce poszukiwany jest tak\u017ce w j\u0119zykach obcych. Na adres klasztoru Zgromadzenia Si\u00f3str Matki Bo\u017cej Mi\u0142osierdzia w \u0142agiewnickim Sanktuarium cz\u0119sto trafiaj\u0105 zapytania o mo\u017cliwo\u015b\u0107 takiego zakupu, a tak\u017ce o reprodukcje obrazu Jezusa Mi\u0142osiernego z podpisem w j\u0119zykach obcych. Odpowiadaj\u0105c na zapotrzebowanie pielgrzym\u00f3w i korespondent\u00f3w, Wydawnictwo Misericordia troszczy [&hellip;]<\/p>\n","protected":false},"author":1,"featured_media":29320,"parent":0,"menu_order":-1310,"comment_status":"closed","ping_status":"closed","template":"","meta":{"footnotes":""},"categories":[4],"tags":[],"class_list":["post-29319","page","type-page","status-publish","has-post-thumbnail","hentry","category-aktualnosci"],"_links":{"self":[{"href":"https:\/\/www.faustyna.pl\/zmbm\/wp-json\/wp\/v2\/pages\/29319","targetHints":{"allow":["GET"]}}],"collection":[{"href":"https:\/\/www.faustyna.pl\/zmbm\/wp-json\/wp\/v2\/pages"}],"about":[{"href":"https:\/\/www.faustyna.pl\/zmbm\/wp-json\/wp\/v2\/types\/page"}],"author":[{"embeddable":true,"href":"https:\/\/www.faustyna.pl\/zmbm\/wp-json\/wp\/v2\/users\/1"}],"replies":[{"embeddable":true,"href":"https:\/\/www.faustyna.pl\/zmbm\/wp-json\/wp\/v2\/comments?post=29319"}],"version-history":[{"count":1,"href":"https:\/\/www.faustyna.pl\/zmbm\/wp-json\/wp\/v2\/pages\/29319\/revisions"}],"predecessor-version":[{"id":29321,"href":"https:\/\/www.faustyna.pl\/zmbm\/wp-json\/wp\/v2\/pages\/29319\/revisions\/29321"}],"wp:featuredmedia":[{"embeddable":true,"href":"https:\/\/www.faustyna.pl\/zmbm\/wp-json\/wp\/v2\/media\/29320"}],"wp:attachment":[{"href":"https:\/\/www.faustyna.pl\/zmbm\/wp-json\/wp\/v2\/media?parent=29319"}],"wp:term":[{"taxonomy":"category","embeddable":true,"href":"https:\/\/www.faustyna.pl\/zmbm\/wp-json\/wp\/v2\/categories?post=29319"},{"taxonomy":"post_tag","embeddable":true,"href":"https:\/\/www.faustyna.pl\/zmbm\/wp-json\/wp\/v2\/tags?post=29319"}],"curies":[{"name":"wp","href":"https:\/\/api.w.org\/{rel}","templated":true}]}}