



{"id":29337,"date":"2024-06-22T11:14:28","date_gmt":"2024-06-22T09:14:28","guid":{"rendered":"https:\/\/www.faustyna.pl\/zmbm\/?page_id=29337"},"modified":"2026-03-23T21:51:28","modified_gmt":"2026-03-23T20:51:28","slug":"wdziecznosc-dla-tworcow-i-darczyncow-strony-faustyna-pl","status":"publish","type":"page","link":"https:\/\/www.faustyna.pl\/zmbm\/wdziecznosc-dla-tworcow-i-darczyncow-strony-faustyna-pl\/","title":{"rendered":"Wdzi\u0119czno\u015b\u0107 dla tw\u00f3rc\u00f3w i darczy\u0144c\u00f3w strony: faustyna.pl"},"content":{"rendered":"<p><a href=\"https:\/\/www.faustyna.pl\/zmbm\/wp-content\/uploads\/2024\/06\/Strona-pl-na-mobilce-2.jpg\" data-gallery><img loading=\"lazy\" decoding=\"async\" class=\"alignnone size-medium wp-image-29338\" src=\"https:\/\/www.faustyna.pl\/zmbm\/wp-content\/uploads\/2024\/06\/Strona-pl-na-mobilce-2-560x334.jpg\" alt=\"\" width=\"560\" height=\"334\" srcset=\"https:\/\/www.faustyna.pl\/zmbm\/wp-content\/uploads\/2024\/06\/Strona-pl-na-mobilce-2-560x334.jpg 560w, https:\/\/www.faustyna.pl\/zmbm\/wp-content\/uploads\/2024\/06\/Strona-pl-na-mobilce-2-140x83.jpg 140w, https:\/\/www.faustyna.pl\/zmbm\/wp-content\/uploads\/2024\/06\/Strona-pl-na-mobilce-2.jpg 1024w\" sizes=\"auto, (max-width: 560px) 100vw, 560px\" \/><\/a><\/p>\n<p style=\"text-align: justify\">23 marca o godzinie 17.00 w Sanktuarium Bo\u017cego Mi\u0142osierdzia w Krakowie-\u0141agiewnikach w kaplicy \u0142askami s\u0142yn\u0105cego obrazu Jezu Mi\u0142osiernego i grobu \u015bw. Faustyny odb\u0119dzie si\u0119 Msza \u015bw. w\u00a0 intencji tw\u00f3rc\u00f3w, <a href=\"https:\/\/www.faustyna.pl\/zmbm\/dary-na-rzecz-milosierdzia\/\">darczy\u0144c\u00f3w i ofiarodawc\u00f3w<\/a>, wspieraj\u0105cych stron\u0119 internetow\u0105: <a href=\"http:\/\/www.faustyna.pl\/\">www.faustyna.pl<\/a> w 8 wersjach j\u0119zykowych i wszystkie dzie\u0142a apostolskie, jakie s\u0105 na niej prowadzone, a zw\u0142aszcza \u201eKoronk\u0119 za konaj\u0105cych\u201d i transmisj\u0119 on-line z Sanktuarium Bo\u017cego Mi\u0142osierdzia w Krakowie-\u0141agiewnikach. Dzi\u0119ki pracy apostolskiej, zaanga\u017cowaniu i wsparciu finansowemu wielu os\u00f3b przez te dzie\u0142a niesiemy \u015bwiatu dar or\u0119dzia Mi\u0142osierdzia i \u015bwiadczymy konkretn\u0105 pomoc ludziom, b\u0119d\u0105cym w najwi\u0119kszej potrzebie. Za to wsparcie odwdzi\u0119czamy si\u0119 modlitw\u0105, kt\u00f3r\u0105 ka\u017cdego dnia zanosimy do Mi\u0142osierdzia Bo\u017cego przez wstawiennictwo \u015bw. Siostry Faustyny w intencjach wszystkich Dobroczy\u0144c\u00f3w i Ofiarodawc\u00f3w.<\/p>\n","protected":false},"excerpt":{"rendered":"<p>23 marca o godzinie 17.00 w Sanktuarium Bo\u017cego Mi\u0142osierdzia w Krakowie-\u0141agiewnikach w kaplicy \u0142askami s\u0142yn\u0105cego obrazu Jezu Mi\u0142osiernego i grobu \u015bw. Faustyny odb\u0119dzie si\u0119 Msza \u015bw. w\u00a0 intencji tw\u00f3rc\u00f3w, darczy\u0144c\u00f3w i ofiarodawc\u00f3w, wspieraj\u0105cych stron\u0119 internetow\u0105: www.faustyna.pl w 8 wersjach j\u0119zykowych i wszystkie dzie\u0142a apostolskie, jakie s\u0105 na niej prowadzone, a zw\u0142aszcza \u201eKoronk\u0119 za konaj\u0105cych\u201d i [&hellip;]<\/p>\n","protected":false},"author":1,"featured_media":29338,"parent":0,"menu_order":-1570,"comment_status":"closed","ping_status":"closed","template":"","meta":{"footnotes":""},"categories":[104],"tags":[],"class_list":["post-29337","page","type-page","status-publish","has-post-thumbnail","hentry","category-archiwum"],"_links":{"self":[{"href":"https:\/\/www.faustyna.pl\/zmbm\/wp-json\/wp\/v2\/pages\/29337","targetHints":{"allow":["GET"]}}],"collection":[{"href":"https:\/\/www.faustyna.pl\/zmbm\/wp-json\/wp\/v2\/pages"}],"about":[{"href":"https:\/\/www.faustyna.pl\/zmbm\/wp-json\/wp\/v2\/types\/page"}],"author":[{"embeddable":true,"href":"https:\/\/www.faustyna.pl\/zmbm\/wp-json\/wp\/v2\/users\/1"}],"replies":[{"embeddable":true,"href":"https:\/\/www.faustyna.pl\/zmbm\/wp-json\/wp\/v2\/comments?post=29337"}],"version-history":[{"count":6,"href":"https:\/\/www.faustyna.pl\/zmbm\/wp-json\/wp\/v2\/pages\/29337\/revisions"}],"predecessor-version":[{"id":32032,"href":"https:\/\/www.faustyna.pl\/zmbm\/wp-json\/wp\/v2\/pages\/29337\/revisions\/32032"}],"wp:featuredmedia":[{"embeddable":true,"href":"https:\/\/www.faustyna.pl\/zmbm\/wp-json\/wp\/v2\/media\/29338"}],"wp:attachment":[{"href":"https:\/\/www.faustyna.pl\/zmbm\/wp-json\/wp\/v2\/media?parent=29337"}],"wp:term":[{"taxonomy":"category","embeddable":true,"href":"https:\/\/www.faustyna.pl\/zmbm\/wp-json\/wp\/v2\/categories?post=29337"},{"taxonomy":"post_tag","embeddable":true,"href":"https:\/\/www.faustyna.pl\/zmbm\/wp-json\/wp\/v2\/tags?post=29337"}],"curies":[{"name":"wp","href":"https:\/\/api.w.org\/{rel}","templated":true}]}}