



{"id":29521,"date":"2024-08-28T15:49:51","date_gmt":"2024-08-28T13:49:51","guid":{"rendered":"https:\/\/www.faustyna.pl\/zmbm\/?page_id=29521"},"modified":"2025-09-20T14:41:31","modified_gmt":"2025-09-20T12:41:31","slug":"pomoz-mi-zbawic-konajacego","status":"publish","type":"page","link":"https:\/\/www.faustyna.pl\/zmbm\/pomoz-mi-zbawic-konajacego\/","title":{"rendered":"Pom\u00f3\u017c Mi zbawi\u0107 konaj\u0105cego"},"content":{"rendered":"<p style=\"text-align: justify\"><strong><em><a href=\"https:\/\/www.faustyna.pl\/zmbm\/wp-content\/uploads\/2024\/08\/Gerd-Altmann-z-Pixabay-24.jpg\" data-gallery><img loading=\"lazy\" decoding=\"async\" class=\"alignnone size-medium wp-image-29524\" src=\"https:\/\/www.faustyna.pl\/zmbm\/wp-content\/uploads\/2024\/08\/Gerd-Altmann-z-Pixabay-24-560x333.jpg\" alt=\"\" width=\"560\" height=\"333\" srcset=\"https:\/\/www.faustyna.pl\/zmbm\/wp-content\/uploads\/2024\/08\/Gerd-Altmann-z-Pixabay-24-560x333.jpg 560w, https:\/\/www.faustyna.pl\/zmbm\/wp-content\/uploads\/2024\/08\/Gerd-Altmann-z-Pixabay-24-140x83.jpg 140w, https:\/\/www.faustyna.pl\/zmbm\/wp-content\/uploads\/2024\/08\/Gerd-Altmann-z-Pixabay-24.jpg 1024w\" sizes=\"auto, (max-width: 560px) 100vw, 560px\" \/><\/a><\/em><\/strong><\/p>\n<p style=\"text-align: justify\"><strong><em>Odm\u00f3w za niego t\u0119 Koronk\u0119, kt\u00f3rej ci\u0119 nauczy\u0142em <\/em><\/strong>(Dz. 1565). <strong>Tak m\u00f3wi\u0142 Jezus do \u015bw. Siostry Faustyny i o to prosi dzisiaj tak\u017ce nas. Z tego pragnienia Jezusa 11 lat temu w Sanktuarium Bo\u017cego Mi\u0142osierdzia w Krakowie-\u0141agiewnikach narodzi\u0142o si\u0119 dzie\u0142o \u201eKoronki za konaj\u0105cych\u201d, kt\u00f3re prowadzi Zgromadzenie Si\u00f3str Matki Bo\u017cej Mi\u0142osierdzia. Tylko w ubieg\u0142ym roku osoby nale\u017c\u0105ce do tego dzie\u0142a towarzyszy\u0142y modlitw\u0105 prawie 47\u00a0000 umieraj\u0105cych.<\/strong><\/p>\n<p style=\"text-align: justify\">To pragnienie \u2013 by ratowa\u0107 dusze nawet w ostatnim momencie ich \u017cycia, by przychodzi\u0107 im z pomoc\u0105 w najtrudniejszej godzinie, gdy s\u0105 najs\u0142absi, a dokonuj\u0105 najwa\u017cniejszego wyboru, kt\u00f3ry dotyczy wieczno\u015bci \u2013 Jezus rozpali\u0142 najpierw w \u017cyciu samej Siostry Faustyny. Ju\u017c jako kilkunastoletnia dziewczyna, gdy podejmowa\u0142a prac\u0119 w \u0141odzi, jednym z warunk\u00f3w postawionych przez ni\u0105 by\u0142o towarzyszenie umieraj\u0105cym. Po wst\u0105pieniu do klasztoru jeszcze bardziej zaanga\u017cowa\u0142a si\u0119 w niesienie pomocy konaj\u0105cym: modli\u0142a si\u0119 za nich, co godzin\u0119 wznosz\u0105c akty strzeliste w ich intencji, podejmowa\u0142a wi\u0119ksze umartwienia w pi\u0105tki, np. o trzeciej po po\u0142udniu biczowanie na d\u0142ugo\u015b\u0107 Psalmu 50., zach\u0119ca\u0142a siostry i wychowanki przy pracy, by wsp\u00f3lnie wspiera\u0107 odchodz\u0105cych z tej ziemi.<em> Kiedy po po\u0142udniu przysz\u0142am do ogrodu<\/em> \u2013 zapisa\u0142a w \u201eDzienniczku\u201d \u2013<em> powiedzia\u0142 mi Anio\u0142 Str\u00f3\u017c: \u201eM\u00f3dl si\u0119 za konaj\u0105cych\u201d. I zaraz zacz\u0119\u0142am r\u00f3\u017caniec za konaj\u0105cych z ogrodniczkami. Po sko\u0144czonym r\u00f3\u017ca\u0144cu zacz\u0119\u0142y\u015bmy r\u00f3\u017cne modlitewki za konaj\u0105cych. Po sko\u0144czonych modlitwach wychowanki zacz\u0119\u0142y sobie weso\u0142o rozmawia\u0107. Pomimo ich gwaru us\u0142ysza\u0142am w duszy te s\u0142owa: \u201eM\u00f3dl si\u0119 za mnie\u201d. Kiedy nie mog\u0142am dobrze zrozumie\u0107 tych s\u0142\u00f3w, odsun\u0119\u0142am si\u0119 o par\u0119 krok\u00f3w od wychowanek, zastanawiaj\u0105c si\u0119, kto by to by\u0142, co mi ka\u017ce si\u0119 modli\u0107. Wtem us\u0142ysza\u0142am te s\u0142owa: \u201eJestem siostra&#8230; m\u00f3dl si\u0119 za mnie, a\u017c ci powiem, kiedy masz przesta\u0107; jestem w konaniu\u201d. <\/em>(\u2026)<em> Modli\u0142am si\u0119 tak od godziny trzeciej do godziny pi\u0105tej. O godzinie pi\u0105tej us\u0142ysza\u0142am te s\u0142owa: \u201eDzi\u0119kuj\u0119\u201d. Zrozumia\u0142am, \u017ce ju\u017c skona\u0142a. Jednak na drugi dzie\u0144 w czasie Mszy \u015bw. modli\u0142am si\u0119 gor\u0105co za jej dusz\u0119. Po po\u0142udniu przysz\u0142a kartka, \u017ce siostra&#8230; o tej a tej godzinie umar\u0142a. Zrozumia\u0142am, \u017ce by\u0142a to ta godzina, w kt\u00f3rej m\u00f3wi\u0142a do mnie \u2013 m\u00f3dl si\u0119 za mnie <\/em>(Dz. 314).<\/p>\n<p style=\"text-align: justify\">Wspieranie konaj\u0105cych w ostatnich latach \u017cycia Siostry Faustyny sta\u0142o si\u0119 jednym z g\u0142\u00f3wnych nurt\u00f3w jej apostolskiego zaanga\u017cowania. Przynagla\u0142 j\u0105 do tego wielokrotnie sam Jezus, m\u00f3wi\u0105c: <em>M\u00f3dl si\u0119, ile mo\u017cesz, za konaj\u0105cych, wypraszaj im ufno\u015b\u0107 w Moje mi\u0142osierdzie, bo oni najwi\u0119cej potrzebuj\u0105 ufno\u015bci, a najmniej jej maj\u0105. Wiedz o tym, \u017ce \u0142aska wiecznego zbawienia niekt\u00f3rych dusz w ostatniej chwili zawis\u0142a od twojej modlitwy <\/em>(Dz. 1777). Czasem \u017c\u0105da\u0142 od niej wsparcia konkretnej osoby: <em>P\u00f3jdziesz do konaj\u0105cego grzesznika<\/em> \u2013 m\u00f3wi\u0142 \u2013 <em>i b\u0119dziesz odmawia\u0107 t\u0119 Koroneczk\u0119, a przez to wyprosisz mu ufno\u015b\u0107 w Moje mi\u0142osierdzie, gdy\u017c ju\u017c jest w rozpaczy <\/em>(Dz. 1797<em>). Nagle<\/em> \u2013 zapisa\u0142a Siostra Faustyna \u2013 <em>znalaz\u0142am si\u0119 w nieznanej chacie, gdzie kona\u0142 starszy ju\u017c cz\u0142owiek w strasznych m\u0119kach. Wko\u0142o \u0142o\u017ca by\u0142o mn\u00f3stwo szatan\u00f3w i p\u0142acz\u0105ca rodzina. Gdym si\u0119 zacz\u0119\u0142a modli\u0107, rozpierzch\u0142y si\u0119 duchy ciemno\u015bci z sykiem i odgra\u017caniem mi; dusza ta uspokoi\u0142a si\u0119 i pe\u0142na ufno\u015bci spocz\u0119\u0142a w Panu <\/em>(Dz. 1798).<\/p>\n<p style=\"text-align: justify\">W spos\u00f3b mistyczny Siostra Faustyna widzia\u0142a, co dokonuje si\u0119 w chwili \u015bmierci, jak wielka jest walka o dusz\u0119 ka\u017cdego cz\u0142owieka i s\u0105d nad jego \u017cyciem. By\u0142a m.in. przy konaniu marsza\u0142ka J\u00f3zefa Pi\u0142sudskiego i widzia\u0142a s\u0105d nad nim: <em>Ujrza\u0142am pewn\u0105 dusz\u0119, kt\u00f3ra si\u0119 roz\u0142\u0105cza\u0142a od cia\u0142a w strasznych m\u0119kach<\/em> \u2013 zapisa\u0142a w \u201eDzienniczku\u201d. \u2013 <em>O Jezu, kiedy to mam pisa\u0107, dr\u017c\u0119 ca\u0142a na widok okropno\u015bci, kt\u00f3re \u015bwiadcz\u0105 przeciw niemu&#8230; Widzia\u0142am, jak wychodzi\u0142y z jakiej\u015b otch\u0142ani b\u0142otnistej dusze ma\u0142ych dzieci i wi\u0119kszych, jakie dziewi\u0119\u0107 lat; dusze te by\u0142y wstr\u0119tne i obrzydliwe, podobne do najstraszniejszych potwor\u00f3w, do rozpadaj\u0105cych si\u0119 trup\u00f3w, ale te trupy by\u0142y \u017cywe i g\u0142o\u015bno \u015bwiadczy\u0142y przeciw duszy tej, kt\u00f3r\u0105 widz\u0119 w skonaniu. A dusza, kt\u00f3r\u0105 widz\u0119 w skonaniu, jest to dusza, kt\u00f3ra by\u0142a pe\u0142na zaszczyt\u00f3w i oklask\u00f3w \u015bwiatowych, a kt\u00f3rych ko\u0144cem jest pr\u00f3\u017cnia i grzech. Na koniec wysz\u0142a niewiasta, kt\u00f3ra trzyma\u0142a jakoby w fartuchu \u0142zy, i ta bardzo \u015bwiadczy\u0142a przeciw niemu <\/em>(Dz. 425)<em>. <\/em>Gdy p\u00f3\u017aniej spowiednik ks. Micha\u0142 Sopo\u0107ko zapyta\u0142 j\u0105, czym zako\u0144czy\u0142 si\u0119 ten s\u0105d, odpowiedzia\u0142a: <em>Zdaje si\u0119, mi\u0142osierdzie Bo\u017ce za przyczyn\u0105 Matki Boskiej zwyci\u0119\u017cy\u0142o<\/em>. Towarzyszenie \u015bmierci marsza\u0142ka Pi\u0142sudskiego utwierdzi\u0142o j\u0105 w przekonaniu, \u017ce w godzinie \u015bmierci wszyscy jeste\u015bmy r\u00f3wni bez wzgl\u0119du na to, kim kto by\u0142 w ziemskim \u017cyciu, czy \u017cy\u0142 na salonach czy w n\u0119dznej chacie, bo w czasie \u015bmierci ka\u017cdy ujrzy wszystkie czyny swoje w ca\u0142ej nago\u015bci i n\u0119dzy, <em>nie ginie z nich ani jeden, wiernie towarzyszy\u0107 nam b\u0119d\u0105 na s\u0105d Bo\u017cy<\/em> (Dz. 426).<\/p>\n<p style=\"text-align: justify\">Jezus nie tylko przynagla\u0142 Siostr\u0119 Faustyn\u0119 do modlitwy za konaj\u0105cych, w spos\u00f3b mistyczny wprowadza\u0142 j\u0105 w tajemnic\u0119 \u015bmierci, ale tak\u017ce da\u0142 jej narz\u0119dzie do \u015bwiadczenia mi\u0142osierdzia wobec nich, a jest nim ufnie odmawiana Koronka do Mi\u0142osierdzia Bo\u017cego, z kt\u00f3r\u0105 zwi\u0105za\u0142 obietnice szcz\u0119\u015bliwej i spokojnej \u015bmierci, bez l\u0119ku i przera\u017cenia. M\u00f3wi\u0142: <em>Ka\u017cd\u0105 dusz\u0119 broni\u0119 w godzinie \u015bmierci, jako swej chwa\u0142y, kt\u00f3ra odmawia\u0107 b\u0119dzie t\u0119 Koronk\u0119 albo przy konaj\u0105cym inni odm\u00f3wi\u0105 \u2013 jednak odpustu tego samego dost\u0119puj\u0105. Kiedy przy konaj\u0105cym odmawiaj\u0105 t\u0119 Koronk\u0119, u\u015bmierza si\u0119 gniew Bo\u017cy, a mi\u0142osierdzie niezg\u0142\u0119bione ogarnia dusz\u0119, i porusz\u0105 si\u0119 wn\u0119trzno\u015bci mi\u0142osierdzia Mojego, dla bolesnej m\u0119ki Syna Mojego <\/em>(Dz. 811). Podobn\u0105 obietnic\u0119 da\u0142 Jezus tym, kt\u00f3rzy czci\u0107 b\u0119d\u0105 Jego obraz z podpisem: <em>Jezu, ufam Tobie<\/em>; czci\u0107, czyli ufn\u0105 modlitw\u0119 \u0142\u0105czy\u0107 z uczynkami mi\u0142osierdzia wobec bli\u017anich: <em>Obiecuj\u0119 tak\u017ce, ju\u017c tu na ziemi, zwyci\u0119stwo nad nieprzyjaci\u00f3\u0142mi, a szczeg\u00f3lnie w godzin\u0119 \u015bmierci. Ja sam broni\u0107 j\u0105 b\u0119d\u0119 jako swej chwa\u0142y <\/em>(Dz. 48)<em>. <\/em>Siostra Faustyna nieraz mia\u0142a okazj\u0119, by zobaczy\u0107 jak sprawdzaj\u0105 si\u0119 Jezusowe obietnice, jak wielk\u0105 moc ma ufna modlitwa i jak ogromn\u0105 ulg\u0119 przynosi umieraj\u0105cym nawet tak prosty akt, jak cho\u0107by z wiar\u0105 pokropienie \u015bwi\u0119con\u0105 wod\u0105.<\/p>\n<p style=\"text-align: justify\">W naszych czasach niech\u0119tnie m\u00f3wi si\u0119 o \u015bmierci, a jeszcze mniej o tym, by stworzy\u0107 jak najlepsze warunki odchodz\u0105cym z tego \u015bwiata i zadba\u0107 o ich szcz\u0119\u015bliw\u0105 i spokojn\u0105 \u015bmier\u0107. Wsp\u00f3\u0142czesna cywilizacja proponuje takie rozwi\u0105zania jak aborcja i eutanazja i to przewrotnie onazywa prawem cz\u0142owieka i mi\u0142osierdziem wobec cierpi\u0105cych. A przecie\u017c nie na tym polega prawdziwa mi\u0142o\u015b\u0107 ani troska o konaj\u0105cych. Wsp\u00f3\u0142czesna cywilizacja \u2013 ho\u0142duj\u0105ca wygodzie i przyjemno\u015bci, uciekaj\u0105ca od tematu cierpienia i \u015bmierci \u2013 w rzeczywisto\u015bci jest cywilizacj\u0105 \u015bmierci fizycznej i duchowej. Mimo pomijania i przemilczania tego tematu, \u015bmier\u0107 wcze\u015bniej czy p\u00f3\u017aniej przychodzi na ka\u017cdego. Na \u015bwiecie w ka\u017cdej chwili kto\u015b przekracza progi \u015bmierci i decyduje o swej wieczno\u015bci. Najcz\u0119\u015bciej \u015bmier\u0107 zaskakuje, jest niespodziewana, dotyka nie tylko chorych i starych, ale tak\u017ce m\u0142odych i w pe\u0142ni si\u0142. W ka\u017cdym dniu z powodu choroby, podesz\u0142ego wieku, wojen, katastrof, przemocy czy innych powod\u00f3w odchodz\u0105 z tej ziemi dziesi\u0105tki tysi\u0119cy ludzi. Tylko z g\u0142odu co minut\u0119 umiera 11 os\u00f3b, co 4,4 sekundy umiera na \u015bwiecie dziecko do pi\u0105tego roku \u017cycia (raport ONZ), a co 40 sekund kto\u015b na \u015bwiecie pope\u0142nia samob\u00f3jstwo.<\/p>\n<p style=\"text-align: justify\">Spiesz\u0105 tym ludziom z pomoc\u0105 osoby o wielkim sercu i z wyobra\u017ani\u0105 mi\u0142osierdzia: rodzina, bliscy, lekarze, piel\u0119gniarki i wolontariusze w hospicjach, kt\u00f3rzy nie tylko my\u015bl\u0105 o uldze w cierpieniu, ale tak\u017ce troszcz\u0105 si\u0119 o zbawienie duszy umieraj\u0105cych bliskich i pacjent\u00f3w, modl\u0105c si\u0119 i cho\u0107by wysy\u0142aj\u0105c sms z ich imionami na numer 505\u00a0060\u00a0205. Ten sms automatycznie rozsy\u0142any jest do os\u00f3b, kt\u00f3re w danym dniu i godzinie gotowi s\u0105 towarzyszy\u0107 konaj\u0105cym modlitw\u0105 Koronki do Mi\u0142osierdzia Bo\u017cego. Takich os\u00f3b jest wiele. Tylko w tym roku do dzie\u0142a \u201eKoronki za konaj\u0105cych\u201d w\u0142\u0105czyli si\u0119 ludzie z ponad 30 kraj\u00f3w \u015bwiata i to tak odleg\u0142ych, jak USA, Indie, Burkina Faso, Mauritius, Kenia, Kongo, Uganda, Brazylia, Argentyna, Paragwaj, Kolumbia, Meksyk, Kanada czy ma\u0142o chrze\u015bcija\u0144skich, jak Turcja, Belgia, Czechy czy Norwegia. Z kraj\u00f3w europejskich najwi\u0119cej jest Polak\u00f3w, W\u0142och\u00f3w, Hiszpan\u00f3w i Francuz\u00f3w. W tym dziele uczestnicz\u0105 tak\u017ce ci, kt\u00f3rzy nie mog\u0105c czuwa\u0107 o sta\u0142ej porze, wspieraj\u0105 je finansowo.<\/p>\n<p style=\"text-align: justify\">Wi\u0119cej o tym dziele na stronie: faustyna.pl i jej o\u015bmiu wersjach j\u0119zykowych.<\/p>\n<p style=\"text-align: right\">s. <em>M. El\u017cbieta Siepak ISMM<\/em><\/p>\n<p style=\"text-align: justify\">&#8212;&#8212;&#8212;&#8212;&#8212;&#8211;<\/p>\n<p style=\"text-align: justify\">Tekst publikowany w 131 numerze \u201eOr\u0119dzia Mi\u0142osierdzia\u201d.<\/p>\n","protected":false},"excerpt":{"rendered":"<p>Odm\u00f3w za niego t\u0119 Koronk\u0119, kt\u00f3rej ci\u0119 nauczy\u0142em (Dz. 1565). Tak m\u00f3wi\u0142 Jezus do \u015bw. Siostry Faustyny i o to prosi dzisiaj tak\u017ce nas. Z tego pragnienia Jezusa 11 lat temu w Sanktuarium Bo\u017cego Mi\u0142osierdzia w Krakowie-\u0141agiewnikach narodzi\u0142o si\u0119 dzie\u0142o \u201eKoronki za konaj\u0105cych\u201d, kt\u00f3re prowadzi Zgromadzenie Si\u00f3str Matki Bo\u017cej Mi\u0142osierdzia. Tylko w ubieg\u0142ym roku osoby [&hellip;]<\/p>\n","protected":false},"author":1,"featured_media":29524,"parent":0,"menu_order":-1320,"comment_status":"closed","ping_status":"closed","template":"","meta":{"footnotes":""},"categories":[4],"tags":[],"class_list":["post-29521","page","type-page","status-publish","has-post-thumbnail","hentry","category-aktualnosci"],"_links":{"self":[{"href":"https:\/\/www.faustyna.pl\/zmbm\/wp-json\/wp\/v2\/pages\/29521","targetHints":{"allow":["GET"]}}],"collection":[{"href":"https:\/\/www.faustyna.pl\/zmbm\/wp-json\/wp\/v2\/pages"}],"about":[{"href":"https:\/\/www.faustyna.pl\/zmbm\/wp-json\/wp\/v2\/types\/page"}],"author":[{"embeddable":true,"href":"https:\/\/www.faustyna.pl\/zmbm\/wp-json\/wp\/v2\/users\/1"}],"replies":[{"embeddable":true,"href":"https:\/\/www.faustyna.pl\/zmbm\/wp-json\/wp\/v2\/comments?post=29521"}],"version-history":[{"count":4,"href":"https:\/\/www.faustyna.pl\/zmbm\/wp-json\/wp\/v2\/pages\/29521\/revisions"}],"predecessor-version":[{"id":31138,"href":"https:\/\/www.faustyna.pl\/zmbm\/wp-json\/wp\/v2\/pages\/29521\/revisions\/31138"}],"wp:featuredmedia":[{"embeddable":true,"href":"https:\/\/www.faustyna.pl\/zmbm\/wp-json\/wp\/v2\/media\/29524"}],"wp:attachment":[{"href":"https:\/\/www.faustyna.pl\/zmbm\/wp-json\/wp\/v2\/media?parent=29521"}],"wp:term":[{"taxonomy":"category","embeddable":true,"href":"https:\/\/www.faustyna.pl\/zmbm\/wp-json\/wp\/v2\/categories?post=29521"},{"taxonomy":"post_tag","embeddable":true,"href":"https:\/\/www.faustyna.pl\/zmbm\/wp-json\/wp\/v2\/tags?post=29521"}],"curies":[{"name":"wp","href":"https:\/\/api.w.org\/{rel}","templated":true}]}}