



{"id":29750,"date":"2024-10-11T13:33:27","date_gmt":"2024-10-11T11:33:27","guid":{"rendered":"https:\/\/www.faustyna.pl\/zmbm\/?page_id=29750"},"modified":"2025-10-07T14:54:02","modified_gmt":"2025-10-07T12:54:02","slug":"koscioly-pod-wezwaniem-sw-faustyny","status":"publish","type":"page","link":"https:\/\/www.faustyna.pl\/zmbm\/koscioly-pod-wezwaniem-sw-faustyny\/","title":{"rendered":"Ko\u015bcio\u0142y pod wezwaniem \u015bw. Faustyny"},"content":{"rendered":"<p><a href=\"https:\/\/www.faustyna.pl\/zmbm\/wp-content\/uploads\/2024\/10\/Lodz-parafia-sw-Faustyny.jpg\" data-gallery><img loading=\"lazy\" decoding=\"async\" class=\"size-medium wp-image-29751 alignnone\" src=\"https:\/\/www.faustyna.pl\/zmbm\/wp-content\/uploads\/2024\/10\/Lodz-parafia-sw-Faustyny-560x334.jpg\" alt=\"\" width=\"560\" height=\"334\" srcset=\"https:\/\/www.faustyna.pl\/zmbm\/wp-content\/uploads\/2024\/10\/Lodz-parafia-sw-Faustyny-560x334.jpg 560w, https:\/\/www.faustyna.pl\/zmbm\/wp-content\/uploads\/2024\/10\/Lodz-parafia-sw-Faustyny-140x83.jpg 140w, https:\/\/www.faustyna.pl\/zmbm\/wp-content\/uploads\/2024\/10\/Lodz-parafia-sw-Faustyny.jpg 1024w\" sizes=\"auto, (max-width: 560px) 100vw, 560px\" \/><\/a><\/p>\n<p style=\"text-align: justify\">Zgromadzenie Si\u00f3str Matki Bo\u017cej Mi\u0142osierdzia zbiera informacje o ko\u015bcio\u0142ach i kaplicach pod wezwaniem \u015bw. Siostry Faustyny. Nowe zg\u0142oszenia nale\u017cy przesy\u0142a\u0107, wype\u0142niaj\u0105c formularz z danymi kontaktowymi (pe\u0142na nazwa wezwania ko\u015bcio\u0142a, adres korespondencyjny, e-mailowy i telefon) oraz zdj\u0119ciem poziomym w formacie jpg na stronie: <a href=\"http:\/\/www.faustyna.pl\">www.faustyna.pl<\/a> w zak\u0142adce:<a href=\"https:\/\/www.faustyna.pl\/zmbm\/zgloszenia-kosciolow-lub-kaplic-pw-sw-siostry-faustyny\/\"> \u015bw. Siostra Faustyna \u2013 Ko\u015bcio\u0142y<\/a>. Wcze\u015bniej nale\u017cy sprawdzi\u0107, czy danego ko\u015bcio\u0142a lub kaplicy nie ma ju\u017c na stronie internetowej.<\/p>\n","protected":false},"excerpt":{"rendered":"<p>Zgromadzenie Si\u00f3str Matki Bo\u017cej Mi\u0142osierdzia zbiera informacje o ko\u015bcio\u0142ach i kaplicach pod wezwaniem \u015bw. Siostry Faustyny. Nowe zg\u0142oszenia nale\u017cy przesy\u0142a\u0107, wype\u0142niaj\u0105c formularz z danymi kontaktowymi (pe\u0142na nazwa wezwania ko\u015bcio\u0142a, adres korespondencyjny, e-mailowy i telefon) oraz zdj\u0119ciem poziomym w formacie jpg na stronie: www.faustyna.pl w zak\u0142adce: \u015bw. Siostra Faustyna \u2013 Ko\u015bcio\u0142y. Wcze\u015bniej nale\u017cy sprawdzi\u0107, czy danego [&hellip;]<\/p>\n","protected":false},"author":2,"featured_media":29751,"parent":0,"menu_order":-1653,"comment_status":"closed","ping_status":"closed","template":"","meta":{"footnotes":""},"categories":[4],"tags":[],"class_list":["post-29750","page","type-page","status-publish","has-post-thumbnail","hentry","category-aktualnosci"],"_links":{"self":[{"href":"https:\/\/www.faustyna.pl\/zmbm\/wp-json\/wp\/v2\/pages\/29750","targetHints":{"allow":["GET"]}}],"collection":[{"href":"https:\/\/www.faustyna.pl\/zmbm\/wp-json\/wp\/v2\/pages"}],"about":[{"href":"https:\/\/www.faustyna.pl\/zmbm\/wp-json\/wp\/v2\/types\/page"}],"author":[{"embeddable":true,"href":"https:\/\/www.faustyna.pl\/zmbm\/wp-json\/wp\/v2\/users\/2"}],"replies":[{"embeddable":true,"href":"https:\/\/www.faustyna.pl\/zmbm\/wp-json\/wp\/v2\/comments?post=29750"}],"version-history":[{"count":1,"href":"https:\/\/www.faustyna.pl\/zmbm\/wp-json\/wp\/v2\/pages\/29750\/revisions"}],"predecessor-version":[{"id":29752,"href":"https:\/\/www.faustyna.pl\/zmbm\/wp-json\/wp\/v2\/pages\/29750\/revisions\/29752"}],"wp:featuredmedia":[{"embeddable":true,"href":"https:\/\/www.faustyna.pl\/zmbm\/wp-json\/wp\/v2\/media\/29751"}],"wp:attachment":[{"href":"https:\/\/www.faustyna.pl\/zmbm\/wp-json\/wp\/v2\/media?parent=29750"}],"wp:term":[{"taxonomy":"category","embeddable":true,"href":"https:\/\/www.faustyna.pl\/zmbm\/wp-json\/wp\/v2\/categories?post=29750"},{"taxonomy":"post_tag","embeddable":true,"href":"https:\/\/www.faustyna.pl\/zmbm\/wp-json\/wp\/v2\/tags?post=29750"}],"curies":[{"name":"wp","href":"https:\/\/api.w.org\/{rel}","templated":true}]}}