



{"id":29753,"date":"2024-10-11T13:35:37","date_gmt":"2024-10-11T11:35:37","guid":{"rendered":"https:\/\/www.faustyna.pl\/zmbm\/?page_id=29753"},"modified":"2025-09-30T17:30:17","modified_gmt":"2025-09-30T15:30:17","slug":"patronaty-sw-faustyny","status":"publish","type":"page","link":"https:\/\/www.faustyna.pl\/zmbm\/patronaty-sw-faustyny\/","title":{"rendered":"Patronaty \u015bw. Faustyny"},"content":{"rendered":"<p><a href=\"https:\/\/www.faustyna.pl\/zmbm\/wp-content\/uploads\/2024\/10\/Parafia_Kolnica_2_Patronat.jpg\" data-gallery><img loading=\"lazy\" decoding=\"async\" class=\"size-medium wp-image-29754 alignnone\" src=\"https:\/\/www.faustyna.pl\/zmbm\/wp-content\/uploads\/2024\/10\/Parafia_Kolnica_2_Patronat-560x333.jpg\" alt=\"\" width=\"560\" height=\"333\" srcset=\"https:\/\/www.faustyna.pl\/zmbm\/wp-content\/uploads\/2024\/10\/Parafia_Kolnica_2_Patronat-560x333.jpg 560w, https:\/\/www.faustyna.pl\/zmbm\/wp-content\/uploads\/2024\/10\/Parafia_Kolnica_2_Patronat-140x83.jpg 140w, https:\/\/www.faustyna.pl\/zmbm\/wp-content\/uploads\/2024\/10\/Parafia_Kolnica_2_Patronat.jpg 1024w\" sizes=\"auto, (max-width: 560px) 100vw, 560px\" \/><\/a><\/p>\n<p style=\"text-align: justify\">\u015awi\u0119ta Siostra Faustyna patronuje w Polsce i na \u015bwiecie wielu szko\u0142om, dzie\u0142om mi\u0142osierdzia oraz innym podmiotom, co ju\u017c mo\u017cna zobaczy\u0107 na stronie: faustyna.pl. Zgromadzenie Si\u00f3str Matki Bo\u017cej Mi\u0142osierdzia zbiera te informacje. Podmioty, kt\u00f3rym patronuje \u015bw. Siostra Faustyna <a href=\"https:\/\/www.faustyna.pl\/zmbm\/zgloszenia-patronatu-sw-siostry-faustyny\/\">nale\u017cy zg\u0142asza\u0107 wype\u0142niaj\u0105c formularz<\/a> z danymi kontaktowymi (pe\u0142na nazwa podmiotu, adres korespondencyjny, e-mailowy i telefon) oraz zdj\u0119ciem poziomym w formacie jpg na stronie: <a href=\"http:\/\/www.faustyna.pl\">www.faustyna.pl<\/a> w zak\u0142adce: \u015bw. Siostra Faustyna. Wcze\u015bniej nale\u017cy si\u0119 upewni\u0107, \u017ce danego podmiotu nie ma na stronie internetowej.<\/p>\n","protected":false},"excerpt":{"rendered":"<p>\u015awi\u0119ta Siostra Faustyna patronuje w Polsce i na \u015bwiecie wielu szko\u0142om, dzie\u0142om mi\u0142osierdzia oraz innym podmiotom, co ju\u017c mo\u017cna zobaczy\u0107 na stronie: faustyna.pl. Zgromadzenie Si\u00f3str Matki Bo\u017cej Mi\u0142osierdzia zbiera te informacje. Podmioty, kt\u00f3rym patronuje \u015bw. Siostra Faustyna nale\u017cy zg\u0142asza\u0107 wype\u0142niaj\u0105c formularz z danymi kontaktowymi (pe\u0142na nazwa podmiotu, adres korespondencyjny, e-mailowy i telefon) oraz zdj\u0119ciem poziomym [&hellip;]<\/p>\n","protected":false},"author":2,"featured_media":29754,"parent":0,"menu_order":-1652,"comment_status":"closed","ping_status":"closed","template":"","meta":{"footnotes":""},"categories":[4],"tags":[],"class_list":["post-29753","page","type-page","status-publish","has-post-thumbnail","hentry","category-aktualnosci"],"_links":{"self":[{"href":"https:\/\/www.faustyna.pl\/zmbm\/wp-json\/wp\/v2\/pages\/29753","targetHints":{"allow":["GET"]}}],"collection":[{"href":"https:\/\/www.faustyna.pl\/zmbm\/wp-json\/wp\/v2\/pages"}],"about":[{"href":"https:\/\/www.faustyna.pl\/zmbm\/wp-json\/wp\/v2\/types\/page"}],"author":[{"embeddable":true,"href":"https:\/\/www.faustyna.pl\/zmbm\/wp-json\/wp\/v2\/users\/2"}],"replies":[{"embeddable":true,"href":"https:\/\/www.faustyna.pl\/zmbm\/wp-json\/wp\/v2\/comments?post=29753"}],"version-history":[{"count":1,"href":"https:\/\/www.faustyna.pl\/zmbm\/wp-json\/wp\/v2\/pages\/29753\/revisions"}],"predecessor-version":[{"id":29755,"href":"https:\/\/www.faustyna.pl\/zmbm\/wp-json\/wp\/v2\/pages\/29753\/revisions\/29755"}],"wp:featuredmedia":[{"embeddable":true,"href":"https:\/\/www.faustyna.pl\/zmbm\/wp-json\/wp\/v2\/media\/29754"}],"wp:attachment":[{"href":"https:\/\/www.faustyna.pl\/zmbm\/wp-json\/wp\/v2\/media?parent=29753"}],"wp:term":[{"taxonomy":"category","embeddable":true,"href":"https:\/\/www.faustyna.pl\/zmbm\/wp-json\/wp\/v2\/categories?post=29753"},{"taxonomy":"post_tag","embeddable":true,"href":"https:\/\/www.faustyna.pl\/zmbm\/wp-json\/wp\/v2\/tags?post=29753"}],"curies":[{"name":"wp","href":"https:\/\/api.w.org\/{rel}","templated":true}]}}