



{"id":29756,"date":"2024-10-11T13:37:25","date_gmt":"2024-10-11T11:37:25","guid":{"rendered":"https:\/\/www.faustyna.pl\/zmbm\/?page_id=29756"},"modified":"2025-09-30T17:29:56","modified_gmt":"2025-09-30T15:29:56","slug":"sanktuaria-bozego-milosierdzia","status":"publish","type":"page","link":"https:\/\/www.faustyna.pl\/zmbm\/sanktuaria-bozego-milosierdzia\/","title":{"rendered":"Sanktuaria Bo\u017cego Mi\u0142osierdzia"},"content":{"rendered":"<p><a href=\"https:\/\/www.faustyna.pl\/zmbm\/wp-content\/uploads\/2024\/10\/lagiewniki-Sanktuarium-BM.jpg\" data-gallery><img loading=\"lazy\" decoding=\"async\" class=\"size-medium wp-image-29757 alignnone\" src=\"https:\/\/www.faustyna.pl\/zmbm\/wp-content\/uploads\/2024\/10\/lagiewniki-Sanktuarium-BM-560x333.jpg\" alt=\"\" width=\"560\" height=\"333\" srcset=\"https:\/\/www.faustyna.pl\/zmbm\/wp-content\/uploads\/2024\/10\/lagiewniki-Sanktuarium-BM-560x333.jpg 560w, https:\/\/www.faustyna.pl\/zmbm\/wp-content\/uploads\/2024\/10\/lagiewniki-Sanktuarium-BM-140x83.jpg 140w, https:\/\/www.faustyna.pl\/zmbm\/wp-content\/uploads\/2024\/10\/lagiewniki-Sanktuarium-BM.jpg 1024w\" sizes=\"auto, (max-width: 560px) 100vw, 560px\" \/><\/a><\/p>\n<p style=\"text-align: justify\">Procka misja \u015bw. Faustyny, polegaj\u0105ca na przypomnieniu biblijnej prawdy o mi\u0142osierdziu Boga, zaowocowa\u0142a m.in. innymi nadawaniem ko\u015bcio\u0142om i parafiom wezwania: Jezusa Mi\u0142osiernego czy Mi\u0142osierdzia Bo\u017cego. Powsta\u0142o te\u017c wiele Sanktuari\u00f3w Bo\u017cego Mi\u0142osierdzia w Polsce i na \u015bwiecie. Niekt\u00f3re z nich mo\u017cna zobaczy\u0107 w wykazie na stronie:faustyna.pl. warto wspomnie\u0107, \u017ce za \u017cycia \u015bw. Faustyny nie by\u0142o ani jednej parafii od tym wezwaniem, ani jednego Sanktuarium. Zgromadzenie Si\u00f3str Matki Bo\u017cej Mi\u0142osierdzia zbiera te informacje. Sanktuaria Bo\u017cego Mi\u0142osierdzia <a href=\"https:\/\/www.faustyna.pl\/zmbm\/zglos-sanktuarium-milosierdzia-bozego\/\">nale\u017cy zg\u0142asza\u0107, wype\u0142niaj\u0105c formularz<\/a> z danymi kontaktowymi (pe\u0142na nazwa podmiotu, adres korespondencyjny, e-mailowy i telefon) oraz zdj\u0119ciem poziomym w formacie jpg na stronie: <a href=\"http:\/\/www.faustyna.pl\">www.faustyna.pl<\/a> w zak\u0142adce: Sanktuaria. Wcze\u015bniej nale\u017cy si\u0119 upewni\u0107, \u017ce danego sanktuarium nie ma na stronie internetowej.<\/p>\n","protected":false},"excerpt":{"rendered":"<p>Procka misja \u015bw. Faustyny, polegaj\u0105ca na przypomnieniu biblijnej prawdy o mi\u0142osierdziu Boga, zaowocowa\u0142a m.in. innymi nadawaniem ko\u015bcio\u0142om i parafiom wezwania: Jezusa Mi\u0142osiernego czy Mi\u0142osierdzia Bo\u017cego. Powsta\u0142o te\u017c wiele Sanktuari\u00f3w Bo\u017cego Mi\u0142osierdzia w Polsce i na \u015bwiecie. Niekt\u00f3re z nich mo\u017cna zobaczy\u0107 w wykazie na stronie:faustyna.pl. warto wspomnie\u0107, \u017ce za \u017cycia \u015bw. Faustyny nie by\u0142o ani [&hellip;]<\/p>\n","protected":false},"author":2,"featured_media":29757,"parent":0,"menu_order":-1656,"comment_status":"closed","ping_status":"closed","template":"","meta":{"footnotes":""},"categories":[4],"tags":[],"class_list":["post-29756","page","type-page","status-publish","has-post-thumbnail","hentry","category-aktualnosci"],"_links":{"self":[{"href":"https:\/\/www.faustyna.pl\/zmbm\/wp-json\/wp\/v2\/pages\/29756","targetHints":{"allow":["GET"]}}],"collection":[{"href":"https:\/\/www.faustyna.pl\/zmbm\/wp-json\/wp\/v2\/pages"}],"about":[{"href":"https:\/\/www.faustyna.pl\/zmbm\/wp-json\/wp\/v2\/types\/page"}],"author":[{"embeddable":true,"href":"https:\/\/www.faustyna.pl\/zmbm\/wp-json\/wp\/v2\/users\/2"}],"replies":[{"embeddable":true,"href":"https:\/\/www.faustyna.pl\/zmbm\/wp-json\/wp\/v2\/comments?post=29756"}],"version-history":[{"count":1,"href":"https:\/\/www.faustyna.pl\/zmbm\/wp-json\/wp\/v2\/pages\/29756\/revisions"}],"predecessor-version":[{"id":29758,"href":"https:\/\/www.faustyna.pl\/zmbm\/wp-json\/wp\/v2\/pages\/29756\/revisions\/29758"}],"wp:featuredmedia":[{"embeddable":true,"href":"https:\/\/www.faustyna.pl\/zmbm\/wp-json\/wp\/v2\/media\/29757"}],"wp:attachment":[{"href":"https:\/\/www.faustyna.pl\/zmbm\/wp-json\/wp\/v2\/media?parent=29756"}],"wp:term":[{"taxonomy":"category","embeddable":true,"href":"https:\/\/www.faustyna.pl\/zmbm\/wp-json\/wp\/v2\/categories?post=29756"},{"taxonomy":"post_tag","embeddable":true,"href":"https:\/\/www.faustyna.pl\/zmbm\/wp-json\/wp\/v2\/tags?post=29756"}],"curies":[{"name":"wp","href":"https:\/\/api.w.org\/{rel}","templated":true}]}}