



{"id":30340,"date":"2025-02-19T10:56:18","date_gmt":"2025-02-19T09:56:18","guid":{"rendered":"https:\/\/www.faustyna.pl\/zmbm\/?page_id=30340"},"modified":"2025-09-22T21:28:42","modified_gmt":"2025-09-22T19:28:42","slug":"wsparcie-dla-kosciola-w-ktorym-modlila-sie-sw-faustyna","status":"publish","type":"page","link":"https:\/\/www.faustyna.pl\/zmbm\/wsparcie-dla-kosciola-w-ktorym-modlila-sie-sw-faustyna\/","title":{"rendered":"Wsparcie dla ko\u015bcio\u0142a, w kt\u00f3rym modli\u0142a si\u0119 \u015bw. Faustyna"},"content":{"rendered":"<p><a href=\"https:\/\/www.faustyna.pl\/zmbm\/wp-content\/uploads\/2025\/02\/Walendow_kosciol.jpg\" data-gallery><img loading=\"lazy\" decoding=\"async\" class=\"size-medium wp-image-30341 alignnone\" src=\"https:\/\/www.faustyna.pl\/zmbm\/wp-content\/uploads\/2025\/02\/Walendow_kosciol-560x334.jpg\" alt=\"\" width=\"560\" height=\"334\" srcset=\"https:\/\/www.faustyna.pl\/zmbm\/wp-content\/uploads\/2025\/02\/Walendow_kosciol-560x334.jpg 560w, https:\/\/www.faustyna.pl\/zmbm\/wp-content\/uploads\/2025\/02\/Walendow_kosciol-140x83.jpg 140w, https:\/\/www.faustyna.pl\/zmbm\/wp-content\/uploads\/2025\/02\/Walendow_kosciol.jpg 1024w\" sizes=\"auto, (max-width: 560px) 100vw, 560px\" \/><\/a><\/p>\n<p style=\"text-align: justify\">Ko\u015bci\u00f3\u0142 od wezwaniem \u015bw. J\u00f3zefa przy klasztorze Zgromadzenia Si\u00f3str Matki Bo\u017cej Mi\u0142osierdzia w Walendowie \u2013 w kt\u00f3rym modli\u0142a si\u0119 \u015bw. Siostra Faustyna i w kt\u00f3rym po raz pierwszy ks. Edmund Elter SJ \u201erozwi\u0105za\u0142 jej skrzyd\u0142a do lotu\u201d, potwierdzaj\u0105c Bo\u017ce pochodzenie mistycznych do\u015bwiadcze\u0144 \u2013 jest w stanie generalnej renowacji i potrzebuje finansowego wsparcia. Siostrom uda\u0142o si\u0119 ju\u017c: dokona\u0107 wymiany okien i drzwi, instalacji elektrycznej i o\u015bwietlenia, wymalowa\u0107 wn\u0119trze ko\u015bcio\u0142a, wykona\u0107 renowacj\u0119 posadzki marmurowej, wymieni\u0107 \u0142awki, naprawi\u0107 dzwony z ich automatyczn\u0105 instalacj\u0105. W najbli\u017cszym czasie planuj\u0105 wykonanie konfesjona\u0142u d\u017awi\u0119koszczelnego oraz wykonanie balustrady przed o\u0142tarzem.<\/p>\n<p><strong>Natomiast g\u0142\u00f3wnym celem zbierania funduszy jest wykonanie renowacji elewacji ko\u015bcio\u0142a wraz z wymian\u0105 rynien. <\/strong>Ofiary na tren cel nale\u017cy wp\u0142aca\u0107 na konto:<\/p>\n<p><strong>Zgromadzenie Si\u00f3str Matki Bo\u017cej Mi\u0142osierdzia<\/strong><\/p>\n<p>Walend\u00f3w<br \/>\nul. Nad Utrat\u0105 30<br \/>\n05-830 Nadarzyn<\/p>\n<p>Bank Polska Kasa Opieki S.A.<br \/>\nOddzia\u0142 w Pruszkowie<br \/>\nul. Wojska Polskiego 23<br \/>\n<strong>Numer konta: PL95 1240 6380 1111 0000 5114 1145<br \/>\n<\/strong>Kod BIC Banku Pekao SA: PKOPPLPW<\/p>\n<p style=\"text-align: justify\">Siostry, wdzi\u0119czne za ka\u017cde wsparcie tej bardzo kosztownej inwestycji, przerastaj\u0105cej mo\u017cliwo\u015bci klasztoru, w codziennej modlitwie pami\u0119taj\u0105 od dobroczy\u0144cach i ofiarodawcach.<\/p>\n","protected":false},"excerpt":{"rendered":"<p>Ko\u015bci\u00f3\u0142 od wezwaniem \u015bw. J\u00f3zefa przy klasztorze Zgromadzenia Si\u00f3str Matki Bo\u017cej Mi\u0142osierdzia w Walendowie \u2013 w kt\u00f3rym modli\u0142a si\u0119 \u015bw. Siostra Faustyna i w kt\u00f3rym po raz pierwszy ks. Edmund Elter SJ \u201erozwi\u0105za\u0142 jej skrzyd\u0142a do lotu\u201d, potwierdzaj\u0105c Bo\u017ce pochodzenie mistycznych do\u015bwiadcze\u0144 \u2013 jest w stanie generalnej renowacji i potrzebuje finansowego wsparcia. Siostrom uda\u0142o si\u0119 [&hellip;]<\/p>\n","protected":false},"author":2,"featured_media":30341,"parent":0,"menu_order":-1622,"comment_status":"closed","ping_status":"closed","template":"","meta":{"footnotes":""},"categories":[4],"tags":[],"class_list":["post-30340","page","type-page","status-publish","has-post-thumbnail","hentry","category-aktualnosci"],"_links":{"self":[{"href":"https:\/\/www.faustyna.pl\/zmbm\/wp-json\/wp\/v2\/pages\/30340","targetHints":{"allow":["GET"]}}],"collection":[{"href":"https:\/\/www.faustyna.pl\/zmbm\/wp-json\/wp\/v2\/pages"}],"about":[{"href":"https:\/\/www.faustyna.pl\/zmbm\/wp-json\/wp\/v2\/types\/page"}],"author":[{"embeddable":true,"href":"https:\/\/www.faustyna.pl\/zmbm\/wp-json\/wp\/v2\/users\/2"}],"replies":[{"embeddable":true,"href":"https:\/\/www.faustyna.pl\/zmbm\/wp-json\/wp\/v2\/comments?post=30340"}],"version-history":[{"count":1,"href":"https:\/\/www.faustyna.pl\/zmbm\/wp-json\/wp\/v2\/pages\/30340\/revisions"}],"predecessor-version":[{"id":30342,"href":"https:\/\/www.faustyna.pl\/zmbm\/wp-json\/wp\/v2\/pages\/30340\/revisions\/30342"}],"wp:featuredmedia":[{"embeddable":true,"href":"https:\/\/www.faustyna.pl\/zmbm\/wp-json\/wp\/v2\/media\/30341"}],"wp:attachment":[{"href":"https:\/\/www.faustyna.pl\/zmbm\/wp-json\/wp\/v2\/media?parent=30340"}],"wp:term":[{"taxonomy":"category","embeddable":true,"href":"https:\/\/www.faustyna.pl\/zmbm\/wp-json\/wp\/v2\/categories?post=30340"},{"taxonomy":"post_tag","embeddable":true,"href":"https:\/\/www.faustyna.pl\/zmbm\/wp-json\/wp\/v2\/tags?post=30340"}],"curies":[{"name":"wp","href":"https:\/\/api.w.org\/{rel}","templated":true}]}}