



{"id":30460,"date":"2025-03-15T14:14:50","date_gmt":"2025-03-15T13:14:50","guid":{"rendered":"https:\/\/www.faustyna.pl\/zmbm\/?page_id=30460"},"modified":"2026-03-18T15:45:29","modified_gmt":"2026-03-18T14:45:29","slug":"czterdziestogodzinne-nabozenstwo-2","status":"publish","type":"page","link":"https:\/\/www.faustyna.pl\/zmbm\/czterdziestogodzinne-nabozenstwo-2\/","title":{"rendered":"Czterdziestogodzinne nabo\u017ce\u0144stwo"},"content":{"rendered":"<p><a href=\"https:\/\/www.faustyna.pl\/zmbm\/wp-content\/uploads\/2025\/03\/Obraz-James-Chan-z-Pixabay.jpg\" data-gallery><img loading=\"lazy\" decoding=\"async\" class=\"size-medium wp-image-30452 alignnone\" src=\"https:\/\/www.faustyna.pl\/zmbm\/wp-content\/uploads\/2025\/03\/Obraz-James-Chan-z-Pixabay-560x333.jpg\" alt=\"\" width=\"560\" height=\"333\" srcset=\"https:\/\/www.faustyna.pl\/zmbm\/wp-content\/uploads\/2025\/03\/Obraz-James-Chan-z-Pixabay-560x333.jpg 560w, https:\/\/www.faustyna.pl\/zmbm\/wp-content\/uploads\/2025\/03\/Obraz-James-Chan-z-Pixabay-140x83.jpg 140w, https:\/\/www.faustyna.pl\/zmbm\/wp-content\/uploads\/2025\/03\/Obraz-James-Chan-z-Pixabay.jpg 1024w\" sizes=\"auto, (max-width: 560px) 100vw, 560px\" \/><\/a><\/p>\n<p style=\"text-align: justify\">Przed uroczysto\u015bci\u0105 \u015bw. J\u00f3zefa, w dniach 16-18 marca, w Sanktuarium Bo\u017cego Mi\u0142osierdzia w Krakowie-\u0141agiewnikach, w kaplicy z cudownym obrazem Jezusa Mi\u0142osiernego i grobem \u015bw. Faustyny tradycyjnie przypada corocznie odprawiane \u201eCzterdziestogodzinne nabo\u017ce\u0144stwo\u201d.\u00a0 Siostry i pielgrzymi przybywaj\u0105cy do \u0142agiewnickiego Sanktuarium przez ca\u0142y dzie\u0144 adoruj\u0105 Pana Jezusa wystawionego w Naj\u015bwi\u0119tszym Sakramencie, dzi\u0119kuj\u0105c za wszystkie \u0142aski i doczesne dobrodziejstwa, tak\u017ce za opiek\u0119 duchow\u0105 i materialn\u0105 \u015bw. J\u00f3zefa nad Zgromadzeniem i Sanktuarium, rodzinami i ca\u0142ym Ko\u015bcio\u0142em.<\/p>\n","protected":false},"excerpt":{"rendered":"<p>Przed uroczysto\u015bci\u0105 \u015bw. J\u00f3zefa, w dniach 16-18 marca, w Sanktuarium Bo\u017cego Mi\u0142osierdzia w Krakowie-\u0141agiewnikach, w kaplicy z cudownym obrazem Jezusa Mi\u0142osiernego i grobem \u015bw. Faustyny tradycyjnie przypada corocznie odprawiane \u201eCzterdziestogodzinne nabo\u017ce\u0144stwo\u201d.\u00a0 Siostry i pielgrzymi przybywaj\u0105cy do \u0142agiewnickiego Sanktuarium przez ca\u0142y dzie\u0144 adoruj\u0105 Pana Jezusa wystawionego w Naj\u015bwi\u0119tszym Sakramencie, dzi\u0119kuj\u0105c za wszystkie \u0142aski i doczesne dobrodziejstwa, [&hellip;]<\/p>\n","protected":false},"author":2,"featured_media":30452,"parent":0,"menu_order":-1566,"comment_status":"closed","ping_status":"closed","template":"","meta":{"footnotes":""},"categories":[104],"tags":[],"class_list":["post-30460","page","type-page","status-publish","has-post-thumbnail","hentry","category-archiwum"],"_links":{"self":[{"href":"https:\/\/www.faustyna.pl\/zmbm\/wp-json\/wp\/v2\/pages\/30460","targetHints":{"allow":["GET"]}}],"collection":[{"href":"https:\/\/www.faustyna.pl\/zmbm\/wp-json\/wp\/v2\/pages"}],"about":[{"href":"https:\/\/www.faustyna.pl\/zmbm\/wp-json\/wp\/v2\/types\/page"}],"author":[{"embeddable":true,"href":"https:\/\/www.faustyna.pl\/zmbm\/wp-json\/wp\/v2\/users\/2"}],"replies":[{"embeddable":true,"href":"https:\/\/www.faustyna.pl\/zmbm\/wp-json\/wp\/v2\/comments?post=30460"}],"version-history":[{"count":1,"href":"https:\/\/www.faustyna.pl\/zmbm\/wp-json\/wp\/v2\/pages\/30460\/revisions"}],"predecessor-version":[{"id":30461,"href":"https:\/\/www.faustyna.pl\/zmbm\/wp-json\/wp\/v2\/pages\/30460\/revisions\/30461"}],"wp:featuredmedia":[{"embeddable":true,"href":"https:\/\/www.faustyna.pl\/zmbm\/wp-json\/wp\/v2\/media\/30452"}],"wp:attachment":[{"href":"https:\/\/www.faustyna.pl\/zmbm\/wp-json\/wp\/v2\/media?parent=30460"}],"wp:term":[{"taxonomy":"category","embeddable":true,"href":"https:\/\/www.faustyna.pl\/zmbm\/wp-json\/wp\/v2\/categories?post=30460"},{"taxonomy":"post_tag","embeddable":true,"href":"https:\/\/www.faustyna.pl\/zmbm\/wp-json\/wp\/v2\/tags?post=30460"}],"curies":[{"name":"wp","href":"https:\/\/api.w.org\/{rel}","templated":true}]}}