



{"id":3062,"date":"2015-01-01T17:38:10","date_gmt":"2015-01-01T17:38:10","guid":{"rendered":"http:\/\/www.faustyna.pl\/zmbm\/?page_id=3062"},"modified":"2023-03-08T15:50:35","modified_gmt":"2023-03-08T14:50:35","slug":"dzienniczek-sw-siostry-faustyny","status":"publish","type":"page","link":"https:\/\/www.faustyna.pl\/zmbm\/dzienniczek-sw-siostry-faustyny\/","title":{"rendered":"&#8222;Dzienniczek&#8221; \u015bw.&nbsp;Siostry Faustyny"},"content":{"rendered":"<div style=\"text-align: justify\" align=\"left\">\n<p><strong><em>Tym, kt\u00f3rzy przeszli przez do\u015bwiadczenie II wojny \u015bwiatowej, s\u0142owa zapisane w \u201eDzienniczku\u201d \u015bw. Faustyny jawi\u0105 si\u0119 jako<\/em>\u00a0<em> szczeg\u00f3lna Ewangelia mi\u0142osierdzia Bo\u017cego napisana w perspektywie XX wieku.<\/em><\/strong><\/p>\n<div align=\"right\">Jan Pawe\u0142 II<\/div>\n<div align=\"right\"><\/div>\n<\/div>\n<p><h2 style=\"text-align: center;\">\r\n\t<a href=\"#\" onclick=\"window.open('https:\/\/www.faustyna.pl\/Dzienniczek\/Dzienniczek.php?token=1776846835k6FyGa6txm7O4TaMH','Dzienniczek','resizable=yes,width=1000,height=600,left='+(screen.availWidth\/2-500)+',top='+(screen.availHeight\/2-300)+'');window.location.reload();return false;\" target=\"_blank\">Pe\u0142ny tekst \"Dzienniczka\" \u015bw. Siostry Faustyny \r\n\t\t<img decoding=\"async\" class=\"alignright\" style=\"border: 0px;width: auto;\" title=\"pdf.gif\" src=\"https:\/\/www.faustyna.pl\/images\/stories\/faustyna\/pdf.gif\" alt=\"pdf.gif\" border=\"0\" \/>\r\n\t<\/a>\r\n<\/h2><\/p>\n<div align=\"center\"><\/div>\n<div align=\"center\"><\/div>\n<div align=\"center\"><strong>\u00a0\u00a9 Copyright by Zgromadzenie Si\u00f3str Matki Bo\u017cej Mi\u0142osierdzia<\/strong><\/div>\n<div align=\"center\"><strong>\u00a0<\/strong><\/div>\n<div align=\"center\"><strong>Kopiowanie, powielanie, upowszechnianie na r\u00f3\u017cnych p\u0142aszczyznach<\/strong><br \/>\n<strong> w ca\u0142o\u015bci lub w cz\u0119\u015bciach do tak zwanych dzie\u0142 zale\u017cnych, tak\u017ce na stronach internetowych, wymaga pisemnej zgody Zgromadzenia.<\/strong><\/div>\n<div align=\"center\"><\/div>\n<div align=\"center\">Autentyczno\u015b\u0107 \u201eDzienniczka\u201d gwarantuje certyfikat<br \/>\nwydany przez GeoTrust CA for Adobe<br \/>\ndla Zgromadzenia Si\u00f3str Matki Bo\u017cej Mi\u0142osierdzia,<br \/>\nkt\u00f3rym \u201eDzienniczek\u201d jest podpisany.<\/div>\n<div align=\"center\"><\/div>\n<h3 align=\"center\"><a href=\"https:\/\/www.youtube.com\/watch?v=Ccul9uuf5Uk&amp;list=PLWF68e-lrJNFsQp9VeOZSb0s7aWsqh25N\"><span style=\"color: #800000\">DZIENNICZEK &#8211; AUDIO<\/span><\/a><\/h3>\n<div align=\"center\"><\/div>\n<div style=\"text-align: left\" align=\"center\"><a href=\"https:\/\/www.faustyna.pl\/zmbm\/dzienniczek\/\">\u015awi\u0119ta Siostra Faustyna\/Dzienniczek<\/a><\/div>\n","protected":false},"excerpt":{"rendered":"<p>Tym, kt\u00f3rzy przeszli przez do\u015bwiadczenie II wojny \u015bwiatowej, s\u0142owa zapisane w \u201eDzienniczku\u201d \u015bw. Faustyny jawi\u0105 si\u0119 jako\u00a0 szczeg\u00f3lna Ewangelia mi\u0142osierdzia Bo\u017cego napisana w perspektywie XX wieku. Jan Pawe\u0142 II Pe\u0142ny tekst &#8222;Dzienniczka&#8221; \u015bw. Siostry Faustyny \u00a0\u00a9 Copyright by Zgromadzenie Si\u00f3str Matki Bo\u017cej Mi\u0142osierdzia \u00a0 Kopiowanie, powielanie, upowszechnianie na r\u00f3\u017cnych p\u0142aszczyznach w ca\u0142o\u015bci lub w cz\u0119\u015bciach [&hellip;]<\/p>\n","protected":false},"author":1,"featured_media":10698,"parent":0,"menu_order":0,"comment_status":"closed","ping_status":"closed","template":"","meta":{"footnotes":""},"categories":[100],"tags":[],"class_list":["post-3062","page","type-page","status-publish","has-post-thumbnail","hentry","category-dzienniczek"],"_links":{"self":[{"href":"https:\/\/www.faustyna.pl\/zmbm\/wp-json\/wp\/v2\/pages\/3062","targetHints":{"allow":["GET"]}}],"collection":[{"href":"https:\/\/www.faustyna.pl\/zmbm\/wp-json\/wp\/v2\/pages"}],"about":[{"href":"https:\/\/www.faustyna.pl\/zmbm\/wp-json\/wp\/v2\/types\/page"}],"author":[{"embeddable":true,"href":"https:\/\/www.faustyna.pl\/zmbm\/wp-json\/wp\/v2\/users\/1"}],"replies":[{"embeddable":true,"href":"https:\/\/www.faustyna.pl\/zmbm\/wp-json\/wp\/v2\/comments?post=3062"}],"version-history":[{"count":50,"href":"https:\/\/www.faustyna.pl\/zmbm\/wp-json\/wp\/v2\/pages\/3062\/revisions"}],"predecessor-version":[{"id":25896,"href":"https:\/\/www.faustyna.pl\/zmbm\/wp-json\/wp\/v2\/pages\/3062\/revisions\/25896"}],"wp:featuredmedia":[{"embeddable":true,"href":"https:\/\/www.faustyna.pl\/zmbm\/wp-json\/wp\/v2\/media\/10698"}],"wp:attachment":[{"href":"https:\/\/www.faustyna.pl\/zmbm\/wp-json\/wp\/v2\/media?parent=3062"}],"wp:term":[{"taxonomy":"category","embeddable":true,"href":"https:\/\/www.faustyna.pl\/zmbm\/wp-json\/wp\/v2\/categories?post=3062"},{"taxonomy":"post_tag","embeddable":true,"href":"https:\/\/www.faustyna.pl\/zmbm\/wp-json\/wp\/v2\/tags?post=3062"}],"curies":[{"name":"wp","href":"https:\/\/api.w.org\/{rel}","templated":true}]}}