



{"id":31271,"date":"2025-10-15T14:30:32","date_gmt":"2025-10-15T12:30:32","guid":{"rendered":"https:\/\/www.faustyna.pl\/zmbm\/?page_id=31271"},"modified":"2026-04-22T21:42:37","modified_gmt":"2026-04-22T19:42:37","slug":"lagiewnicka-22-w-pazdzierniku-2","status":"publish","type":"page","link":"https:\/\/www.faustyna.pl\/zmbm\/lagiewnicka-22-w-pazdzierniku-2\/","title":{"rendered":"\u201e\u0141agiewnicka 22\u201d w kwietniu"},"content":{"rendered":"<p><a href=\"https:\/\/www.faustyna.pl\/zmbm\/wp-content\/uploads\/2025\/10\/Siostra-Faustyna-.jpg\" data-gallery><img loading=\"lazy\" decoding=\"async\" class=\"size-medium wp-image-31272 alignnone\" src=\"https:\/\/www.faustyna.pl\/zmbm\/wp-content\/uploads\/2025\/10\/Siostra-Faustyna--560x333.jpg\" alt=\"\" width=\"560\" height=\"333\" srcset=\"https:\/\/www.faustyna.pl\/zmbm\/wp-content\/uploads\/2025\/10\/Siostra-Faustyna--560x333.jpg 560w, https:\/\/www.faustyna.pl\/zmbm\/wp-content\/uploads\/2025\/10\/Siostra-Faustyna--140x83.jpg 140w, https:\/\/www.faustyna.pl\/zmbm\/wp-content\/uploads\/2025\/10\/Siostra-Faustyna-.jpg 1024w\" sizes=\"auto, (max-width: 560px) 100vw, 560px\" \/><\/a><\/p>\n<p style=\"text-align: justify\">22 kwietnia br.\u00a0 w Sanktuarium Bo\u017cego Mi\u0142osierdzia w Krakowie-\u0141agiewnikach odb\u0119dzie si\u0119 spotkanie m\u0142odych \u201e\u0141agiewnicka 22\u201d. Rozpocznie si\u0119 ono o godzinie 19.00 w kaplicy z \u0142askami s\u0142yn\u0105cym obrazem Jezusa Mi\u0142osiernego i grobem \u015bw. Faustyny, a poprowadz\u0105 je siostry z krakowskiej wsp\u00f3lnoty Zgromadzenia Matki Bo\u017cej Mi\u0142osierdzia. W programie tekst z \u201eDzienniczka\u201d nr 1628 o mi\u0142o\u015bci do tych, kt\u00f3rzy rani\u0105\u2026 oraz komentarz do niego s. Tobiany, nast\u0119pnie chwila modlitwy w ciszy i uwielbienie Mi\u0142osierdzia Bo\u017cego podczas adoracji Naj\u015bwi\u0119tszego Sakramentu.<\/p>\n","protected":false},"excerpt":{"rendered":"<p>22 kwietnia br.\u00a0 w Sanktuarium Bo\u017cego Mi\u0142osierdzia w Krakowie-\u0141agiewnikach odb\u0119dzie si\u0119 spotkanie m\u0142odych \u201e\u0141agiewnicka 22\u201d. Rozpocznie si\u0119 ono o godzinie 19.00 w kaplicy z \u0142askami s\u0142yn\u0105cym obrazem Jezusa Mi\u0142osiernego i grobem \u015bw. Faustyny, a poprowadz\u0105 je siostry z krakowskiej wsp\u00f3lnoty Zgromadzenia Matki Bo\u017cej Mi\u0142osierdzia. W programie tekst z \u201eDzienniczka\u201d nr 1628 o mi\u0142o\u015bci do tych, [&hellip;]<\/p>\n","protected":false},"author":2,"featured_media":31272,"parent":0,"menu_order":-1586,"comment_status":"closed","ping_status":"closed","template":"","meta":{"footnotes":""},"categories":[104],"tags":[],"class_list":["post-31271","page","type-page","status-publish","has-post-thumbnail","hentry","category-archiwum"],"_links":{"self":[{"href":"https:\/\/www.faustyna.pl\/zmbm\/wp-json\/wp\/v2\/pages\/31271","targetHints":{"allow":["GET"]}}],"collection":[{"href":"https:\/\/www.faustyna.pl\/zmbm\/wp-json\/wp\/v2\/pages"}],"about":[{"href":"https:\/\/www.faustyna.pl\/zmbm\/wp-json\/wp\/v2\/types\/page"}],"author":[{"embeddable":true,"href":"https:\/\/www.faustyna.pl\/zmbm\/wp-json\/wp\/v2\/users\/2"}],"replies":[{"embeddable":true,"href":"https:\/\/www.faustyna.pl\/zmbm\/wp-json\/wp\/v2\/comments?post=31271"}],"version-history":[{"count":11,"href":"https:\/\/www.faustyna.pl\/zmbm\/wp-json\/wp\/v2\/pages\/31271\/revisions"}],"predecessor-version":[{"id":32227,"href":"https:\/\/www.faustyna.pl\/zmbm\/wp-json\/wp\/v2\/pages\/31271\/revisions\/32227"}],"wp:featuredmedia":[{"embeddable":true,"href":"https:\/\/www.faustyna.pl\/zmbm\/wp-json\/wp\/v2\/media\/31272"}],"wp:attachment":[{"href":"https:\/\/www.faustyna.pl\/zmbm\/wp-json\/wp\/v2\/media?parent=31271"}],"wp:term":[{"taxonomy":"category","embeddable":true,"href":"https:\/\/www.faustyna.pl\/zmbm\/wp-json\/wp\/v2\/categories?post=31271"},{"taxonomy":"post_tag","embeddable":true,"href":"https:\/\/www.faustyna.pl\/zmbm\/wp-json\/wp\/v2\/tags?post=31271"}],"curies":[{"name":"wp","href":"https:\/\/api.w.org\/{rel}","templated":true}]}}