



{"id":31305,"date":"2025-11-03T08:37:59","date_gmt":"2025-11-03T07:37:59","guid":{"rendered":"https:\/\/www.faustyna.pl\/zmbm\/?page_id=31305"},"modified":"2026-01-10T09:41:34","modified_gmt":"2026-01-10T08:41:34","slug":"rekolekcje-w-lagiewnickim-sanktuarium-2","status":"publish","type":"page","link":"https:\/\/www.faustyna.pl\/zmbm\/rekolekcje-w-lagiewnickim-sanktuarium-2\/","title":{"rendered":"Rekolekcje w \u0142agiewnickim Sanktuarium"},"content":{"rendered":"<p><a href=\"https:\/\/www.faustyna.pl\/zmbm\/wp-content\/uploads\/2025\/11\/Homilie-1.jpg\" data-gallery><img loading=\"lazy\" decoding=\"async\" class=\"size-medium wp-image-31306 alignnone\" src=\"https:\/\/www.faustyna.pl\/zmbm\/wp-content\/uploads\/2025\/11\/Homilie-1-560x334.jpg\" alt=\"\" width=\"560\" height=\"334\" srcset=\"https:\/\/www.faustyna.pl\/zmbm\/wp-content\/uploads\/2025\/11\/Homilie-1-560x334.jpg 560w, https:\/\/www.faustyna.pl\/zmbm\/wp-content\/uploads\/2025\/11\/Homilie-1-140x83.jpg 140w, https:\/\/www.faustyna.pl\/zmbm\/wp-content\/uploads\/2025\/11\/Homilie-1.jpg 1024w\" sizes=\"auto, (max-width: 560px) 100vw, 560px\" \/><\/a><\/p>\n<p style=\"text-align: justify\">Na stronie: <a href=\"http:\/\/www.faustinum.pl\">www.faustinum.pl<\/a> udost\u0119pniono <a href=\"https:\/\/www.faustinum.pl\/pl\/rekolekcje-2026\/\">plan rekolekcji na nast\u0119pny rok liturgiczny<\/a>. Rekolekcje najcz\u0119\u015bciej trzydniowe odbywaj\u0105 si\u0119 w kilku cyklach: \u201eMi\u0142osierdzie w Biblii i Dzienniczku\u201d, \u201eSzko\u0142a modlitwy ze \u015bw. Faustyny\u201d, \u201eMi\u0142osierni w codzienno\u015bci\u201d, \u201eKobiety w Biblii\u201d , \u201eZ Faustyn\u0105 w codzienno\u015bci\u201d, a ponad to prowadzone s\u0105 dla kobiet, dla os\u00f3b po utracie dziecka lub po\u015bwi\u0119cone wybranemu tematowi, np.: \u201eImiona Jezusa w Dzienniczku\u201d. Rekolekcje prowadz\u0105 kap\u0142ani diecezjalni i zakonni oraz siostry ze Zgromadzenia Matki Bo\u017cej Mi\u0142osierdzia. Mo\u017cna te\u017c skorzysta\u0107 z rekolekcji indywidualnych w uzgodnionych terminach.<\/p>\n","protected":false},"excerpt":{"rendered":"<p>Na stronie: www.faustinum.pl udost\u0119pniono plan rekolekcji na nast\u0119pny rok liturgiczny. Rekolekcje najcz\u0119\u015bciej trzydniowe odbywaj\u0105 si\u0119 w kilku cyklach: \u201eMi\u0142osierdzie w Biblii i Dzienniczku\u201d, \u201eSzko\u0142a modlitwy ze \u015bw. Faustyny\u201d, \u201eMi\u0142osierni w codzienno\u015bci\u201d, \u201eKobiety w Biblii\u201d , \u201eZ Faustyn\u0105 w codzienno\u015bci\u201d, a ponad to prowadzone s\u0105 dla kobiet, dla os\u00f3b po utracie dziecka lub po\u015bwi\u0119cone wybranemu tematowi, [&hellip;]<\/p>\n","protected":false},"author":2,"featured_media":31306,"parent":0,"menu_order":-1662,"comment_status":"closed","ping_status":"closed","template":"","meta":{"footnotes":""},"categories":[4],"tags":[],"class_list":["post-31305","page","type-page","status-publish","has-post-thumbnail","hentry","category-aktualnosci"],"_links":{"self":[{"href":"https:\/\/www.faustyna.pl\/zmbm\/wp-json\/wp\/v2\/pages\/31305","targetHints":{"allow":["GET"]}}],"collection":[{"href":"https:\/\/www.faustyna.pl\/zmbm\/wp-json\/wp\/v2\/pages"}],"about":[{"href":"https:\/\/www.faustyna.pl\/zmbm\/wp-json\/wp\/v2\/types\/page"}],"author":[{"embeddable":true,"href":"https:\/\/www.faustyna.pl\/zmbm\/wp-json\/wp\/v2\/users\/2"}],"replies":[{"embeddable":true,"href":"https:\/\/www.faustyna.pl\/zmbm\/wp-json\/wp\/v2\/comments?post=31305"}],"version-history":[{"count":2,"href":"https:\/\/www.faustyna.pl\/zmbm\/wp-json\/wp\/v2\/pages\/31305\/revisions"}],"predecessor-version":[{"id":31512,"href":"https:\/\/www.faustyna.pl\/zmbm\/wp-json\/wp\/v2\/pages\/31305\/revisions\/31512"}],"wp:featuredmedia":[{"embeddable":true,"href":"https:\/\/www.faustyna.pl\/zmbm\/wp-json\/wp\/v2\/media\/31306"}],"wp:attachment":[{"href":"https:\/\/www.faustyna.pl\/zmbm\/wp-json\/wp\/v2\/media?parent=31305"}],"wp:term":[{"taxonomy":"category","embeddable":true,"href":"https:\/\/www.faustyna.pl\/zmbm\/wp-json\/wp\/v2\/categories?post=31305"},{"taxonomy":"post_tag","embeddable":true,"href":"https:\/\/www.faustyna.pl\/zmbm\/wp-json\/wp\/v2\/tags?post=31305"}],"curies":[{"name":"wp","href":"https:\/\/api.w.org\/{rel}","templated":true}]}}