



{"id":31320,"date":"2025-11-08T10:13:42","date_gmt":"2025-11-08T09:13:42","guid":{"rendered":"https:\/\/www.faustyna.pl\/zmbm\/?page_id=31320"},"modified":"2026-03-21T19:20:36","modified_gmt":"2026-03-21T18:20:36","slug":"rekolekcje-w-jezyku-niemieckim-w-lagiewnikach","status":"publish","type":"page","link":"https:\/\/www.faustyna.pl\/zmbm\/rekolekcje-w-jezyku-niemieckim-w-lagiewnikach\/","title":{"rendered":"Rekolekcje w j\u0119zyku niemieckim w \u0141agiewnikach"},"content":{"rendered":"<p style=\"text-align: justify\"><a href=\"https:\/\/www.faustyna.pl\/zmbm\/wp-content\/uploads\/2025\/11\/Sanktuarium_Lagiewniki_2023.jpg\" data-gallery><img loading=\"lazy\" decoding=\"async\" class=\"size-medium wp-image-31323 alignnone\" src=\"https:\/\/www.faustyna.pl\/zmbm\/wp-content\/uploads\/2025\/11\/Sanktuarium_Lagiewniki_2023-560x334.jpg\" alt=\"\" width=\"560\" height=\"334\" srcset=\"https:\/\/www.faustyna.pl\/zmbm\/wp-content\/uploads\/2025\/11\/Sanktuarium_Lagiewniki_2023-560x334.jpg 560w, https:\/\/www.faustyna.pl\/zmbm\/wp-content\/uploads\/2025\/11\/Sanktuarium_Lagiewniki_2023-140x83.jpg 140w, https:\/\/www.faustyna.pl\/zmbm\/wp-content\/uploads\/2025\/11\/Sanktuarium_Lagiewniki_2023.jpg 1024w\" sizes=\"auto, (max-width: 560px) 100vw, 560px\" \/><\/a><\/p>\n<p style=\"text-align: justify\">W dniach od 16 do 21 marca 2026 roku w Sanktuarium Bo\u017cego Mi\u0142osierdzia w Krakowie-\u0141agiewnikach i Centrum \u015bw. Jana Paw\u0142a II po raz pierwszy zostan\u0105 zorganizowane rekolekcje\u00a0 w j\u0119zyku niemieckim. Poprowadzi je ks. Josef Alber z diecezji Fulda, kt\u00f3ry jest cz\u0142onkiem stowarzyszenia \u201eFaustinum\u201d. W programie: Eucharystia, konferencje, osobiste rozmy\u015blania, modlitwa indywidulana i wsp\u00f3lnotowa, pos\u0142uga w konfesjonale.<\/p>\n","protected":false},"excerpt":{"rendered":"<p>W dniach od 16 do 21 marca 2026 roku w Sanktuarium Bo\u017cego Mi\u0142osierdzia w Krakowie-\u0141agiewnikach i Centrum \u015bw. Jana Paw\u0142a II po raz pierwszy zostan\u0105 zorganizowane rekolekcje\u00a0 w j\u0119zyku niemieckim. Poprowadzi je ks. Josef Alber z diecezji Fulda, kt\u00f3ry jest cz\u0142onkiem stowarzyszenia \u201eFaustinum\u201d. W programie: Eucharystia, konferencje, osobiste rozmy\u015blania, modlitwa indywidulana i wsp\u00f3lnotowa, pos\u0142uga w [&hellip;]<\/p>\n","protected":false},"author":2,"featured_media":31323,"parent":0,"menu_order":-1568,"comment_status":"closed","ping_status":"closed","template":"","meta":{"footnotes":""},"categories":[104],"tags":[],"class_list":["post-31320","page","type-page","status-publish","has-post-thumbnail","hentry","category-archiwum"],"_links":{"self":[{"href":"https:\/\/www.faustyna.pl\/zmbm\/wp-json\/wp\/v2\/pages\/31320","targetHints":{"allow":["GET"]}}],"collection":[{"href":"https:\/\/www.faustyna.pl\/zmbm\/wp-json\/wp\/v2\/pages"}],"about":[{"href":"https:\/\/www.faustyna.pl\/zmbm\/wp-json\/wp\/v2\/types\/page"}],"author":[{"embeddable":true,"href":"https:\/\/www.faustyna.pl\/zmbm\/wp-json\/wp\/v2\/users\/2"}],"replies":[{"embeddable":true,"href":"https:\/\/www.faustyna.pl\/zmbm\/wp-json\/wp\/v2\/comments?post=31320"}],"version-history":[{"count":2,"href":"https:\/\/www.faustyna.pl\/zmbm\/wp-json\/wp\/v2\/pages\/31320\/revisions"}],"predecessor-version":[{"id":32025,"href":"https:\/\/www.faustyna.pl\/zmbm\/wp-json\/wp\/v2\/pages\/31320\/revisions\/32025"}],"wp:featuredmedia":[{"embeddable":true,"href":"https:\/\/www.faustyna.pl\/zmbm\/wp-json\/wp\/v2\/media\/31323"}],"wp:attachment":[{"href":"https:\/\/www.faustyna.pl\/zmbm\/wp-json\/wp\/v2\/media?parent=31320"}],"wp:term":[{"taxonomy":"category","embeddable":true,"href":"https:\/\/www.faustyna.pl\/zmbm\/wp-json\/wp\/v2\/categories?post=31320"},{"taxonomy":"post_tag","embeddable":true,"href":"https:\/\/www.faustyna.pl\/zmbm\/wp-json\/wp\/v2\/tags?post=31320"}],"curies":[{"name":"wp","href":"https:\/\/api.w.org\/{rel}","templated":true}]}}