



{"id":31390,"date":"2025-11-28T12:08:04","date_gmt":"2025-11-28T11:08:04","guid":{"rendered":"https:\/\/www.faustyna.pl\/zmbm\/?page_id=31390"},"modified":"2025-11-29T10:11:05","modified_gmt":"2025-11-29T09:11:05","slug":"odejscie-w-cisze-w-swinicach-warckich","status":"publish","type":"page","link":"https:\/\/www.faustyna.pl\/zmbm\/odejscie-w-cisze-w-swinicach-warckich\/","title":{"rendered":"\u201eOdej\u015bcie w cisz\u0119\u2026\u201d w \u015awinicach Warckich"},"content":{"rendered":"<p style=\"text-align: justify\"><a href=\"https:\/\/www.faustyna.pl\/zmbm\/wp-content\/uploads\/2025\/11\/Swinice_kaplica_2025.jpg\" data-gallery><img loading=\"lazy\" decoding=\"async\" class=\"size-medium wp-image-31391 alignnone\" src=\"https:\/\/www.faustyna.pl\/zmbm\/wp-content\/uploads\/2025\/11\/Swinice_kaplica_2025-560x334.jpg\" alt=\"\" width=\"560\" height=\"334\" srcset=\"https:\/\/www.faustyna.pl\/zmbm\/wp-content\/uploads\/2025\/11\/Swinice_kaplica_2025-560x334.jpg 560w, https:\/\/www.faustyna.pl\/zmbm\/wp-content\/uploads\/2025\/11\/Swinice_kaplica_2025-140x83.jpg 140w, https:\/\/www.faustyna.pl\/zmbm\/wp-content\/uploads\/2025\/11\/Swinice_kaplica_2025.jpg 1024w\" sizes=\"auto, (max-width: 560px) 100vw, 560px\" \/><\/a><\/p>\n<p style=\"text-align: justify\">Mo\u017cna \u201eodej\u015b\u0107 w cisz\u0119\u2026\u201d i zas\u0142ucha\u0107 si\u0119 w g\u0142os Boga, przemawiaj\u0105cego w sercu\u2026, w klasztorze Zgromadzenia Si\u00f3str Matki Bo\u017cej Mi\u0142osierdzia przy Sanktuarium Urodzin i Chrztu \u015bw. Siostry Faustyny\u00a0 w \u015awinicach Warckich. \u201eTu, gdzie wszystko si\u0119 zacz\u0119\u0142o\u2026\u201d w \u017cyciu Aposto\u0142ki Bo\u017cego Mi\u0142osierdzia. W miejscu, gdzie przysz\u0142a na \u015bwiat, gdzie zosta\u0142a ochrzczona i gdzie sp\u0119dzi\u0142a pierwsze lata \u017cycia \u2013 to \u201eodej\u015bcie\u201d na okre\u015blony czas, mo\u017ce by\u0107:<\/p>\n<ul style=\"text-align: justify\">\n<li>dniem skupienia, rekolekcjami indywidualnymi z Bibli\u0105 i \u201eDzienniczkiem\u201d \u015bw. Siostry Faustyny (z towarzyszeniem duchowym siostry),<\/li>\n<li>rekolekcjami indywidualnymi wed\u0142ug w\u0142asnego planu dnia<\/li>\n<li>zwyk\u0142ym wypoczynkiem \u2013 odej\u015bciem od pi\u0119trz\u0105cych si\u0119 pilnych spraw i obowi\u0105zk\u00f3w dnia powszedniego.<\/li>\n<\/ul>\n<p style=\"text-align: justify\">Wszystkich zainteresowanych, \u201ezachwyconych\u201d MI\u0141OSIERDZIEM i kochaj\u0105cych Jego sekretark\u0119 \u015bw. Siostr\u0119 Faustyn\u0119 <strong>serdecznie zapraszamy<\/strong> do klasztoru si\u00f3str w \u015awinicach Warckich.<\/p>\n<p style=\"text-align: justify\">Zg\u0142oszenia prosimy kierowa\u0107 na adres mailowy: <strong>dom-swinice@faustyna.pl<\/strong><\/p>\n<p style=\"text-align: justify\">Rekolekcje indywidualne\/ dzie\u0144 skupienia (z towarzyszeniem duchowym) odbywaj\u0105 si\u0119 wed\u0142ug poni\u017cszych zasad:<\/p>\n<ol>\n<li style=\"text-align: justify\">Prowadzone s\u0105\u00a0wed\u0142ug programu podanego przez\u00a0kierownika duchowego (siostr\u0119 ze\u00a0wsp\u00f3lnoty kontemplacyjnej Zgromadzenia Matki Bo\u017cej Mi\u0142osierdzia).<\/li>\n<li style=\"text-align: justify\">Prze\u017cywane s\u0105\u00a0w\u00a0pe\u0142nym milczeniu, z\u00a0wy\u0142\u0105czeniem telefonu kom\u00f3rkowego (i\u00a0innych urz\u0105dze\u0144 elektronicznych).<\/li>\n<li style=\"text-align: justify\">Uczestnik codziennie spotyka si\u0119 z\u00a0kierownikiem duchowym (20 minut), w\u00a0kt\u00f3rym\u00a0dzieli si\u0119 do\u015bwiadczeniem spotkania z\u00a0Bogiem oraz\u00a0otrzymuje pomoce do\u00a0modlitwy na\u00a0kolejny dzie\u0144.<\/li>\n<li style=\"text-align: justify\">Uczestnik ma\u00a0zapewniony nocleg w\u00a0klasztorze oraz\u00a0posi\u0142ki (za\u00a0ustalon\u0105 ofiar\u0105).<\/li>\n<li style=\"text-align: justify\">Zg\u0142oszenie na\u00a0rekolekcje \u2013 przynajmniej 2 tygodnie wcze\u015bniej \u2013 nale\u017cy kierowa\u0107 przez poczt\u0105 e-mailow\u0105, w\u00a0kt\u00f3rej\u00a0trzeba zaproponowa\u0107 termin rekolekcji (czas rekolekcji to\u00a0minimum 1 pe\u0142ny dzie\u0144 z\u00a0noclegiem, a\u00a0maksymalnie 3 dni).<\/li>\n<li style=\"text-align: justify\">Termin musi zosta\u0107 potwierdzony przez\u00a0siostry ze \u015awinic Warckich. W\u00a0razie braku wolnych miejsc (czy innych losowych wydarze\u0144) zostaje ustalony nowy termin mo\u017cliwy dla uczestnika i\u00a0organizator\u00f3w.<\/li>\n<li style=\"text-align: justify\">Przyjazd na\u00a0rekolekcje mo\u017cliwy jest wy\u0142\u0105cznie po\u00a0otrzymaniu potwierdzenia przyj\u0119cia na\u00a0rekolekcje przez siostry z klasztoru w \u015awinicach Warckich.<\/li>\n<li style=\"text-align: justify\">Na\u00a0rekolekcje nale\u017cy zabra\u0107 Pismo \u015awi\u0119te, notatnik oraz\u00a0zegarek (najlepiej nie\u00a0w\u00a0telefonie kom\u00f3rkowym).<\/li>\n<li style=\"text-align: justify\">Przed\u00a0rekolekcjami warto odprawi\u0107 nowenn\u0119 do\u00a0Ducha \u015awi\u0119tego z\u00a0pro\u015bb\u0105 o\u00a0serce otwarte na\u00a0Bo\u017ce dzia\u0142anie!<\/li>\n<\/ol>\n","protected":false},"excerpt":{"rendered":"<p>Mo\u017cna \u201eodej\u015b\u0107 w cisz\u0119\u2026\u201d i zas\u0142ucha\u0107 si\u0119 w g\u0142os Boga, przemawiaj\u0105cego w sercu\u2026, w klasztorze Zgromadzenia Si\u00f3str Matki Bo\u017cej Mi\u0142osierdzia przy Sanktuarium Urodzin i Chrztu \u015bw. Siostry Faustyny\u00a0 w \u015awinicach Warckich. \u201eTu, gdzie wszystko si\u0119 zacz\u0119\u0142o\u2026\u201d w \u017cyciu Aposto\u0142ki Bo\u017cego Mi\u0142osierdzia. W miejscu, gdzie przysz\u0142a na \u015bwiat, gdzie zosta\u0142a ochrzczona i gdzie sp\u0119dzi\u0142a pierwsze lata [&hellip;]<\/p>\n","protected":false},"author":2,"featured_media":31391,"parent":0,"menu_order":-1670,"comment_status":"closed","ping_status":"closed","template":"","meta":{"footnotes":""},"categories":[4],"tags":[],"class_list":["post-31390","page","type-page","status-publish","has-post-thumbnail","hentry","category-aktualnosci"],"_links":{"self":[{"href":"https:\/\/www.faustyna.pl\/zmbm\/wp-json\/wp\/v2\/pages\/31390","targetHints":{"allow":["GET"]}}],"collection":[{"href":"https:\/\/www.faustyna.pl\/zmbm\/wp-json\/wp\/v2\/pages"}],"about":[{"href":"https:\/\/www.faustyna.pl\/zmbm\/wp-json\/wp\/v2\/types\/page"}],"author":[{"embeddable":true,"href":"https:\/\/www.faustyna.pl\/zmbm\/wp-json\/wp\/v2\/users\/2"}],"replies":[{"embeddable":true,"href":"https:\/\/www.faustyna.pl\/zmbm\/wp-json\/wp\/v2\/comments?post=31390"}],"version-history":[{"count":1,"href":"https:\/\/www.faustyna.pl\/zmbm\/wp-json\/wp\/v2\/pages\/31390\/revisions"}],"predecessor-version":[{"id":31392,"href":"https:\/\/www.faustyna.pl\/zmbm\/wp-json\/wp\/v2\/pages\/31390\/revisions\/31392"}],"wp:featuredmedia":[{"embeddable":true,"href":"https:\/\/www.faustyna.pl\/zmbm\/wp-json\/wp\/v2\/media\/31391"}],"wp:attachment":[{"href":"https:\/\/www.faustyna.pl\/zmbm\/wp-json\/wp\/v2\/media?parent=31390"}],"wp:term":[{"taxonomy":"category","embeddable":true,"href":"https:\/\/www.faustyna.pl\/zmbm\/wp-json\/wp\/v2\/categories?post=31390"},{"taxonomy":"post_tag","embeddable":true,"href":"https:\/\/www.faustyna.pl\/zmbm\/wp-json\/wp\/v2\/tags?post=31390"}],"curies":[{"name":"wp","href":"https:\/\/api.w.org\/{rel}","templated":true}]}}