



{"id":31757,"date":"2026-01-25T09:49:01","date_gmt":"2026-01-25T08:49:01","guid":{"rendered":"https:\/\/www.faustyna.pl\/zmbm\/?page_id=31757"},"modified":"2026-05-01T16:54:38","modified_gmt":"2026-05-01T14:54:38","slug":"planetoida-faustina-i-ledochowska","status":"publish","type":"page","link":"https:\/\/www.faustyna.pl\/zmbm\/planetoida-faustina-i-ledochowska\/","title":{"rendered":"Planetoida Faustina i Ledochowska"},"content":{"rendered":"<p style=\"text-align: justify\"><a href=\"https:\/\/www.faustyna.pl\/zmbm\/wp-content\/uploads\/2026\/01\/niebo.jpg\" data-gallery><img loading=\"lazy\" decoding=\"async\" class=\"size-medium wp-image-31758 alignnone\" src=\"https:\/\/www.faustyna.pl\/zmbm\/wp-content\/uploads\/2026\/01\/niebo-560x333.jpg\" alt=\"\" width=\"560\" height=\"333\" srcset=\"https:\/\/www.faustyna.pl\/zmbm\/wp-content\/uploads\/2026\/01\/niebo-560x333.jpg 560w, https:\/\/www.faustyna.pl\/zmbm\/wp-content\/uploads\/2026\/01\/niebo-140x83.jpg 140w, https:\/\/www.faustyna.pl\/zmbm\/wp-content\/uploads\/2026\/01\/niebo.jpg 1024w\" sizes=\"auto, (max-width: 560px) 100vw, 560px\" \/><\/a><\/p>\n<p style=\"text-align: justify\">Dwie planetoidy, odkryte przez Astronomiczne Obserwatorium Watyka\u0144skie, zosta\u0142y nazwane na cze\u015b\u0107 polskich \u015bwi\u0119tych: \u015bw. Siostry Faustyny Kowalskiej i \u015bw. Urszuli Led\u00f3chowskiej. Informacj\u0119 poda\u0142a Mi\u0119dzynarodowa Unia Astronomiczna Planetoidy. Planetoidy odkryli watyka\u0144scy astonomowie: o. Richard P. Boyle SJ i jego wieloletni wsp\u00f3\u0142pracownik Kazimieras \u010cernis z Wilna przy u\u017cyciu teleskopu Obserwatorium Watyka\u0144skiego na g\u00f3rze Graham w Arizonie.<\/p>\n","protected":false},"excerpt":{"rendered":"<p>Dwie planetoidy, odkryte przez Astronomiczne Obserwatorium Watyka\u0144skie, zosta\u0142y nazwane na cze\u015b\u0107 polskich \u015bwi\u0119tych: \u015bw. Siostry Faustyny Kowalskiej i \u015bw. Urszuli Led\u00f3chowskiej. Informacj\u0119 poda\u0142a Mi\u0119dzynarodowa Unia Astronomiczna Planetoidy. Planetoidy odkryli watyka\u0144scy astonomowie: o. Richard P. Boyle SJ i jego wieloletni wsp\u00f3\u0142pracownik Kazimieras \u010cernis z Wilna przy u\u017cyciu teleskopu Obserwatorium Watyka\u0144skiego na g\u00f3rze Graham w Arizonie.<\/p>\n","protected":false},"author":2,"featured_media":31758,"parent":0,"menu_order":-1579,"comment_status":"closed","ping_status":"closed","template":"","meta":{"footnotes":""},"categories":[104],"tags":[],"class_list":["post-31757","page","type-page","status-publish","has-post-thumbnail","hentry","category-archiwum"],"_links":{"self":[{"href":"https:\/\/www.faustyna.pl\/zmbm\/wp-json\/wp\/v2\/pages\/31757","targetHints":{"allow":["GET"]}}],"collection":[{"href":"https:\/\/www.faustyna.pl\/zmbm\/wp-json\/wp\/v2\/pages"}],"about":[{"href":"https:\/\/www.faustyna.pl\/zmbm\/wp-json\/wp\/v2\/types\/page"}],"author":[{"embeddable":true,"href":"https:\/\/www.faustyna.pl\/zmbm\/wp-json\/wp\/v2\/users\/2"}],"replies":[{"embeddable":true,"href":"https:\/\/www.faustyna.pl\/zmbm\/wp-json\/wp\/v2\/comments?post=31757"}],"version-history":[{"count":1,"href":"https:\/\/www.faustyna.pl\/zmbm\/wp-json\/wp\/v2\/pages\/31757\/revisions"}],"predecessor-version":[{"id":31759,"href":"https:\/\/www.faustyna.pl\/zmbm\/wp-json\/wp\/v2\/pages\/31757\/revisions\/31759"}],"wp:featuredmedia":[{"embeddable":true,"href":"https:\/\/www.faustyna.pl\/zmbm\/wp-json\/wp\/v2\/media\/31758"}],"wp:attachment":[{"href":"https:\/\/www.faustyna.pl\/zmbm\/wp-json\/wp\/v2\/media?parent=31757"}],"wp:term":[{"taxonomy":"category","embeddable":true,"href":"https:\/\/www.faustyna.pl\/zmbm\/wp-json\/wp\/v2\/categories?post=31757"},{"taxonomy":"post_tag","embeddable":true,"href":"https:\/\/www.faustyna.pl\/zmbm\/wp-json\/wp\/v2\/tags?post=31757"}],"curies":[{"name":"wp","href":"https:\/\/api.w.org\/{rel}","templated":true}]}}