



{"id":31832,"date":"2026-02-08T21:23:35","date_gmt":"2026-02-08T20:23:35","guid":{"rendered":"https:\/\/www.faustyna.pl\/zmbm\/?page_id=31832"},"modified":"2026-02-27T10:31:31","modified_gmt":"2026-02-27T09:31:31","slug":"prace-w-sanktuarium-bozego-milosierdzia-w-plocku","status":"publish","type":"page","link":"https:\/\/www.faustyna.pl\/zmbm\/prace-w-sanktuarium-bozego-milosierdzia-w-plocku\/","title":{"rendered":"Prace w Sanktuarium Bo\u017cego Mi\u0142osierdzia w P\u0142ocku"},"content":{"rendered":"<p style=\"text-align: justify\"><a href=\"https:\/\/www.faustyna.pl\/zmbm\/wp-content\/uploads\/2026\/02\/Prace_organy.jpg\" data-gallery><img loading=\"lazy\" decoding=\"async\" class=\"size-medium wp-image-31833 alignnone\" src=\"https:\/\/www.faustyna.pl\/zmbm\/wp-content\/uploads\/2026\/02\/Prace_organy-560x334.jpg\" alt=\"\" width=\"560\" height=\"334\" srcset=\"https:\/\/www.faustyna.pl\/zmbm\/wp-content\/uploads\/2026\/02\/Prace_organy-560x334.jpg 560w, https:\/\/www.faustyna.pl\/zmbm\/wp-content\/uploads\/2026\/02\/Prace_organy-140x83.jpg 140w, https:\/\/www.faustyna.pl\/zmbm\/wp-content\/uploads\/2026\/02\/Prace_organy.jpg 1024w\" sizes=\"auto, (max-width: 560px) 100vw, 560px\" \/><\/a><\/p>\n<p style=\"text-align: justify\">W 2025 roku w Sanktuarium Bo\u017cego Mi\u0142osierdzia w P\u0142ocku, dzi\u0119ki hojno\u015bci i wielkoduszno\u015bci ofiarodawc\u00f3w uda\u0142o si\u0119 nam wykona\u0107 wiele prac.\u00a0Od kwietnia do grudnia 2025 trwa\u0142y prace projektowe zwi\u0105zane z urz\u0105dzeniem wn\u0119trza naszej \u015bwi\u0105tyni; naby\u0142y\u015bmy nowe organy wraz z g\u0142o\u015bnikami; zosta\u0142a wykonana pod\u015bwietlona gablota w kruchcie Sanktuarium; zainstalowany zosta\u0142 sprz\u0119t do transmisji online oraz pod\u0142\u0105czony internet w nowym obiekcie; zako\u0144czono prace zwi\u0105zane z systemami zapewniaj\u0105cymi bezpiecze\u0144stwo przebywaj\u0105cym na naszym terenie osobom (system przeciwpo\u017carowy, monitoring, kontrola dost\u0119pu itp.); wykonane zosta\u0142y nasadzenia na dziedzi\u0144cu Sanktuarium oraz wiata \u015bmietnikowa. Wyposa\u017cy\u0142y\u015bmy sal\u0119 konferencyjn\u0105 w sto\u0142y, potrzebne meble oraz nag\u0142o\u015bnienie; do kawiarni zosta\u0142y zakupione stoliki; urz\u0105dzi\u0142y\u015bmy pokoje z aneksami w nowej cz\u0119\u015bci Domu Pielgrzyma; odda\u0142y\u015bmy do u\u017cytku pielgrzym\u00f3w toalety, kt\u00f3re zosta\u0142y zaopatrzone w dozowniki r\u0119cznik\u00f3w, myd\u0142a, papieru, itp.<\/p>\n<p style=\"text-align: justify\">Najwa\u017cniejszymi z prac zaplanowanych na rok 2026 s\u0105 po\u0142o\u017cenie posadzki i wykonanie nowych, wygodnych \u0142awek do Sanktuarium. Je\u015bli znajd\u0105 si\u0119 na to \u015brodki, zamierzamy r\u00f3wnie\u017c zainstalowa\u0107 docelowe nag\u0142o\u015bnienie i wykona\u0107 inne elementy wystroju wn\u0119trza. R\u00f3wnocze\u015bnie chcemy doposa\u017cy\u0107 kawiarenk\u0119 w niezb\u0119dne sprz\u0119ty: piec, naczynia i ekspres do kawy tak, aby mog\u0142a ona w pe\u0142ni s\u0142u\u017cy\u0107 pielgrzymom z ca\u0142ej Polski i ze \u015bwiata, przybywaj\u0105cym do naszego Sanktuarium.<\/p>\n<p style=\"text-align: justify\">Wykonanie powy\u017cszych prac nie by\u0142yby mo\u017cliwe bez wsparcia ofiarodawc\u00f3w. Wierzymy, \u017ce sam Pan B\u00f3g chce, aby to miejsce promieniowa\u0142o Jego Mi\u0142osierdziem i aby ka\u017cdy m\u00f3g\u0142 tu zaczerpn\u0105\u0107 ze \u0179r\u00f3d\u0142a, do\u015bwiadczaj\u0105c spotkania z Nim. Czujemy si\u0119 zaszczycone tym, \u017ce dane jest nam budowa\u0107 tak wa\u017cne miejsce, w kt\u00f3rym objawi\u0142 si\u0119 \u015bwi\u0119tej Siostrze Faustynie po raz pierwszy Jezus Mi\u0142osierny oraz \u017ce mo\u017cemy to czyni\u0107 wsp\u00f3lnie z Wami. Zapraszamy do Sanktuarium Bo\u017cego Mi\u0142osierdzia w P\u0142ocku!<\/p>\n","protected":false},"excerpt":{"rendered":"<p>W 2025 roku w Sanktuarium Bo\u017cego Mi\u0142osierdzia w P\u0142ocku, dzi\u0119ki hojno\u015bci i wielkoduszno\u015bci ofiarodawc\u00f3w uda\u0142o si\u0119 nam wykona\u0107 wiele prac.\u00a0Od kwietnia do grudnia 2025 trwa\u0142y prace projektowe zwi\u0105zane z urz\u0105dzeniem wn\u0119trza naszej \u015bwi\u0105tyni; naby\u0142y\u015bmy nowe organy wraz z g\u0142o\u015bnikami; zosta\u0142a wykonana pod\u015bwietlona gablota w kruchcie Sanktuarium; zainstalowany zosta\u0142 sprz\u0119t do transmisji online oraz pod\u0142\u0105czony internet [&hellip;]<\/p>\n","protected":false},"author":2,"featured_media":31833,"parent":0,"menu_order":-1738,"comment_status":"closed","ping_status":"closed","template":"","meta":{"footnotes":""},"categories":[4],"tags":[],"class_list":["post-31832","page","type-page","status-publish","has-post-thumbnail","hentry","category-aktualnosci"],"_links":{"self":[{"href":"https:\/\/www.faustyna.pl\/zmbm\/wp-json\/wp\/v2\/pages\/31832","targetHints":{"allow":["GET"]}}],"collection":[{"href":"https:\/\/www.faustyna.pl\/zmbm\/wp-json\/wp\/v2\/pages"}],"about":[{"href":"https:\/\/www.faustyna.pl\/zmbm\/wp-json\/wp\/v2\/types\/page"}],"author":[{"embeddable":true,"href":"https:\/\/www.faustyna.pl\/zmbm\/wp-json\/wp\/v2\/users\/2"}],"replies":[{"embeddable":true,"href":"https:\/\/www.faustyna.pl\/zmbm\/wp-json\/wp\/v2\/comments?post=31832"}],"version-history":[{"count":1,"href":"https:\/\/www.faustyna.pl\/zmbm\/wp-json\/wp\/v2\/pages\/31832\/revisions"}],"predecessor-version":[{"id":31834,"href":"https:\/\/www.faustyna.pl\/zmbm\/wp-json\/wp\/v2\/pages\/31832\/revisions\/31834"}],"wp:featuredmedia":[{"embeddable":true,"href":"https:\/\/www.faustyna.pl\/zmbm\/wp-json\/wp\/v2\/media\/31833"}],"wp:attachment":[{"href":"https:\/\/www.faustyna.pl\/zmbm\/wp-json\/wp\/v2\/media?parent=31832"}],"wp:term":[{"taxonomy":"category","embeddable":true,"href":"https:\/\/www.faustyna.pl\/zmbm\/wp-json\/wp\/v2\/categories?post=31832"},{"taxonomy":"post_tag","embeddable":true,"href":"https:\/\/www.faustyna.pl\/zmbm\/wp-json\/wp\/v2\/tags?post=31832"}],"curies":[{"name":"wp","href":"https:\/\/api.w.org\/{rel}","templated":true}]}}