



{"id":31996,"date":"2026-02-28T14:50:05","date_gmt":"2026-02-28T13:50:05","guid":{"rendered":"https:\/\/www.faustyna.pl\/zmbm\/?page_id=31996"},"modified":"2026-03-23T21:50:07","modified_gmt":"2026-03-23T20:50:07","slug":"slowo-boze-i-dzienniczek-ii-niedziela-wielkiego-postu","status":"publish","type":"page","link":"https:\/\/www.faustyna.pl\/zmbm\/slowo-boze-i-dzienniczek-ii-niedziela-wielkiego-postu\/","title":{"rendered":"S\u0142owo Bo\u017ce i \u201eDzienniczek\u201d \u2013 II niedziela Wielkiego Postu"},"content":{"rendered":"<p style=\"text-align: justify\"><em><a href=\"https:\/\/www.faustyna.pl\/zmbm\/wp-content\/uploads\/2026\/02\/Przemienienie-na-Gorze-Tabor.jpg\" data-gallery><img loading=\"lazy\" decoding=\"async\" class=\"size-medium wp-image-31997 alignnone\" src=\"https:\/\/www.faustyna.pl\/zmbm\/wp-content\/uploads\/2026\/02\/Przemienienie-na-Gorze-Tabor-560x333.jpg\" alt=\"\" width=\"560\" height=\"333\" srcset=\"https:\/\/www.faustyna.pl\/zmbm\/wp-content\/uploads\/2026\/02\/Przemienienie-na-Gorze-Tabor-560x333.jpg 560w, https:\/\/www.faustyna.pl\/zmbm\/wp-content\/uploads\/2026\/02\/Przemienienie-na-Gorze-Tabor-140x83.jpg 140w, https:\/\/www.faustyna.pl\/zmbm\/wp-content\/uploads\/2026\/02\/Przemienienie-na-Gorze-Tabor.jpg 1024w\" sizes=\"auto, (max-width: 560px) 100vw, 560px\" \/><\/a><\/em><\/p>\n<p style=\"text-align: justify\"><em>Jezus zabra\u0142 ze sob\u0105 Piotra, Jakuba i jego brata Jana i wyprowadzi\u0142 ich z dala od ludzi na wysok\u0105 g\u00f3r\u0119. Tam przemieni\u0142 si\u0119 w ich obecno\u015bci, a Jego twarz ja\u015bnia\u0142a jak s\u0142o\u0144ce. Jego ubranie sta\u0142o si\u0119 bia\u0142e jak \u015bwiat\u0142o. Wtedy ukazali si\u0119 im Moj\u017cesz i Eliasz, kt\u00f3rzy z Nim rozmawiali. Piotr powiedzia\u0142 do Jezusa: \u201eJe\u015bli chcesz, postawi\u0119 tutaj trzy namioty: jeden dla Ciebie, drugi dla Moj\u017cesza, a trzeci dla Eliasza\u201d. A gdy jeszcze to m\u00f3wi\u0142, zas\u0142oni\u0142 ich \u015bwietlisty ob\u0142ok. Z ob\u0142oku rozleg\u0142 si\u0119 g\u0142os: \u201eOn jest moim Synem umi\u0142owanym, kt\u00f3rego sobie upodoba\u0142em. Jego S\u0142uchajcie!\u201d. Gdy uczniowie to us\u0142yszeli, upadli na twarz bardzo przera\u017ceni. A Jezus podszed\u0142, dotkn\u0105\u0142 ich i powiedzia\u0142: \u201eWsta\u0144cie! Nie b\u00f3jcie si\u0119!\u201d. Gdy podnie\u015bli oczy, nikogo ju\u017c nie widzieli, tylko samego Jezusa. Kiedy schodzili z g\u00f3ry, Jezus przykaza\u0142 im: \u201eNie m\u00f3wcie nikomu<\/em> <em>o tym widzeniu, dop\u00f3ki Syn Cz\u0142owieczy nie zostanie wskrzeszony z martwych\u201d<\/em> (Mt 17, 1-9).<\/p>\n<h3 style=\"text-align: center\"><span style=\"color: #800000\"><strong>\u201eDzienniczek\u201d \u015bw. Faustyny<\/strong><\/span><\/h3>\n<p style=\"text-align: justify\">Oto id\u0119, Panie, na Twoje wezwanie, oto id\u0119 na podb\u00f3j dusz, wsparta Tw\u0105 \u0142ask\u0105; jestem gotowa i\u015b\u0107 za Tob\u0105, Panie, nie tylko na Tabor, ale i na Kalwari\u0119. Pragn\u0119 sprowadza\u0107 dusze do \u017ar\u00f3d\u0142a mi\u0142osierdzia Twego, aby na wszystkich duszach odbi\u0142 si\u0119 blask Twych promieni mi\u0142osierdzia, aby dom Ojca naszego by\u0142 nape\u0142nion (Dz. 1488).<\/p>\n","protected":false},"excerpt":{"rendered":"<p>Jezus zabra\u0142 ze sob\u0105 Piotra, Jakuba i jego brata Jana i wyprowadzi\u0142 ich z dala od ludzi na wysok\u0105 g\u00f3r\u0119. Tam przemieni\u0142 si\u0119 w ich obecno\u015bci, a Jego twarz ja\u015bnia\u0142a jak s\u0142o\u0144ce. Jego ubranie sta\u0142o si\u0119 bia\u0142e jak \u015bwiat\u0142o. Wtedy ukazali si\u0119 im Moj\u017cesz i Eliasz, kt\u00f3rzy z Nim rozmawiali. Piotr powiedzia\u0142 do Jezusa: \u201eJe\u015bli [&hellip;]<\/p>\n","protected":false},"author":2,"featured_media":31997,"parent":0,"menu_order":-1560,"comment_status":"closed","ping_status":"closed","template":"","meta":{"footnotes":""},"categories":[104],"tags":[],"class_list":["post-31996","page","type-page","status-publish","has-post-thumbnail","hentry","category-archiwum"],"_links":{"self":[{"href":"https:\/\/www.faustyna.pl\/zmbm\/wp-json\/wp\/v2\/pages\/31996","targetHints":{"allow":["GET"]}}],"collection":[{"href":"https:\/\/www.faustyna.pl\/zmbm\/wp-json\/wp\/v2\/pages"}],"about":[{"href":"https:\/\/www.faustyna.pl\/zmbm\/wp-json\/wp\/v2\/types\/page"}],"author":[{"embeddable":true,"href":"https:\/\/www.faustyna.pl\/zmbm\/wp-json\/wp\/v2\/users\/2"}],"replies":[{"embeddable":true,"href":"https:\/\/www.faustyna.pl\/zmbm\/wp-json\/wp\/v2\/comments?post=31996"}],"version-history":[{"count":1,"href":"https:\/\/www.faustyna.pl\/zmbm\/wp-json\/wp\/v2\/pages\/31996\/revisions"}],"predecessor-version":[{"id":31998,"href":"https:\/\/www.faustyna.pl\/zmbm\/wp-json\/wp\/v2\/pages\/31996\/revisions\/31998"}],"wp:featuredmedia":[{"embeddable":true,"href":"https:\/\/www.faustyna.pl\/zmbm\/wp-json\/wp\/v2\/media\/31997"}],"wp:attachment":[{"href":"https:\/\/www.faustyna.pl\/zmbm\/wp-json\/wp\/v2\/media?parent=31996"}],"wp:term":[{"taxonomy":"category","embeddable":true,"href":"https:\/\/www.faustyna.pl\/zmbm\/wp-json\/wp\/v2\/categories?post=31996"},{"taxonomy":"post_tag","embeddable":true,"href":"https:\/\/www.faustyna.pl\/zmbm\/wp-json\/wp\/v2\/tags?post=31996"}],"curies":[{"name":"wp","href":"https:\/\/api.w.org\/{rel}","templated":true}]}}