



{"id":32011,"date":"2026-03-04T10:49:49","date_gmt":"2026-03-04T09:49:49","guid":{"rendered":"https:\/\/www.faustyna.pl\/zmbm\/?page_id=32011"},"modified":"2026-03-22T17:18:54","modified_gmt":"2026-03-22T16:18:54","slug":"rekolekcje-i-spotkania-w-szkocji","status":"publish","type":"page","link":"https:\/\/www.faustyna.pl\/zmbm\/rekolekcje-i-spotkania-w-szkocji\/","title":{"rendered":"Rekolekcje i spotkania w Szkocji"},"content":{"rendered":"<p><a href=\"https:\/\/www.faustyna.pl\/zmbm\/wp-content\/uploads\/2026\/03\/Holy_Family_Catholic_Church_Mossend_-_geograph.org_.uk_-_128150.jpg\" data-gallery><img loading=\"lazy\" decoding=\"async\" class=\"size-medium wp-image-32012 alignnone\" src=\"https:\/\/www.faustyna.pl\/zmbm\/wp-content\/uploads\/2026\/03\/Holy_Family_Catholic_Church_Mossend_-_geograph.org_.uk_-_128150-560x333.jpg\" alt=\"\" width=\"560\" height=\"333\" srcset=\"https:\/\/www.faustyna.pl\/zmbm\/wp-content\/uploads\/2026\/03\/Holy_Family_Catholic_Church_Mossend_-_geograph.org_.uk_-_128150-560x333.jpg 560w, https:\/\/www.faustyna.pl\/zmbm\/wp-content\/uploads\/2026\/03\/Holy_Family_Catholic_Church_Mossend_-_geograph.org_.uk_-_128150-140x83.jpg 140w, https:\/\/www.faustyna.pl\/zmbm\/wp-content\/uploads\/2026\/03\/Holy_Family_Catholic_Church_Mossend_-_geograph.org_.uk_-_128150.jpg 1024w\" sizes=\"auto, (max-width: 560px) 100vw, 560px\" \/><\/a><\/p>\n<p style=\"text-align: justify\">W dniach 19-22 marca br. w Mossend, w Parafii \u015awi\u0119tej Rodziny, odb\u0119d\u0105 si\u0119 wielkopostne rekolekcje o Bo\u017cym i ludzkim mi\u0142osierdziu w oparciu o s\u0142owo Bo\u017ce i duchowe dziedzictwo \u015bw. Siostry Faustyny. Rekolekcje dla wsp\u00f3lnoty polskiej i angloj\u0119zycznej poprowadz\u0105: s. Gaudia Skass i s. Tobiana Domiter z krakowskiej wsp\u00f3lnoty Zgromadzenia Matki Bo\u017cej Mi\u0142osierdzia. Rekolekcje b\u0119d\u0105 przygotowaniem do umieszczenia w \u015bwi\u0105tyni obrazu Jezusa Mi\u0142osiernego. Ponad to siostry spotkaj\u0105 si\u0119 dzie\u0107mi szko\u0142y podstawowej i m\u0142odzie\u017c\u0105\u00a0 z liceum. By podzieli\u0107 si\u0119 z nimi or\u0119dziem Mi\u0142osierdzia, kt\u00f3re jest wzywa do zaufania dobremu Bogu i czynnej mi\u0142o\u015bci bli\u017aniego. Foto: Chris Upson.<\/p>\n","protected":false},"excerpt":{"rendered":"<p>W dniach 19-22 marca br. w Mossend, w Parafii \u015awi\u0119tej Rodziny, odb\u0119d\u0105 si\u0119 wielkopostne rekolekcje o Bo\u017cym i ludzkim mi\u0142osierdziu w oparciu o s\u0142owo Bo\u017ce i duchowe dziedzictwo \u015bw. Siostry Faustyny. Rekolekcje dla wsp\u00f3lnoty polskiej i angloj\u0119zycznej poprowadz\u0105: s. Gaudia Skass i s. Tobiana Domiter z krakowskiej wsp\u00f3lnoty Zgromadzenia Matki Bo\u017cej Mi\u0142osierdzia. Rekolekcje b\u0119d\u0105 przygotowaniem [&hellip;]<\/p>\n","protected":false},"author":2,"featured_media":32012,"parent":0,"menu_order":-1569,"comment_status":"closed","ping_status":"closed","template":"","meta":{"footnotes":""},"categories":[104],"tags":[],"class_list":["post-32011","page","type-page","status-publish","has-post-thumbnail","hentry","category-archiwum"],"_links":{"self":[{"href":"https:\/\/www.faustyna.pl\/zmbm\/wp-json\/wp\/v2\/pages\/32011","targetHints":{"allow":["GET"]}}],"collection":[{"href":"https:\/\/www.faustyna.pl\/zmbm\/wp-json\/wp\/v2\/pages"}],"about":[{"href":"https:\/\/www.faustyna.pl\/zmbm\/wp-json\/wp\/v2\/types\/page"}],"author":[{"embeddable":true,"href":"https:\/\/www.faustyna.pl\/zmbm\/wp-json\/wp\/v2\/users\/2"}],"replies":[{"embeddable":true,"href":"https:\/\/www.faustyna.pl\/zmbm\/wp-json\/wp\/v2\/comments?post=32011"}],"version-history":[{"count":1,"href":"https:\/\/www.faustyna.pl\/zmbm\/wp-json\/wp\/v2\/pages\/32011\/revisions"}],"predecessor-version":[{"id":32013,"href":"https:\/\/www.faustyna.pl\/zmbm\/wp-json\/wp\/v2\/pages\/32011\/revisions\/32013"}],"wp:featuredmedia":[{"embeddable":true,"href":"https:\/\/www.faustyna.pl\/zmbm\/wp-json\/wp\/v2\/media\/32012"}],"wp:attachment":[{"href":"https:\/\/www.faustyna.pl\/zmbm\/wp-json\/wp\/v2\/media?parent=32011"}],"wp:term":[{"taxonomy":"category","embeddable":true,"href":"https:\/\/www.faustyna.pl\/zmbm\/wp-json\/wp\/v2\/categories?post=32011"},{"taxonomy":"post_tag","embeddable":true,"href":"https:\/\/www.faustyna.pl\/zmbm\/wp-json\/wp\/v2\/tags?post=32011"}],"curies":[{"name":"wp","href":"https:\/\/api.w.org\/{rel}","templated":true}]}}