



{"id":32026,"date":"2026-03-06T17:35:49","date_gmt":"2026-03-06T16:35:49","guid":{"rendered":"https:\/\/www.faustyna.pl\/zmbm\/?page_id=32026"},"modified":"2026-03-20T19:50:12","modified_gmt":"2026-03-20T18:50:12","slug":"swiety-jozef-opiekun-i-gospodarz","status":"publish","type":"page","link":"https:\/\/www.faustyna.pl\/zmbm\/swiety-jozef-opiekun-i-gospodarz\/","title":{"rendered":"\u015awi\u0119ty J\u00f3zef \u2013 opiekun i gospodarz"},"content":{"rendered":"<p><a href=\"https:\/\/www.faustyna.pl\/zmbm\/wp-content\/uploads\/2026\/03\/Opiekun_I_Gospodarz.jpg\" data-gallery><img loading=\"lazy\" decoding=\"async\" class=\"size-medium wp-image-32027 alignnone\" src=\"https:\/\/www.faustyna.pl\/zmbm\/wp-content\/uploads\/2026\/03\/Opiekun_I_Gospodarz-560x333.jpg\" alt=\"\" width=\"560\" height=\"333\" srcset=\"https:\/\/www.faustyna.pl\/zmbm\/wp-content\/uploads\/2026\/03\/Opiekun_I_Gospodarz-560x333.jpg 560w, https:\/\/www.faustyna.pl\/zmbm\/wp-content\/uploads\/2026\/03\/Opiekun_I_Gospodarz-140x83.jpg 140w, https:\/\/www.faustyna.pl\/zmbm\/wp-content\/uploads\/2026\/03\/Opiekun_I_Gospodarz.jpg 1024w\" sizes=\"auto, (max-width: 560px) 100vw, 560px\" \/><\/a><\/p>\n<p style=\"text-align: justify\">\u015awi\u0119ty J\u00f3zef od zawsze, czyli od pocz\u0105tku historii Zgromadzenia Si\u00f3str Matki Bo\u017cej Mi\u0142osierdzia cieszy si\u0119 wielk\u0105 czci\u0105. Jego obrazy zdobi\u0105 wszystkie zakonne kaplice. Najcz\u0119\u015bciej ma osobny o\u0142tarz po prawej stronie prezbiterium jak w Sanktuarium Bo\u017cego Mi\u0142osierdzia w Krakowie-\u0141agiewnikach. Jego figury mo\u017cna spotka\u0107 na klasztornych korytarzach, w zakonnych celach, miejscach pos\u0142ugi apostolskiej, a tak\u017ce w ogrodach i na klasztornych dziedzi\u0144cach. Jest gospodarzem ka\u017cdej posesji, domu, klasztoru, a wi\u0119c ma pod opiek\u0105 wszystko, nie tylko sprawy materialne, z czym najcz\u0119\u015bciej jest kojarzony, ale tak\u017ce, a mo\u017ce przede wszystkim troszczy si\u0119 o sprawy duchowe wsp\u00f3lnot naszego Zgromadzenia i dzie\u0142 przez nie prowadzonych. Siostry nazywaj\u0105 go \u201eOpiekunem i Ojcem\u201d i tak do niego si\u0119 zwracaj\u0105 w swych modlitwach, pewne, \u017ce \u201enigdy nie s\u0142yszano, aby ktokolwiek wzywaj\u0105cy jego opieki i b\u0142agaj\u0105cy o pomoc, pozosta\u0142 bez pociechy\u201d. W sprawach nagl\u0105cych \u015bl\u0105 \u201etelegramy\u201d, wymieniaj\u0105c bardzo konkretne problemy, wymagaj\u0105ce za\u0142atwienia.<\/p>\n<p style=\"text-align: justify\">Nie ma zwyczaju spisywania \u0142ask i doczesnych dobrodziejstw, kt\u00f3re zosta\u0142y wyproszone przez wstawiennictwo \u015bw. J\u00f3zefa, ale w domowych kronikach niekt\u00f3re z nich zosta\u0142y wymienione. St\u0105d wiadomo na przyk\u0142ad, \u017ce Sanktuarium Bo\u017cego Mi\u0142osierdzia w Krakowie-\u0141agiewnikach to posiad\u0142o\u015b\u0107 \u015bw. J\u00f3zefa, co zosta\u0142o zaznaczone nawet w oficjalnej nazwie: \u201eDom dla zaniedbanych dziewcz\u0105t fundacji ksi\u0119cia A. Lubomirskiego na J\u00f3zefowie w \u0141agiewnikach\u201d. \u00a0Przy g\u0142\u00f3wnej bramie wjazdowej na posesj\u0119 Zgromadzenia prawie do ko\u0144ca XX wieku widnia\u0142 napis \u201eJ\u00f3zef\u00f3w\u201d. Tak siostry nazwa\u0142y t\u0119 posesj\u0119 na cze\u015b\u0107 \u015bw. J\u00f3zefa, gdy\u017c jemu zawdzi\u0119cza\u0142y jej uproszenie. Pod koniec XIX wieku znalaz\u0142y si\u0119 bowiem w bardzo trudnym po\u0142o\u017ceniu, gdy\u017c dobrodziejka pani Helclowa wycofa\u0142a darowizn\u0119, co wi\u0105za\u0142o si\u0119 z konieczno\u015bci\u0105 opuszczenia przez siostry i wychowanki domu przy r\u00f3g ul. Straszewskiego i Zwierzynieckiej w Krakowie, a nowego lokum nie by\u0142o. Siostry b\u0142aga\u0142y wi\u0119c \u015bw. J\u00f3zefa, by pom\u00f3g\u0142 rozwi\u0105za\u0107 t\u0119 niezwykle trudn\u0105 sytuacj\u0119. I tak si\u0119 sta\u0142o. Ksi\u0105\u017c\u0119 Aleksander Lubomirski przekaza\u0142 spor\u0105 sum\u0119 pieni\u0119dzy na zak\u0142ad dla zaniedbanych dziewcz\u0105t, z kt\u00f3rej zakupiono kilkana\u015bcie hektar\u00f3w ziemi we wsi \u0141agiewniki pod Krakowem, wybudowano klasztor dla Zgromadzenia Si\u00f3str Matki Bo\u017cej Mi\u0142osierdzia oraz zak\u0142ad dla dziewcz\u0105t i kobiet potrzebuj\u0105cych g\u0142\u0119bokiej odnowy moralnej. Kaplic\u0119 pw. \u015bw. J\u00f3zefa 20 sierpnia 1891 roku po\u015bwieci\u0142 kard. Albin Dunajewski. W o\u0142tarzu umieszczono obraz \u015bw. J\u00f3zefa p\u0119dzla Franciszka Krudowskiego, a na placu przed klasztorem stan\u0119\u0142a kamienna figura Gospodarza \u201eJ\u00f3zefowa\u201d. Gdy w czasie pierwszej wojny \u015bwiatowej zg\u0142osi\u0142 si\u0119 do klasztoru austriacki oficer, szu\u00adkaj\u0105cy kwater dla \u017co\u0142nierzy, i za\u017c\u0105da\u0142 przywo\u0142ania gospodarza domu, s. Nepomucena Kalinowska, pe\u0142ni\u0105ca obowi\u0105zek furtianki, spokojnie wskaza\u0142a na stoj\u0105c\u0105 nieopodal figur\u0119 \u015bw. J\u00f3zefa, m\u00f3wi\u0105c: \u201eOto nasz Gospodarz\u201d. Na co \u00f3w oficer zasalutowa\u0142 \u015bw. J\u00f3zefowi i odszed\u0142.<\/p>\n<p style=\"text-align: justify\">\u015awi\u0119ty J\u00f3zef strzeg\u0142 i strze\u017ce tej posesji, kt\u00f3ra wiele razy w latach pierwszej i drugiej wojny by\u0142a zagro\u017cona przez Austriak\u00f3w i Niemc\u00f3w, kt\u00f3rzy chcieli wysiedli\u0107 siostry, a obiekty przeznaczy\u0107 na swoje cele. Zagro\u017cenie wi\u0105za\u0142o si\u0119 tak\u017ce z frontami wojennymi, tocz\u0105cymi si\u0119 w bezpo\u015bredniej blisko\u015bci posesji, co grozi\u0142o zupe\u0142nym zniszczeniem obiekt\u00f3w klasztornych. Ocala\u0142y wszystkie, tylko jedna bomba uszkodzi\u0142a troch\u0119 r\u00f3g klasztoru. W tamtych styczniowych dniach 1945 roku w piwnicach schroni\u0142y si\u0119 siostry, pracownicy i niekt\u00f3rzy mieszka\u0144cy \u0141agiewnik wraz z o. J\u00f3zefem Andraszem SJ, kt\u00f3ry wszystkim udzieli\u0142 absolucji generalnej na wypadek \u015bmierci. Wszyscy szcz\u0119\u015bliwie prze\u017cyli. Kolejne zagro\u017cenia przysz\u0142y ju\u017c \u00a0w czasach komunizmu, gdy Zgromadzeniu zabrano wi\u0119ksz\u0105 cz\u0119\u015b\u0107 posesji, pozostawiaj\u0105c tylko klasztor, cmentarz i cz\u0119\u015b\u0107 ogrodu. Po obaleniu komunizmu w 1989 roku staraniem Zgromadzenia zak\u0142ad wychowawczy i zabrana cz\u0119\u015b\u0107 posesji wr\u00f3ci\u0142a do Zgromadzenia. \u015awi\u0119ty J\u00f3zef wiedzia\u0142, \u017ce tu, gdzie wraz ze \u015bmierci\u0105 \u015bw. Siostry Faustyny Kowalskiej B\u00f3g zdeponowa\u0142 ca\u0142e jej duchowe dziedzictwo, b\u0119dzie \u015bwiatowa stolica kultu Bo\u017cego Mi\u0142osierdzia. Zadba\u0142 wi\u0119c nie tylko o odzyskanie zabranych posiad\u0142o\u015bci, ale tak\u017ce o gruntown\u0105 renowacj\u0119 kaplicy i budow\u0119 nowych obiekt\u00f3w, z kt\u00f3rych jeden nosi nazw\u0119 \u201eJ\u00f3zefinek\u201d. Ci, kt\u00f3rzy pami\u0119taj\u0105 w czasy komunizmu, doskonale wiedz\u0105, jak trudno by\u0142o cokolwiek zrobi\u0107 w obiektach ko\u015bcielnych, a co dopiero przeprowadzi\u0107 tak generalny remont w obiekcie zabytkowym i jeszcze budowa\u0107 nowe z my\u015bl\u0105 o rozwoju Sanktuarium, o potrzebach pielgrzym\u00f3w i dzie\u0142 apostolskich. To graniczy\u0142o z cudem. Tak \u015bwi\u0119ty J\u00f3zef dba\u0142 i dba o to miejsce, w kt\u00f3rym siostry wiedz\u0105, \u017ce jest z woli Bo\u017cej gospodarzem.<\/p>\n<p style=\"text-align: justify\">O swojej opiece \u015bw. J\u00f3zef osobi\u015bcie zape\u0142nia\u0142 te\u017c \u015bw. Siostr\u0119 Faustyn\u0119, kt\u00f3ra w wizjach widzia\u0142a go trzykrotnie. Najpierw w dniu ofiarowania Pa\u0144skiego 2 lutego 1936 roku wraz z Maryj\u0105 z Dzieci\u0105tkiem Jezus. W czasie Mszy sta\u0142 za Matk\u0105 Bo\u017c\u0105, kt\u00f3ra poda\u0142a Siostrze Faustynie Jezusa, m\u00f3wi\u0105c: \u201eOto nasz najdro\u017cszy Skarb\u201d (Dz. 608). Druga wizja \u015awi\u0119tej Rodziny mia\u0142a miejsce w wigili\u0119 Bo\u017cego Narodzenia 1937 roku na pocz\u0105tku Pasterki. Siostra Faustyna widzia\u0142a szopk\u0119 betlejemsk\u0105, a w niej \u015bpi\u0105cego \u015bw. J\u00f3zefa. Gdy Maryja u\u0142o\u017cy\u0142a Jezusa w \u017c\u0142\u00f3bku, wtedy \u201ejasno\u015b\u0107 Bo\u017ca zbudzi\u0142a J\u00f3zefa, kt\u00f3ry te\u017c si\u0119 modli\u0142\u201d (Dz.1442). Wcze\u015bniej, bo w ostatnich dw\u00f3ch dniach lipca 1937 roku, gdy przyjecha\u0142a do klasztoru Zgromadzenia w Rabce, zapisa\u0142a osobiste spotkanie ze \u015bw. J\u00f3zefem. W swoim \u201eDzienniczku\u201d zanotowa\u0142a: \u201e\u015awi\u0119ty J\u00f3zef za\u017c\u0105da\u0142, abym mia\u0142a do niego nieustanne nabo\u017ce\u0144stwo. Sam mi powiedzia\u0142, abym odmawia\u0142a codziennie trzy pacierze i raz <em>Pomnij<\/em>. Patrzy\u0142 si\u0119 z wielk\u0105 \u017cyczliwo\u015bci\u0105 i da\u0142 mi pozna\u0107, jak bardzo jest za tym dzie\u0142em, obieca\u0142 mi sw\u0105 szczeg\u00f3lniejsz\u0105 pomoc i opiek\u0119\u201d (Dz. 1203). Siostra Faustyna wiernie spe\u0142nia\u0142a pro\u015bb\u0119 \u015bw. J\u00f3zefa i codziennie odmawia\u0142a \u017c\u0105dane modlitwy. Zapisa\u0142a r\u00f3wnie\u017c, \u017ce czu\u0142a jego szczeg\u00f3ln\u0105 opiek\u0119.<\/p>\n<p style=\"text-align: justify\">Do tej obietnicy i troski \u015bw. J\u00f3zefa odwo\u0142uj\u0105 si\u0119 te\u017c wsp\u00f3\u0142czesne pokolenia si\u00f3str. Do\u015bwiadczaj\u0105 tego, \u017ce \u015bw. J\u00f3zef jest \u201eza tym dzie\u0142em\u201d, kt\u00f3re B\u00f3g zapocz\u0105tkowa\u0142 w \u017cyciu \u015bw. Faustyny i jej misji g\u0142oszenia \u015bwiatu or\u0119dzia Mi\u0142osierdzia. Odczuwaj\u0105 jego namacaln\u0105 pomoc i ojcowsk\u0105 opiek\u0119 w prowadzeniu wszystkich dzie\u0142 apostolskich. \u015awi\u0119ty J\u00f3zef troszczy si\u0119 o siostry, o \u0142agiewnickie Sanktuarium i dzie\u0142a w nim prowadzone przez Zgromadzenie z niezwyk\u0142\u0105 dobroci\u0105. Czuwa, by przez dobrych ludzi wspiera\u0107 te dzie\u0142a tak\u017ce materialnie dla wi\u0119kszej chwa\u0142y Mi\u0142osierdzia Bo\u017cego i duchowego po\u017cytku tych, do kt\u00f3rych siostry wysy\u0142a Pan B\u00f3g. Wyrazem wi\u0119zi Zgromadzenia ze \u015bw. J\u00f3zefem i jego czci jest cho\u0107by ta pie\u015b\u0144, kt\u00f3r\u0105 kilka lat temu napisa\u0142a \u015bp. s. Ancilla Mi\u0105sik z \u0142agiewnickiego klasztoru. W jej refrenie \u015bpiewamy:<\/p>\n<p>\u201eMy, Matki Bo\u017cej<br \/>\nMi\u0142osierdzia dzieci,<br \/>\ntwoja nad nami<br \/>\nopieka niech \u015bwieci,<br \/>\ntwoja, J\u00f3zefie,<br \/>\ni Maryi Przeczystej,<br \/>\ntu i w niebieskiej<br \/>\nkrainie wieczystej\u201d.<\/p>\n<p style=\"text-align: right\"><em>s. M. El\u017cbieta Siepak ZMBM<\/em><\/p>\n","protected":false},"excerpt":{"rendered":"<p>\u015awi\u0119ty J\u00f3zef od zawsze, czyli od pocz\u0105tku historii Zgromadzenia Si\u00f3str Matki Bo\u017cej Mi\u0142osierdzia cieszy si\u0119 wielk\u0105 czci\u0105. Jego obrazy zdobi\u0105 wszystkie zakonne kaplice. Najcz\u0119\u015bciej ma osobny o\u0142tarz po prawej stronie prezbiterium jak w Sanktuarium Bo\u017cego Mi\u0142osierdzia w Krakowie-\u0141agiewnikach. Jego figury mo\u017cna spotka\u0107 na klasztornych korytarzach, w zakonnych celach, miejscach pos\u0142ugi apostolskiej, a tak\u017ce w ogrodach [&hellip;]<\/p>\n","protected":false},"author":2,"featured_media":32027,"parent":0,"menu_order":-1567,"comment_status":"closed","ping_status":"closed","template":"","meta":{"footnotes":""},"categories":[104],"tags":[],"class_list":["post-32026","page","type-page","status-publish","has-post-thumbnail","hentry","category-archiwum"],"_links":{"self":[{"href":"https:\/\/www.faustyna.pl\/zmbm\/wp-json\/wp\/v2\/pages\/32026","targetHints":{"allow":["GET"]}}],"collection":[{"href":"https:\/\/www.faustyna.pl\/zmbm\/wp-json\/wp\/v2\/pages"}],"about":[{"href":"https:\/\/www.faustyna.pl\/zmbm\/wp-json\/wp\/v2\/types\/page"}],"author":[{"embeddable":true,"href":"https:\/\/www.faustyna.pl\/zmbm\/wp-json\/wp\/v2\/users\/2"}],"replies":[{"embeddable":true,"href":"https:\/\/www.faustyna.pl\/zmbm\/wp-json\/wp\/v2\/comments?post=32026"}],"version-history":[{"count":1,"href":"https:\/\/www.faustyna.pl\/zmbm\/wp-json\/wp\/v2\/pages\/32026\/revisions"}],"predecessor-version":[{"id":32028,"href":"https:\/\/www.faustyna.pl\/zmbm\/wp-json\/wp\/v2\/pages\/32026\/revisions\/32028"}],"wp:featuredmedia":[{"embeddable":true,"href":"https:\/\/www.faustyna.pl\/zmbm\/wp-json\/wp\/v2\/media\/32027"}],"wp:attachment":[{"href":"https:\/\/www.faustyna.pl\/zmbm\/wp-json\/wp\/v2\/media?parent=32026"}],"wp:term":[{"taxonomy":"category","embeddable":true,"href":"https:\/\/www.faustyna.pl\/zmbm\/wp-json\/wp\/v2\/categories?post=32026"},{"taxonomy":"post_tag","embeddable":true,"href":"https:\/\/www.faustyna.pl\/zmbm\/wp-json\/wp\/v2\/tags?post=32026"}],"curies":[{"name":"wp","href":"https:\/\/api.w.org\/{rel}","templated":true}]}}