



{"id":32055,"date":"2026-03-16T20:01:25","date_gmt":"2026-03-16T19:01:25","guid":{"rendered":"https:\/\/www.faustyna.pl\/zmbm\/?page_id=32055"},"modified":"2026-03-22T17:18:37","modified_gmt":"2026-03-22T16:18:37","slug":"troszczysz-sie-i-niepokoisz-o-wiele-4","status":"publish","type":"page","link":"https:\/\/www.faustyna.pl\/zmbm\/troszczysz-sie-i-niepokoisz-o-wiele-4\/","title":{"rendered":"\u201eTroszczysz si\u0119 i niepokoisz o wiele\u201d"},"content":{"rendered":"<p><a href=\"https:\/\/www.faustyna.pl\/zmbm\/wp-content\/uploads\/2026\/03\/Obraz_Henryka_Siemiradzkiego_wikipedia_domena_publiczna.jpg\" data-gallery><img loading=\"lazy\" decoding=\"async\" class=\"size-medium wp-image-32058 alignnone\" src=\"https:\/\/www.faustyna.pl\/zmbm\/wp-content\/uploads\/2026\/03\/Obraz_Henryka_Siemiradzkiego_wikipedia_domena_publiczna-560x333.jpg\" alt=\"\" width=\"560\" height=\"333\" srcset=\"https:\/\/www.faustyna.pl\/zmbm\/wp-content\/uploads\/2026\/03\/Obraz_Henryka_Siemiradzkiego_wikipedia_domena_publiczna-560x333.jpg 560w, https:\/\/www.faustyna.pl\/zmbm\/wp-content\/uploads\/2026\/03\/Obraz_Henryka_Siemiradzkiego_wikipedia_domena_publiczna-140x83.jpg 140w, https:\/\/www.faustyna.pl\/zmbm\/wp-content\/uploads\/2026\/03\/Obraz_Henryka_Siemiradzkiego_wikipedia_domena_publiczna.jpg 1024w\" sizes=\"auto, (max-width: 560px) 100vw, 560px\" \/><\/a><\/p>\n<p style=\"text-align: justify\">Pod takim has\u0142em, zaczerpni\u0119tym z Ewangelii \u015bw. \u0141ukasza (\u0141k 10, 41), w dniach 20-22 marca br. odb\u0119d\u0105 si\u0119 rekolekcje dla kobiet w Kazachstanie, w Ozjornoje. Rekolekcje w ramach projektu \u201eSamarytanka\u201d poprowadz\u0105: s. Anastasis Omelchenko ISMM i s. Kazimiera Wanat CSFN.<\/p>\n<p style=\"text-align: justify\">Marta i Maria zach\u0119caj\u0105 do poszukiwania r\u00f3wnowagi: dzia\u0142ania i obecno\u015bci, aktywno\u015bci i ciszy, gdzie obie drogi maj\u0105 swoje miejsce w \u017cyciu kobiety. Spotkanie z tymi siostrami oraz najdro\u017cszym Go\u015bciem ich domu mo\u017ce zapocz\u0105tkowa\u0107 rozmow\u0119 o napi\u0119ciu mi\u0119dzy w\u0142asn\u0105 aktywno\u015bci\u0105 a obecno\u015bci\u0105, o tym, \u017ce w kobieco\u015bci jest miejsce zar\u00f3wno na dzia\u0142anie, jak i na cisz\u0119.<\/p>\n","protected":false},"excerpt":{"rendered":"<p>Pod takim has\u0142em, zaczerpni\u0119tym z Ewangelii \u015bw. \u0141ukasza (\u0141k 10, 41), w dniach 20-22 marca br. odb\u0119d\u0105 si\u0119 rekolekcje dla kobiet w Kazachstanie, w Ozjornoje. Rekolekcje w ramach projektu \u201eSamarytanka\u201d poprowadz\u0105: s. Anastasis Omelchenko ISMM i s. Kazimiera Wanat CSFN. Marta i Maria zach\u0119caj\u0105 do poszukiwania r\u00f3wnowagi: dzia\u0142ania i obecno\u015bci, aktywno\u015bci i ciszy, gdzie obie [&hellip;]<\/p>\n","protected":false},"author":2,"featured_media":32058,"parent":0,"menu_order":-1569,"comment_status":"closed","ping_status":"closed","template":"","meta":{"footnotes":""},"categories":[104],"tags":[],"class_list":["post-32055","page","type-page","status-publish","has-post-thumbnail","hentry","category-archiwum"],"_links":{"self":[{"href":"https:\/\/www.faustyna.pl\/zmbm\/wp-json\/wp\/v2\/pages\/32055","targetHints":{"allow":["GET"]}}],"collection":[{"href":"https:\/\/www.faustyna.pl\/zmbm\/wp-json\/wp\/v2\/pages"}],"about":[{"href":"https:\/\/www.faustyna.pl\/zmbm\/wp-json\/wp\/v2\/types\/page"}],"author":[{"embeddable":true,"href":"https:\/\/www.faustyna.pl\/zmbm\/wp-json\/wp\/v2\/users\/2"}],"replies":[{"embeddable":true,"href":"https:\/\/www.faustyna.pl\/zmbm\/wp-json\/wp\/v2\/comments?post=32055"}],"version-history":[{"count":3,"href":"https:\/\/www.faustyna.pl\/zmbm\/wp-json\/wp\/v2\/pages\/32055\/revisions"}],"predecessor-version":[{"id":32059,"href":"https:\/\/www.faustyna.pl\/zmbm\/wp-json\/wp\/v2\/pages\/32055\/revisions\/32059"}],"wp:featuredmedia":[{"embeddable":true,"href":"https:\/\/www.faustyna.pl\/zmbm\/wp-json\/wp\/v2\/media\/32058"}],"wp:attachment":[{"href":"https:\/\/www.faustyna.pl\/zmbm\/wp-json\/wp\/v2\/media?parent=32055"}],"wp:term":[{"taxonomy":"category","embeddable":true,"href":"https:\/\/www.faustyna.pl\/zmbm\/wp-json\/wp\/v2\/categories?post=32055"},{"taxonomy":"post_tag","embeddable":true,"href":"https:\/\/www.faustyna.pl\/zmbm\/wp-json\/wp\/v2\/tags?post=32055"}],"curies":[{"name":"wp","href":"https:\/\/api.w.org\/{rel}","templated":true}]}}