



{"id":32064,"date":"2026-03-21T11:22:32","date_gmt":"2026-03-21T10:22:32","guid":{"rendered":"https:\/\/www.faustyna.pl\/zmbm\/?page_id=32064"},"modified":"2026-03-25T08:18:12","modified_gmt":"2026-03-25T07:18:12","slug":"rekolekcje-dla-dzieci-w-pruszczu-gdanskim","status":"publish","type":"page","link":"https:\/\/www.faustyna.pl\/zmbm\/rekolekcje-dla-dzieci-w-pruszczu-gdanskim\/","title":{"rendered":"Rekolekcje dla dzieci w Pruszczu Gda\u0144skim"},"content":{"rendered":"<p><a href=\"https:\/\/www.faustyna.pl\/zmbm\/wp-content\/uploads\/2026\/03\/Rekolekcje_dla_dzieci_obraz_Al.png\" data-gallery><img loading=\"lazy\" decoding=\"async\" class=\"size-medium wp-image-32065 alignnone\" src=\"https:\/\/www.faustyna.pl\/zmbm\/wp-content\/uploads\/2026\/03\/Rekolekcje_dla_dzieci_obraz_Al-560x334.png\" alt=\"\" width=\"560\" height=\"334\" srcset=\"https:\/\/www.faustyna.pl\/zmbm\/wp-content\/uploads\/2026\/03\/Rekolekcje_dla_dzieci_obraz_Al-560x334.png 560w, https:\/\/www.faustyna.pl\/zmbm\/wp-content\/uploads\/2026\/03\/Rekolekcje_dla_dzieci_obraz_Al-140x83.png 140w, https:\/\/www.faustyna.pl\/zmbm\/wp-content\/uploads\/2026\/03\/Rekolekcje_dla_dzieci_obraz_Al.png 1024w\" sizes=\"auto, (max-width: 560px) 100vw, 560px\" \/><\/a><\/p>\n<p style=\"text-align: justify\">W dniach 23-25 marca br. odb\u0119d\u0105 si\u0119 rekolekcje dla dzieci z Niepublicznej Szko\u0142y Katolickiej im. \u015bw. Jana Paw\u0142a II w Pruszczu Gda\u0144skim, a ich tematem przewodnim b\u0119dzie mi\u0142osierdzie Boskie i ludzkie. Pierwszy dzie\u0144 rekolekcji z dzie\u0107mi w klasach 1-8 \u2013 w trzech grupach wiekowych \u2013 poprowadz\u0105 s. Rachela i s. Agnes z krakowskiej wsp\u00f3lnoty Zgromadzenia Matki Bo\u017cej Mi\u0142osierdzia, kt\u00f3re poprzez r\u00f3\u017cne zabawy, konkursy, muzyk\u0119, niespodzianki b\u0119d\u0105 si\u0119 stara\u0142y przekaza\u0107 m\u0142odym przes\u0142anie Jezusa Mi\u0142osiernego zapisane w \u201eDzienniczku\u201d \u015bw. Siostry Faustyny.<\/p>\n","protected":false},"excerpt":{"rendered":"<p>W dniach 23-25 marca br. odb\u0119d\u0105 si\u0119 rekolekcje dla dzieci z Niepublicznej Szko\u0142y Katolickiej im. \u015bw. Jana Paw\u0142a II w Pruszczu Gda\u0144skim, a ich tematem przewodnim b\u0119dzie mi\u0142osierdzie Boskie i ludzkie. Pierwszy dzie\u0144 rekolekcji z dzie\u0107mi w klasach 1-8 \u2013 w trzech grupach wiekowych \u2013 poprowadz\u0105 s. Rachela i s. Agnes z krakowskiej wsp\u00f3lnoty Zgromadzenia [&hellip;]<\/p>\n","protected":false},"author":2,"featured_media":32065,"parent":0,"menu_order":-1571,"comment_status":"closed","ping_status":"closed","template":"","meta":{"footnotes":""},"categories":[104],"tags":[],"class_list":["post-32064","page","type-page","status-publish","has-post-thumbnail","hentry","category-archiwum"],"_links":{"self":[{"href":"https:\/\/www.faustyna.pl\/zmbm\/wp-json\/wp\/v2\/pages\/32064","targetHints":{"allow":["GET"]}}],"collection":[{"href":"https:\/\/www.faustyna.pl\/zmbm\/wp-json\/wp\/v2\/pages"}],"about":[{"href":"https:\/\/www.faustyna.pl\/zmbm\/wp-json\/wp\/v2\/types\/page"}],"author":[{"embeddable":true,"href":"https:\/\/www.faustyna.pl\/zmbm\/wp-json\/wp\/v2\/users\/2"}],"replies":[{"embeddable":true,"href":"https:\/\/www.faustyna.pl\/zmbm\/wp-json\/wp\/v2\/comments?post=32064"}],"version-history":[{"count":1,"href":"https:\/\/www.faustyna.pl\/zmbm\/wp-json\/wp\/v2\/pages\/32064\/revisions"}],"predecessor-version":[{"id":32066,"href":"https:\/\/www.faustyna.pl\/zmbm\/wp-json\/wp\/v2\/pages\/32064\/revisions\/32066"}],"wp:featuredmedia":[{"embeddable":true,"href":"https:\/\/www.faustyna.pl\/zmbm\/wp-json\/wp\/v2\/media\/32065"}],"wp:attachment":[{"href":"https:\/\/www.faustyna.pl\/zmbm\/wp-json\/wp\/v2\/media?parent=32064"}],"wp:term":[{"taxonomy":"category","embeddable":true,"href":"https:\/\/www.faustyna.pl\/zmbm\/wp-json\/wp\/v2\/categories?post=32064"},{"taxonomy":"post_tag","embeddable":true,"href":"https:\/\/www.faustyna.pl\/zmbm\/wp-json\/wp\/v2\/tags?post=32064"}],"curies":[{"name":"wp","href":"https:\/\/api.w.org\/{rel}","templated":true}]}}