



{"id":32069,"date":"2026-03-21T11:27:03","date_gmt":"2026-03-21T10:27:03","guid":{"rendered":"https:\/\/www.faustyna.pl\/zmbm\/?page_id=32069"},"modified":"2026-03-29T20:06:07","modified_gmt":"2026-03-29T18:06:07","slug":"nowa-wspolnota-faustinum-w-aleksandrowie-lodzkim","status":"publish","type":"page","link":"https:\/\/www.faustyna.pl\/zmbm\/nowa-wspolnota-faustinum-w-aleksandrowie-lodzkim\/","title":{"rendered":"Nowa wsp\u00f3lnota &#8222;Faustinum&#8221; w Aleksandrowie \u0141\u00f3dzkim"},"content":{"rendered":"<p><a href=\"https:\/\/www.faustyna.pl\/zmbm\/wp-content\/uploads\/2026\/03\/Aleksandow_Lodzki_foto_ISMM.jpg\" data-gallery><img loading=\"lazy\" decoding=\"async\" class=\"size-medium wp-image-32070 alignnone\" src=\"https:\/\/www.faustyna.pl\/zmbm\/wp-content\/uploads\/2026\/03\/Aleksandow_Lodzki_foto_ISMM-560x333.jpg\" alt=\"\" width=\"560\" height=\"333\" srcset=\"https:\/\/www.faustyna.pl\/zmbm\/wp-content\/uploads\/2026\/03\/Aleksandow_Lodzki_foto_ISMM-560x333.jpg 560w, https:\/\/www.faustyna.pl\/zmbm\/wp-content\/uploads\/2026\/03\/Aleksandow_Lodzki_foto_ISMM-140x83.jpg 140w, https:\/\/www.faustyna.pl\/zmbm\/wp-content\/uploads\/2026\/03\/Aleksandow_Lodzki_foto_ISMM.jpg 1024w\" sizes=\"auto, (max-width: 560px) 100vw, 560px\" \/><\/a><\/p>\n<p style=\"text-align: justify\">29 marca w parafii \u015bw. Archanio\u0142\u00f3w Micha\u0142a, Gabriela i Rafa\u0142a w Aleksandrowie \u0141\u00f3dzkim rozpocznie sw\u0105 formacyjna dzia\u0142alno\u015b\u0107 wsp\u00f3lnota \u201eFaustinum\u201d. Jej pierwsze spotkanie rozpocznie si\u0119 o godzinie 15.00 modlitw\u0105 w Godzinie Mi\u0142osierdzia i Koronka do Mi\u0142osierdzia Bo\u017cego. Nast\u0119pnie spotkanie w salce parafialnej z konferencj\u0105 s. Diany Kuczek z krakowskiej wsp\u00f3lnoty Zgromadzenia Matki Bo\u017cej Mi\u0142osierdzia oraz agapa. Zapraszamy wszystkich zainteresowanych duchowo\u015bci\u0105 \u015bw. Faustyny, kt\u00f3ra w tej parafii przyj\u0119\u0142a sakrament bierzmowania. Przy tej okazji s. Diana podzieli si\u0119 or\u0119dziem Mi\u0142osierdzia, zapisanym w \u201eDzienniczku\u201d \u015bw. Faustyny, z wiernymi tej parafii podczas Mszy \u015bw. w sobot\u0119, 28 marca, godzinie 18.00 oraz w niedziel\u0119 o godzinie: 7.00, 9.00, 10. 30, 12.00 i 18.00.<\/p>\n","protected":false},"excerpt":{"rendered":"<p>29 marca w parafii \u015bw. Archanio\u0142\u00f3w Micha\u0142a, Gabriela i Rafa\u0142a w Aleksandrowie \u0141\u00f3dzkim rozpocznie sw\u0105 formacyjna dzia\u0142alno\u015b\u0107 wsp\u00f3lnota \u201eFaustinum\u201d. Jej pierwsze spotkanie rozpocznie si\u0119 o godzinie 15.00 modlitw\u0105 w Godzinie Mi\u0142osierdzia i Koronka do Mi\u0142osierdzia Bo\u017cego. Nast\u0119pnie spotkanie w salce parafialnej z konferencj\u0105 s. Diany Kuczek z krakowskiej wsp\u00f3lnoty Zgromadzenia Matki Bo\u017cej Mi\u0142osierdzia oraz agapa. [&hellip;]<\/p>\n","protected":false},"author":2,"featured_media":32070,"parent":0,"menu_order":-1573,"comment_status":"closed","ping_status":"closed","template":"","meta":{"footnotes":""},"categories":[104],"tags":[],"class_list":["post-32069","page","type-page","status-publish","has-post-thumbnail","hentry","category-archiwum"],"_links":{"self":[{"href":"https:\/\/www.faustyna.pl\/zmbm\/wp-json\/wp\/v2\/pages\/32069","targetHints":{"allow":["GET"]}}],"collection":[{"href":"https:\/\/www.faustyna.pl\/zmbm\/wp-json\/wp\/v2\/pages"}],"about":[{"href":"https:\/\/www.faustyna.pl\/zmbm\/wp-json\/wp\/v2\/types\/page"}],"author":[{"embeddable":true,"href":"https:\/\/www.faustyna.pl\/zmbm\/wp-json\/wp\/v2\/users\/2"}],"replies":[{"embeddable":true,"href":"https:\/\/www.faustyna.pl\/zmbm\/wp-json\/wp\/v2\/comments?post=32069"}],"version-history":[{"count":1,"href":"https:\/\/www.faustyna.pl\/zmbm\/wp-json\/wp\/v2\/pages\/32069\/revisions"}],"predecessor-version":[{"id":32071,"href":"https:\/\/www.faustyna.pl\/zmbm\/wp-json\/wp\/v2\/pages\/32069\/revisions\/32071"}],"wp:featuredmedia":[{"embeddable":true,"href":"https:\/\/www.faustyna.pl\/zmbm\/wp-json\/wp\/v2\/media\/32070"}],"wp:attachment":[{"href":"https:\/\/www.faustyna.pl\/zmbm\/wp-json\/wp\/v2\/media?parent=32069"}],"wp:term":[{"taxonomy":"category","embeddable":true,"href":"https:\/\/www.faustyna.pl\/zmbm\/wp-json\/wp\/v2\/categories?post=32069"},{"taxonomy":"post_tag","embeddable":true,"href":"https:\/\/www.faustyna.pl\/zmbm\/wp-json\/wp\/v2\/tags?post=32069"}],"curies":[{"name":"wp","href":"https:\/\/api.w.org\/{rel}","templated":true}]}}