



{"id":32080,"date":"2026-03-25T18:34:22","date_gmt":"2026-03-25T17:34:22","guid":{"rendered":"https:\/\/www.faustyna.pl\/zmbm\/?page_id=32080"},"modified":"2026-03-29T20:06:16","modified_gmt":"2026-03-29T18:06:16","slug":"pasyjna-modlitwa-muzyka-i-piesnia","status":"publish","type":"page","link":"https:\/\/www.faustyna.pl\/zmbm\/pasyjna-modlitwa-muzyka-i-piesnia\/","title":{"rendered":"Pasyjna modlitwa muzyk\u0105 i pie\u015bni\u0105"},"content":{"rendered":"<p><a href=\"https:\/\/www.faustyna.pl\/zmbm\/wp-content\/uploads\/2026\/03\/Chor_ISMM_2025.png\" data-gallery><img loading=\"lazy\" decoding=\"async\" class=\"size-medium wp-image-32087 alignnone\" src=\"https:\/\/www.faustyna.pl\/zmbm\/wp-content\/uploads\/2026\/03\/Chor_ISMM_2025-560x333.png\" alt=\"\" width=\"560\" height=\"333\" srcset=\"https:\/\/www.faustyna.pl\/zmbm\/wp-content\/uploads\/2026\/03\/Chor_ISMM_2025-560x333.png 560w, https:\/\/www.faustyna.pl\/zmbm\/wp-content\/uploads\/2026\/03\/Chor_ISMM_2025-140x83.png 140w, https:\/\/www.faustyna.pl\/zmbm\/wp-content\/uploads\/2026\/03\/Chor_ISMM_2025.png 1024w\" sizes=\"auto, (max-width: 560px) 100vw, 560px\" \/><\/a><\/p>\n<p style=\"text-align: justify\">W Niedziel\u0119 Palmow\u0105, 29 marca br., siostry ze Zgromadzenia Matki Bo\u017cej Mi\u0142osierdzia zapraszaj\u0105 do Sanktuarium Bo\u017cego Mi\u0142osierdzia w Krakowie-\u0141agiewnikach na modlitw\u0119 muzyk\u0105 i pie\u015bni\u0105 o godzinie 18.30 \u2013 p\u00f3\u0142 godziny przed Msz\u0105 \u015bw., kt\u00f3ra celebrowana jest o godzinie 19.00. W kaplicy z \u0142askami s\u0142yn\u0105cym obrazem Jezusa Mi\u0142osiernego i grobem \u015bw. Faustyny \u015bpiewane b\u0119d\u0105 tradycyjne i nowe pie\u015bni pasyjne w wykonaniu ch\u00f3ru si\u00f3str\u00a0 oraz przy akompaniamencie organ\u00f3w i skrzypiec, co pomo\u017ce w kontemplacji tajemnicy mi\u0142osierdzia Bo\u017cego najpe\u0142niej objawionej w\u0142a\u015bnie w m\u0119ce Pana Jezusa.<\/p>\n","protected":false},"excerpt":{"rendered":"<p>W Niedziel\u0119 Palmow\u0105, 29 marca br., siostry ze Zgromadzenia Matki Bo\u017cej Mi\u0142osierdzia zapraszaj\u0105 do Sanktuarium Bo\u017cego Mi\u0142osierdzia w Krakowie-\u0141agiewnikach na modlitw\u0119 muzyk\u0105 i pie\u015bni\u0105 o godzinie 18.30 \u2013 p\u00f3\u0142 godziny przed Msz\u0105 \u015bw., kt\u00f3ra celebrowana jest o godzinie 19.00. W kaplicy z \u0142askami s\u0142yn\u0105cym obrazem Jezusa Mi\u0142osiernego i grobem \u015bw. Faustyny \u015bpiewane b\u0119d\u0105 tradycyjne i [&hellip;]<\/p>\n","protected":false},"author":2,"featured_media":32087,"parent":0,"menu_order":-1573,"comment_status":"closed","ping_status":"closed","template":"","meta":{"footnotes":""},"categories":[104],"tags":[],"class_list":["post-32080","page","type-page","status-publish","has-post-thumbnail","hentry","category-archiwum"],"_links":{"self":[{"href":"https:\/\/www.faustyna.pl\/zmbm\/wp-json\/wp\/v2\/pages\/32080","targetHints":{"allow":["GET"]}}],"collection":[{"href":"https:\/\/www.faustyna.pl\/zmbm\/wp-json\/wp\/v2\/pages"}],"about":[{"href":"https:\/\/www.faustyna.pl\/zmbm\/wp-json\/wp\/v2\/types\/page"}],"author":[{"embeddable":true,"href":"https:\/\/www.faustyna.pl\/zmbm\/wp-json\/wp\/v2\/users\/2"}],"replies":[{"embeddable":true,"href":"https:\/\/www.faustyna.pl\/zmbm\/wp-json\/wp\/v2\/comments?post=32080"}],"version-history":[{"count":2,"href":"https:\/\/www.faustyna.pl\/zmbm\/wp-json\/wp\/v2\/pages\/32080\/revisions"}],"predecessor-version":[{"id":32088,"href":"https:\/\/www.faustyna.pl\/zmbm\/wp-json\/wp\/v2\/pages\/32080\/revisions\/32088"}],"wp:featuredmedia":[{"embeddable":true,"href":"https:\/\/www.faustyna.pl\/zmbm\/wp-json\/wp\/v2\/media\/32087"}],"wp:attachment":[{"href":"https:\/\/www.faustyna.pl\/zmbm\/wp-json\/wp\/v2\/media?parent=32080"}],"wp:term":[{"taxonomy":"category","embeddable":true,"href":"https:\/\/www.faustyna.pl\/zmbm\/wp-json\/wp\/v2\/categories?post=32080"},{"taxonomy":"post_tag","embeddable":true,"href":"https:\/\/www.faustyna.pl\/zmbm\/wp-json\/wp\/v2\/tags?post=32080"}],"curies":[{"name":"wp","href":"https:\/\/api.w.org\/{rel}","templated":true}]}}