



{"id":32091,"date":"2026-03-28T11:50:08","date_gmt":"2026-03-28T10:50:08","guid":{"rendered":"https:\/\/www.faustyna.pl\/zmbm\/?page_id=32091"},"modified":"2026-05-08T10:52:18","modified_gmt":"2026-05-08T08:52:18","slug":"rekolekcje-w-jezyku-angielskim-zapisy","status":"publish","type":"page","link":"https:\/\/www.faustyna.pl\/zmbm\/rekolekcje-w-jezyku-angielskim-zapisy\/","title":{"rendered":"Rekolekcje w j\u0119zyku angielskim \u2013 zapisy"},"content":{"rendered":"<p style=\"line-height: 150%;background: white\"><span style=\"color: #222222\"><a href=\"https:\/\/www.faustyna.pl\/zmbm\/wp-content\/uploads\/2026\/03\/Wieczernik_ISMM.jpg\" data-gallery><img loading=\"lazy\" decoding=\"async\" class=\"size-medium wp-image-32092 alignnone\" src=\"https:\/\/www.faustyna.pl\/zmbm\/wp-content\/uploads\/2026\/03\/Wieczernik_ISMM-560x334.jpg\" alt=\"\" width=\"560\" height=\"334\" srcset=\"https:\/\/www.faustyna.pl\/zmbm\/wp-content\/uploads\/2026\/03\/Wieczernik_ISMM-560x334.jpg 560w, https:\/\/www.faustyna.pl\/zmbm\/wp-content\/uploads\/2026\/03\/Wieczernik_ISMM-140x83.jpg 140w, https:\/\/www.faustyna.pl\/zmbm\/wp-content\/uploads\/2026\/03\/Wieczernik_ISMM.jpg 1024w\" sizes=\"auto, (max-width: 560px) 100vw, 560px\" \/><\/a><\/span><\/p>\n<p style=\"line-height: 150%;background: white;text-align: justify\"><span style=\"color: #222222\">Ruszy\u0142y zapisy na rekolekcje w j\u0119zyku angielskim, kt\u00f3re odb\u0119d\u0105 si\u0119 w Sanktuarium Bo\u017cego Mi\u0142osierdzia w Krakowie-\u0141agiewnikach w dniach 20-23 sierpnia pod has\u0142em: \u201eMi\u0142osierdzie objawione w Wieczerniku\u201d. Rekolekcje w oparciu o teksty Pisma \u015bwi\u0119tego i do\u015bwiadczenie mistyczne \u015bw. Siostry Faustyny poprowadz\u0105: ks. Jason Jones, kanonik kapitu\u0142y diecezji Menevia (Walia) i rektor diecezjalnego Sanktuarium Bo\u017cego Mi\u0142osierdzia, oraz s. Faustia Szaboova ze Zgromadzenia Matki Bo\u017cej Mi\u0142osierdzia, zaanga\u017cowana w g\u0142oszenie or\u0119dzia Bo\u017cego Mi\u0142osierdzia w \u0142agiewnickim Sanktuarium i na arenie mi\u0119dzynarodowej.<br \/>\n<a href=\"https:\/\/www.faustinum.pl\/en\/retreat-in-english-2026\/\">Wi\u0119cej informacji oraz zapisy<\/a> na stronie organizator\u00f3w \u2013 Stowarzyszenia Aposto\u0142\u00f3w Bo\u017cego Mi\u0142osierdzia Faustinum \u2013 do 15 czerwca br.<\/span><\/p>\n<p><a href=\"https:\/\/www.faustyna.pl\/zmbm\/wp-content\/uploads\/2026\/03\/Rekolekcje_en_ISMM-scaled.jpg\" data-gallery><img loading=\"lazy\" decoding=\"async\" class=\"size-medium wp-image-32096 aligncenter\" src=\"https:\/\/www.faustyna.pl\/zmbm\/wp-content\/uploads\/2026\/03\/Rekolekcje_en_ISMM-283x400.jpg\" alt=\"\" width=\"283\" height=\"400\" srcset=\"https:\/\/www.faustyna.pl\/zmbm\/wp-content\/uploads\/2026\/03\/Rekolekcje_en_ISMM-283x400.jpg 283w, https:\/\/www.faustyna.pl\/zmbm\/wp-content\/uploads\/2026\/03\/Rekolekcje_en_ISMM-724x1024.jpg 724w, https:\/\/www.faustyna.pl\/zmbm\/wp-content\/uploads\/2026\/03\/Rekolekcje_en_ISMM-99x140.jpg 99w, https:\/\/www.faustyna.pl\/zmbm\/wp-content\/uploads\/2026\/03\/Rekolekcje_en_ISMM-1086x1536.jpg 1086w, https:\/\/www.faustyna.pl\/zmbm\/wp-content\/uploads\/2026\/03\/Rekolekcje_en_ISMM-1448x2048.jpg 1448w, https:\/\/www.faustyna.pl\/zmbm\/wp-content\/uploads\/2026\/03\/Rekolekcje_en_ISMM-140x198.jpg 140w, https:\/\/www.faustyna.pl\/zmbm\/wp-content\/uploads\/2026\/03\/Rekolekcje_en_ISMM-scaled.jpg 1810w\" sizes=\"auto, (max-width: 283px) 100vw, 283px\" \/><\/a><\/p>\n","protected":false},"excerpt":{"rendered":"<p>Ruszy\u0142y zapisy na rekolekcje w j\u0119zyku angielskim, kt\u00f3re odb\u0119d\u0105 si\u0119 w Sanktuarium Bo\u017cego Mi\u0142osierdzia w Krakowie-\u0141agiewnikach w dniach 20-23 sierpnia pod has\u0142em: \u201eMi\u0142osierdzie objawione w Wieczerniku\u201d. Rekolekcje w oparciu o teksty Pisma \u015bwi\u0119tego i do\u015bwiadczenie mistyczne \u015bw. Siostry Faustyny poprowadz\u0105: ks. Jason Jones, kanonik kapitu\u0142y diecezji Menevia (Walia) i rektor diecezjalnego Sanktuarium Bo\u017cego Mi\u0142osierdzia, oraz [&hellip;]<\/p>\n","protected":false},"author":2,"featured_media":32092,"parent":0,"menu_order":-1746,"comment_status":"closed","ping_status":"closed","template":"","meta":{"footnotes":""},"categories":[4],"tags":[],"class_list":["post-32091","page","type-page","status-publish","has-post-thumbnail","hentry","category-aktualnosci"],"_links":{"self":[{"href":"https:\/\/www.faustyna.pl\/zmbm\/wp-json\/wp\/v2\/pages\/32091","targetHints":{"allow":["GET"]}}],"collection":[{"href":"https:\/\/www.faustyna.pl\/zmbm\/wp-json\/wp\/v2\/pages"}],"about":[{"href":"https:\/\/www.faustyna.pl\/zmbm\/wp-json\/wp\/v2\/types\/page"}],"author":[{"embeddable":true,"href":"https:\/\/www.faustyna.pl\/zmbm\/wp-json\/wp\/v2\/users\/2"}],"replies":[{"embeddable":true,"href":"https:\/\/www.faustyna.pl\/zmbm\/wp-json\/wp\/v2\/comments?post=32091"}],"version-history":[{"count":5,"href":"https:\/\/www.faustyna.pl\/zmbm\/wp-json\/wp\/v2\/pages\/32091\/revisions"}],"predecessor-version":[{"id":32095,"href":"https:\/\/www.faustyna.pl\/zmbm\/wp-json\/wp\/v2\/pages\/32091\/revisions\/32095"}],"wp:featuredmedia":[{"embeddable":true,"href":"https:\/\/www.faustyna.pl\/zmbm\/wp-json\/wp\/v2\/media\/32092"}],"wp:attachment":[{"href":"https:\/\/www.faustyna.pl\/zmbm\/wp-json\/wp\/v2\/media?parent=32091"}],"wp:term":[{"taxonomy":"category","embeddable":true,"href":"https:\/\/www.faustyna.pl\/zmbm\/wp-json\/wp\/v2\/categories?post=32091"},{"taxonomy":"post_tag","embeddable":true,"href":"https:\/\/www.faustyna.pl\/zmbm\/wp-json\/wp\/v2\/tags?post=32091"}],"curies":[{"name":"wp","href":"https:\/\/api.w.org\/{rel}","templated":true}]}}