



{"id":32112,"date":"2026-03-28T17:40:49","date_gmt":"2026-03-28T16:40:49","guid":{"rendered":"https:\/\/www.faustyna.pl\/zmbm\/?page_id=32112"},"modified":"2026-03-29T20:06:33","modified_gmt":"2026-03-29T18:06:33","slug":"slowo-boze-i-dzienniczek-v-niedziela-wielkiego-postu-2","status":"publish","type":"page","link":"https:\/\/www.faustyna.pl\/zmbm\/slowo-boze-i-dzienniczek-v-niedziela-wielkiego-postu-2\/","title":{"rendered":"S\u0142owo Bo\u017ce i \u201eDzienniczek\u201d \u2013 V niedziela Wielkiego Postu"},"content":{"rendered":"<p><em><a href=\"https:\/\/www.faustyna.pl\/zmbm\/wp-content\/uploads\/2026\/03\/Wjazd-jezusa-do-jerozolimy_Al.png\" data-gallery><img loading=\"lazy\" decoding=\"async\" class=\"size-medium wp-image-32113 alignnone\" src=\"https:\/\/www.faustyna.pl\/zmbm\/wp-content\/uploads\/2026\/03\/Wjazd-jezusa-do-jerozolimy_Al-560x333.png\" alt=\"\" width=\"560\" height=\"333\" srcset=\"https:\/\/www.faustyna.pl\/zmbm\/wp-content\/uploads\/2026\/03\/Wjazd-jezusa-do-jerozolimy_Al-560x333.png 560w, https:\/\/www.faustyna.pl\/zmbm\/wp-content\/uploads\/2026\/03\/Wjazd-jezusa-do-jerozolimy_Al-140x83.png 140w, https:\/\/www.faustyna.pl\/zmbm\/wp-content\/uploads\/2026\/03\/Wjazd-jezusa-do-jerozolimy_Al.png 1024w\" sizes=\"auto, (max-width: 560px) 100vw, 560px\" \/><\/a><\/em><\/p>\n<p><em>Gdy zbli\u017cyli si\u0119 do Jerozolimy, przyszli do Berfage na G\u00f3rze Oliwnej. Wtedy Jezus wys\u0142a\u0142 dw\u00f3ch uczni\u00f3w, m\u00f3wi\u0105c im: \u201eId\u017acie do wsi, kt\u00f3ra jest przed wami. Tam znajdziecie uwi\u0105zan\u0105 o\u015blic\u0119, a wraz z ni\u0105 osio\u0142ka. Odwi\u0105\u017ccie je\u00a0 i przyprowad\u017acie do Mnie. A gdyby wam kto\u015b co\u015b m\u00f3wi\u0142, powiedzcie: \u201ePan ich potrzebuje, ale zaraz je ode\u015ble\u201d. Sta\u0142o si\u0119 tak, aby spe\u0142ni\u0142o si\u0119 s\u0142owo przekazane przez proroka: \u2018M\u00f3wcie do c\u00f3rki Syjonu: Oto tw\u00f3j Kr\u00f3l przychodzi do ciebie, pokorny, jedzie na osio\u0142ku, kt\u00f3ry ju\u017c nosi ci\u0119\u017cary\u2019. Uczniowie poszli i wykonali polecenie Jezusa. Przyprowadzili o\u015blic\u0119 oraz osio\u0142ka i po\u0142o\u017cyli na nie swoje p\u0142aszcze. A On usiad\u0142 na nich. I bardzo wielu ludzi s\u0142a\u0142o swoje p\u0142aszcze na drodze, a inni \u015bcinali ga\u0142\u0119zie z drzew i rzucali je na drog\u0119. Przed Nim i za Nim sz\u0142y t\u0142umy i wo\u0142a\u0142y: \u201eHosanna Synowi Dawida! Chwa\u0142a Temu, kt\u00f3ry przychodzi w imi\u0119 Pana. Hosanna na wysoko\u015bciach!\u201d. Kiedy wszed\u0142 do Jerozolimy, poruszy\u0142o si\u0119 ca\u0142e miasto. Pytano: \u201eKto to jest?\u201d. A t\u0142umy odpowiada\u0142y: \u201eTo jest Jezus, prorok z Nazaretu w Galilei\u201d <\/em>(Mt 21, 1-11).<\/p>\n<p style=\"text-align: justify\">M\u0119ka Pa\u0144ska wed\u0142ug Ewangelii \u015bw. Mateusza wersja kr\u00f3tsza. <em>Jezusa postawiono przed namiestnikiem. A namiestnik zapyta\u0142: \u201eCzy Ty jeste\u015b kr\u00f3lem \u017byd\u00f3w?\u201d. Jezus odpowiedzia\u0142: \u201eTy stwierdzasz\u201d. Ale gdy Go oskar\u017cali wy\u017csi kap\u0142ani i starsi, nic nie odpowiada\u0142. Wtedy zapyta\u0142 Go Pi\u0142at\u201d \u201eCzy s\u0142yszysz, o co Ci\u0119 oskar\u017caj\u0105?\u201d. Lecz On nie odpowiedzia\u0142 mu ani s\u0142owem, co bardzo zdziwi\u0142o namiestnika. Z okazji \u015bwi\u0119ta namiestnik mia\u0142 zwyczaj uwalnia\u0107 jednego wi\u0119\u017ania, kt\u00f3rego lud wskaza\u0142. Mieli wtedy znanego wi\u0119\u017ania, zwanego Jezusem Barabaszem. Kiedy si\u0119 wi\u0119c zgromadzili, Pi\u0142at ich zapyta\u0142: \u201eKogo mam wam uwolni\u0107? Jezusa Barabasza czy Jezusa zwanego Chrystusem?\u201d. Wiedzia\u0142 bowiem, \u017ce wydali Go z zawi\u015bci. A gdy on zasiad\u0142 na \u0142awie s\u0119dziowskiej, jego \u017cona przekaza\u0142a mu pro\u015bb\u0119: \u201eNie miej nic do czynienia z tym sprawiedliwym. Dzi\u015b we \u015bnie wiele wycierpia\u0142am z Jego powodu\u201d. A wy\u017csi kap\u0142ani i starsi podburzyli t\u0142um, \u017ceby prosi\u0142 o Barabasza, a domaga\u0142 si\u0119 \u015bmierci dla Jezusa. Namiestnik zapyta\u0142: \u201eKt\u00f3rego z tych dw\u00f3ch mam wam uwolni\u0107?\u201d. Odpowiedzieli: \u201eBarabasza!\u201d. Pi\u0142at ich zapyta\u0142: \u201eA co mam uczyni\u0107 z Jezusem, zwanym Chrystusem?\u201d. W\u00f3wczas wszyscy odpowiedzieli: \u201eNa krzy\u017c z Nim!\u201d. Wtedy ich zapyta\u0142: \u201eCo On z\u0142ego zrobi\u0142?\u201d. Lecz oni jeszcze g\u0142o\u015bniej krzyczeli: \u201eNa krzy\u017c z Nim!\u201d. Pi\u0142at widzia\u0142, \u017ce to nic nie pomaga, a zamieszanie staje si\u0119 coraz wi\u0119ksze. Wzi\u0105\u0142 wi\u0119c wod\u0119 i na oczach t\u0142umu umy\u0142 sobie r\u0119ce. I powiedzia\u0142: \u201eNie ponosz\u0119 winy za t\u0119 krew. To wasza sprawa\u201d. A ca\u0142y lud odpar\u0142: \u201eNiech Jego krew spadnie na nas i na nasze dzieci!\u201d. Wtedy wypu\u015bci\u0142 im Barabasza, a Jezusa kaza\u0142 ubiczowa\u0107 i wyda\u0142 na ukrzy\u017cowanie. \u017bo\u0142nierze namiestnika zabrali Jezusa do pretorium. Zgromadzili tam ca\u0142y oddzia\u0142. Nast\u0119pnie rozebrali Go i narzucili na Niego szkar\u0142atny p\u0142aszcz. Uplecion\u0105 z cierni koron\u0119 w\u0142o\u017cyli Mu na g\u0142ow\u0119, a do prawej r\u0119ki dali Mu trzcin\u0119. Potem przykl\u0119kali przed Nim i szydzili z Niego, wo\u0142aj\u0105c: \u201eB\u0105d\u017a pozdrowiony, kr\u00f3lu \u017byd\u00f3w!\u201d. I pluj\u0105c na Niego, brali trzcin\u0119 i bili Go po g\u0142owie. Kiedy Go wyszydzili, zdj\u0119li z Niego p\u0142aszcz i za\u0142o\u017cyli Mu Jego w\u0142asne ubranie. Nast\u0119pnie poprowadzili Go na ukrzy\u017cowanie. Kiedy wychodzili, spotkali Cyrenejczyka imieniem Szymon. Przymusili go, \u017ceby ni\u00f3s\u0142 Jego krzy\u017c. Gdy przyszli na miejsce zwane Golgota, to znaczy Miejsce Czaszki, dali Mu do picia wino zmieszane z \u017c\u00f3\u0142ci\u0105. On skosztowa\u0142, ale nie chcia\u0142 pi\u0107. Potem ukrzy\u017cowali Go, a Jego ubranie rozdzielili mi\u0119dzy siebie, rzucaj\u0105c o nie losy. Po czym usiedli i pilnowali Go. A nad Jego g\u0142ow\u0105 umie\u015bcili napis z podaniem Jego winy: \u201eTo jest Jezus, kr\u00f3l \u017byd\u00f3w!\u201d.<\/em> <em>Razem z Nim ukrzy\u017cowano dw\u00f3ch przest\u0119pc\u00f3w: jednego z prawej, a drugiego z lewej strony. A przechodz\u0105cy szydzili z Niego. Potrz\u0105sali g\u0142owami m\u00f3wili: \u201eTy, co burzysz \u015bwi\u0105tyni\u0119 i w trzy dni j\u0105 odbudowujesz, wybaw sam siebie! Je\u015bli jeste\u015b Synem Bo\u017cym, zejd\u017a z krzy\u017ca!\u201d. Podobnie szydzili wy\u017csi kap\u0142ani, nauczyciele Pisma i starsi. M\u00f3wili: \u201eInnych wybawia\u0142, a sam siebie nie mo\u017ce wybawi\u0107! Jest kr\u00f3lem Izraela. Niech zejdzie teraz z krzy\u017ca, to Mu uwierzymy! Zaufa\u0142 Bogu, niech Go teraz wybawi, je\u015bli Go kocha! Powiedzia\u0142 przecie\u017c: \u2018Jestem Synem Bo\u017cym!\u2019\u201d Podobnie ubli\u017cali Mu ukrzy\u017cowani z Nim przest\u0119pcy. Od godziny sz\u00f3stej do godziny dziewi\u0105tej ciemno\u015b\u0107 okry\u0142a ca\u0142\u0105 ziemi\u0119. Oko\u0142o godziny dziewi\u0105tej Jezus zawo\u0142a\u0142 dono\u015bnym g\u0142osem: \u201eEli, eli, lema sabachthani?\u201d. To znaczy: \u201eBo\u017ce m\u00f3j, Bo\u017ce m\u00f3j, czemu\u015b Mnie opu\u015bci\u0142?\u201d. Niekt\u00f3rzy z tych, co tam stali, s\u0142ysz\u0105c to, m\u00f3wili: \u201eEliasza wzywa\u201d. I zaraz jeden z nich podbieg\u0142, wzi\u0105\u0142 g\u0105bk\u0119, nasyci\u0142 j\u0105 octem, w\u0142o\u017cy\u0142 na trzcin\u0119 i da\u0142 Mu pi\u0107. Inni jednak m\u00f3wili: \u201ePoczekaj! Zobaczymy, czy przyjdzie Eliasz, aby Go wybawi\u0107\u201d. A Jezus znowu zawo\u0142a\u0142 dono\u015bnym g\u0142osem i odda\u0142 ducha. Wtedy zas\u0142ona \u015bwi\u0105tyni rozdar\u0142a si\u0119 od g\u00f3ry do do\u0142u na dwie cz\u0119\u015bci. Ziemia si\u0119 zatrz\u0119s\u0142a, a ska\u0142y pop\u0119ka\u0142y. Grobowce si\u0119 otwar\u0142y i wielu z pogrzebanych \u015bwi\u0119tych wsta\u0142o w swoich cia\u0142ach. Wyszli z grobowc\u00f3w, po Jego zmartwychwstaniu weszli do Miasta \u015awi\u0119tego i ukazali si\u0119 wielu. A setnik i ci, kt\u00f3rzy razem z nim pilnowali Jezusa, widz\u0105c trz\u0119sienie ziemi i to wszystko, co si\u0119 wydarzy\u0142o, bardzo si\u0119 przerazili i stwierdzili: \u201eRzeczywi\u015bcie On by\u0142 Synem Bo\u017cym\u201d <\/em>(Mt 27, 11, 54).<strong>* * *<\/strong><\/p>\n<h3 style=\"text-align: center\"><span style=\"color: #800000\"><strong>Z \u201eDzienniczka\u201d \u015bw. Faustyny<\/strong><\/span><\/h3>\n<p style=\"text-align: justify\">21 III 1937. Niedziela Palmowa. W czasie Mszy \u015bwi\u0119tej dusza moja zosta\u0142a pogr\u0105\u017cona w goryczy i cierpieniach Jezusa. Jezus da\u0142 mi pozna\u0107, ile cierpia\u0142 w tym triumfalnym pochodzie. Hosanna odbija\u0142o si\u0119 w Sercu Jezusa echem \u2013 ukrzy\u017cuj. Da\u0142 mi Jezus odczu\u0107 to w spos\u00f3b szczeg\u00f3lny (Dz. 1028).<\/p>\n<p>&nbsp;<\/p>\n<p>&nbsp;<\/p>\n<p>&nbsp;<\/p>\n<p>&nbsp;<\/p>\n<p>&nbsp;<\/p>\n","protected":false},"excerpt":{"rendered":"<p>Gdy zbli\u017cyli si\u0119 do Jerozolimy, przyszli do Berfage na G\u00f3rze Oliwnej. Wtedy Jezus wys\u0142a\u0142 dw\u00f3ch uczni\u00f3w, m\u00f3wi\u0105c im: \u201eId\u017acie do wsi, kt\u00f3ra jest przed wami. Tam znajdziecie uwi\u0105zan\u0105 o\u015blic\u0119, a wraz z ni\u0105 osio\u0142ka. Odwi\u0105\u017ccie je\u00a0 i przyprowad\u017acie do Mnie. A gdyby wam kto\u015b co\u015b m\u00f3wi\u0142, powiedzcie: \u201ePan ich potrzebuje, ale zaraz je ode\u015ble\u201d. Sta\u0142o [&hellip;]<\/p>\n","protected":false},"author":2,"featured_media":32113,"parent":0,"menu_order":-1573,"comment_status":"closed","ping_status":"closed","template":"","meta":{"footnotes":""},"categories":[104],"tags":[],"class_list":["post-32112","page","type-page","status-publish","has-post-thumbnail","hentry","category-archiwum"],"_links":{"self":[{"href":"https:\/\/www.faustyna.pl\/zmbm\/wp-json\/wp\/v2\/pages\/32112","targetHints":{"allow":["GET"]}}],"collection":[{"href":"https:\/\/www.faustyna.pl\/zmbm\/wp-json\/wp\/v2\/pages"}],"about":[{"href":"https:\/\/www.faustyna.pl\/zmbm\/wp-json\/wp\/v2\/types\/page"}],"author":[{"embeddable":true,"href":"https:\/\/www.faustyna.pl\/zmbm\/wp-json\/wp\/v2\/users\/2"}],"replies":[{"embeddable":true,"href":"https:\/\/www.faustyna.pl\/zmbm\/wp-json\/wp\/v2\/comments?post=32112"}],"version-history":[{"count":3,"href":"https:\/\/www.faustyna.pl\/zmbm\/wp-json\/wp\/v2\/pages\/32112\/revisions"}],"predecessor-version":[{"id":32116,"href":"https:\/\/www.faustyna.pl\/zmbm\/wp-json\/wp\/v2\/pages\/32112\/revisions\/32116"}],"wp:featuredmedia":[{"embeddable":true,"href":"https:\/\/www.faustyna.pl\/zmbm\/wp-json\/wp\/v2\/media\/32113"}],"wp:attachment":[{"href":"https:\/\/www.faustyna.pl\/zmbm\/wp-json\/wp\/v2\/media?parent=32112"}],"wp:term":[{"taxonomy":"category","embeddable":true,"href":"https:\/\/www.faustyna.pl\/zmbm\/wp-json\/wp\/v2\/categories?post=32112"},{"taxonomy":"post_tag","embeddable":true,"href":"https:\/\/www.faustyna.pl\/zmbm\/wp-json\/wp\/v2\/tags?post=32112"}],"curies":[{"name":"wp","href":"https:\/\/api.w.org\/{rel}","templated":true}]}}