



{"id":32127,"date":"2026-03-31T16:31:37","date_gmt":"2026-03-31T14:31:37","guid":{"rendered":"https:\/\/www.faustyna.pl\/zmbm\/?page_id=32127"},"modified":"2026-03-31T16:31:37","modified_gmt":"2026-03-31T14:31:37","slug":"na-swieto-milosierdzia-do-austrii","status":"publish","type":"page","link":"https:\/\/www.faustyna.pl\/zmbm\/na-swieto-milosierdzia-do-austrii\/","title":{"rendered":"Na \u015bwi\u0119to Mi\u0142osierdzia do Austrii"},"content":{"rendered":"<p style=\"text-align: justify\"><a href=\"https:\/\/www.faustyna.pl\/zmbm\/wp-content\/uploads\/2026\/03\/IMG-20260328-WA0006.jpg\" data-gallery><img loading=\"lazy\" decoding=\"async\" class=\"size-medium wp-image-32128 alignnone\" src=\"https:\/\/www.faustyna.pl\/zmbm\/wp-content\/uploads\/2026\/03\/IMG-20260328-WA0006-560x333.jpg\" alt=\"\" width=\"560\" height=\"333\" srcset=\"https:\/\/www.faustyna.pl\/zmbm\/wp-content\/uploads\/2026\/03\/IMG-20260328-WA0006-560x333.jpg 560w, https:\/\/www.faustyna.pl\/zmbm\/wp-content\/uploads\/2026\/03\/IMG-20260328-WA0006-140x83.jpg 140w, https:\/\/www.faustyna.pl\/zmbm\/wp-content\/uploads\/2026\/03\/IMG-20260328-WA0006.jpg 1024w\" sizes=\"auto, (max-width: 560px) 100vw, 560px\" \/><\/a><\/p>\n<p style=\"text-align: justify\">W uroczysto\u015bciach \u015bwi\u0119ta Mi\u0142osierdzia Bo\u017cego w Parafii \u015bw. Marka w Wolfsberg, w Austrii, wezm\u0105 udzia\u0142 s. Norberta Rucha\u0142a i s. Klara Doma\u0144ska z krakowskich wsp\u00f3lnot Zgromadzenia Matki Bo\u017cej Mi\u0142osierdzia. W programie uroczyste Msze \u015bwi\u0119te, mo\u017cliwo\u015b\u0107 korzystania z sakramentu pojednania, konferencje, godziny modlitwy oraz czas adoracji. Ponadto przestrze\u0144 do osobistych spotka\u0144, rozm\u00f3w i wsp\u00f3lnego posi\u0142ku. W\u015br\u00f3d zaproszonych go\u015bci s\u0105 tak\u017ce dr Johannes Hartl (Augsburg), prof. Ralph Weimann (Rzym), siostra Kerstin Oswald (Medjugorie) oraz siostra Norberta Rucha\u0142a (Krak\u00f3w). Kulminacyjnym punktem \u015bwi\u0119ta Mi\u0142osierdzia b\u0119dzie uroczysta Eucharystia z udzia\u0142em nuncjusza apostolskiego w Austrii abp. Pedro Lopeza Quintany.<\/p>\n","protected":false},"excerpt":{"rendered":"<p>W uroczysto\u015bciach \u015bwi\u0119ta Mi\u0142osierdzia Bo\u017cego w Parafii \u015bw. Marka w Wolfsberg, w Austrii, wezm\u0105 udzia\u0142 s. Norberta Rucha\u0142a i s. Klara Doma\u0144ska z krakowskich wsp\u00f3lnot Zgromadzenia Matki Bo\u017cej Mi\u0142osierdzia. W programie uroczyste Msze \u015bwi\u0119te, mo\u017cliwo\u015b\u0107 korzystania z sakramentu pojednania, konferencje, godziny modlitwy oraz czas adoracji. Ponadto przestrze\u0144 do osobistych spotka\u0144, rozm\u00f3w i wsp\u00f3lnego posi\u0142ku. W\u015br\u00f3d [&hellip;]<\/p>\n","protected":false},"author":2,"featured_media":32128,"parent":0,"menu_order":-1764,"comment_status":"closed","ping_status":"closed","template":"","meta":{"footnotes":""},"categories":[4],"tags":[],"class_list":["post-32127","page","type-page","status-publish","has-post-thumbnail","hentry","category-aktualnosci"],"_links":{"self":[{"href":"https:\/\/www.faustyna.pl\/zmbm\/wp-json\/wp\/v2\/pages\/32127","targetHints":{"allow":["GET"]}}],"collection":[{"href":"https:\/\/www.faustyna.pl\/zmbm\/wp-json\/wp\/v2\/pages"}],"about":[{"href":"https:\/\/www.faustyna.pl\/zmbm\/wp-json\/wp\/v2\/types\/page"}],"author":[{"embeddable":true,"href":"https:\/\/www.faustyna.pl\/zmbm\/wp-json\/wp\/v2\/users\/2"}],"replies":[{"embeddable":true,"href":"https:\/\/www.faustyna.pl\/zmbm\/wp-json\/wp\/v2\/comments?post=32127"}],"version-history":[{"count":1,"href":"https:\/\/www.faustyna.pl\/zmbm\/wp-json\/wp\/v2\/pages\/32127\/revisions"}],"predecessor-version":[{"id":32129,"href":"https:\/\/www.faustyna.pl\/zmbm\/wp-json\/wp\/v2\/pages\/32127\/revisions\/32129"}],"wp:featuredmedia":[{"embeddable":true,"href":"https:\/\/www.faustyna.pl\/zmbm\/wp-json\/wp\/v2\/media\/32128"}],"wp:attachment":[{"href":"https:\/\/www.faustyna.pl\/zmbm\/wp-json\/wp\/v2\/media?parent=32127"}],"wp:term":[{"taxonomy":"category","embeddable":true,"href":"https:\/\/www.faustyna.pl\/zmbm\/wp-json\/wp\/v2\/categories?post=32127"},{"taxonomy":"post_tag","embeddable":true,"href":"https:\/\/www.faustyna.pl\/zmbm\/wp-json\/wp\/v2\/tags?post=32127"}],"curies":[{"name":"wp","href":"https:\/\/api.w.org\/{rel}","templated":true}]}}