



{"id":32149,"date":"2026-04-08T17:01:35","date_gmt":"2026-04-08T15:01:35","guid":{"rendered":"https:\/\/www.faustyna.pl\/zmbm\/?page_id=32149"},"modified":"2026-04-11T21:37:22","modified_gmt":"2026-04-11T19:37:22","slug":"noc-milosierdzia-w-warszawie-2","status":"publish","type":"page","link":"https:\/\/www.faustyna.pl\/zmbm\/noc-milosierdzia-w-warszawie-2\/","title":{"rendered":"\u201eNoc Mi\u0142osierdzia\u201d w Warszawie"},"content":{"rendered":"<p><a href=\"https:\/\/www.faustyna.pl\/zmbm\/wp-content\/uploads\/2026\/04\/Sanktuarium_sw_Faustyny_Zytnia_Warszawa_ISMM.jpg\" data-gallery><img loading=\"lazy\" decoding=\"async\" class=\"size-medium wp-image-32150 alignnone\" src=\"https:\/\/www.faustyna.pl\/zmbm\/wp-content\/uploads\/2026\/04\/Sanktuarium_sw_Faustyny_Zytnia_Warszawa_ISMM-560x333.jpg\" alt=\"\" width=\"560\" height=\"333\" srcset=\"https:\/\/www.faustyna.pl\/zmbm\/wp-content\/uploads\/2026\/04\/Sanktuarium_sw_Faustyny_Zytnia_Warszawa_ISMM-560x333.jpg 560w, https:\/\/www.faustyna.pl\/zmbm\/wp-content\/uploads\/2026\/04\/Sanktuarium_sw_Faustyny_Zytnia_Warszawa_ISMM-140x83.jpg 140w, https:\/\/www.faustyna.pl\/zmbm\/wp-content\/uploads\/2026\/04\/Sanktuarium_sw_Faustyny_Zytnia_Warszawa_ISMM.jpg 1024w\" sizes=\"auto, (max-width: 560px) 100vw, 560px\" \/><\/a><\/p>\n<p style=\"text-align: justify\">W wigili\u0119 \u015bwi\u0119ta Mi\u0142osierdzia, 11kwietnia br., w Sanktuarium \u015bw. Faustyny w Warszawie na Woli, ul. \u017bytnia 1, odb\u0119dzie si\u0119 nocne czuwanie, kt\u00f3re poprowadzi grupa \u201eFaustinum\u201d, dzia\u0142aj\u0105ca przy domu generalnym Zgromadzenia Si\u00f3str Matki Bo\u017cej Mi\u0142osierdzia. Czuwanie rozpocznie si\u0119 o godzinie 21.00 \u201eApelem jasnog\u00f3rskim\u201d, nast\u0119pnie kr\u00f3tk\u0105 konferencj\u0105 o \u015bwi\u0119cie Mi\u0142osierdzia i \u015bwiadectwem. Nadto w programie: spotkanie ze zmartwychwsta\u0142ym Panem w s\u0142owie Bo\u017cym i adoracji, w modlitwie Koronk\u0105 do Mi\u0142osierdzia Bo\u017cego i Litani\u0105 do Bo\u017cego Mi\u0142osierdzia. B\u0119dzie r\u00f3wnie\u017c mo\u017cliwo\u015b\u0107 skorzystania z sakramentu pokuty i pojednania. Czuwanie zako\u0144czy uroczysta Msza \u015bw. o p\u00f3\u0142nocy, kt\u00f3r\u0105 odprawi o. Marek Stelmaszczuk SJ.<\/p>\n<p style=\"text-align: justify\">To czuwanie ma nie tylko przygotowa\u0107 si\u0119 wiernych do dobrego prze\u017cycia \u015bwi\u0119ta Mi\u0142osierdzia, lecz jest tak\u017ce odpowiedz\u0105 na apel papie\u017ca Leona i abp. Adriana Galbasa o modlitw\u0119 w intencji \u00a0pokoju na \u015bwiecie.<\/p>\n","protected":false},"excerpt":{"rendered":"<p>W wigili\u0119 \u015bwi\u0119ta Mi\u0142osierdzia, 11kwietnia br., w Sanktuarium \u015bw. Faustyny w Warszawie na Woli, ul. \u017bytnia 1, odb\u0119dzie si\u0119 nocne czuwanie, kt\u00f3re poprowadzi grupa \u201eFaustinum\u201d, dzia\u0142aj\u0105ca przy domu generalnym Zgromadzenia Si\u00f3str Matki Bo\u017cej Mi\u0142osierdzia. Czuwanie rozpocznie si\u0119 o godzinie 21.00 \u201eApelem jasnog\u00f3rskim\u201d, nast\u0119pnie kr\u00f3tk\u0105 konferencj\u0105 o \u015bwi\u0119cie Mi\u0142osierdzia i \u015bwiadectwem. Nadto w programie: spotkanie ze [&hellip;]<\/p>\n","protected":false},"author":2,"featured_media":32150,"parent":0,"menu_order":-1579,"comment_status":"closed","ping_status":"closed","template":"","meta":{"footnotes":""},"categories":[104],"tags":[],"class_list":["post-32149","page","type-page","status-publish","has-post-thumbnail","hentry","category-archiwum"],"_links":{"self":[{"href":"https:\/\/www.faustyna.pl\/zmbm\/wp-json\/wp\/v2\/pages\/32149","targetHints":{"allow":["GET"]}}],"collection":[{"href":"https:\/\/www.faustyna.pl\/zmbm\/wp-json\/wp\/v2\/pages"}],"about":[{"href":"https:\/\/www.faustyna.pl\/zmbm\/wp-json\/wp\/v2\/types\/page"}],"author":[{"embeddable":true,"href":"https:\/\/www.faustyna.pl\/zmbm\/wp-json\/wp\/v2\/users\/2"}],"replies":[{"embeddable":true,"href":"https:\/\/www.faustyna.pl\/zmbm\/wp-json\/wp\/v2\/comments?post=32149"}],"version-history":[{"count":1,"href":"https:\/\/www.faustyna.pl\/zmbm\/wp-json\/wp\/v2\/pages\/32149\/revisions"}],"predecessor-version":[{"id":32151,"href":"https:\/\/www.faustyna.pl\/zmbm\/wp-json\/wp\/v2\/pages\/32149\/revisions\/32151"}],"wp:featuredmedia":[{"embeddable":true,"href":"https:\/\/www.faustyna.pl\/zmbm\/wp-json\/wp\/v2\/media\/32150"}],"wp:attachment":[{"href":"https:\/\/www.faustyna.pl\/zmbm\/wp-json\/wp\/v2\/media?parent=32149"}],"wp:term":[{"taxonomy":"category","embeddable":true,"href":"https:\/\/www.faustyna.pl\/zmbm\/wp-json\/wp\/v2\/categories?post=32149"},{"taxonomy":"post_tag","embeddable":true,"href":"https:\/\/www.faustyna.pl\/zmbm\/wp-json\/wp\/v2\/tags?post=32149"}],"curies":[{"name":"wp","href":"https:\/\/api.w.org\/{rel}","templated":true}]}}