



{"id":32152,"date":"2026-04-08T17:02:54","date_gmt":"2026-04-08T15:02:54","guid":{"rendered":"https:\/\/www.faustyna.pl\/zmbm\/?page_id=32152"},"modified":"2026-04-11T21:37:14","modified_gmt":"2026-04-11T19:37:14","slug":"noc-milosierdzia-w-walendowie","status":"publish","type":"page","link":"https:\/\/www.faustyna.pl\/zmbm\/noc-milosierdzia-w-walendowie\/","title":{"rendered":"\u201eNoc Mi\u0142osierdzia\u201d w Walendowie"},"content":{"rendered":"<p><a href=\"https:\/\/www.faustyna.pl\/zmbm\/wp-content\/uploads\/2026\/04\/Walendow_ISMM.jpg\" data-gallery><img loading=\"lazy\" decoding=\"async\" class=\"size-medium wp-image-32153 alignnone\" src=\"https:\/\/www.faustyna.pl\/zmbm\/wp-content\/uploads\/2026\/04\/Walendow_ISMM-560x334.jpg\" alt=\"\" width=\"560\" height=\"334\" srcset=\"https:\/\/www.faustyna.pl\/zmbm\/wp-content\/uploads\/2026\/04\/Walendow_ISMM-560x334.jpg 560w, https:\/\/www.faustyna.pl\/zmbm\/wp-content\/uploads\/2026\/04\/Walendow_ISMM-140x83.jpg 140w, https:\/\/www.faustyna.pl\/zmbm\/wp-content\/uploads\/2026\/04\/Walendow_ISMM.jpg 1024w\" sizes=\"auto, (max-width: 560px) 100vw, 560px\" \/><\/a><\/p>\n<p style=\"text-align: justify\">W najbli\u017csz\u0105 sobot\u0119, 11 kwietnia, w kaplicy klasztornej Zgromadzenia Si\u00f3str Matki Bo\u017cej Mi\u0142osierdzia w godzinach od 21.00-24.00 odb\u0119dzie si\u0119 modlitewne czuwanie przed uroczysto\u015bci\u0105 \u015bwi\u0119ta Mi\u0142osierdzia. Podczas modlitwy uwielbienia Mi\u0142osierdzia b\u0119dzie mo\u017cna skorzysta\u0107 ze spowiedzi \u015bw., us\u0142ysze\u0107 \u015bwiadectwo, rozwa\u017ca\u0107 tajemnic\u0119 Bo\u017cego mi\u0142osierdzia oraz uczestniczy\u0107 w Eucharystii o godzinie 24.00. W mi\u0119dzyczasie mo\u017cna skorzysta\u0107 z ciep\u0142ej herbaty.<\/p>\n","protected":false},"excerpt":{"rendered":"<p>W najbli\u017csz\u0105 sobot\u0119, 11 kwietnia, w kaplicy klasztornej Zgromadzenia Si\u00f3str Matki Bo\u017cej Mi\u0142osierdzia w godzinach od 21.00-24.00 odb\u0119dzie si\u0119 modlitewne czuwanie przed uroczysto\u015bci\u0105 \u015bwi\u0119ta Mi\u0142osierdzia. Podczas modlitwy uwielbienia Mi\u0142osierdzia b\u0119dzie mo\u017cna skorzysta\u0107 ze spowiedzi \u015bw., us\u0142ysze\u0107 \u015bwiadectwo, rozwa\u017ca\u0107 tajemnic\u0119 Bo\u017cego mi\u0142osierdzia oraz uczestniczy\u0107 w Eucharystii o godzinie 24.00. W mi\u0119dzyczasie mo\u017cna skorzysta\u0107 z ciep\u0142ej herbaty.<\/p>\n","protected":false},"author":2,"featured_media":32153,"parent":0,"menu_order":-1579,"comment_status":"closed","ping_status":"closed","template":"","meta":{"footnotes":""},"categories":[104],"tags":[],"class_list":["post-32152","page","type-page","status-publish","has-post-thumbnail","hentry","category-archiwum"],"_links":{"self":[{"href":"https:\/\/www.faustyna.pl\/zmbm\/wp-json\/wp\/v2\/pages\/32152","targetHints":{"allow":["GET"]}}],"collection":[{"href":"https:\/\/www.faustyna.pl\/zmbm\/wp-json\/wp\/v2\/pages"}],"about":[{"href":"https:\/\/www.faustyna.pl\/zmbm\/wp-json\/wp\/v2\/types\/page"}],"author":[{"embeddable":true,"href":"https:\/\/www.faustyna.pl\/zmbm\/wp-json\/wp\/v2\/users\/2"}],"replies":[{"embeddable":true,"href":"https:\/\/www.faustyna.pl\/zmbm\/wp-json\/wp\/v2\/comments?post=32152"}],"version-history":[{"count":1,"href":"https:\/\/www.faustyna.pl\/zmbm\/wp-json\/wp\/v2\/pages\/32152\/revisions"}],"predecessor-version":[{"id":32154,"href":"https:\/\/www.faustyna.pl\/zmbm\/wp-json\/wp\/v2\/pages\/32152\/revisions\/32154"}],"wp:featuredmedia":[{"embeddable":true,"href":"https:\/\/www.faustyna.pl\/zmbm\/wp-json\/wp\/v2\/media\/32153"}],"wp:attachment":[{"href":"https:\/\/www.faustyna.pl\/zmbm\/wp-json\/wp\/v2\/media?parent=32152"}],"wp:term":[{"taxonomy":"category","embeddable":true,"href":"https:\/\/www.faustyna.pl\/zmbm\/wp-json\/wp\/v2\/categories?post=32152"},{"taxonomy":"post_tag","embeddable":true,"href":"https:\/\/www.faustyna.pl\/zmbm\/wp-json\/wp\/v2\/tags?post=32152"}],"curies":[{"name":"wp","href":"https:\/\/api.w.org\/{rel}","templated":true}]}}