



{"id":32155,"date":"2026-04-08T17:39:29","date_gmt":"2026-04-08T15:39:29","guid":{"rendered":"https:\/\/www.faustyna.pl\/zmbm\/?page_id=32155"},"modified":"2026-04-10T16:18:32","modified_gmt":"2026-04-10T14:18:32","slug":"nowe-sanktuarium-milosierdzia-w-luksemburgu","status":"publish","type":"page","link":"https:\/\/www.faustyna.pl\/zmbm\/nowe-sanktuarium-milosierdzia-w-luksemburgu\/","title":{"rendered":"Nowe Sanktuarium Mi\u0142osierdzia w Luksemburgu"},"content":{"rendered":"<p><a href=\"https:\/\/www.faustyna.pl\/zmbm\/wp-content\/uploads\/2026\/04\/Luksemburg_Polska_Misja_Katolicka_Al.png\" data-gallery><img loading=\"lazy\" decoding=\"async\" class=\"size-medium wp-image-32156 alignnone\" src=\"https:\/\/www.faustyna.pl\/zmbm\/wp-content\/uploads\/2026\/04\/Luksemburg_Polska_Misja_Katolicka_Al-560x333.png\" alt=\"\" width=\"560\" height=\"333\" srcset=\"https:\/\/www.faustyna.pl\/zmbm\/wp-content\/uploads\/2026\/04\/Luksemburg_Polska_Misja_Katolicka_Al-560x333.png 560w, https:\/\/www.faustyna.pl\/zmbm\/wp-content\/uploads\/2026\/04\/Luksemburg_Polska_Misja_Katolicka_Al-140x83.png 140w, https:\/\/www.faustyna.pl\/zmbm\/wp-content\/uploads\/2026\/04\/Luksemburg_Polska_Misja_Katolicka_Al.png 1024w\" sizes=\"auto, (max-width: 560px) 100vw, 560px\" \/><\/a><\/p>\n<p style=\"text-align: justify\">Ko\u015bci\u00f3\u0142 Polskiej Misji Katolickiej w Luksemburgu, gdzie pos\u0142uguj\u0105 ojcowie oblaci, w najbli\u017csze \u015bwi\u0119to Mi\u0142osierdzia Bo\u017cego otrzyma tytu\u0142 Sanktuarium Bo\u017cego Mi\u0142osierdzia. Uroczysto\u015bciom b\u0119dzie przewodniczy\u0142 kardyna\u0142 Jean-Claude Hollerich, arcybiskup Luksemburga. W g\u0142\u00f3wnym o\u0142tarzu tego ko\u015bcio\u0142a od kilku lat wisi obraz Jezusa Mi\u0142osiernego, a po obu stronach s\u0105 relikwie \u015bw. Jana Paw\u0142a II i \u015bw. Faustyny oraz ich p\u0142askorze\u017aby. W tej uroczysto\u015bci we\u017amie udzia\u0142 s. Sangwina Kostecka ze Zgromadzenia Matki Bo\u017cej Mi\u0142osierdzia z klasztoru w Sanktuarium Bo\u017cego Mi\u0142osierdzia w Krakowie-\u0141agiewnikach.\u00a0Obecno\u015b\u0107 oblat\u00f3w w Luksemburgu si\u0119ga 1948 roku, gdy prymas Polski kard. August Hlond poprosi\u0142 ich, aby obj\u0119li t\u0119 misj\u0119.<\/p>\n","protected":false},"excerpt":{"rendered":"<p>Ko\u015bci\u00f3\u0142 Polskiej Misji Katolickiej w Luksemburgu, gdzie pos\u0142uguj\u0105 ojcowie oblaci, w najbli\u017csze \u015bwi\u0119to Mi\u0142osierdzia Bo\u017cego otrzyma tytu\u0142 Sanktuarium Bo\u017cego Mi\u0142osierdzia. Uroczysto\u015bciom b\u0119dzie przewodniczy\u0142 kardyna\u0142 Jean-Claude Hollerich, arcybiskup Luksemburga. W g\u0142\u00f3wnym o\u0142tarzu tego ko\u015bcio\u0142a od kilku lat wisi obraz Jezusa Mi\u0142osiernego, a po obu stronach s\u0105 relikwie \u015bw. Jana Paw\u0142a II i \u015bw. Faustyny oraz ich [&hellip;]<\/p>\n","protected":false},"author":2,"featured_media":32156,"parent":0,"menu_order":-1784,"comment_status":"closed","ping_status":"closed","template":"","meta":{"footnotes":""},"categories":[4],"tags":[],"class_list":["post-32155","page","type-page","status-publish","has-post-thumbnail","hentry","category-aktualnosci"],"_links":{"self":[{"href":"https:\/\/www.faustyna.pl\/zmbm\/wp-json\/wp\/v2\/pages\/32155","targetHints":{"allow":["GET"]}}],"collection":[{"href":"https:\/\/www.faustyna.pl\/zmbm\/wp-json\/wp\/v2\/pages"}],"about":[{"href":"https:\/\/www.faustyna.pl\/zmbm\/wp-json\/wp\/v2\/types\/page"}],"author":[{"embeddable":true,"href":"https:\/\/www.faustyna.pl\/zmbm\/wp-json\/wp\/v2\/users\/2"}],"replies":[{"embeddable":true,"href":"https:\/\/www.faustyna.pl\/zmbm\/wp-json\/wp\/v2\/comments?post=32155"}],"version-history":[{"count":1,"href":"https:\/\/www.faustyna.pl\/zmbm\/wp-json\/wp\/v2\/pages\/32155\/revisions"}],"predecessor-version":[{"id":32157,"href":"https:\/\/www.faustyna.pl\/zmbm\/wp-json\/wp\/v2\/pages\/32155\/revisions\/32157"}],"wp:featuredmedia":[{"embeddable":true,"href":"https:\/\/www.faustyna.pl\/zmbm\/wp-json\/wp\/v2\/media\/32156"}],"wp:attachment":[{"href":"https:\/\/www.faustyna.pl\/zmbm\/wp-json\/wp\/v2\/media?parent=32155"}],"wp:term":[{"taxonomy":"category","embeddable":true,"href":"https:\/\/www.faustyna.pl\/zmbm\/wp-json\/wp\/v2\/categories?post=32155"},{"taxonomy":"post_tag","embeddable":true,"href":"https:\/\/www.faustyna.pl\/zmbm\/wp-json\/wp\/v2\/tags?post=32155"}],"curies":[{"name":"wp","href":"https:\/\/api.w.org\/{rel}","templated":true}]}}