



{"id":32169,"date":"2026-04-09T16:15:14","date_gmt":"2026-04-09T14:15:14","guid":{"rendered":"https:\/\/www.faustyna.pl\/zmbm\/?page_id=32169"},"modified":"2026-04-11T16:07:33","modified_gmt":"2026-04-11T14:07:33","slug":"bieg-pojednania-i-milosierdzia","status":"publish","type":"page","link":"https:\/\/www.faustyna.pl\/zmbm\/bieg-pojednania-i-milosierdzia\/","title":{"rendered":"\u201eBieg pojednania i mi\u0142osierdzia\u201d"},"content":{"rendered":"<p><a href=\"https:\/\/www.faustyna.pl\/zmbm\/wp-content\/uploads\/2026\/04\/Bieg_Plock_2026_Al.png\" data-gallery><img loading=\"lazy\" decoding=\"async\" class=\"size-medium wp-image-32170 alignnone\" src=\"https:\/\/www.faustyna.pl\/zmbm\/wp-content\/uploads\/2026\/04\/Bieg_Plock_2026_Al-560x333.png\" alt=\"\" width=\"560\" height=\"333\" srcset=\"https:\/\/www.faustyna.pl\/zmbm\/wp-content\/uploads\/2026\/04\/Bieg_Plock_2026_Al-560x333.png 560w, https:\/\/www.faustyna.pl\/zmbm\/wp-content\/uploads\/2026\/04\/Bieg_Plock_2026_Al-140x83.png 140w, https:\/\/www.faustyna.pl\/zmbm\/wp-content\/uploads\/2026\/04\/Bieg_Plock_2026_Al.png 1024w\" sizes=\"auto, (max-width: 560px) 100vw, 560px\" \/><\/a><\/p>\n<p style=\"text-align: justify\">W sobot\u0119 11 kwietnia o 15.30 odb\u0119dzie si\u0119 &#8222;Bieg pojednania i mi\u0142osierdzia&#8221;, zorganizowany przez PUKS Viktoria i Sanktuarium Bo\u017cego Mi\u0142osierdzia w P\u0142ocku, maj\u0105cy na celu promowanie dialogu i pojednania mi\u0119dzyludzkiego oraz pokonywania wzajemnej niech\u0119ci czy wrogo\u015bci. Bieg rozpocznie si\u0119 na Starym Rynku przed Sanktuarium, a zako\u0144czy si\u0119 na sanktuaryjnym dziedzi\u0144cu od strony ulicy Piekarskiej. Do wygrania s\u0105 pami\u0105tkowe puchary i medale. Zapraszamy wszystkich ch\u0119tnych, nie ma potrzeby wcze\u015bniejszego zg\u0142aszania udzia\u0142u.<\/p>\n","protected":false},"excerpt":{"rendered":"<p>W sobot\u0119 11 kwietnia o 15.30 odb\u0119dzie si\u0119 &#8222;Bieg pojednania i mi\u0142osierdzia&#8221;, zorganizowany przez PUKS Viktoria i Sanktuarium Bo\u017cego Mi\u0142osierdzia w P\u0142ocku, maj\u0105cy na celu promowanie dialogu i pojednania mi\u0119dzyludzkiego oraz pokonywania wzajemnej niech\u0119ci czy wrogo\u015bci. Bieg rozpocznie si\u0119 na Starym Rynku przed Sanktuarium, a zako\u0144czy si\u0119 na sanktuaryjnym dziedzi\u0144cu od strony ulicy Piekarskiej. Do [&hellip;]<\/p>\n","protected":false},"author":2,"featured_media":32170,"parent":0,"menu_order":-1579,"comment_status":"closed","ping_status":"closed","template":"","meta":{"footnotes":""},"categories":[104],"tags":[],"class_list":["post-32169","page","type-page","status-publish","has-post-thumbnail","hentry","category-archiwum"],"_links":{"self":[{"href":"https:\/\/www.faustyna.pl\/zmbm\/wp-json\/wp\/v2\/pages\/32169","targetHints":{"allow":["GET"]}}],"collection":[{"href":"https:\/\/www.faustyna.pl\/zmbm\/wp-json\/wp\/v2\/pages"}],"about":[{"href":"https:\/\/www.faustyna.pl\/zmbm\/wp-json\/wp\/v2\/types\/page"}],"author":[{"embeddable":true,"href":"https:\/\/www.faustyna.pl\/zmbm\/wp-json\/wp\/v2\/users\/2"}],"replies":[{"embeddable":true,"href":"https:\/\/www.faustyna.pl\/zmbm\/wp-json\/wp\/v2\/comments?post=32169"}],"version-history":[{"count":1,"href":"https:\/\/www.faustyna.pl\/zmbm\/wp-json\/wp\/v2\/pages\/32169\/revisions"}],"predecessor-version":[{"id":32171,"href":"https:\/\/www.faustyna.pl\/zmbm\/wp-json\/wp\/v2\/pages\/32169\/revisions\/32171"}],"wp:featuredmedia":[{"embeddable":true,"href":"https:\/\/www.faustyna.pl\/zmbm\/wp-json\/wp\/v2\/media\/32170"}],"wp:attachment":[{"href":"https:\/\/www.faustyna.pl\/zmbm\/wp-json\/wp\/v2\/media?parent=32169"}],"wp:term":[{"taxonomy":"category","embeddable":true,"href":"https:\/\/www.faustyna.pl\/zmbm\/wp-json\/wp\/v2\/categories?post=32169"},{"taxonomy":"post_tag","embeddable":true,"href":"https:\/\/www.faustyna.pl\/zmbm\/wp-json\/wp\/v2\/tags?post=32169"}],"curies":[{"name":"wp","href":"https:\/\/api.w.org\/{rel}","templated":true}]}}