



{"id":32175,"date":"2026-04-09T21:24:41","date_gmt":"2026-04-09T19:24:41","guid":{"rendered":"https:\/\/www.faustyna.pl\/zmbm\/?page_id=32175"},"modified":"2026-04-10T16:18:03","modified_gmt":"2026-04-10T14:18:03","slug":"swieto-milosierdzia-w-rzymie","status":"publish","type":"page","link":"https:\/\/www.faustyna.pl\/zmbm\/swieto-milosierdzia-w-rzymie\/","title":{"rendered":"\u015awi\u0119to Mi\u0142osierdzia w Rzymie"},"content":{"rendered":"<p><a href=\"https:\/\/www.faustyna.pl\/zmbm\/wp-content\/uploads\/2026\/04\/Roma_Niedziea_Milosierdzia_ISMM.jpg\" data-gallery><img loading=\"lazy\" decoding=\"async\" class=\"size-medium wp-image-32176 alignnone\" src=\"https:\/\/www.faustyna.pl\/zmbm\/wp-content\/uploads\/2026\/04\/Roma_Niedziea_Milosierdzia_ISMM-560x333.jpg\" alt=\"\" width=\"560\" height=\"333\" srcset=\"https:\/\/www.faustyna.pl\/zmbm\/wp-content\/uploads\/2026\/04\/Roma_Niedziea_Milosierdzia_ISMM-560x333.jpg 560w, https:\/\/www.faustyna.pl\/zmbm\/wp-content\/uploads\/2026\/04\/Roma_Niedziea_Milosierdzia_ISMM-140x83.jpg 140w, https:\/\/www.faustyna.pl\/zmbm\/wp-content\/uploads\/2026\/04\/Roma_Niedziea_Milosierdzia_ISMM.jpg 1024w\" sizes=\"auto, (max-width: 560px) 100vw, 560px\" \/><\/a><\/p>\n<p style=\"text-align: justify\">\u015awi\u0119towanie Niedzieli Mi\u0142osierdzia Bo\u017cego w ko\u015bciele Santo Spirito in Sassia, kt\u00f3ry jest rzymskim Sanktuarium Bo\u017cego Mi\u0142osierdzia, rozpocznie si\u0119 Eucharysti\u0105 w wigili\u0119 tego \u015bwi\u0119ta o godzinie 19.00 pod przewodnictwem kard. Dominique Mamberti, kardyna\u0142a tytularnego tej \u015bwi\u0105tyni. Porz\u0105dek nabo\u017ce\u0144stw w samo \u015bwi\u0119to Mi\u0142osierdzia jest nast\u0119puj\u0105cy:<br \/>\n7.30 \u2013 Msza \u015bw. po w\u0142osku<br \/>\n8.30 \u2013 Msza \u015bw. po angielsku<br \/>\n10.00 \u2013 Msza \u015bw. pod przewodnictwem rektora ks. Paolo Martinelli<br \/>\n11.00 \u2013 Procesja z obrazem Jezusa Mi\u0142osiernego na Plac \u015bw. Piotra i uczestnictwo w \u201eRegina \u201eCoeli\u201d z ojcem \u015bw. Leonem XIV<br \/>\n12.30 \u2013 Msza \u015bw. po w\u0142osku<br \/>\n15.00 \u2013 Uroczysta Godzina Mi\u0142osierdzia i adoracja z Koronka do Mi\u0142osierdzia Bo\u017cego<br \/>\n16.00 \u2013 Msza \u015bw. po polsku<br \/>\n19.00 \u2013 Msza \u015bw., uroczysta, pod przewodnictwem Jego Eminencji kard. Baldassare Reina, wikariusza Rzymu.<\/p>\n","protected":false},"excerpt":{"rendered":"<p>\u015awi\u0119towanie Niedzieli Mi\u0142osierdzia Bo\u017cego w ko\u015bciele Santo Spirito in Sassia, kt\u00f3ry jest rzymskim Sanktuarium Bo\u017cego Mi\u0142osierdzia, rozpocznie si\u0119 Eucharysti\u0105 w wigili\u0119 tego \u015bwi\u0119ta o godzinie 19.00 pod przewodnictwem kard. Dominique Mamberti, kardyna\u0142a tytularnego tej \u015bwi\u0105tyni. Porz\u0105dek nabo\u017ce\u0144stw w samo \u015bwi\u0119to Mi\u0142osierdzia jest nast\u0119puj\u0105cy: 7.30 \u2013 Msza \u015bw. po w\u0142osku 8.30 \u2013 Msza \u015bw. po angielsku [&hellip;]<\/p>\n","protected":false},"author":2,"featured_media":32176,"parent":0,"menu_order":-1786,"comment_status":"closed","ping_status":"closed","template":"","meta":{"footnotes":""},"categories":[4],"tags":[],"class_list":["post-32175","page","type-page","status-publish","has-post-thumbnail","hentry","category-aktualnosci"],"_links":{"self":[{"href":"https:\/\/www.faustyna.pl\/zmbm\/wp-json\/wp\/v2\/pages\/32175","targetHints":{"allow":["GET"]}}],"collection":[{"href":"https:\/\/www.faustyna.pl\/zmbm\/wp-json\/wp\/v2\/pages"}],"about":[{"href":"https:\/\/www.faustyna.pl\/zmbm\/wp-json\/wp\/v2\/types\/page"}],"author":[{"embeddable":true,"href":"https:\/\/www.faustyna.pl\/zmbm\/wp-json\/wp\/v2\/users\/2"}],"replies":[{"embeddable":true,"href":"https:\/\/www.faustyna.pl\/zmbm\/wp-json\/wp\/v2\/comments?post=32175"}],"version-history":[{"count":1,"href":"https:\/\/www.faustyna.pl\/zmbm\/wp-json\/wp\/v2\/pages\/32175\/revisions"}],"predecessor-version":[{"id":32177,"href":"https:\/\/www.faustyna.pl\/zmbm\/wp-json\/wp\/v2\/pages\/32175\/revisions\/32177"}],"wp:featuredmedia":[{"embeddable":true,"href":"https:\/\/www.faustyna.pl\/zmbm\/wp-json\/wp\/v2\/media\/32176"}],"wp:attachment":[{"href":"https:\/\/www.faustyna.pl\/zmbm\/wp-json\/wp\/v2\/media?parent=32175"}],"wp:term":[{"taxonomy":"category","embeddable":true,"href":"https:\/\/www.faustyna.pl\/zmbm\/wp-json\/wp\/v2\/categories?post=32175"},{"taxonomy":"post_tag","embeddable":true,"href":"https:\/\/www.faustyna.pl\/zmbm\/wp-json\/wp\/v2\/tags?post=32175"}],"curies":[{"name":"wp","href":"https:\/\/api.w.org\/{rel}","templated":true}]}}