



{"id":32178,"date":"2026-04-10T14:31:00","date_gmt":"2026-04-10T12:31:00","guid":{"rendered":"https:\/\/www.faustyna.pl\/zmbm\/?page_id=32178"},"modified":"2026-04-10T16:17:55","modified_gmt":"2026-04-10T14:17:55","slug":"swieto-milosierdzia-warszawa-wola","status":"publish","type":"page","link":"https:\/\/www.faustyna.pl\/zmbm\/swieto-milosierdzia-warszawa-wola\/","title":{"rendered":"\u015awi\u0119to Mi\u0142osierdzia \u2013 Warszawa-Wola"},"content":{"rendered":"<p><a href=\"https:\/\/www.faustyna.pl\/zmbm\/wp-content\/uploads\/2026\/04\/Sanktuarium_Warszawa_Zytnia.jpg\" data-gallery><img loading=\"lazy\" decoding=\"async\" class=\"size-medium wp-image-32179 alignnone\" src=\"https:\/\/www.faustyna.pl\/zmbm\/wp-content\/uploads\/2026\/04\/Sanktuarium_Warszawa_Zytnia-560x333.jpg\" alt=\"\" width=\"560\" height=\"333\" srcset=\"https:\/\/www.faustyna.pl\/zmbm\/wp-content\/uploads\/2026\/04\/Sanktuarium_Warszawa_Zytnia-560x333.jpg 560w, https:\/\/www.faustyna.pl\/zmbm\/wp-content\/uploads\/2026\/04\/Sanktuarium_Warszawa_Zytnia-140x83.jpg 140w, https:\/\/www.faustyna.pl\/zmbm\/wp-content\/uploads\/2026\/04\/Sanktuarium_Warszawa_Zytnia.jpg 1024w\" sizes=\"auto, (max-width: 560px) 100vw, 560px\" \/><\/a><\/p>\n<p style=\"text-align: justify\">W niedziel\u0119 Bo\u017cego Mi\u0142osierdzia 12 kwietnia br. w Sanktuarium \u015bw. Siostry Faustyny przy ul. \u017bytniej 1 w Warszawie o godzinie 15.00 uroczyst\u0105 modlitw\u0119 w Godzinie Mi\u0142osierdzia i adoracj\u0119 z Koronk\u0105 do Bo\u017cego Mi\u0142osierdzia poprowadz\u0105 siostry ze Zgromadzenia Matki Bo\u017cej Mi\u0142osierdzia. Nast\u0119pnie uroczystej celebracji Eucharystii przewodniczy\u0107 b\u0119dzie Jego Ekscelencja arcybiskup Antonio Filipazzi, nuncjusz apostolski w Polsce.<\/p>\n","protected":false},"excerpt":{"rendered":"<p>W niedziel\u0119 Bo\u017cego Mi\u0142osierdzia 12 kwietnia br. w Sanktuarium \u015bw. Siostry Faustyny przy ul. \u017bytniej 1 w Warszawie o godzinie 15.00 uroczyst\u0105 modlitw\u0119 w Godzinie Mi\u0142osierdzia i adoracj\u0119 z Koronk\u0105 do Bo\u017cego Mi\u0142osierdzia poprowadz\u0105 siostry ze Zgromadzenia Matki Bo\u017cej Mi\u0142osierdzia. Nast\u0119pnie uroczystej celebracji Eucharystii przewodniczy\u0107 b\u0119dzie Jego Ekscelencja arcybiskup Antonio Filipazzi, nuncjusz apostolski w Polsce.<\/p>\n","protected":false},"author":2,"featured_media":32179,"parent":0,"menu_order":-1788,"comment_status":"closed","ping_status":"closed","template":"","meta":{"footnotes":""},"categories":[4],"tags":[],"class_list":["post-32178","page","type-page","status-publish","has-post-thumbnail","hentry","category-aktualnosci"],"_links":{"self":[{"href":"https:\/\/www.faustyna.pl\/zmbm\/wp-json\/wp\/v2\/pages\/32178","targetHints":{"allow":["GET"]}}],"collection":[{"href":"https:\/\/www.faustyna.pl\/zmbm\/wp-json\/wp\/v2\/pages"}],"about":[{"href":"https:\/\/www.faustyna.pl\/zmbm\/wp-json\/wp\/v2\/types\/page"}],"author":[{"embeddable":true,"href":"https:\/\/www.faustyna.pl\/zmbm\/wp-json\/wp\/v2\/users\/2"}],"replies":[{"embeddable":true,"href":"https:\/\/www.faustyna.pl\/zmbm\/wp-json\/wp\/v2\/comments?post=32178"}],"version-history":[{"count":1,"href":"https:\/\/www.faustyna.pl\/zmbm\/wp-json\/wp\/v2\/pages\/32178\/revisions"}],"predecessor-version":[{"id":32180,"href":"https:\/\/www.faustyna.pl\/zmbm\/wp-json\/wp\/v2\/pages\/32178\/revisions\/32180"}],"wp:featuredmedia":[{"embeddable":true,"href":"https:\/\/www.faustyna.pl\/zmbm\/wp-json\/wp\/v2\/media\/32179"}],"wp:attachment":[{"href":"https:\/\/www.faustyna.pl\/zmbm\/wp-json\/wp\/v2\/media?parent=32178"}],"wp:term":[{"taxonomy":"category","embeddable":true,"href":"https:\/\/www.faustyna.pl\/zmbm\/wp-json\/wp\/v2\/categories?post=32178"},{"taxonomy":"post_tag","embeddable":true,"href":"https:\/\/www.faustyna.pl\/zmbm\/wp-json\/wp\/v2\/tags?post=32178"}],"curies":[{"name":"wp","href":"https:\/\/api.w.org\/{rel}","templated":true}]}}