



{"id":32181,"date":"2026-04-10T16:20:03","date_gmt":"2026-04-10T14:20:03","guid":{"rendered":"https:\/\/www.faustyna.pl\/zmbm\/?page_id=32181"},"modified":"2026-04-10T16:20:03","modified_gmt":"2026-04-10T14:20:03","slug":"ratunek-w-milosierdziu","status":"publish","type":"page","link":"https:\/\/www.faustyna.pl\/zmbm\/ratunek-w-milosierdziu\/","title":{"rendered":"\u201eRatunek w Mi\u0142osierdziu\u201d"},"content":{"rendered":"<p><a href=\"https:\/\/www.faustyna.pl\/zmbm\/wp-content\/uploads\/2026\/04\/Modlitwa-Mlodych_Al.png\" data-gallery><img loading=\"lazy\" decoding=\"async\" class=\"size-medium wp-image-32182 alignnone\" src=\"https:\/\/www.faustyna.pl\/zmbm\/wp-content\/uploads\/2026\/04\/Modlitwa-Mlodych_Al-560x334.png\" alt=\"\" width=\"560\" height=\"334\" srcset=\"https:\/\/www.faustyna.pl\/zmbm\/wp-content\/uploads\/2026\/04\/Modlitwa-Mlodych_Al-560x334.png 560w, https:\/\/www.faustyna.pl\/zmbm\/wp-content\/uploads\/2026\/04\/Modlitwa-Mlodych_Al-140x83.png 140w, https:\/\/www.faustyna.pl\/zmbm\/wp-content\/uploads\/2026\/04\/Modlitwa-Mlodych_Al.png 1024w\" sizes=\"auto, (max-width: 560px) 100vw, 560px\" \/><\/a><\/p>\n<p style=\"text-align: justify\">Taki tytu\u0142 ma spotkanie m\u0142odych, kt\u00f3re odb\u0119dzie si\u0119 14 kwietnia br. w ko\u015bciele \u015bw. Jana Paw\u0142a II w Kielcach z udzia\u0142em s. Tobiany i Agnes z krakowskiej wsp\u00f3lnoty Zgromadzenia Matki Bo\u017cej Mi\u0142osierdzia. W programie: konferencja, \u015bpiew Koronki do Mi\u0142osierdzia Bo\u017cego oraz agapa. Organizatorem spotkania jest duszpasterstwo akademickie i duszpasterstwo m\u0142odzie\u017cy diecezji kieleckiej. Wpisuje si\u0119 ono \u00a0w serie spotka\u0144 pod has\u0142em \u201eG\u0142\u0119bia Tradycji\u201d, kt\u00f3rych celem jest przybli\u017canie bogactwa rodzaj\u00f3w i r\u00f3\u017cnych nurt\u00f3w modlitwy oraz zach\u0119ta do jej praktykowania. Siostry z krakowskich \u0141agiewnik przedstawi\u0105 istot\u0119 i formy nabo\u017ce\u0144stwa do Mi\u0142osierdzia Bo\u017cego, kt\u00f3re sam Jezus przekaza\u0142 \u015bw. Faustynie.<\/p>\n","protected":false},"excerpt":{"rendered":"<p>Taki tytu\u0142 ma spotkanie m\u0142odych, kt\u00f3re odb\u0119dzie si\u0119 14 kwietnia br. w ko\u015bciele \u015bw. Jana Paw\u0142a II w Kielcach z udzia\u0142em s. Tobiany i Agnes z krakowskiej wsp\u00f3lnoty Zgromadzenia Matki Bo\u017cej Mi\u0142osierdzia. W programie: konferencja, \u015bpiew Koronki do Mi\u0142osierdzia Bo\u017cego oraz agapa. Organizatorem spotkania jest duszpasterstwo akademickie i duszpasterstwo m\u0142odzie\u017cy diecezji kieleckiej. Wpisuje si\u0119 ono [&hellip;]<\/p>\n","protected":false},"author":2,"featured_media":32182,"parent":0,"menu_order":-1776,"comment_status":"closed","ping_status":"closed","template":"","meta":{"footnotes":""},"categories":[4],"tags":[],"class_list":["post-32181","page","type-page","status-publish","has-post-thumbnail","hentry","category-aktualnosci"],"_links":{"self":[{"href":"https:\/\/www.faustyna.pl\/zmbm\/wp-json\/wp\/v2\/pages\/32181","targetHints":{"allow":["GET"]}}],"collection":[{"href":"https:\/\/www.faustyna.pl\/zmbm\/wp-json\/wp\/v2\/pages"}],"about":[{"href":"https:\/\/www.faustyna.pl\/zmbm\/wp-json\/wp\/v2\/types\/page"}],"author":[{"embeddable":true,"href":"https:\/\/www.faustyna.pl\/zmbm\/wp-json\/wp\/v2\/users\/2"}],"replies":[{"embeddable":true,"href":"https:\/\/www.faustyna.pl\/zmbm\/wp-json\/wp\/v2\/comments?post=32181"}],"version-history":[{"count":1,"href":"https:\/\/www.faustyna.pl\/zmbm\/wp-json\/wp\/v2\/pages\/32181\/revisions"}],"predecessor-version":[{"id":32183,"href":"https:\/\/www.faustyna.pl\/zmbm\/wp-json\/wp\/v2\/pages\/32181\/revisions\/32183"}],"wp:featuredmedia":[{"embeddable":true,"href":"https:\/\/www.faustyna.pl\/zmbm\/wp-json\/wp\/v2\/media\/32182"}],"wp:attachment":[{"href":"https:\/\/www.faustyna.pl\/zmbm\/wp-json\/wp\/v2\/media?parent=32181"}],"wp:term":[{"taxonomy":"category","embeddable":true,"href":"https:\/\/www.faustyna.pl\/zmbm\/wp-json\/wp\/v2\/categories?post=32181"},{"taxonomy":"post_tag","embeddable":true,"href":"https:\/\/www.faustyna.pl\/zmbm\/wp-json\/wp\/v2\/tags?post=32181"}],"curies":[{"name":"wp","href":"https:\/\/api.w.org\/{rel}","templated":true}]}}