



{"id":32189,"date":"2026-04-11T09:45:56","date_gmt":"2026-04-11T07:45:56","guid":{"rendered":"https:\/\/www.faustyna.pl\/zmbm\/?page_id=32189"},"modified":"2026-04-19T20:12:01","modified_gmt":"2026-04-19T18:12:01","slug":"narodowe-czytanie-pisma-swietego","status":"publish","type":"page","link":"https:\/\/www.faustyna.pl\/zmbm\/narodowe-czytanie-pisma-swietego\/","title":{"rendered":"Narodowe Czytanie Pisma \u015awi\u0119tego"},"content":{"rendered":"<p style=\"text-align: justify\"><a href=\"https:\/\/www.faustyna.pl\/zmbm\/wp-content\/uploads\/2026\/04\/Z-plakatu-X-czytanie.jpg\" data-gallery><img loading=\"lazy\" decoding=\"async\" class=\"size-medium wp-image-32190 alignnone\" src=\"https:\/\/www.faustyna.pl\/zmbm\/wp-content\/uploads\/2026\/04\/Z-plakatu-X-czytanie-560x333.jpg\" alt=\"\" width=\"560\" height=\"333\" srcset=\"https:\/\/www.faustyna.pl\/zmbm\/wp-content\/uploads\/2026\/04\/Z-plakatu-X-czytanie-560x333.jpg 560w, https:\/\/www.faustyna.pl\/zmbm\/wp-content\/uploads\/2026\/04\/Z-plakatu-X-czytanie-140x83.jpg 140w, https:\/\/www.faustyna.pl\/zmbm\/wp-content\/uploads\/2026\/04\/Z-plakatu-X-czytanie.jpg 1024w\" sizes=\"auto, (max-width: 560px) 100vw, 560px\" \/><\/a><\/p>\n<p style=\"text-align: justify\">W niedziel\u0119 19 kwietnia br. odb\u0119dzie si\u0119 X Narodowe Czytanie Pisma \u015awi\u0119tego. Tym razem jego my\u015bl\u0105 przewodni\u0105 b\u0119d\u0105 s\u0142owa z Listu \u015bw. Paw\u0142a do Tesaloniczan \u201eOdwa\u017cyli\u015bmy si\u0119 w Bogu naszym g\u0142osi\u0107 wam Ewangelie Boga po\u015br\u00f3d wielkiego utrapienia\u201d (1Tes 2, 2).<\/p>\n<p style=\"text-align: justify\">G\u0142\u00f3wnym celem Narodowego Czytania Pisma \u015awi\u0119tego, rozpoczynaj\u0105cego Tydzie\u0144 Biblijny, jest zaproszenie wierz\u0105cych do osobistej, codziennej lektury i rozwa\u017cania Pisma \u015awi\u0119tego.\u00a0\u00a0Uroczysta celebracja pod przewodnictwem kard. Grzegorza Rysia, metropolity krakowskiego, z udzia\u0142em zaproszonych lektor\u00f3w, odb\u0119dzie si\u0119 w Sanktuarium Bo\u017cego Mi\u0142osierdzia w Krakowie-\u0141agiewnikach o godzinie 7.00 i wraz z Eucharysti\u0105 b\u0119dzie transmitowana przez TVP1 oraz na stronie: <a href=\"http:\/\/www.faustyna.pl\">www.faustyna.pl<\/a>, You Tube i w aplikacjach mobilnych: faustyna.pl .<\/p>\n<p style=\"text-align: justify\">Od niedzieli 19-25 kwietnia 2026 roku w Ko\u015bciele prze\u017cywamy XVIII Og\u00f3lnopolski Tydzie\u0144 Biblijny pod has\u0142em: \u201eOdwa\u017cnie g\u0142osi\u0107 Ewangeli\u0119 Boga\u201d.<\/p>\n","protected":false},"excerpt":{"rendered":"<p>W niedziel\u0119 19 kwietnia br. odb\u0119dzie si\u0119 X Narodowe Czytanie Pisma \u015awi\u0119tego. Tym razem jego my\u015bl\u0105 przewodni\u0105 b\u0119d\u0105 s\u0142owa z Listu \u015bw. Paw\u0142a do Tesaloniczan \u201eOdwa\u017cyli\u015bmy si\u0119 w Bogu naszym g\u0142osi\u0107 wam Ewangelie Boga po\u015br\u00f3d wielkiego utrapienia\u201d (1Tes 2, 2). G\u0142\u00f3wnym celem Narodowego Czytania Pisma \u015awi\u0119tego, rozpoczynaj\u0105cego Tydzie\u0144 Biblijny, jest zaproszenie wierz\u0105cych do osobistej, codziennej [&hellip;]<\/p>\n","protected":false},"author":2,"featured_media":32190,"parent":0,"menu_order":-1583,"comment_status":"closed","ping_status":"closed","template":"","meta":{"footnotes":""},"categories":[104],"tags":[],"class_list":["post-32189","page","type-page","status-publish","has-post-thumbnail","hentry","category-archiwum"],"_links":{"self":[{"href":"https:\/\/www.faustyna.pl\/zmbm\/wp-json\/wp\/v2\/pages\/32189","targetHints":{"allow":["GET"]}}],"collection":[{"href":"https:\/\/www.faustyna.pl\/zmbm\/wp-json\/wp\/v2\/pages"}],"about":[{"href":"https:\/\/www.faustyna.pl\/zmbm\/wp-json\/wp\/v2\/types\/page"}],"author":[{"embeddable":true,"href":"https:\/\/www.faustyna.pl\/zmbm\/wp-json\/wp\/v2\/users\/2"}],"replies":[{"embeddable":true,"href":"https:\/\/www.faustyna.pl\/zmbm\/wp-json\/wp\/v2\/comments?post=32189"}],"version-history":[{"count":1,"href":"https:\/\/www.faustyna.pl\/zmbm\/wp-json\/wp\/v2\/pages\/32189\/revisions"}],"predecessor-version":[{"id":32191,"href":"https:\/\/www.faustyna.pl\/zmbm\/wp-json\/wp\/v2\/pages\/32189\/revisions\/32191"}],"wp:featuredmedia":[{"embeddable":true,"href":"https:\/\/www.faustyna.pl\/zmbm\/wp-json\/wp\/v2\/media\/32190"}],"wp:attachment":[{"href":"https:\/\/www.faustyna.pl\/zmbm\/wp-json\/wp\/v2\/media?parent=32189"}],"wp:term":[{"taxonomy":"category","embeddable":true,"href":"https:\/\/www.faustyna.pl\/zmbm\/wp-json\/wp\/v2\/categories?post=32189"},{"taxonomy":"post_tag","embeddable":true,"href":"https:\/\/www.faustyna.pl\/zmbm\/wp-json\/wp\/v2\/tags?post=32189"}],"curies":[{"name":"wp","href":"https:\/\/api.w.org\/{rel}","templated":true}]}}