



{"id":32192,"date":"2026-04-11T09:47:08","date_gmt":"2026-04-11T07:47:08","guid":{"rendered":"https:\/\/www.faustyna.pl\/zmbm\/?page_id=32192"},"modified":"2026-04-11T09:47:08","modified_gmt":"2026-04-11T07:47:08","slug":"wesele-w-kanie-galilejskiej-2","status":"publish","type":"page","link":"https:\/\/www.faustyna.pl\/zmbm\/wesele-w-kanie-galilejskiej-2\/","title":{"rendered":"\u201eWesele w Kanie Galilejskiej\u201d"},"content":{"rendered":"<p><a href=\"https:\/\/www.faustyna.pl\/zmbm\/wp-content\/uploads\/2026\/04\/Wesele-w-Kanie-Galilejskiej_Al.png\" data-gallery><img loading=\"lazy\" decoding=\"async\" class=\"size-medium wp-image-32193 alignnone\" src=\"https:\/\/www.faustyna.pl\/zmbm\/wp-content\/uploads\/2026\/04\/Wesele-w-Kanie-Galilejskiej_Al-560x333.png\" alt=\"\" width=\"560\" height=\"333\" srcset=\"https:\/\/www.faustyna.pl\/zmbm\/wp-content\/uploads\/2026\/04\/Wesele-w-Kanie-Galilejskiej_Al-560x333.png 560w, https:\/\/www.faustyna.pl\/zmbm\/wp-content\/uploads\/2026\/04\/Wesele-w-Kanie-Galilejskiej_Al-140x83.png 140w, https:\/\/www.faustyna.pl\/zmbm\/wp-content\/uploads\/2026\/04\/Wesele-w-Kanie-Galilejskiej_Al.png 1024w\" sizes=\"auto, (max-width: 560px) 100vw, 560px\" \/><\/a><\/p>\n<p style=\"text-align: justify\">To tytu\u0142 spektaklu, jaki przygotowa\u0142a grupa teatralno-ewangelizacyjna \u201eFaustynka\u201d dzia\u0142aj\u0105ca przy Sanktuarium Urodzin i Chrztu \u015bw. Siostry Faustyny w \u015awinicach Warckich. Premiera odb\u0119dzie si\u0119 19 kwietnia br. o godzinie 12.00 w Sali Ochotniczej Stra\u017cy w \u015awinicach Warckich. Autork\u0105 scenariusza i re\u017cyserem jest s. Lilioza Gorzkiewicz z klasztoru Zgromadzenia Matki Bo\u017cej Mi\u0142osierdzia w \u015awinicach Warckich, a w spektaklu bierze udzia\u0142 ponad 30 os\u00f3b.<\/p>\n","protected":false},"excerpt":{"rendered":"<p>To tytu\u0142 spektaklu, jaki przygotowa\u0142a grupa teatralno-ewangelizacyjna \u201eFaustynka\u201d dzia\u0142aj\u0105ca przy Sanktuarium Urodzin i Chrztu \u015bw. Siostry Faustyny w \u015awinicach Warckich. Premiera odb\u0119dzie si\u0119 19 kwietnia br. o godzinie 12.00 w Sali Ochotniczej Stra\u017cy w \u015awinicach Warckich. Autork\u0105 scenariusza i re\u017cyserem jest s. Lilioza Gorzkiewicz z klasztoru Zgromadzenia Matki Bo\u017cej Mi\u0142osierdzia w \u015awinicach Warckich, a w [&hellip;]<\/p>\n","protected":false},"author":2,"featured_media":32193,"parent":0,"menu_order":-1768,"comment_status":"closed","ping_status":"closed","template":"","meta":{"footnotes":""},"categories":[4],"tags":[],"class_list":["post-32192","page","type-page","status-publish","has-post-thumbnail","hentry","category-aktualnosci"],"_links":{"self":[{"href":"https:\/\/www.faustyna.pl\/zmbm\/wp-json\/wp\/v2\/pages\/32192","targetHints":{"allow":["GET"]}}],"collection":[{"href":"https:\/\/www.faustyna.pl\/zmbm\/wp-json\/wp\/v2\/pages"}],"about":[{"href":"https:\/\/www.faustyna.pl\/zmbm\/wp-json\/wp\/v2\/types\/page"}],"author":[{"embeddable":true,"href":"https:\/\/www.faustyna.pl\/zmbm\/wp-json\/wp\/v2\/users\/2"}],"replies":[{"embeddable":true,"href":"https:\/\/www.faustyna.pl\/zmbm\/wp-json\/wp\/v2\/comments?post=32192"}],"version-history":[{"count":1,"href":"https:\/\/www.faustyna.pl\/zmbm\/wp-json\/wp\/v2\/pages\/32192\/revisions"}],"predecessor-version":[{"id":32194,"href":"https:\/\/www.faustyna.pl\/zmbm\/wp-json\/wp\/v2\/pages\/32192\/revisions\/32194"}],"wp:featuredmedia":[{"embeddable":true,"href":"https:\/\/www.faustyna.pl\/zmbm\/wp-json\/wp\/v2\/media\/32193"}],"wp:attachment":[{"href":"https:\/\/www.faustyna.pl\/zmbm\/wp-json\/wp\/v2\/media?parent=32192"}],"wp:term":[{"taxonomy":"category","embeddable":true,"href":"https:\/\/www.faustyna.pl\/zmbm\/wp-json\/wp\/v2\/categories?post=32192"},{"taxonomy":"post_tag","embeddable":true,"href":"https:\/\/www.faustyna.pl\/zmbm\/wp-json\/wp\/v2\/tags?post=32192"}],"curies":[{"name":"wp","href":"https:\/\/api.w.org\/{rel}","templated":true}]}}