



{"id":32198,"date":"2026-04-11T11:47:14","date_gmt":"2026-04-11T09:47:14","guid":{"rendered":"https:\/\/www.faustyna.pl\/zmbm\/?page_id=32198"},"modified":"2026-04-13T08:12:11","modified_gmt":"2026-04-13T06:12:11","slug":"swieto-milosierdzia-w-lodzi","status":"publish","type":"page","link":"https:\/\/www.faustyna.pl\/zmbm\/swieto-milosierdzia-w-lodzi\/","title":{"rendered":"\u015awi\u0119to Mi\u0142osierdzia w \u0141odzi"},"content":{"rendered":"<p><a href=\"https:\/\/www.faustyna.pl\/zmbm\/wp-content\/uploads\/2026\/04\/Lodz_Krosnienska_9.jpg\" data-gallery><img loading=\"lazy\" decoding=\"async\" class=\"size-medium wp-image-32199 alignnone\" src=\"https:\/\/www.faustyna.pl\/zmbm\/wp-content\/uploads\/2026\/04\/Lodz_Krosnienska_9-560x333.jpg\" alt=\"\" width=\"560\" height=\"333\" srcset=\"https:\/\/www.faustyna.pl\/zmbm\/wp-content\/uploads\/2026\/04\/Lodz_Krosnienska_9-560x333.jpg 560w, https:\/\/www.faustyna.pl\/zmbm\/wp-content\/uploads\/2026\/04\/Lodz_Krosnienska_9-140x83.jpg 140w, https:\/\/www.faustyna.pl\/zmbm\/wp-content\/uploads\/2026\/04\/Lodz_Krosnienska_9.jpg 1024w\" sizes=\"auto, (max-width: 560px) 100vw, 560px\" \/><\/a><\/p>\n<p style=\"text-align: justify\">W niedziel\u0119 Bo\u017cego Mi\u0142osierdzia, 12 kwietnia br., w kaplicy \u015bw. Siostry Faustyny przy ul. Kro\u015bnie\u0144skiej 9 w \u0141odzi o godzinie 15.00 uroczyst\u0105 modlitw\u0119 w Godzinie Mi\u0142osierdzia i adoracj\u0119 z Koronk\u0105 do Bo\u017cego Mi\u0142osierdzia poprowadz\u0105 siostry ze Zgromadzenia Matki Bo\u017cej Mi\u0142osierdzia. Nast\u0119pnie uroczystej celebracji Eucharystii przewodniczy\u0107 b\u0119dzie bp Piotr Kleszcz.<\/p>\n","protected":false},"excerpt":{"rendered":"<p>W niedziel\u0119 Bo\u017cego Mi\u0142osierdzia, 12 kwietnia br., w kaplicy \u015bw. Siostry Faustyny przy ul. Kro\u015bnie\u0144skiej 9 w \u0141odzi o godzinie 15.00 uroczyst\u0105 modlitw\u0119 w Godzinie Mi\u0142osierdzia i adoracj\u0119 z Koronk\u0105 do Bo\u017cego Mi\u0142osierdzia poprowadz\u0105 siostry ze Zgromadzenia Matki Bo\u017cej Mi\u0142osierdzia. Nast\u0119pnie uroczystej celebracji Eucharystii przewodniczy\u0107 b\u0119dzie bp Piotr Kleszcz.<\/p>\n","protected":false},"author":2,"featured_media":32199,"parent":0,"menu_order":-1580,"comment_status":"closed","ping_status":"closed","template":"","meta":{"footnotes":""},"categories":[104],"tags":[],"class_list":["post-32198","page","type-page","status-publish","has-post-thumbnail","hentry","category-archiwum"],"_links":{"self":[{"href":"https:\/\/www.faustyna.pl\/zmbm\/wp-json\/wp\/v2\/pages\/32198","targetHints":{"allow":["GET"]}}],"collection":[{"href":"https:\/\/www.faustyna.pl\/zmbm\/wp-json\/wp\/v2\/pages"}],"about":[{"href":"https:\/\/www.faustyna.pl\/zmbm\/wp-json\/wp\/v2\/types\/page"}],"author":[{"embeddable":true,"href":"https:\/\/www.faustyna.pl\/zmbm\/wp-json\/wp\/v2\/users\/2"}],"replies":[{"embeddable":true,"href":"https:\/\/www.faustyna.pl\/zmbm\/wp-json\/wp\/v2\/comments?post=32198"}],"version-history":[{"count":1,"href":"https:\/\/www.faustyna.pl\/zmbm\/wp-json\/wp\/v2\/pages\/32198\/revisions"}],"predecessor-version":[{"id":32200,"href":"https:\/\/www.faustyna.pl\/zmbm\/wp-json\/wp\/v2\/pages\/32198\/revisions\/32200"}],"wp:featuredmedia":[{"embeddable":true,"href":"https:\/\/www.faustyna.pl\/zmbm\/wp-json\/wp\/v2\/media\/32199"}],"wp:attachment":[{"href":"https:\/\/www.faustyna.pl\/zmbm\/wp-json\/wp\/v2\/media?parent=32198"}],"wp:term":[{"taxonomy":"category","embeddable":true,"href":"https:\/\/www.faustyna.pl\/zmbm\/wp-json\/wp\/v2\/categories?post=32198"},{"taxonomy":"post_tag","embeddable":true,"href":"https:\/\/www.faustyna.pl\/zmbm\/wp-json\/wp\/v2\/tags?post=32198"}],"curies":[{"name":"wp","href":"https:\/\/api.w.org\/{rel}","templated":true}]}}