



{"id":32224,"date":"2026-04-17T15:58:15","date_gmt":"2026-04-17T13:58:15","guid":{"rendered":"https:\/\/www.faustyna.pl\/zmbm\/?page_id=32224"},"modified":"2026-04-17T15:58:15","modified_gmt":"2026-04-17T13:58:15","slug":"msza-sw-za-zaangazowanych-w-dziela-zwiazane-z-koronka-2","status":"publish","type":"page","link":"https:\/\/www.faustyna.pl\/zmbm\/msza-sw-za-zaangazowanych-w-dziela-zwiazane-z-koronka-2\/","title":{"rendered":"Msza \u015bw. za zaanga\u017cowanych w dzie\u0142a zwi\u0105zane z Koronk\u0105"},"content":{"rendered":"<p><a href=\"https:\/\/www.faustyna.pl\/zmbm\/wp-content\/uploads\/2026\/04\/Eucharystia_symboliczny_obraz_Al.png\" data-gallery><img loading=\"lazy\" decoding=\"async\" class=\"size-medium wp-image-32225 alignnone\" src=\"https:\/\/www.faustyna.pl\/zmbm\/wp-content\/uploads\/2026\/04\/Eucharystia_symboliczny_obraz_Al-560x333.png\" alt=\"\" width=\"560\" height=\"333\" srcset=\"https:\/\/www.faustyna.pl\/zmbm\/wp-content\/uploads\/2026\/04\/Eucharystia_symboliczny_obraz_Al-560x333.png 560w, https:\/\/www.faustyna.pl\/zmbm\/wp-content\/uploads\/2026\/04\/Eucharystia_symboliczny_obraz_Al-140x83.png 140w, https:\/\/www.faustyna.pl\/zmbm\/wp-content\/uploads\/2026\/04\/Eucharystia_symboliczny_obraz_Al.png 1024w\" sizes=\"auto, (max-width: 560px) 100vw, 560px\" \/><\/a><\/p>\n<p style=\"text-align: justify\">21 kwietnia o 17.00\u00a0 w Sanktuarium Bo\u017cego Mi\u0142osierdzia w Krakowie-\u0141agiewnikach przed \u0142askami s\u0142yn\u0105cym obrazem Jezusa Mi\u0142osiernego i przy grobie \u015bw. Faustyny celebrowana b\u0119dzie Msza \u015bw. w intencjach wszystkich, kt\u00f3rzy si\u0119 zaanga\u017cowali w dzie\u0142o \u201eKoronki za konaj\u0105cych\u201d oraz \u201eNieustannej Koronki\u201d z pro\u015bb\u0105 o to, aby kolejne osoby w\u0142\u0105czy\u0142y si\u0119 w te dzie\u0142a, nios\u0105c mi\u0142osierdzie najbardziej potrzebuj\u0105cym. Eucharystia jest wyrazem wdzi\u0119czno\u015bci Zgromadzenia Si\u00f3str Matki Bo\u017cej Mi\u0142osierdzia za wsp\u00f3lne niesienie \u015bwiatu or\u0119dzia o mi\u0142osiernej mi\u0142o\u015bci Boga do cz\u0142owieka. Niech ona przyniesie wielk\u0105 chwa\u0142\u0119 Mi\u0142osierdziu Bo\u017cemu w duszach ludzkich.<\/p>\n","protected":false},"excerpt":{"rendered":"<p>21 kwietnia o 17.00\u00a0 w Sanktuarium Bo\u017cego Mi\u0142osierdzia w Krakowie-\u0141agiewnikach przed \u0142askami s\u0142yn\u0105cym obrazem Jezusa Mi\u0142osiernego i przy grobie \u015bw. Faustyny celebrowana b\u0119dzie Msza \u015bw. w intencjach wszystkich, kt\u00f3rzy si\u0119 zaanga\u017cowali w dzie\u0142o \u201eKoronki za konaj\u0105cych\u201d oraz \u201eNieustannej Koronki\u201d z pro\u015bb\u0105 o to, aby kolejne osoby w\u0142\u0105czy\u0142y si\u0119 w te dzie\u0142a, nios\u0105c mi\u0142osierdzie najbardziej potrzebuj\u0105cym. [&hellip;]<\/p>\n","protected":false},"author":2,"featured_media":32225,"parent":0,"menu_order":-1788,"comment_status":"closed","ping_status":"closed","template":"","meta":{"footnotes":""},"categories":[4],"tags":[],"class_list":["post-32224","page","type-page","status-publish","has-post-thumbnail","hentry","category-aktualnosci"],"_links":{"self":[{"href":"https:\/\/www.faustyna.pl\/zmbm\/wp-json\/wp\/v2\/pages\/32224","targetHints":{"allow":["GET"]}}],"collection":[{"href":"https:\/\/www.faustyna.pl\/zmbm\/wp-json\/wp\/v2\/pages"}],"about":[{"href":"https:\/\/www.faustyna.pl\/zmbm\/wp-json\/wp\/v2\/types\/page"}],"author":[{"embeddable":true,"href":"https:\/\/www.faustyna.pl\/zmbm\/wp-json\/wp\/v2\/users\/2"}],"replies":[{"embeddable":true,"href":"https:\/\/www.faustyna.pl\/zmbm\/wp-json\/wp\/v2\/comments?post=32224"}],"version-history":[{"count":1,"href":"https:\/\/www.faustyna.pl\/zmbm\/wp-json\/wp\/v2\/pages\/32224\/revisions"}],"predecessor-version":[{"id":32226,"href":"https:\/\/www.faustyna.pl\/zmbm\/wp-json\/wp\/v2\/pages\/32224\/revisions\/32226"}],"wp:featuredmedia":[{"embeddable":true,"href":"https:\/\/www.faustyna.pl\/zmbm\/wp-json\/wp\/v2\/media\/32225"}],"wp:attachment":[{"href":"https:\/\/www.faustyna.pl\/zmbm\/wp-json\/wp\/v2\/media?parent=32224"}],"wp:term":[{"taxonomy":"category","embeddable":true,"href":"https:\/\/www.faustyna.pl\/zmbm\/wp-json\/wp\/v2\/categories?post=32224"},{"taxonomy":"post_tag","embeddable":true,"href":"https:\/\/www.faustyna.pl\/zmbm\/wp-json\/wp\/v2\/tags?post=32224"}],"curies":[{"name":"wp","href":"https:\/\/api.w.org\/{rel}","templated":true}]}}