



{"id":32233,"date":"2026-04-18T08:51:50","date_gmt":"2026-04-18T06:51:50","guid":{"rendered":"https:\/\/www.faustyna.pl\/zmbm\/?page_id=32233"},"modified":"2026-04-18T21:47:23","modified_gmt":"2026-04-18T19:47:23","slug":"europejscy-skauci-w-lagiewnickim-sanktuarium","status":"publish","type":"page","link":"https:\/\/www.faustyna.pl\/zmbm\/europejscy-skauci-w-lagiewnickim-sanktuarium\/","title":{"rendered":"Europejscy skauci w \u0142agiewnickim Sanktuarium"},"content":{"rendered":"<p><a href=\"https:\/\/www.faustyna.pl\/zmbm\/wp-content\/uploads\/2026\/04\/Skauci_w_drodze_do-Lagienik_Al.png\" data-gallery><img loading=\"lazy\" decoding=\"async\" class=\"size-medium wp-image-32234 alignnone\" src=\"https:\/\/www.faustyna.pl\/zmbm\/wp-content\/uploads\/2026\/04\/Skauci_w_drodze_do-Lagienik_Al-560x333.png\" alt=\"\" width=\"560\" height=\"333\" srcset=\"https:\/\/www.faustyna.pl\/zmbm\/wp-content\/uploads\/2026\/04\/Skauci_w_drodze_do-Lagienik_Al-560x333.png 560w, https:\/\/www.faustyna.pl\/zmbm\/wp-content\/uploads\/2026\/04\/Skauci_w_drodze_do-Lagienik_Al-140x83.png 140w, https:\/\/www.faustyna.pl\/zmbm\/wp-content\/uploads\/2026\/04\/Skauci_w_drodze_do-Lagienik_Al.png 1024w\" sizes=\"auto, (max-width: 560px) 100vw, 560px\" \/><\/a><\/p>\n<p style=\"text-align: justify\">18 kwietnia br., w rocznic\u0119 beatyfikacji \u015bw. Siostry Faustyny, 50 skaut\u00f3w z wielu kraj\u00f3w Europy \u2013 w kt\u00f3rych dzia\u0142aj\u0105 organizacje harcerskie nale\u017c\u0105ce do Federacji Skautingu Europejskiego (FSE) \u2013 nawiedz\u0105 Sanktuarium Bo\u017cego Mi\u0142osierdzia w Krakowie-\u0141agiewnikach. Wieczorem odb\u0119dzie si\u0119 \u201eDrog\u0105 \u015awiat\u0142a\u201d, kt\u00f3ra rozpocznie si\u0119 o godzinie 19.45 w Sanktuarium \u015bw. Jana Paw\u0142a II w Krakowie \u2013 gdzie odbywa si\u0119 mi\u0119dzynarodowe spotkanie zarz\u0105d\u00f3w krajowych Federacji Skautingu Europejskiego \u2013 a zako\u0144czy w bazylice Bo\u017cego Mi\u0142osierdzia w krakowskich \u0141agiewnikach. Nast\u0119pnie uczestnicy tego wydarzenia modli\u0107 si\u0119 b\u0119d\u0105 przed \u0142askami s\u0142yn\u0105cym obrazem Jezusa Mi\u0142osiernego i przy grobie \u015bw. Siostry Faustyny, a s. Salwatricze Musia\u0142 ze Zgromadzenia Matki Bo\u017cej Mi\u0142osierdzia podzieli si\u0119 z nimi duchowym dziedzictwem Aposto\u0142ki Bo\u017cego Mi\u0142osierdzia.<\/p>\n","protected":false},"excerpt":{"rendered":"<p>18 kwietnia br., w rocznic\u0119 beatyfikacji \u015bw. Siostry Faustyny, 50 skaut\u00f3w z wielu kraj\u00f3w Europy \u2013 w kt\u00f3rych dzia\u0142aj\u0105 organizacje harcerskie nale\u017c\u0105ce do Federacji Skautingu Europejskiego (FSE) \u2013 nawiedz\u0105 Sanktuarium Bo\u017cego Mi\u0142osierdzia w Krakowie-\u0141agiewnikach. Wieczorem odb\u0119dzie si\u0119 \u201eDrog\u0105 \u015awiat\u0142a\u201d, kt\u00f3ra rozpocznie si\u0119 o godzinie 19.45 w Sanktuarium \u015bw. Jana Paw\u0142a II w Krakowie \u2013 gdzie [&hellip;]<\/p>\n","protected":false},"author":2,"featured_media":32234,"parent":0,"menu_order":-1582,"comment_status":"closed","ping_status":"closed","template":"","meta":{"footnotes":""},"categories":[104],"tags":[],"class_list":["post-32233","page","type-page","status-publish","has-post-thumbnail","hentry","category-archiwum"],"_links":{"self":[{"href":"https:\/\/www.faustyna.pl\/zmbm\/wp-json\/wp\/v2\/pages\/32233","targetHints":{"allow":["GET"]}}],"collection":[{"href":"https:\/\/www.faustyna.pl\/zmbm\/wp-json\/wp\/v2\/pages"}],"about":[{"href":"https:\/\/www.faustyna.pl\/zmbm\/wp-json\/wp\/v2\/types\/page"}],"author":[{"embeddable":true,"href":"https:\/\/www.faustyna.pl\/zmbm\/wp-json\/wp\/v2\/users\/2"}],"replies":[{"embeddable":true,"href":"https:\/\/www.faustyna.pl\/zmbm\/wp-json\/wp\/v2\/comments?post=32233"}],"version-history":[{"count":1,"href":"https:\/\/www.faustyna.pl\/zmbm\/wp-json\/wp\/v2\/pages\/32233\/revisions"}],"predecessor-version":[{"id":32235,"href":"https:\/\/www.faustyna.pl\/zmbm\/wp-json\/wp\/v2\/pages\/32233\/revisions\/32235"}],"wp:featuredmedia":[{"embeddable":true,"href":"https:\/\/www.faustyna.pl\/zmbm\/wp-json\/wp\/v2\/media\/32234"}],"wp:attachment":[{"href":"https:\/\/www.faustyna.pl\/zmbm\/wp-json\/wp\/v2\/media?parent=32233"}],"wp:term":[{"taxonomy":"category","embeddable":true,"href":"https:\/\/www.faustyna.pl\/zmbm\/wp-json\/wp\/v2\/categories?post=32233"},{"taxonomy":"post_tag","embeddable":true,"href":"https:\/\/www.faustyna.pl\/zmbm\/wp-json\/wp\/v2\/tags?post=32233"}],"curies":[{"name":"wp","href":"https:\/\/api.w.org\/{rel}","templated":true}]}}