



{"id":32236,"date":"2026-04-18T09:33:11","date_gmt":"2026-04-18T07:33:11","guid":{"rendered":"https:\/\/www.faustyna.pl\/zmbm\/?page_id=32236"},"modified":"2026-04-18T09:33:11","modified_gmt":"2026-04-18T07:33:11","slug":"niedziela-dobrego-pasterza-w-lubinie","status":"publish","type":"page","link":"https:\/\/www.faustyna.pl\/zmbm\/niedziela-dobrego-pasterza-w-lubinie\/","title":{"rendered":"Niedziela Dobrego Pasterza w Lubinie"},"content":{"rendered":"<p><a href=\"https:\/\/www.faustyna.pl\/zmbm\/wp-content\/uploads\/2026\/04\/parafia-w-Lubinie_Fb.jpg\" data-gallery><img loading=\"lazy\" decoding=\"async\" class=\"size-medium wp-image-32237 alignnone\" src=\"https:\/\/www.faustyna.pl\/zmbm\/wp-content\/uploads\/2026\/04\/parafia-w-Lubinie_Fb-560x333.jpg\" alt=\"\" width=\"560\" height=\"333\" srcset=\"https:\/\/www.faustyna.pl\/zmbm\/wp-content\/uploads\/2026\/04\/parafia-w-Lubinie_Fb-560x333.jpg 560w, https:\/\/www.faustyna.pl\/zmbm\/wp-content\/uploads\/2026\/04\/parafia-w-Lubinie_Fb-140x83.jpg 140w, https:\/\/www.faustyna.pl\/zmbm\/wp-content\/uploads\/2026\/04\/parafia-w-Lubinie_Fb.jpg 1024w\" sizes=\"auto, (max-width: 560px) 100vw, 560px\" \/><\/a><\/p>\n<p style=\"text-align: justify\">Tradycyjnie w Polsce ta niedziela wielkanocna jest po\u015bwi\u0119cona dzie\u0142u powo\u0142a\u0144 kap\u0142a\u0144skich i zakonnych. Z tej racji w dniach 25-26 kwietnia s. Ewangelista wraz z nowicjuszkami ze Zgromadzenia Matki Bo\u017cej Mi\u0142osierdzia spotka si\u0119 z wiernymi z Parafii \u015bw. Barbary w Lubinie (diecezja legnicka), aby w czasie Mszy\u00a0 \u015bw. podzieli\u0107 si\u0119 duchowym dziedzictwem \u015bw. Siostry Faustyny i da\u0107 \u015bwiadectwo do\u015bwiadczenia mi\u0142osierdzia Bo\u017cego w swoim \u017cyciu w \u0142asce powo\u0142ania zakonnego.<\/p>\n","protected":false},"excerpt":{"rendered":"<p>Tradycyjnie w Polsce ta niedziela wielkanocna jest po\u015bwi\u0119cona dzie\u0142u powo\u0142a\u0144 kap\u0142a\u0144skich i zakonnych. Z tej racji w dniach 25-26 kwietnia s. Ewangelista wraz z nowicjuszkami ze Zgromadzenia Matki Bo\u017cej Mi\u0142osierdzia spotka si\u0119 z wiernymi z Parafii \u015bw. Barbary w Lubinie (diecezja legnicka), aby w czasie Mszy\u00a0 \u015bw. podzieli\u0107 si\u0119 duchowym dziedzictwem \u015bw. Siostry Faustyny i [&hellip;]<\/p>\n","protected":false},"author":2,"featured_media":32237,"parent":0,"menu_order":-1778,"comment_status":"closed","ping_status":"closed","template":"","meta":{"footnotes":""},"categories":[4],"tags":[],"class_list":["post-32236","page","type-page","status-publish","has-post-thumbnail","hentry","category-aktualnosci"],"_links":{"self":[{"href":"https:\/\/www.faustyna.pl\/zmbm\/wp-json\/wp\/v2\/pages\/32236","targetHints":{"allow":["GET"]}}],"collection":[{"href":"https:\/\/www.faustyna.pl\/zmbm\/wp-json\/wp\/v2\/pages"}],"about":[{"href":"https:\/\/www.faustyna.pl\/zmbm\/wp-json\/wp\/v2\/types\/page"}],"author":[{"embeddable":true,"href":"https:\/\/www.faustyna.pl\/zmbm\/wp-json\/wp\/v2\/users\/2"}],"replies":[{"embeddable":true,"href":"https:\/\/www.faustyna.pl\/zmbm\/wp-json\/wp\/v2\/comments?post=32236"}],"version-history":[{"count":1,"href":"https:\/\/www.faustyna.pl\/zmbm\/wp-json\/wp\/v2\/pages\/32236\/revisions"}],"predecessor-version":[{"id":32238,"href":"https:\/\/www.faustyna.pl\/zmbm\/wp-json\/wp\/v2\/pages\/32236\/revisions\/32238"}],"wp:featuredmedia":[{"embeddable":true,"href":"https:\/\/www.faustyna.pl\/zmbm\/wp-json\/wp\/v2\/media\/32237"}],"wp:attachment":[{"href":"https:\/\/www.faustyna.pl\/zmbm\/wp-json\/wp\/v2\/media?parent=32236"}],"wp:term":[{"taxonomy":"category","embeddable":true,"href":"https:\/\/www.faustyna.pl\/zmbm\/wp-json\/wp\/v2\/categories?post=32236"},{"taxonomy":"post_tag","embeddable":true,"href":"https:\/\/www.faustyna.pl\/zmbm\/wp-json\/wp\/v2\/tags?post=32236"}],"curies":[{"name":"wp","href":"https:\/\/api.w.org\/{rel}","templated":true}]}}